{"id":8990,"date":"2024-06-25T18:31:07","date_gmt":"2024-06-25T16:31:07","guid":{"rendered":"https:\/\/exceptionaudio.fr\/site\/?post_type=product&#038;p=8990"},"modified":"2024-09-21T11:38:12","modified_gmt":"2024-09-21T09:38:12","slug":"innuos-pulse-mini-occasion","status":"publish","type":"product","link":"https:\/\/exceptionaudio.fr\/site\/produit\/innuos-pulse-mini-occasion\/","title":{"rendered":"Innuos Pulse Mini"},"content":{"rendered":"","protected":false},"excerpt":{"rendered":"<p style=\"font-weight: 400;\">Le Pulse Mini est le lecteur r\u00e9seau d\u2019entr\u00e9e de gamme chez Innuos proposant le meilleur de la musique d\u00e9mat\u00e9rialis\u00e9e et des plateformes de musique en ligne tel que Qobuz, Tidal ou encore Spotify. Vous pourrez le connecter \u00e0 votre DAC ou directement sur votre ampli via ses sorties analogiques RCA. Avec son faible encombrement, ses fonctionnalit\u00e9s et sa musicalit\u00e9, le Pulse Mini est incontournable !<\/p>\n<p>Appareil d&rsquo;occasion en tr\u00e8s bon \u00e9tat, complet. Prix neuf : 1149\u20ac<\/p>\n","protected":false},"featured_media":8993,"template":"","meta":[],"product_brand":[],"product_cat":[241],"product_tag":[],"class_list":{"0":"post-8990","1":"product","2":"type-product","3":"status-publish","4":"has-post-thumbnail","6":"product_cat-archives","8":"first","9":"outofstock","10":"taxable","11":"shipping-taxable","12":"product-type-simple"},"yoast_head":"<!-- This site is optimized with the Yoast SEO plugin v27.4 - https:\/\/yoast.com\/product\/yoast-seo-wordpress\/ -->\n<title>Innuos Pulse Mini - Bonne affaire - Exception Audio<\/title>\n<meta name=\"description\" content=\"Le Pulse Mini est le lecteur r\u00e9seau d\u2019entr\u00e9e de gamme chez Innuos. Appareil d&#039;occasion - bonne affaire.\" \/>\n<meta name=\"robots\" content=\"index, follow, max-snippet:-1, max-image-preview:large, max-video-preview:-1\" \/>\n<link rel=\"canonical\" href=\"https:\/\/exceptionaudio.fr\/site\/produit\/innuos-pulse-mini-occasion\/\" \/>\n<meta property=\"og:locale\" content=\"fr_FR\" \/>\n<meta property=\"og:type\" content=\"article\" \/>\n<meta property=\"og:title\" content=\"Innuos Pulse Mini - Bonne affaire - Exception Audio\" \/>\n<meta property=\"og:description\" content=\"Le Pulse Mini est le lecteur r\u00e9seau d\u2019entr\u00e9e de gamme chez Innuos. Appareil d&#039;occasion - bonne affaire.\" \/>\n<meta property=\"og:url\" content=\"https:\/\/exceptionaudio.fr\/site\/produit\/innuos-pulse-mini-occasion\/\" \/>\n<meta property=\"og:site_name\" content=\"Exception Audio\" \/>\n<meta property=\"article:publisher\" content=\"https:\/\/www.facebook.com\/ExceptionAudio\" \/>\n<meta property=\"article:modified_time\" content=\"2024-09-21T09:38:12+00:00\" \/>\n<meta property=\"og:image\" content=\"https:\/\/exceptionaudio.fr\/site\/wp-content\/uploads\/2024\/06\/DSC05219.jpg\" \/>\n\t<meta property=\"og:image:width\" content=\"2048\" \/>\n\t<meta property=\"og:image:height\" content=\"1365\" \/>\n\t<meta property=\"og:image:type\" content=\"image\/jpeg\" \/>\n<meta name=\"twitter:card\" content=\"summary_large_image\" \/>\n<meta name=\"twitter:label1\" content=\"Dur\u00e9e de lecture estim\u00e9e\" \/>\n\t<meta name=\"twitter:data1\" content=\"1 minute\" \/>\n<script type=\"application\/ld+json\" class=\"yoast-schema-graph\">{\"@context\":\"https:\\\/\\\/schema.org\",\"@graph\":[{\"@type\":\"WebPage\",\"@id\":\"https:\\\/\\\/exceptionaudio.fr\\\/site\\\/produit\\\/innuos-pulse-mini-occasion\\\/\",\"url\":\"https:\\\/\\\/exceptionaudio.fr\\\/site\\\/produit\\\/innuos-pulse-mini-occasion\\\/\",\"name\":\"Innuos Pulse Mini - Bonne affaire - Exception Audio\",\"isPartOf\":{\"@id\":\"https:\\\/\\\/exceptionaudio.fr\\\/site\\\/#website\"},\"primaryImageOfPage\":{\"@id\":\"https:\\\/\\\/exceptionaudio.fr\\\/site\\\/produit\\\/innuos-pulse-mini-occasion\\\/#primaryimage\"},\"image\":{\"@id\":\"https:\\\/\\\/exceptionaudio.fr\\\/site\\\/produit\\\/innuos-pulse-mini-occasion\\\/#primaryimage\"},\"thumbnailUrl\":\"https:\\\/\\\/exceptionaudio.fr\\\/site\\\/wp-content\\\/uploads\\\/2024\\\/06\\\/DSC05219.jpg\",\"datePublished\":\"2024-06-25T16:31:07+00:00\",\"dateModified\":\"2024-09-21T09:38:12+00:00\",\"description\":\"Le Pulse Mini est le lecteur r\u00e9seau d\u2019entr\u00e9e de gamme chez Innuos. Appareil d'occasion - bonne affaire.\",\"breadcrumb\":{\"@id\":\"https:\\\/\\\/exceptionaudio.fr\\\/site\\\/produit\\\/innuos-pulse-mini-occasion\\\/#breadcrumb\"},\"inLanguage\":\"fr-FR\",\"potentialAction\":[{\"@type\":\"ReadAction\",\"target\":[\"https:\\\/\\\/exceptionaudio.fr\\\/site\\\/produit\\\/innuos-pulse-mini-occasion\\\/\"]}]},{\"@type\":\"ImageObject\",\"inLanguage\":\"fr-FR\",\"@id\":\"https:\\\/\\\/exceptionaudio.fr\\\/site\\\/produit\\\/innuos-pulse-mini-occasion\\\/#primaryimage\",\"url\":\"https:\\\/\\\/exceptionaudio.fr\\\/site\\\/wp-content\\\/uploads\\\/2024\\\/06\\\/DSC05219.jpg\",\"contentUrl\":\"https:\\\/\\\/exceptionaudio.fr\\\/site\\\/wp-content\\\/uploads\\\/2024\\\/06\\\/DSC05219.jpg\",\"width\":2048,\"height\":1365,\"caption\":\"Innuos Pulse Mini lecteur r\u00e9seau DAC streamer\"},{\"@type\":\"BreadcrumbList\",\"@id\":\"https:\\\/\\\/exceptionaudio.fr\\\/site\\\/produit\\\/innuos-pulse-mini-occasion\\\/#breadcrumb\",\"itemListElement\":[{\"@type\":\"ListItem\",\"position\":1,\"name\":\"Accueil\",\"item\":\"https:\\\/\\\/exceptionaudio.fr\\\/site\\\/\"},{\"@type\":\"ListItem\",\"position\":2,\"name\":\"Boutique\",\"item\":\"https:\\\/\\\/exceptionaudio.fr\\\/site\\\/boutique\\\/\"},{\"@type\":\"ListItem\",\"position\":3,\"name\":\"Innuos Pulse Mini\"}]},{\"@type\":\"WebSite\",\"@id\":\"https:\\\/\\\/exceptionaudio.fr\\\/site\\\/#website\",\"url\":\"https:\\\/\\\/exceptionaudio.fr\\\/site\\\/\",\"name\":\"Exception Audio\",\"description\":\"Magasin hi-fi Antibes\",\"publisher\":{\"@id\":\"https:\\\/\\\/exceptionaudio.fr\\\/site\\\/#organization\"},\"potentialAction\":[{\"@type\":\"SearchAction\",\"target\":{\"@type\":\"EntryPoint\",\"urlTemplate\":\"https:\\\/\\\/exceptionaudio.fr\\\/site\\\/?s={search_term_string}\"},\"query-input\":{\"@type\":\"PropertyValueSpecification\",\"valueRequired\":true,\"valueName\":\"search_term_string\"}}],\"inLanguage\":\"fr-FR\"},{\"@type\":\"Organization\",\"@id\":\"https:\\\/\\\/exceptionaudio.fr\\\/site\\\/#organization\",\"name\":\"Exception Audio\",\"url\":\"https:\\\/\\\/exceptionaudio.fr\\\/site\\\/\",\"logo\":{\"@type\":\"ImageObject\",\"inLanguage\":\"fr-FR\",\"@id\":\"https:\\\/\\\/exceptionaudio.fr\\\/site\\\/#\\\/schema\\\/logo\\\/image\\\/\",\"url\":\"https:\\\/\\\/exceptionaudio.fr\\\/site\\\/wp-content\\\/uploads\\\/2021\\\/10\\\/largeur-exception-audio-logos-noir.png\",\"contentUrl\":\"https:\\\/\\\/exceptionaudio.fr\\\/site\\\/wp-content\\\/uploads\\\/2021\\\/10\\\/largeur-exception-audio-logos-noir.png\",\"width\":357,\"height\":54,\"caption\":\"Exception Audio\"},\"image\":{\"@id\":\"https:\\\/\\\/exceptionaudio.fr\\\/site\\\/#\\\/schema\\\/logo\\\/image\\\/\"},\"sameAs\":[\"https:\\\/\\\/www.facebook.com\\\/ExceptionAudio\",\"https:\\\/\\\/www.instagram.com\\\/exception_audio\\\/\"]}]}<\/script>\n<!-- \/ Yoast SEO plugin. -->","yoast_head_json":{"title":"Innuos Pulse Mini - Bonne affaire - Exception Audio","description":"Le Pulse Mini est le lecteur r\u00e9seau d\u2019entr\u00e9e de gamme chez Innuos. Appareil d'occasion - bonne affaire.","robots":{"index":"index","follow":"follow","max-snippet":"max-snippet:-1","max-image-preview":"max-image-preview:large","max-video-preview":"max-video-preview:-1"},"canonical":"https:\/\/exceptionaudio.fr\/site\/produit\/innuos-pulse-mini-occasion\/","og_locale":"fr_FR","og_type":"article","og_title":"Innuos Pulse Mini - Bonne affaire - Exception Audio","og_description":"Le Pulse Mini est le lecteur r\u00e9seau d\u2019entr\u00e9e de gamme chez Innuos. Appareil d'occasion - bonne affaire.","og_url":"https:\/\/exceptionaudio.fr\/site\/produit\/innuos-pulse-mini-occasion\/","og_site_name":"Exception Audio","article_publisher":"https:\/\/www.facebook.com\/ExceptionAudio","article_modified_time":"2024-09-21T09:38:12+00:00","og_image":[{"width":2048,"height":1365,"url":"https:\/\/exceptionaudio.fr\/site\/wp-content\/uploads\/2024\/06\/DSC05219.jpg","type":"image\/jpeg"}],"twitter_card":"summary_large_image","twitter_misc":{"Dur\u00e9e de lecture estim\u00e9e":"1 minute"},"schema":{"@context":"https:\/\/schema.org","@graph":[{"@type":"WebPage","@id":"https:\/\/exceptionaudio.fr\/site\/produit\/innuos-pulse-mini-occasion\/","url":"https:\/\/exceptionaudio.fr\/site\/produit\/innuos-pulse-mini-occasion\/","name":"Innuos Pulse Mini - Bonne affaire - Exception Audio","isPartOf":{"@id":"https:\/\/exceptionaudio.fr\/site\/#website"},"primaryImageOfPage":{"@id":"https:\/\/exceptionaudio.fr\/site\/produit\/innuos-pulse-mini-occasion\/#primaryimage"},"image":{"@id":"https:\/\/exceptionaudio.fr\/site\/produit\/innuos-pulse-mini-occasion\/#primaryimage"},"thumbnailUrl":"https:\/\/exceptionaudio.fr\/site\/wp-content\/uploads\/2024\/06\/DSC05219.jpg","datePublished":"2024-06-25T16:31:07+00:00","dateModified":"2024-09-21T09:38:12+00:00","description":"Le Pulse Mini est le lecteur r\u00e9seau d\u2019entr\u00e9e de gamme chez Innuos. Appareil d'occasion - bonne affaire.","breadcrumb":{"@id":"https:\/\/exceptionaudio.fr\/site\/produit\/innuos-pulse-mini-occasion\/#breadcrumb"},"inLanguage":"fr-FR","potentialAction":[{"@type":"ReadAction","target":["https:\/\/exceptionaudio.fr\/site\/produit\/innuos-pulse-mini-occasion\/"]}]},{"@type":"ImageObject","inLanguage":"fr-FR","@id":"https:\/\/exceptionaudio.fr\/site\/produit\/innuos-pulse-mini-occasion\/#primaryimage","url":"https:\/\/exceptionaudio.fr\/site\/wp-content\/uploads\/2024\/06\/DSC05219.jpg","contentUrl":"https:\/\/exceptionaudio.fr\/site\/wp-content\/uploads\/2024\/06\/DSC05219.jpg","width":2048,"height":1365,"caption":"Innuos Pulse Mini lecteur r\u00e9seau DAC streamer"},{"@type":"BreadcrumbList","@id":"https:\/\/exceptionaudio.fr\/site\/produit\/innuos-pulse-mini-occasion\/#breadcrumb","itemListElement":[{"@type":"ListItem","position":1,"name":"Accueil","item":"https:\/\/exceptionaudio.fr\/site\/"},{"@type":"ListItem","position":2,"name":"Boutique","item":"https:\/\/exceptionaudio.fr\/site\/boutique\/"},{"@type":"ListItem","position":3,"name":"Innuos Pulse Mini"}]},{"@type":"WebSite","@id":"https:\/\/exceptionaudio.fr\/site\/#website","url":"https:\/\/exceptionaudio.fr\/site\/","name":"Exception Audio","description":"Magasin hi-fi Antibes","publisher":{"@id":"https:\/\/exceptionaudio.fr\/site\/#organization"},"potentialAction":[{"@type":"SearchAction","target":{"@type":"EntryPoint","urlTemplate":"https:\/\/exceptionaudio.fr\/site\/?s={search_term_string}"},"query-input":{"@type":"PropertyValueSpecification","valueRequired":true,"valueName":"search_term_string"}}],"inLanguage":"fr-FR"},{"@type":"Organization","@id":"https:\/\/exceptionaudio.fr\/site\/#organization","name":"Exception Audio","url":"https:\/\/exceptionaudio.fr\/site\/","logo":{"@type":"ImageObject","inLanguage":"fr-FR","@id":"https:\/\/exceptionaudio.fr\/site\/#\/schema\/logo\/image\/","url":"https:\/\/exceptionaudio.fr\/site\/wp-content\/uploads\/2021\/10\/largeur-exception-audio-logos-noir.png","contentUrl":"https:\/\/exceptionaudio.fr\/site\/wp-content\/uploads\/2021\/10\/largeur-exception-audio-logos-noir.png","width":357,"height":54,"caption":"Exception Audio"},"image":{"@id":"https:\/\/exceptionaudio.fr\/site\/#\/schema\/logo\/image\/"},"sameAs":["https:\/\/www.facebook.com\/ExceptionAudio","https:\/\/www.instagram.com\/exception_audio\/"]}]}},"_links":{"self":[{"href":"https:\/\/exceptionaudio.fr\/site\/wp-json\/wp\/v2\/product\/8990","targetHints":{"allow":["GET"]}}],"collection":[{"href":"https:\/\/exceptionaudio.fr\/site\/wp-json\/wp\/v2\/product"}],"about":[{"href":"https:\/\/exceptionaudio.fr\/site\/wp-json\/wp\/v2\/types\/product"}],"version-history":[{"count":3,"href":"https:\/\/exceptionaudio.fr\/site\/wp-json\/wp\/v2\/product\/8990\/revisions"}],"predecessor-version":[{"id":9116,"href":"https:\/\/exceptionaudio.fr\/site\/wp-json\/wp\/v2\/product\/8990\/revisions\/9116"}],"wp:featuredmedia":[{"embeddable":true,"href":"https:\/\/exceptionaudio.fr\/site\/wp-json\/wp\/v2\/media\/8993"}],"wp:attachment":[{"href":"https:\/\/exceptionaudio.fr\/site\/wp-json\/wp\/v2\/media?parent=8990"}],"wp:term":[{"taxonomy":"product_brand","embeddable":true,"href":"https:\/\/exceptionaudio.fr\/site\/wp-json\/wp\/v2\/product_brand?post=8990"},{"taxonomy":"product_cat","embeddable":true,"href":"https:\/\/exceptionaudio.fr\/site\/wp-json\/wp\/v2\/product_cat?post=8990"},{"taxonomy":"product_tag","embeddable":true,"href":"https:\/\/exceptionaudio.fr\/site\/wp-json\/wp\/v2\/product_tag?post=8990"}],"curies":[{"name":"wp","href":"https:\/\/api.w.org\/{rel}","templated":true}]}}