{"id":9017,"date":"2024-07-10T15:39:40","date_gmt":"2024-07-10T13:39:40","guid":{"rendered":"https:\/\/exceptionaudio.fr\/site\/?post_type=product&#038;p=9017"},"modified":"2025-11-19T12:42:01","modified_gmt":"2025-11-19T11:42:01","slug":"dartzeel-cth-8550-occasion","status":"publish","type":"product","link":"https:\/\/exceptionaudio.fr\/site\/produit\/dartzeel-cth-8550-occasion\/","title":{"rendered":"DarTZeel CTH-8550 MKII"},"content":{"rendered":"","protected":false},"excerpt":{"rendered":"<p style=\"font-weight: 400;\">Le DarTZeel CTH-8550 est l\u2019amplificateur int\u00e9gr\u00e9 ultime\u00a0! Le CTH-8550 incarne tout ce qu\u2019un amplificateur int\u00e9gr\u00e9 doit \u00eatre : Id\u00e9alement compact, pratique, polyvalent, musical, \u00e9l\u00e9gant et puissant. Les amplificateurs int\u00e9gr\u00e9s sont g\u00e9n\u00e9ralement construits sous des contraintes budg\u00e9taires laissant peu de place \u00e0 la performance. DarTZeel est fier de pr\u00e9senter le CTH-8550, le premier amplificateur int\u00e9gr\u00e9 sans compromis. Gr\u00e2ce \u00e0 son architecture dual-mono, ses entr\u00e9es Zeel 50 ohms, ses \u00e9tages phono optionnels de haut niveau et sa grande flexibilit\u00e9 d\u2019utilisation, le darTZeel CTH-8550 est l\u2019objet de tous les d\u00e9sirs audiophiles.<\/p>\n<p>Il dispose de l&rsquo;option phono MM &amp; MC.<\/p>\n<p>Appareil d&rsquo;occasion en parfait \u00e9tat, complet.<\/p>\n<p>Date d&rsquo;achat : d\u00e9cembre 2024<\/p>\n<p>Prix neuf : 42.607\u20ac<\/p>\n","protected":false},"featured_media":9022,"template":"","meta":[],"product_brand":[],"product_cat":[241],"product_tag":[],"class_list":{"0":"post-9017","1":"product","2":"type-product","3":"status-publish","4":"has-post-thumbnail","6":"product_cat-archives","8":"first","9":"outofstock","10":"taxable","11":"shipping-taxable","12":"product-type-simple"},"yoast_head":"<!-- This site is optimized with the Yoast SEO plugin v27.4 - https:\/\/yoast.com\/product\/yoast-seo-wordpress\/ -->\n<title>DarTZeel CTH-8550 MKII - Amplificateur int\u00e9gr\u00e9 - Exception Audio<\/title>\n<meta name=\"description\" content=\"Le DarTZeel CTH-8550 est l\u2019amplificateur int\u00e9gr\u00e9 ultime ! Le CTH-8550 incarne tout ce qu\u2019un amplificateur int\u00e9gr\u00e9 doit \u00eatre : compact, musical, et puissant.\" \/>\n<meta name=\"robots\" content=\"index, follow, max-snippet:-1, max-image-preview:large, max-video-preview:-1\" \/>\n<link rel=\"canonical\" href=\"https:\/\/exceptionaudio.fr\/site\/produit\/dartzeel-cth-8550-occasion\/\" \/>\n<meta property=\"og:locale\" content=\"fr_FR\" \/>\n<meta property=\"og:type\" content=\"article\" \/>\n<meta property=\"og:title\" content=\"DarTZeel CTH-8550 MKII - Amplificateur int\u00e9gr\u00e9 - Exception Audio\" \/>\n<meta property=\"og:description\" content=\"Le DarTZeel CTH-8550 est l\u2019amplificateur int\u00e9gr\u00e9 ultime ! Le CTH-8550 incarne tout ce qu\u2019un amplificateur int\u00e9gr\u00e9 doit \u00eatre : compact, musical, et puissant.\" \/>\n<meta property=\"og:url\" content=\"https:\/\/exceptionaudio.fr\/site\/produit\/dartzeel-cth-8550-occasion\/\" \/>\n<meta property=\"og:site_name\" content=\"Exception Audio\" \/>\n<meta property=\"article:publisher\" content=\"https:\/\/www.facebook.com\/ExceptionAudio\" \/>\n<meta property=\"article:modified_time\" content=\"2025-11-19T11:42:01+00:00\" \/>\n<meta property=\"og:image\" content=\"https:\/\/exceptionaudio.fr\/site\/wp-content\/uploads\/2024\/07\/IMG_2011-scaled.jpg\" \/>\n\t<meta property=\"og:image:width\" content=\"2560\" \/>\n\t<meta property=\"og:image:height\" content=\"1920\" \/>\n\t<meta property=\"og:image:type\" content=\"image\/jpeg\" \/>\n<meta name=\"twitter:card\" content=\"summary_large_image\" \/>\n<meta name=\"twitter:label1\" content=\"Dur\u00e9e de lecture estim\u00e9e\" \/>\n\t<meta name=\"twitter:data1\" content=\"1 minute\" \/>\n<script type=\"application\/ld+json\" class=\"yoast-schema-graph\">{\"@context\":\"https:\\\/\\\/schema.org\",\"@graph\":[{\"@type\":\"WebPage\",\"@id\":\"https:\\\/\\\/exceptionaudio.fr\\\/site\\\/produit\\\/dartzeel-cth-8550-occasion\\\/\",\"url\":\"https:\\\/\\\/exceptionaudio.fr\\\/site\\\/produit\\\/dartzeel-cth-8550-occasion\\\/\",\"name\":\"DarTZeel CTH-8550 MKII - Amplificateur int\u00e9gr\u00e9 - Exception Audio\",\"isPartOf\":{\"@id\":\"https:\\\/\\\/exceptionaudio.fr\\\/site\\\/#website\"},\"primaryImageOfPage\":{\"@id\":\"https:\\\/\\\/exceptionaudio.fr\\\/site\\\/produit\\\/dartzeel-cth-8550-occasion\\\/#primaryimage\"},\"image\":{\"@id\":\"https:\\\/\\\/exceptionaudio.fr\\\/site\\\/produit\\\/dartzeel-cth-8550-occasion\\\/#primaryimage\"},\"thumbnailUrl\":\"https:\\\/\\\/exceptionaudio.fr\\\/site\\\/wp-content\\\/uploads\\\/2024\\\/07\\\/IMG_2011-scaled.jpg\",\"datePublished\":\"2024-07-10T13:39:40+00:00\",\"dateModified\":\"2025-11-19T11:42:01+00:00\",\"description\":\"Le DarTZeel CTH-8550 est l\u2019amplificateur int\u00e9gr\u00e9 ultime ! Le CTH-8550 incarne tout ce qu\u2019un amplificateur int\u00e9gr\u00e9 doit \u00eatre : compact, musical, et puissant.\",\"breadcrumb\":{\"@id\":\"https:\\\/\\\/exceptionaudio.fr\\\/site\\\/produit\\\/dartzeel-cth-8550-occasion\\\/#breadcrumb\"},\"inLanguage\":\"fr-FR\",\"potentialAction\":[{\"@type\":\"ReadAction\",\"target\":[\"https:\\\/\\\/exceptionaudio.fr\\\/site\\\/produit\\\/dartzeel-cth-8550-occasion\\\/\"]}]},{\"@type\":\"ImageObject\",\"inLanguage\":\"fr-FR\",\"@id\":\"https:\\\/\\\/exceptionaudio.fr\\\/site\\\/produit\\\/dartzeel-cth-8550-occasion\\\/#primaryimage\",\"url\":\"https:\\\/\\\/exceptionaudio.fr\\\/site\\\/wp-content\\\/uploads\\\/2024\\\/07\\\/IMG_2011-scaled.jpg\",\"contentUrl\":\"https:\\\/\\\/exceptionaudio.fr\\\/site\\\/wp-content\\\/uploads\\\/2024\\\/07\\\/IMG_2011-scaled.jpg\",\"width\":2560,\"height\":1920,\"caption\":\"DarTZeel CTH-8550 MkII ampli hifi d\u00e9monstration promo\"},{\"@type\":\"BreadcrumbList\",\"@id\":\"https:\\\/\\\/exceptionaudio.fr\\\/site\\\/produit\\\/dartzeel-cth-8550-occasion\\\/#breadcrumb\",\"itemListElement\":[{\"@type\":\"ListItem\",\"position\":1,\"name\":\"Accueil\",\"item\":\"https:\\\/\\\/exceptionaudio.fr\\\/site\\\/\"},{\"@type\":\"ListItem\",\"position\":2,\"name\":\"Boutique\",\"item\":\"https:\\\/\\\/exceptionaudio.fr\\\/site\\\/boutique\\\/\"},{\"@type\":\"ListItem\",\"position\":3,\"name\":\"DarTZeel CTH-8550 MKII\"}]},{\"@type\":\"WebSite\",\"@id\":\"https:\\\/\\\/exceptionaudio.fr\\\/site\\\/#website\",\"url\":\"https:\\\/\\\/exceptionaudio.fr\\\/site\\\/\",\"name\":\"Exception Audio\",\"description\":\"Magasin hi-fi Antibes\",\"publisher\":{\"@id\":\"https:\\\/\\\/exceptionaudio.fr\\\/site\\\/#organization\"},\"potentialAction\":[{\"@type\":\"SearchAction\",\"target\":{\"@type\":\"EntryPoint\",\"urlTemplate\":\"https:\\\/\\\/exceptionaudio.fr\\\/site\\\/?s={search_term_string}\"},\"query-input\":{\"@type\":\"PropertyValueSpecification\",\"valueRequired\":true,\"valueName\":\"search_term_string\"}}],\"inLanguage\":\"fr-FR\"},{\"@type\":\"Organization\",\"@id\":\"https:\\\/\\\/exceptionaudio.fr\\\/site\\\/#organization\",\"name\":\"Exception Audio\",\"url\":\"https:\\\/\\\/exceptionaudio.fr\\\/site\\\/\",\"logo\":{\"@type\":\"ImageObject\",\"inLanguage\":\"fr-FR\",\"@id\":\"https:\\\/\\\/exceptionaudio.fr\\\/site\\\/#\\\/schema\\\/logo\\\/image\\\/\",\"url\":\"https:\\\/\\\/exceptionaudio.fr\\\/site\\\/wp-content\\\/uploads\\\/2021\\\/10\\\/largeur-exception-audio-logos-noir.png\",\"contentUrl\":\"https:\\\/\\\/exceptionaudio.fr\\\/site\\\/wp-content\\\/uploads\\\/2021\\\/10\\\/largeur-exception-audio-logos-noir.png\",\"width\":357,\"height\":54,\"caption\":\"Exception Audio\"},\"image\":{\"@id\":\"https:\\\/\\\/exceptionaudio.fr\\\/site\\\/#\\\/schema\\\/logo\\\/image\\\/\"},\"sameAs\":[\"https:\\\/\\\/www.facebook.com\\\/ExceptionAudio\",\"https:\\\/\\\/www.instagram.com\\\/exception_audio\\\/\"]}]}<\/script>\n<!-- \/ Yoast SEO plugin. -->","yoast_head_json":{"title":"DarTZeel CTH-8550 MKII - Amplificateur int\u00e9gr\u00e9 - Exception Audio","description":"Le DarTZeel CTH-8550 est l\u2019amplificateur int\u00e9gr\u00e9 ultime ! Le CTH-8550 incarne tout ce qu\u2019un amplificateur int\u00e9gr\u00e9 doit \u00eatre : compact, musical, et puissant.","robots":{"index":"index","follow":"follow","max-snippet":"max-snippet:-1","max-image-preview":"max-image-preview:large","max-video-preview":"max-video-preview:-1"},"canonical":"https:\/\/exceptionaudio.fr\/site\/produit\/dartzeel-cth-8550-occasion\/","og_locale":"fr_FR","og_type":"article","og_title":"DarTZeel CTH-8550 MKII - Amplificateur int\u00e9gr\u00e9 - Exception Audio","og_description":"Le DarTZeel CTH-8550 est l\u2019amplificateur int\u00e9gr\u00e9 ultime ! Le CTH-8550 incarne tout ce qu\u2019un amplificateur int\u00e9gr\u00e9 doit \u00eatre : compact, musical, et puissant.","og_url":"https:\/\/exceptionaudio.fr\/site\/produit\/dartzeel-cth-8550-occasion\/","og_site_name":"Exception Audio","article_publisher":"https:\/\/www.facebook.com\/ExceptionAudio","article_modified_time":"2025-11-19T11:42:01+00:00","og_image":[{"width":2560,"height":1920,"url":"https:\/\/exceptionaudio.fr\/site\/wp-content\/uploads\/2024\/07\/IMG_2011-scaled.jpg","type":"image\/jpeg"}],"twitter_card":"summary_large_image","twitter_misc":{"Dur\u00e9e de lecture estim\u00e9e":"1 minute"},"schema":{"@context":"https:\/\/schema.org","@graph":[{"@type":"WebPage","@id":"https:\/\/exceptionaudio.fr\/site\/produit\/dartzeel-cth-8550-occasion\/","url":"https:\/\/exceptionaudio.fr\/site\/produit\/dartzeel-cth-8550-occasion\/","name":"DarTZeel CTH-8550 MKII - Amplificateur int\u00e9gr\u00e9 - Exception Audio","isPartOf":{"@id":"https:\/\/exceptionaudio.fr\/site\/#website"},"primaryImageOfPage":{"@id":"https:\/\/exceptionaudio.fr\/site\/produit\/dartzeel-cth-8550-occasion\/#primaryimage"},"image":{"@id":"https:\/\/exceptionaudio.fr\/site\/produit\/dartzeel-cth-8550-occasion\/#primaryimage"},"thumbnailUrl":"https:\/\/exceptionaudio.fr\/site\/wp-content\/uploads\/2024\/07\/IMG_2011-scaled.jpg","datePublished":"2024-07-10T13:39:40+00:00","dateModified":"2025-11-19T11:42:01+00:00","description":"Le DarTZeel CTH-8550 est l\u2019amplificateur int\u00e9gr\u00e9 ultime ! Le CTH-8550 incarne tout ce qu\u2019un amplificateur int\u00e9gr\u00e9 doit \u00eatre : compact, musical, et puissant.","breadcrumb":{"@id":"https:\/\/exceptionaudio.fr\/site\/produit\/dartzeel-cth-8550-occasion\/#breadcrumb"},"inLanguage":"fr-FR","potentialAction":[{"@type":"ReadAction","target":["https:\/\/exceptionaudio.fr\/site\/produit\/dartzeel-cth-8550-occasion\/"]}]},{"@type":"ImageObject","inLanguage":"fr-FR","@id":"https:\/\/exceptionaudio.fr\/site\/produit\/dartzeel-cth-8550-occasion\/#primaryimage","url":"https:\/\/exceptionaudio.fr\/site\/wp-content\/uploads\/2024\/07\/IMG_2011-scaled.jpg","contentUrl":"https:\/\/exceptionaudio.fr\/site\/wp-content\/uploads\/2024\/07\/IMG_2011-scaled.jpg","width":2560,"height":1920,"caption":"DarTZeel CTH-8550 MkII ampli hifi d\u00e9monstration promo"},{"@type":"BreadcrumbList","@id":"https:\/\/exceptionaudio.fr\/site\/produit\/dartzeel-cth-8550-occasion\/#breadcrumb","itemListElement":[{"@type":"ListItem","position":1,"name":"Accueil","item":"https:\/\/exceptionaudio.fr\/site\/"},{"@type":"ListItem","position":2,"name":"Boutique","item":"https:\/\/exceptionaudio.fr\/site\/boutique\/"},{"@type":"ListItem","position":3,"name":"DarTZeel CTH-8550 MKII"}]},{"@type":"WebSite","@id":"https:\/\/exceptionaudio.fr\/site\/#website","url":"https:\/\/exceptionaudio.fr\/site\/","name":"Exception Audio","description":"Magasin hi-fi Antibes","publisher":{"@id":"https:\/\/exceptionaudio.fr\/site\/#organization"},"potentialAction":[{"@type":"SearchAction","target":{"@type":"EntryPoint","urlTemplate":"https:\/\/exceptionaudio.fr\/site\/?s={search_term_string}"},"query-input":{"@type":"PropertyValueSpecification","valueRequired":true,"valueName":"search_term_string"}}],"inLanguage":"fr-FR"},{"@type":"Organization","@id":"https:\/\/exceptionaudio.fr\/site\/#organization","name":"Exception Audio","url":"https:\/\/exceptionaudio.fr\/site\/","logo":{"@type":"ImageObject","inLanguage":"fr-FR","@id":"https:\/\/exceptionaudio.fr\/site\/#\/schema\/logo\/image\/","url":"https:\/\/exceptionaudio.fr\/site\/wp-content\/uploads\/2021\/10\/largeur-exception-audio-logos-noir.png","contentUrl":"https:\/\/exceptionaudio.fr\/site\/wp-content\/uploads\/2021\/10\/largeur-exception-audio-logos-noir.png","width":357,"height":54,"caption":"Exception Audio"},"image":{"@id":"https:\/\/exceptionaudio.fr\/site\/#\/schema\/logo\/image\/"},"sameAs":["https:\/\/www.facebook.com\/ExceptionAudio","https:\/\/www.instagram.com\/exception_audio\/"]}]}},"_links":{"self":[{"href":"https:\/\/exceptionaudio.fr\/site\/wp-json\/wp\/v2\/product\/9017","targetHints":{"allow":["GET"]}}],"collection":[{"href":"https:\/\/exceptionaudio.fr\/site\/wp-json\/wp\/v2\/product"}],"about":[{"href":"https:\/\/exceptionaudio.fr\/site\/wp-json\/wp\/v2\/types\/product"}],"version-history":[{"count":3,"href":"https:\/\/exceptionaudio.fr\/site\/wp-json\/wp\/v2\/product\/9017\/revisions"}],"predecessor-version":[{"id":9736,"href":"https:\/\/exceptionaudio.fr\/site\/wp-json\/wp\/v2\/product\/9017\/revisions\/9736"}],"wp:featuredmedia":[{"embeddable":true,"href":"https:\/\/exceptionaudio.fr\/site\/wp-json\/wp\/v2\/media\/9022"}],"wp:attachment":[{"href":"https:\/\/exceptionaudio.fr\/site\/wp-json\/wp\/v2\/media?parent=9017"}],"wp:term":[{"taxonomy":"product_brand","embeddable":true,"href":"https:\/\/exceptionaudio.fr\/site\/wp-json\/wp\/v2\/product_brand?post=9017"},{"taxonomy":"product_cat","embeddable":true,"href":"https:\/\/exceptionaudio.fr\/site\/wp-json\/wp\/v2\/product_cat?post=9017"},{"taxonomy":"product_tag","embeddable":true,"href":"https:\/\/exceptionaudio.fr\/site\/wp-json\/wp\/v2\/product_tag?post=9017"}],"curies":[{"name":"wp","href":"https:\/\/api.w.org\/{rel}","templated":true}]}}