{"id":9036,"date":"2024-07-18T16:39:34","date_gmt":"2024-07-18T14:39:34","guid":{"rendered":"https:\/\/exceptionaudio.fr\/site\/?post_type=product&#038;p=9036"},"modified":"2024-07-18T17:08:06","modified_gmt":"2024-07-18T15:08:06","slug":"auralic-vega-g2-2","status":"publish","type":"product","link":"https:\/\/exceptionaudio.fr\/site\/produit\/auralic-vega-g2-2\/","title":{"rendered":"Auralic Vega G2.2"},"content":{"rendered":"<p>re<\/p>\n","protected":false},"excerpt":{"rendered":"<p style=\"font-weight: 400;\">Int\u00e9grant des technologies de pointe, L\u2019Auralic Vega G2.2 est le <strong>lecteur r\u00e9seau DAC de r\u00e9f\u00e9rence<\/strong> de la marque. Il a \u00e9t\u00e9 con\u00e7u pour fournir une solution compl\u00e8te pour les m\u00e9lomanes les plus exigeants : <strong>lecteur r\u00e9seau, DAC et pr\u00e9amplificateur analogique<\/strong>. Esth\u00e9tique, fonctionnalit\u00e9s et musicalit\u00e9 font du Vega G2.2 une <strong>source num\u00e9rique HiFi haut de gamme<\/strong> incontournable. De plus, il est \u00e9volutif en le compl\u00e9tant avec l&rsquo;<a href=\"https:\/\/exceptionaudio.fr\/site\/produit\/auralic-aries-g2-2\/\">Aries G2.2<\/a> et l\u2019horloge Leo GX.1.<\/p>\n","protected":false},"featured_media":9039,"template":"","meta":[],"product_brand":[],"product_cat":[98,99,100],"product_tag":[176],"class_list":{"0":"post-9036","1":"product","2":"type-product","3":"status-publish","4":"has-post-thumbnail","6":"product_cat-sources-hifi","7":"product_cat-convertisseurs-dac-hifi","8":"product_cat-lecteurs-reseau-hifi-serveurs-audio-streamer","9":"product_tag-auralic","11":"first","12":"instock","13":"taxable","14":"shipping-taxable","15":"purchasable","16":"product-type-simple"},"yoast_head":"<!-- This site is optimized with the Yoast SEO plugin v27.3 - https:\/\/yoast.com\/product\/yoast-seo-wordpress\/ -->\n<title>Auralic Vega G2.2 - Lecteur r\u00e9seau DAC HiFi - Exception Audio<\/title>\n<meta name=\"description\" content=\"Rempla\u00e7ant du Vega G2.1, l&#039;Auralic Vega G2.2 est la source num\u00e9rique HiFi haut de gamme : lecteur r\u00e9seau, DAC et pr\u00e9amplificateur analogique.\" \/>\n<meta name=\"robots\" content=\"index, follow, max-snippet:-1, max-image-preview:large, max-video-preview:-1\" \/>\n<link rel=\"canonical\" href=\"https:\/\/exceptionaudio.fr\/site\/produit\/auralic-vega-g2-2\/\" \/>\n<meta property=\"og:locale\" content=\"fr_FR\" \/>\n<meta property=\"og:type\" content=\"article\" \/>\n<meta property=\"og:title\" content=\"Auralic Vega G2.2 - Lecteur r\u00e9seau DAC HiFi - Exception Audio\" \/>\n<meta property=\"og:description\" content=\"Rempla\u00e7ant du Vega G2.1, l&#039;Auralic Vega G2.2 est la source num\u00e9rique HiFi haut de gamme : lecteur r\u00e9seau, DAC et pr\u00e9amplificateur analogique.\" \/>\n<meta property=\"og:url\" content=\"https:\/\/exceptionaudio.fr\/site\/produit\/auralic-vega-g2-2\/\" \/>\n<meta property=\"og:site_name\" content=\"Exception Audio\" \/>\n<meta property=\"article:publisher\" content=\"https:\/\/www.facebook.com\/ExceptionAudio\" \/>\n<meta property=\"article:modified_time\" content=\"2024-07-18T15:08:06+00:00\" \/>\n<meta property=\"og:image\" content=\"https:\/\/exceptionaudio.fr\/site\/wp-content\/uploads\/2024\/07\/Auralic-Vega-G2.2.jpg\" \/>\n\t<meta property=\"og:image:width\" content=\"1000\" \/>\n\t<meta property=\"og:image:height\" content=\"1000\" \/>\n\t<meta property=\"og:image:type\" content=\"image\/jpeg\" \/>\n<meta name=\"twitter:card\" content=\"summary_large_image\" \/>\n<meta name=\"twitter:label1\" content=\"Dur\u00e9e de lecture estim\u00e9e\" \/>\n\t<meta name=\"twitter:data1\" content=\"1 minute\" \/>\n<script type=\"application\/ld+json\" class=\"yoast-schema-graph\">{\"@context\":\"https:\\\/\\\/schema.org\",\"@graph\":[{\"@type\":\"WebPage\",\"@id\":\"https:\\\/\\\/exceptionaudio.fr\\\/site\\\/produit\\\/auralic-vega-g2-2\\\/\",\"url\":\"https:\\\/\\\/exceptionaudio.fr\\\/site\\\/produit\\\/auralic-vega-g2-2\\\/\",\"name\":\"Auralic Vega G2.2 - Lecteur r\u00e9seau DAC HiFi - Exception Audio\",\"isPartOf\":{\"@id\":\"https:\\\/\\\/exceptionaudio.fr\\\/site\\\/#website\"},\"primaryImageOfPage\":{\"@id\":\"https:\\\/\\\/exceptionaudio.fr\\\/site\\\/produit\\\/auralic-vega-g2-2\\\/#primaryimage\"},\"image\":{\"@id\":\"https:\\\/\\\/exceptionaudio.fr\\\/site\\\/produit\\\/auralic-vega-g2-2\\\/#primaryimage\"},\"thumbnailUrl\":\"https:\\\/\\\/exceptionaudio.fr\\\/site\\\/wp-content\\\/uploads\\\/2024\\\/07\\\/Auralic-Vega-G2.2.jpg\",\"datePublished\":\"2024-07-18T14:39:34+00:00\",\"dateModified\":\"2024-07-18T15:08:06+00:00\",\"description\":\"Rempla\u00e7ant du Vega G2.1, l'Auralic Vega G2.2 est la source num\u00e9rique HiFi haut de gamme : lecteur r\u00e9seau, DAC et pr\u00e9amplificateur analogique.\",\"breadcrumb\":{\"@id\":\"https:\\\/\\\/exceptionaudio.fr\\\/site\\\/produit\\\/auralic-vega-g2-2\\\/#breadcrumb\"},\"inLanguage\":\"fr-FR\",\"potentialAction\":[{\"@type\":\"ReadAction\",\"target\":[\"https:\\\/\\\/exceptionaudio.fr\\\/site\\\/produit\\\/auralic-vega-g2-2\\\/\"]}]},{\"@type\":\"ImageObject\",\"inLanguage\":\"fr-FR\",\"@id\":\"https:\\\/\\\/exceptionaudio.fr\\\/site\\\/produit\\\/auralic-vega-g2-2\\\/#primaryimage\",\"url\":\"https:\\\/\\\/exceptionaudio.fr\\\/site\\\/wp-content\\\/uploads\\\/2024\\\/07\\\/Auralic-Vega-G2.2.jpg\",\"contentUrl\":\"https:\\\/\\\/exceptionaudio.fr\\\/site\\\/wp-content\\\/uploads\\\/2024\\\/07\\\/Auralic-Vega-G2.2.jpg\",\"width\":1000,\"height\":1000,\"caption\":\"Auralic Vega G2.2 lecteur r\u00e9seau DAC pr\u00e9ampli hifi\"},{\"@type\":\"BreadcrumbList\",\"@id\":\"https:\\\/\\\/exceptionaudio.fr\\\/site\\\/produit\\\/auralic-vega-g2-2\\\/#breadcrumb\",\"itemListElement\":[{\"@type\":\"ListItem\",\"position\":1,\"name\":\"Accueil\",\"item\":\"https:\\\/\\\/exceptionaudio.fr\\\/site\\\/\"},{\"@type\":\"ListItem\",\"position\":2,\"name\":\"Boutique\",\"item\":\"https:\\\/\\\/exceptionaudio.fr\\\/site\\\/boutique\\\/\"},{\"@type\":\"ListItem\",\"position\":3,\"name\":\"Auralic Vega G2.2\"}]},{\"@type\":\"WebSite\",\"@id\":\"https:\\\/\\\/exceptionaudio.fr\\\/site\\\/#website\",\"url\":\"https:\\\/\\\/exceptionaudio.fr\\\/site\\\/\",\"name\":\"Exception Audio\",\"description\":\"Magasin hi-fi Antibes\",\"publisher\":{\"@id\":\"https:\\\/\\\/exceptionaudio.fr\\\/site\\\/#organization\"},\"potentialAction\":[{\"@type\":\"SearchAction\",\"target\":{\"@type\":\"EntryPoint\",\"urlTemplate\":\"https:\\\/\\\/exceptionaudio.fr\\\/site\\\/?s={search_term_string}\"},\"query-input\":{\"@type\":\"PropertyValueSpecification\",\"valueRequired\":true,\"valueName\":\"search_term_string\"}}],\"inLanguage\":\"fr-FR\"},{\"@type\":\"Organization\",\"@id\":\"https:\\\/\\\/exceptionaudio.fr\\\/site\\\/#organization\",\"name\":\"Exception Audio\",\"url\":\"https:\\\/\\\/exceptionaudio.fr\\\/site\\\/\",\"logo\":{\"@type\":\"ImageObject\",\"inLanguage\":\"fr-FR\",\"@id\":\"https:\\\/\\\/exceptionaudio.fr\\\/site\\\/#\\\/schema\\\/logo\\\/image\\\/\",\"url\":\"https:\\\/\\\/exceptionaudio.fr\\\/site\\\/wp-content\\\/uploads\\\/2021\\\/10\\\/largeur-exception-audio-logos-noir.png\",\"contentUrl\":\"https:\\\/\\\/exceptionaudio.fr\\\/site\\\/wp-content\\\/uploads\\\/2021\\\/10\\\/largeur-exception-audio-logos-noir.png\",\"width\":357,\"height\":54,\"caption\":\"Exception Audio\"},\"image\":{\"@id\":\"https:\\\/\\\/exceptionaudio.fr\\\/site\\\/#\\\/schema\\\/logo\\\/image\\\/\"},\"sameAs\":[\"https:\\\/\\\/www.facebook.com\\\/ExceptionAudio\",\"https:\\\/\\\/www.instagram.com\\\/exception_audio\\\/\"]}]}<\/script>\n<!-- \/ Yoast SEO plugin. -->","yoast_head_json":{"title":"Auralic Vega G2.2 - Lecteur r\u00e9seau DAC HiFi - Exception Audio","description":"Rempla\u00e7ant du Vega G2.1, l'Auralic Vega G2.2 est la source num\u00e9rique HiFi haut de gamme : lecteur r\u00e9seau, DAC et pr\u00e9amplificateur analogique.","robots":{"index":"index","follow":"follow","max-snippet":"max-snippet:-1","max-image-preview":"max-image-preview:large","max-video-preview":"max-video-preview:-1"},"canonical":"https:\/\/exceptionaudio.fr\/site\/produit\/auralic-vega-g2-2\/","og_locale":"fr_FR","og_type":"article","og_title":"Auralic Vega G2.2 - Lecteur r\u00e9seau DAC HiFi - Exception Audio","og_description":"Rempla\u00e7ant du Vega G2.1, l'Auralic Vega G2.2 est la source num\u00e9rique HiFi haut de gamme : lecteur r\u00e9seau, DAC et pr\u00e9amplificateur analogique.","og_url":"https:\/\/exceptionaudio.fr\/site\/produit\/auralic-vega-g2-2\/","og_site_name":"Exception Audio","article_publisher":"https:\/\/www.facebook.com\/ExceptionAudio","article_modified_time":"2024-07-18T15:08:06+00:00","og_image":[{"width":1000,"height":1000,"url":"https:\/\/exceptionaudio.fr\/site\/wp-content\/uploads\/2024\/07\/Auralic-Vega-G2.2.jpg","type":"image\/jpeg"}],"twitter_card":"summary_large_image","twitter_misc":{"Dur\u00e9e de lecture estim\u00e9e":"1 minute"},"schema":{"@context":"https:\/\/schema.org","@graph":[{"@type":"WebPage","@id":"https:\/\/exceptionaudio.fr\/site\/produit\/auralic-vega-g2-2\/","url":"https:\/\/exceptionaudio.fr\/site\/produit\/auralic-vega-g2-2\/","name":"Auralic Vega G2.2 - Lecteur r\u00e9seau DAC HiFi - Exception Audio","isPartOf":{"@id":"https:\/\/exceptionaudio.fr\/site\/#website"},"primaryImageOfPage":{"@id":"https:\/\/exceptionaudio.fr\/site\/produit\/auralic-vega-g2-2\/#primaryimage"},"image":{"@id":"https:\/\/exceptionaudio.fr\/site\/produit\/auralic-vega-g2-2\/#primaryimage"},"thumbnailUrl":"https:\/\/exceptionaudio.fr\/site\/wp-content\/uploads\/2024\/07\/Auralic-Vega-G2.2.jpg","datePublished":"2024-07-18T14:39:34+00:00","dateModified":"2024-07-18T15:08:06+00:00","description":"Rempla\u00e7ant du Vega G2.1, l'Auralic Vega G2.2 est la source num\u00e9rique HiFi haut de gamme : lecteur r\u00e9seau, DAC et pr\u00e9amplificateur analogique.","breadcrumb":{"@id":"https:\/\/exceptionaudio.fr\/site\/produit\/auralic-vega-g2-2\/#breadcrumb"},"inLanguage":"fr-FR","potentialAction":[{"@type":"ReadAction","target":["https:\/\/exceptionaudio.fr\/site\/produit\/auralic-vega-g2-2\/"]}]},{"@type":"ImageObject","inLanguage":"fr-FR","@id":"https:\/\/exceptionaudio.fr\/site\/produit\/auralic-vega-g2-2\/#primaryimage","url":"https:\/\/exceptionaudio.fr\/site\/wp-content\/uploads\/2024\/07\/Auralic-Vega-G2.2.jpg","contentUrl":"https:\/\/exceptionaudio.fr\/site\/wp-content\/uploads\/2024\/07\/Auralic-Vega-G2.2.jpg","width":1000,"height":1000,"caption":"Auralic Vega G2.2 lecteur r\u00e9seau DAC pr\u00e9ampli hifi"},{"@type":"BreadcrumbList","@id":"https:\/\/exceptionaudio.fr\/site\/produit\/auralic-vega-g2-2\/#breadcrumb","itemListElement":[{"@type":"ListItem","position":1,"name":"Accueil","item":"https:\/\/exceptionaudio.fr\/site\/"},{"@type":"ListItem","position":2,"name":"Boutique","item":"https:\/\/exceptionaudio.fr\/site\/boutique\/"},{"@type":"ListItem","position":3,"name":"Auralic Vega G2.2"}]},{"@type":"WebSite","@id":"https:\/\/exceptionaudio.fr\/site\/#website","url":"https:\/\/exceptionaudio.fr\/site\/","name":"Exception Audio","description":"Magasin hi-fi Antibes","publisher":{"@id":"https:\/\/exceptionaudio.fr\/site\/#organization"},"potentialAction":[{"@type":"SearchAction","target":{"@type":"EntryPoint","urlTemplate":"https:\/\/exceptionaudio.fr\/site\/?s={search_term_string}"},"query-input":{"@type":"PropertyValueSpecification","valueRequired":true,"valueName":"search_term_string"}}],"inLanguage":"fr-FR"},{"@type":"Organization","@id":"https:\/\/exceptionaudio.fr\/site\/#organization","name":"Exception Audio","url":"https:\/\/exceptionaudio.fr\/site\/","logo":{"@type":"ImageObject","inLanguage":"fr-FR","@id":"https:\/\/exceptionaudio.fr\/site\/#\/schema\/logo\/image\/","url":"https:\/\/exceptionaudio.fr\/site\/wp-content\/uploads\/2021\/10\/largeur-exception-audio-logos-noir.png","contentUrl":"https:\/\/exceptionaudio.fr\/site\/wp-content\/uploads\/2021\/10\/largeur-exception-audio-logos-noir.png","width":357,"height":54,"caption":"Exception Audio"},"image":{"@id":"https:\/\/exceptionaudio.fr\/site\/#\/schema\/logo\/image\/"},"sameAs":["https:\/\/www.facebook.com\/ExceptionAudio","https:\/\/www.instagram.com\/exception_audio\/"]}]}},"_links":{"self":[{"href":"https:\/\/exceptionaudio.fr\/site\/wp-json\/wp\/v2\/product\/9036","targetHints":{"allow":["GET"]}}],"collection":[{"href":"https:\/\/exceptionaudio.fr\/site\/wp-json\/wp\/v2\/product"}],"about":[{"href":"https:\/\/exceptionaudio.fr\/site\/wp-json\/wp\/v2\/types\/product"}],"version-history":[{"count":1,"href":"https:\/\/exceptionaudio.fr\/site\/wp-json\/wp\/v2\/product\/9036\/revisions"}],"predecessor-version":[{"id":9040,"href":"https:\/\/exceptionaudio.fr\/site\/wp-json\/wp\/v2\/product\/9036\/revisions\/9040"}],"wp:featuredmedia":[{"embeddable":true,"href":"https:\/\/exceptionaudio.fr\/site\/wp-json\/wp\/v2\/media\/9039"}],"wp:attachment":[{"href":"https:\/\/exceptionaudio.fr\/site\/wp-json\/wp\/v2\/media?parent=9036"}],"wp:term":[{"taxonomy":"product_brand","embeddable":true,"href":"https:\/\/exceptionaudio.fr\/site\/wp-json\/wp\/v2\/product_brand?post=9036"},{"taxonomy":"product_cat","embeddable":true,"href":"https:\/\/exceptionaudio.fr\/site\/wp-json\/wp\/v2\/product_cat?post=9036"},{"taxonomy":"product_tag","embeddable":true,"href":"https:\/\/exceptionaudio.fr\/site\/wp-json\/wp\/v2\/product_tag?post=9036"}],"curies":[{"name":"wp","href":"https:\/\/api.w.org\/{rel}","templated":true}]}}