{"id":9073,"date":"2024-08-29T13:38:54","date_gmt":"2024-08-29T11:38:54","guid":{"rendered":"https:\/\/exceptionaudio.fr\/site\/?post_type=product&#038;p=9073"},"modified":"2024-08-29T13:44:42","modified_gmt":"2024-08-29T11:44:42","slug":"bluesound-node-nano","status":"publish","type":"product","link":"https:\/\/exceptionaudio.fr\/site\/produit\/bluesound-node-nano\/","title":{"rendered":"Bluesound Node Nano"},"content":{"rendered":"","protected":false},"excerpt":{"rendered":"<p style=\"font-weight: 400;\">Le Node Nano est le lecteur r\u00e9seau le plus accessible et compact de chez <a href=\"https:\/\/exceptionaudio.fr\/site\/etiquette-produit\/bluesound\/\">Bluesound<\/a>. Fortement inspir\u00e9 du mod\u00e8le phare le Node, il int\u00e8gre un DAC ESS SABRE de derni\u00e8re g\u00e9n\u00e9ration d\u00e9livrant une sonorit\u00e9 claire et pr\u00e9cise. Comme son grand fr\u00e8re, Il vous donne acc\u00e8s aux plateformes de streaming (Qobuz, Tidal, Spotify\u2026), aux radios internet ou encore \u00e0 votre discoth\u00e8que stock\u00e9e sur un ordinateur ou un NAS. Il est facilement contr\u00f4lable via l\u2019application BluOS (disponible sur iOS, Android, PC et MAC) ou encore via son panneau sup\u00e9rieur tactile.<\/p>\n","protected":false},"featured_media":9076,"template":"","meta":[],"product_brand":[],"product_cat":[100],"product_tag":[213],"class_list":{"0":"post-9073","1":"product","2":"type-product","3":"status-publish","4":"has-post-thumbnail","6":"product_cat-lecteurs-reseau-hifi-serveurs-audio-streamer","7":"product_tag-bluesound","9":"first","10":"instock","11":"taxable","12":"shipping-taxable","13":"purchasable","14":"product-type-simple"},"yoast_head":"<!-- This site is optimized with the Yoast SEO plugin v27.4 - https:\/\/yoast.com\/product\/yoast-seo-wordpress\/ -->\n<title>Bluesound Node Nano - Lecteur r\u00e9seau DAC hifi - Exception Audio<\/title>\n<meta name=\"description\" content=\"Bluesound Node Nano : Lecteur r\u00e9seau DAC HiFi 24 bits \/ 192 kHz donnant acc\u00e8s aux plateformes de streaming (Qobuz, Tidal ...), AirPlay 2, Bluetooth APTX\" \/>\n<meta name=\"robots\" content=\"index, follow, max-snippet:-1, max-image-preview:large, max-video-preview:-1\" \/>\n<link rel=\"canonical\" href=\"https:\/\/exceptionaudio.fr\/site\/produit\/bluesound-node-nano\/\" \/>\n<meta property=\"og:locale\" content=\"fr_FR\" \/>\n<meta property=\"og:type\" content=\"article\" \/>\n<meta property=\"og:title\" content=\"Bluesound Node Nano - Lecteur r\u00e9seau DAC hifi - Exception Audio\" \/>\n<meta property=\"og:description\" content=\"Bluesound Node Nano : Lecteur r\u00e9seau DAC HiFi 24 bits \/ 192 kHz donnant acc\u00e8s aux plateformes de streaming (Qobuz, Tidal ...), AirPlay 2, Bluetooth APTX\" \/>\n<meta property=\"og:url\" content=\"https:\/\/exceptionaudio.fr\/site\/produit\/bluesound-node-nano\/\" \/>\n<meta property=\"og:site_name\" content=\"Exception Audio\" \/>\n<meta property=\"article:publisher\" content=\"https:\/\/www.facebook.com\/ExceptionAudio\" \/>\n<meta property=\"article:modified_time\" content=\"2024-08-29T11:44:42+00:00\" \/>\n<meta property=\"og:image\" content=\"https:\/\/exceptionaudio.fr\/site\/wp-content\/uploads\/2024\/08\/Bluesound-Node-Nano.jpg\" \/>\n\t<meta property=\"og:image:width\" content=\"1000\" \/>\n\t<meta property=\"og:image:height\" content=\"1000\" \/>\n\t<meta property=\"og:image:type\" content=\"image\/jpeg\" \/>\n<meta name=\"twitter:card\" content=\"summary_large_image\" \/>\n<meta name=\"twitter:label1\" content=\"Dur\u00e9e de lecture estim\u00e9e\" \/>\n\t<meta name=\"twitter:data1\" content=\"1 minute\" \/>\n<script type=\"application\/ld+json\" class=\"yoast-schema-graph\">{\"@context\":\"https:\\\/\\\/schema.org\",\"@graph\":[{\"@type\":\"WebPage\",\"@id\":\"https:\\\/\\\/exceptionaudio.fr\\\/site\\\/produit\\\/bluesound-node-nano\\\/\",\"url\":\"https:\\\/\\\/exceptionaudio.fr\\\/site\\\/produit\\\/bluesound-node-nano\\\/\",\"name\":\"Bluesound Node Nano - Lecteur r\u00e9seau DAC hifi - Exception Audio\",\"isPartOf\":{\"@id\":\"https:\\\/\\\/exceptionaudio.fr\\\/site\\\/#website\"},\"primaryImageOfPage\":{\"@id\":\"https:\\\/\\\/exceptionaudio.fr\\\/site\\\/produit\\\/bluesound-node-nano\\\/#primaryimage\"},\"image\":{\"@id\":\"https:\\\/\\\/exceptionaudio.fr\\\/site\\\/produit\\\/bluesound-node-nano\\\/#primaryimage\"},\"thumbnailUrl\":\"https:\\\/\\\/exceptionaudio.fr\\\/site\\\/wp-content\\\/uploads\\\/2024\\\/08\\\/Bluesound-Node-Nano.jpg\",\"datePublished\":\"2024-08-29T11:38:54+00:00\",\"dateModified\":\"2024-08-29T11:44:42+00:00\",\"description\":\"Bluesound Node Nano : Lecteur r\u00e9seau DAC HiFi 24 bits \\\/ 192 kHz donnant acc\u00e8s aux plateformes de streaming (Qobuz, Tidal ...), AirPlay 2, Bluetooth APTX\",\"breadcrumb\":{\"@id\":\"https:\\\/\\\/exceptionaudio.fr\\\/site\\\/produit\\\/bluesound-node-nano\\\/#breadcrumb\"},\"inLanguage\":\"fr-FR\",\"potentialAction\":[{\"@type\":\"ReadAction\",\"target\":[\"https:\\\/\\\/exceptionaudio.fr\\\/site\\\/produit\\\/bluesound-node-nano\\\/\"]}]},{\"@type\":\"ImageObject\",\"inLanguage\":\"fr-FR\",\"@id\":\"https:\\\/\\\/exceptionaudio.fr\\\/site\\\/produit\\\/bluesound-node-nano\\\/#primaryimage\",\"url\":\"https:\\\/\\\/exceptionaudio.fr\\\/site\\\/wp-content\\\/uploads\\\/2024\\\/08\\\/Bluesound-Node-Nano.jpg\",\"contentUrl\":\"https:\\\/\\\/exceptionaudio.fr\\\/site\\\/wp-content\\\/uploads\\\/2024\\\/08\\\/Bluesound-Node-Nano.jpg\",\"width\":1000,\"height\":1000,\"caption\":\"Bluesound Node Nano : Lecteur r\u00e9seau DAC HiFi 24 bits \\\/ 192 kHz et DSD. Compatible AirPlay 2, Bluetooth APTX, Roon Ready\"},{\"@type\":\"BreadcrumbList\",\"@id\":\"https:\\\/\\\/exceptionaudio.fr\\\/site\\\/produit\\\/bluesound-node-nano\\\/#breadcrumb\",\"itemListElement\":[{\"@type\":\"ListItem\",\"position\":1,\"name\":\"Accueil\",\"item\":\"https:\\\/\\\/exceptionaudio.fr\\\/site\\\/\"},{\"@type\":\"ListItem\",\"position\":2,\"name\":\"Boutique\",\"item\":\"https:\\\/\\\/exceptionaudio.fr\\\/site\\\/boutique\\\/\"},{\"@type\":\"ListItem\",\"position\":3,\"name\":\"Bluesound Node Nano\"}]},{\"@type\":\"WebSite\",\"@id\":\"https:\\\/\\\/exceptionaudio.fr\\\/site\\\/#website\",\"url\":\"https:\\\/\\\/exceptionaudio.fr\\\/site\\\/\",\"name\":\"Exception Audio\",\"description\":\"Magasin hi-fi Antibes\",\"publisher\":{\"@id\":\"https:\\\/\\\/exceptionaudio.fr\\\/site\\\/#organization\"},\"potentialAction\":[{\"@type\":\"SearchAction\",\"target\":{\"@type\":\"EntryPoint\",\"urlTemplate\":\"https:\\\/\\\/exceptionaudio.fr\\\/site\\\/?s={search_term_string}\"},\"query-input\":{\"@type\":\"PropertyValueSpecification\",\"valueRequired\":true,\"valueName\":\"search_term_string\"}}],\"inLanguage\":\"fr-FR\"},{\"@type\":\"Organization\",\"@id\":\"https:\\\/\\\/exceptionaudio.fr\\\/site\\\/#organization\",\"name\":\"Exception Audio\",\"url\":\"https:\\\/\\\/exceptionaudio.fr\\\/site\\\/\",\"logo\":{\"@type\":\"ImageObject\",\"inLanguage\":\"fr-FR\",\"@id\":\"https:\\\/\\\/exceptionaudio.fr\\\/site\\\/#\\\/schema\\\/logo\\\/image\\\/\",\"url\":\"https:\\\/\\\/exceptionaudio.fr\\\/site\\\/wp-content\\\/uploads\\\/2021\\\/10\\\/largeur-exception-audio-logos-noir.png\",\"contentUrl\":\"https:\\\/\\\/exceptionaudio.fr\\\/site\\\/wp-content\\\/uploads\\\/2021\\\/10\\\/largeur-exception-audio-logos-noir.png\",\"width\":357,\"height\":54,\"caption\":\"Exception Audio\"},\"image\":{\"@id\":\"https:\\\/\\\/exceptionaudio.fr\\\/site\\\/#\\\/schema\\\/logo\\\/image\\\/\"},\"sameAs\":[\"https:\\\/\\\/www.facebook.com\\\/ExceptionAudio\",\"https:\\\/\\\/www.instagram.com\\\/exception_audio\\\/\"]}]}<\/script>\n<!-- \/ Yoast SEO plugin. -->","yoast_head_json":{"title":"Bluesound Node Nano - Lecteur r\u00e9seau DAC hifi - Exception Audio","description":"Bluesound Node Nano : Lecteur r\u00e9seau DAC HiFi 24 bits \/ 192 kHz donnant acc\u00e8s aux plateformes de streaming (Qobuz, Tidal ...), AirPlay 2, Bluetooth APTX","robots":{"index":"index","follow":"follow","max-snippet":"max-snippet:-1","max-image-preview":"max-image-preview:large","max-video-preview":"max-video-preview:-1"},"canonical":"https:\/\/exceptionaudio.fr\/site\/produit\/bluesound-node-nano\/","og_locale":"fr_FR","og_type":"article","og_title":"Bluesound Node Nano - Lecteur r\u00e9seau DAC hifi - Exception Audio","og_description":"Bluesound Node Nano : Lecteur r\u00e9seau DAC HiFi 24 bits \/ 192 kHz donnant acc\u00e8s aux plateformes de streaming (Qobuz, Tidal ...), AirPlay 2, Bluetooth APTX","og_url":"https:\/\/exceptionaudio.fr\/site\/produit\/bluesound-node-nano\/","og_site_name":"Exception Audio","article_publisher":"https:\/\/www.facebook.com\/ExceptionAudio","article_modified_time":"2024-08-29T11:44:42+00:00","og_image":[{"width":1000,"height":1000,"url":"https:\/\/exceptionaudio.fr\/site\/wp-content\/uploads\/2024\/08\/Bluesound-Node-Nano.jpg","type":"image\/jpeg"}],"twitter_card":"summary_large_image","twitter_misc":{"Dur\u00e9e de lecture estim\u00e9e":"1 minute"},"schema":{"@context":"https:\/\/schema.org","@graph":[{"@type":"WebPage","@id":"https:\/\/exceptionaudio.fr\/site\/produit\/bluesound-node-nano\/","url":"https:\/\/exceptionaudio.fr\/site\/produit\/bluesound-node-nano\/","name":"Bluesound Node Nano - Lecteur r\u00e9seau DAC hifi - Exception Audio","isPartOf":{"@id":"https:\/\/exceptionaudio.fr\/site\/#website"},"primaryImageOfPage":{"@id":"https:\/\/exceptionaudio.fr\/site\/produit\/bluesound-node-nano\/#primaryimage"},"image":{"@id":"https:\/\/exceptionaudio.fr\/site\/produit\/bluesound-node-nano\/#primaryimage"},"thumbnailUrl":"https:\/\/exceptionaudio.fr\/site\/wp-content\/uploads\/2024\/08\/Bluesound-Node-Nano.jpg","datePublished":"2024-08-29T11:38:54+00:00","dateModified":"2024-08-29T11:44:42+00:00","description":"Bluesound Node Nano : Lecteur r\u00e9seau DAC HiFi 24 bits \/ 192 kHz donnant acc\u00e8s aux plateformes de streaming (Qobuz, Tidal ...), AirPlay 2, Bluetooth APTX","breadcrumb":{"@id":"https:\/\/exceptionaudio.fr\/site\/produit\/bluesound-node-nano\/#breadcrumb"},"inLanguage":"fr-FR","potentialAction":[{"@type":"ReadAction","target":["https:\/\/exceptionaudio.fr\/site\/produit\/bluesound-node-nano\/"]}]},{"@type":"ImageObject","inLanguage":"fr-FR","@id":"https:\/\/exceptionaudio.fr\/site\/produit\/bluesound-node-nano\/#primaryimage","url":"https:\/\/exceptionaudio.fr\/site\/wp-content\/uploads\/2024\/08\/Bluesound-Node-Nano.jpg","contentUrl":"https:\/\/exceptionaudio.fr\/site\/wp-content\/uploads\/2024\/08\/Bluesound-Node-Nano.jpg","width":1000,"height":1000,"caption":"Bluesound Node Nano : Lecteur r\u00e9seau DAC HiFi 24 bits \/ 192 kHz et DSD. Compatible AirPlay 2, Bluetooth APTX, Roon Ready"},{"@type":"BreadcrumbList","@id":"https:\/\/exceptionaudio.fr\/site\/produit\/bluesound-node-nano\/#breadcrumb","itemListElement":[{"@type":"ListItem","position":1,"name":"Accueil","item":"https:\/\/exceptionaudio.fr\/site\/"},{"@type":"ListItem","position":2,"name":"Boutique","item":"https:\/\/exceptionaudio.fr\/site\/boutique\/"},{"@type":"ListItem","position":3,"name":"Bluesound Node Nano"}]},{"@type":"WebSite","@id":"https:\/\/exceptionaudio.fr\/site\/#website","url":"https:\/\/exceptionaudio.fr\/site\/","name":"Exception Audio","description":"Magasin hi-fi Antibes","publisher":{"@id":"https:\/\/exceptionaudio.fr\/site\/#organization"},"potentialAction":[{"@type":"SearchAction","target":{"@type":"EntryPoint","urlTemplate":"https:\/\/exceptionaudio.fr\/site\/?s={search_term_string}"},"query-input":{"@type":"PropertyValueSpecification","valueRequired":true,"valueName":"search_term_string"}}],"inLanguage":"fr-FR"},{"@type":"Organization","@id":"https:\/\/exceptionaudio.fr\/site\/#organization","name":"Exception Audio","url":"https:\/\/exceptionaudio.fr\/site\/","logo":{"@type":"ImageObject","inLanguage":"fr-FR","@id":"https:\/\/exceptionaudio.fr\/site\/#\/schema\/logo\/image\/","url":"https:\/\/exceptionaudio.fr\/site\/wp-content\/uploads\/2021\/10\/largeur-exception-audio-logos-noir.png","contentUrl":"https:\/\/exceptionaudio.fr\/site\/wp-content\/uploads\/2021\/10\/largeur-exception-audio-logos-noir.png","width":357,"height":54,"caption":"Exception Audio"},"image":{"@id":"https:\/\/exceptionaudio.fr\/site\/#\/schema\/logo\/image\/"},"sameAs":["https:\/\/www.facebook.com\/ExceptionAudio","https:\/\/www.instagram.com\/exception_audio\/"]}]}},"_links":{"self":[{"href":"https:\/\/exceptionaudio.fr\/site\/wp-json\/wp\/v2\/product\/9073","targetHints":{"allow":["GET"]}}],"collection":[{"href":"https:\/\/exceptionaudio.fr\/site\/wp-json\/wp\/v2\/product"}],"about":[{"href":"https:\/\/exceptionaudio.fr\/site\/wp-json\/wp\/v2\/types\/product"}],"version-history":[{"count":1,"href":"https:\/\/exceptionaudio.fr\/site\/wp-json\/wp\/v2\/product\/9073\/revisions"}],"predecessor-version":[{"id":9079,"href":"https:\/\/exceptionaudio.fr\/site\/wp-json\/wp\/v2\/product\/9073\/revisions\/9079"}],"wp:featuredmedia":[{"embeddable":true,"href":"https:\/\/exceptionaudio.fr\/site\/wp-json\/wp\/v2\/media\/9076"}],"wp:attachment":[{"href":"https:\/\/exceptionaudio.fr\/site\/wp-json\/wp\/v2\/media?parent=9073"}],"wp:term":[{"taxonomy":"product_brand","embeddable":true,"href":"https:\/\/exceptionaudio.fr\/site\/wp-json\/wp\/v2\/product_brand?post=9073"},{"taxonomy":"product_cat","embeddable":true,"href":"https:\/\/exceptionaudio.fr\/site\/wp-json\/wp\/v2\/product_cat?post=9073"},{"taxonomy":"product_tag","embeddable":true,"href":"https:\/\/exceptionaudio.fr\/site\/wp-json\/wp\/v2\/product_tag?post=9073"}],"curies":[{"name":"wp","href":"https:\/\/api.w.org\/{rel}","templated":true}]}}