{"id":9085,"date":"2024-09-17T19:40:35","date_gmt":"2024-09-17T17:40:35","guid":{"rendered":"https:\/\/exceptionaudio.fr\/site\/?post_type=product&#038;p=9085"},"modified":"2025-11-26T20:06:33","modified_gmt":"2025-11-26T19:06:33","slug":"revival-audio-atalante-3","status":"publish","type":"product","link":"https:\/\/exceptionaudio.fr\/site\/produit\/revival-audio-atalante-3\/","title":{"rendered":"Revival Audio Atalante 3"},"content":{"rendered":"","protected":false},"excerpt":{"rendered":"<p style=\"font-weight: 400;\">L\u2019Atalante 3 est une enceinte biblioth\u00e8que du fabricant fran\u00e7ais Revival Audio. Elle se pr\u00e9sente dans un format moniteur compact \u00e9quip\u00e9 d\u2019un tweeter \u00e0 d\u00f4me en soie brevet\u00e9 ARID (Anti Reflection Inner Dome) et d\u2019un haut-parleur de m\u00e9dium-grave en fibre de basalte. Elles offrent des performances du meilleur niveau, sign\u00e9es par un grave puissant et un tr\u00e8s bon \u00e9quilibre global.<\/p>\n","protected":false},"featured_media":9091,"template":"","meta":[],"product_brand":[],"product_cat":[90,92],"product_tag":[301],"class_list":{"0":"post-9085","1":"product","2":"type-product","3":"status-publish","4":"has-post-thumbnail","6":"product_cat-enceintes-bibliotheques-colonnes-hifi","7":"product_cat-enceintes-bibliotheques","8":"product_tag-revival-audio","10":"first","11":"instock","12":"taxable","13":"shipping-taxable","14":"purchasable","15":"product-type-variable"},"yoast_head":"<!-- This site is optimized with the Yoast SEO plugin v27.4 - https:\/\/yoast.com\/product\/yoast-seo-wordpress\/ -->\n<title>Revival Audio Atalante 3 - Enceintes biblioth\u00e8ques hifi - Exception Audio<\/title>\n<meta name=\"description\" content=\"L\u2019Atalante 3 est une enceinte biblioth\u00e8que 2 voies du fabricant fran\u00e7ais Revival Audio. Elle b\u00e9n\u00e9ficie du savoir-faire dans un format relativement compact.\" \/>\n<meta name=\"robots\" content=\"index, follow, max-snippet:-1, max-image-preview:large, max-video-preview:-1\" \/>\n<link rel=\"canonical\" href=\"https:\/\/exceptionaudio.fr\/site\/produit\/revival-audio-atalante-3\/\" \/>\n<meta property=\"og:locale\" content=\"fr_FR\" \/>\n<meta property=\"og:type\" content=\"article\" \/>\n<meta property=\"og:title\" content=\"Revival Audio Atalante 3 - Enceintes biblioth\u00e8ques hifi - Exception Audio\" \/>\n<meta property=\"og:description\" content=\"L\u2019Atalante 3 est une enceinte biblioth\u00e8que 2 voies du fabricant fran\u00e7ais Revival Audio. Elle b\u00e9n\u00e9ficie du savoir-faire dans un format relativement compact.\" \/>\n<meta property=\"og:url\" content=\"https:\/\/exceptionaudio.fr\/site\/produit\/revival-audio-atalante-3\/\" \/>\n<meta property=\"og:site_name\" content=\"Exception Audio\" \/>\n<meta property=\"article:publisher\" content=\"https:\/\/www.facebook.com\/ExceptionAudio\" \/>\n<meta property=\"article:modified_time\" content=\"2025-11-26T19:06:33+00:00\" \/>\n<meta property=\"og:image\" content=\"https:\/\/exceptionaudio.fr\/site\/wp-content\/uploads\/2024\/09\/Revival-Audio-Atalante-3-pieds.jpg\" \/>\n\t<meta property=\"og:image:width\" content=\"1000\" \/>\n\t<meta property=\"og:image:height\" content=\"1000\" \/>\n\t<meta property=\"og:image:type\" content=\"image\/jpeg\" \/>\n<meta name=\"twitter:card\" content=\"summary_large_image\" \/>\n<meta name=\"twitter:label1\" content=\"Dur\u00e9e de lecture estim\u00e9e\" \/>\n\t<meta name=\"twitter:data1\" content=\"1 minute\" \/>\n<script type=\"application\/ld+json\" class=\"yoast-schema-graph\">{\"@context\":\"https:\\\/\\\/schema.org\",\"@graph\":[{\"@type\":\"WebPage\",\"@id\":\"https:\\\/\\\/exceptionaudio.fr\\\/site\\\/produit\\\/revival-audio-atalante-3\\\/\",\"url\":\"https:\\\/\\\/exceptionaudio.fr\\\/site\\\/produit\\\/revival-audio-atalante-3\\\/\",\"name\":\"Revival Audio Atalante 3 - Enceintes biblioth\u00e8ques hifi - Exception Audio\",\"isPartOf\":{\"@id\":\"https:\\\/\\\/exceptionaudio.fr\\\/site\\\/#website\"},\"primaryImageOfPage\":{\"@id\":\"https:\\\/\\\/exceptionaudio.fr\\\/site\\\/produit\\\/revival-audio-atalante-3\\\/#primaryimage\"},\"image\":{\"@id\":\"https:\\\/\\\/exceptionaudio.fr\\\/site\\\/produit\\\/revival-audio-atalante-3\\\/#primaryimage\"},\"thumbnailUrl\":\"https:\\\/\\\/exceptionaudio.fr\\\/site\\\/wp-content\\\/uploads\\\/2024\\\/09\\\/Revival-Audio-Atalante-3-pieds.jpg\",\"datePublished\":\"2024-09-17T17:40:35+00:00\",\"dateModified\":\"2025-11-26T19:06:33+00:00\",\"description\":\"L\u2019Atalante 3 est une enceinte biblioth\u00e8que 2 voies du fabricant fran\u00e7ais Revival Audio. Elle b\u00e9n\u00e9ficie du savoir-faire dans un format relativement compact.\",\"breadcrumb\":{\"@id\":\"https:\\\/\\\/exceptionaudio.fr\\\/site\\\/produit\\\/revival-audio-atalante-3\\\/#breadcrumb\"},\"inLanguage\":\"fr-FR\",\"potentialAction\":[{\"@type\":\"ReadAction\",\"target\":[\"https:\\\/\\\/exceptionaudio.fr\\\/site\\\/produit\\\/revival-audio-atalante-3\\\/\"]}]},{\"@type\":\"ImageObject\",\"inLanguage\":\"fr-FR\",\"@id\":\"https:\\\/\\\/exceptionaudio.fr\\\/site\\\/produit\\\/revival-audio-atalante-3\\\/#primaryimage\",\"url\":\"https:\\\/\\\/exceptionaudio.fr\\\/site\\\/wp-content\\\/uploads\\\/2024\\\/09\\\/Revival-Audio-Atalante-3-pieds.jpg\",\"contentUrl\":\"https:\\\/\\\/exceptionaudio.fr\\\/site\\\/wp-content\\\/uploads\\\/2024\\\/09\\\/Revival-Audio-Atalante-3-pieds.jpg\",\"width\":1000,\"height\":1000,\"caption\":\"Revival Audio Atalante 3 + pieds enceinte hifi biblioth\u00e8que made in france\"},{\"@type\":\"BreadcrumbList\",\"@id\":\"https:\\\/\\\/exceptionaudio.fr\\\/site\\\/produit\\\/revival-audio-atalante-3\\\/#breadcrumb\",\"itemListElement\":[{\"@type\":\"ListItem\",\"position\":1,\"name\":\"Accueil\",\"item\":\"https:\\\/\\\/exceptionaudio.fr\\\/site\\\/\"},{\"@type\":\"ListItem\",\"position\":2,\"name\":\"Boutique\",\"item\":\"https:\\\/\\\/exceptionaudio.fr\\\/site\\\/boutique\\\/\"},{\"@type\":\"ListItem\",\"position\":3,\"name\":\"Revival Audio Atalante 3\"}]},{\"@type\":\"WebSite\",\"@id\":\"https:\\\/\\\/exceptionaudio.fr\\\/site\\\/#website\",\"url\":\"https:\\\/\\\/exceptionaudio.fr\\\/site\\\/\",\"name\":\"Exception Audio\",\"description\":\"Magasin hi-fi Antibes\",\"publisher\":{\"@id\":\"https:\\\/\\\/exceptionaudio.fr\\\/site\\\/#organization\"},\"potentialAction\":[{\"@type\":\"SearchAction\",\"target\":{\"@type\":\"EntryPoint\",\"urlTemplate\":\"https:\\\/\\\/exceptionaudio.fr\\\/site\\\/?s={search_term_string}\"},\"query-input\":{\"@type\":\"PropertyValueSpecification\",\"valueRequired\":true,\"valueName\":\"search_term_string\"}}],\"inLanguage\":\"fr-FR\"},{\"@type\":\"Organization\",\"@id\":\"https:\\\/\\\/exceptionaudio.fr\\\/site\\\/#organization\",\"name\":\"Exception Audio\",\"url\":\"https:\\\/\\\/exceptionaudio.fr\\\/site\\\/\",\"logo\":{\"@type\":\"ImageObject\",\"inLanguage\":\"fr-FR\",\"@id\":\"https:\\\/\\\/exceptionaudio.fr\\\/site\\\/#\\\/schema\\\/logo\\\/image\\\/\",\"url\":\"https:\\\/\\\/exceptionaudio.fr\\\/site\\\/wp-content\\\/uploads\\\/2021\\\/10\\\/largeur-exception-audio-logos-noir.png\",\"contentUrl\":\"https:\\\/\\\/exceptionaudio.fr\\\/site\\\/wp-content\\\/uploads\\\/2021\\\/10\\\/largeur-exception-audio-logos-noir.png\",\"width\":357,\"height\":54,\"caption\":\"Exception Audio\"},\"image\":{\"@id\":\"https:\\\/\\\/exceptionaudio.fr\\\/site\\\/#\\\/schema\\\/logo\\\/image\\\/\"},\"sameAs\":[\"https:\\\/\\\/www.facebook.com\\\/ExceptionAudio\",\"https:\\\/\\\/www.instagram.com\\\/exception_audio\\\/\"]}]}<\/script>\n<!-- \/ Yoast SEO plugin. -->","yoast_head_json":{"title":"Revival Audio Atalante 3 - Enceintes biblioth\u00e8ques hifi - Exception Audio","description":"L\u2019Atalante 3 est une enceinte biblioth\u00e8que 2 voies du fabricant fran\u00e7ais Revival Audio. Elle b\u00e9n\u00e9ficie du savoir-faire dans un format relativement compact.","robots":{"index":"index","follow":"follow","max-snippet":"max-snippet:-1","max-image-preview":"max-image-preview:large","max-video-preview":"max-video-preview:-1"},"canonical":"https:\/\/exceptionaudio.fr\/site\/produit\/revival-audio-atalante-3\/","og_locale":"fr_FR","og_type":"article","og_title":"Revival Audio Atalante 3 - Enceintes biblioth\u00e8ques hifi - Exception Audio","og_description":"L\u2019Atalante 3 est une enceinte biblioth\u00e8que 2 voies du fabricant fran\u00e7ais Revival Audio. Elle b\u00e9n\u00e9ficie du savoir-faire dans un format relativement compact.","og_url":"https:\/\/exceptionaudio.fr\/site\/produit\/revival-audio-atalante-3\/","og_site_name":"Exception Audio","article_publisher":"https:\/\/www.facebook.com\/ExceptionAudio","article_modified_time":"2025-11-26T19:06:33+00:00","og_image":[{"width":1000,"height":1000,"url":"https:\/\/exceptionaudio.fr\/site\/wp-content\/uploads\/2024\/09\/Revival-Audio-Atalante-3-pieds.jpg","type":"image\/jpeg"}],"twitter_card":"summary_large_image","twitter_misc":{"Dur\u00e9e de lecture estim\u00e9e":"1 minute"},"schema":{"@context":"https:\/\/schema.org","@graph":[{"@type":"WebPage","@id":"https:\/\/exceptionaudio.fr\/site\/produit\/revival-audio-atalante-3\/","url":"https:\/\/exceptionaudio.fr\/site\/produit\/revival-audio-atalante-3\/","name":"Revival Audio Atalante 3 - Enceintes biblioth\u00e8ques hifi - Exception Audio","isPartOf":{"@id":"https:\/\/exceptionaudio.fr\/site\/#website"},"primaryImageOfPage":{"@id":"https:\/\/exceptionaudio.fr\/site\/produit\/revival-audio-atalante-3\/#primaryimage"},"image":{"@id":"https:\/\/exceptionaudio.fr\/site\/produit\/revival-audio-atalante-3\/#primaryimage"},"thumbnailUrl":"https:\/\/exceptionaudio.fr\/site\/wp-content\/uploads\/2024\/09\/Revival-Audio-Atalante-3-pieds.jpg","datePublished":"2024-09-17T17:40:35+00:00","dateModified":"2025-11-26T19:06:33+00:00","description":"L\u2019Atalante 3 est une enceinte biblioth\u00e8que 2 voies du fabricant fran\u00e7ais Revival Audio. Elle b\u00e9n\u00e9ficie du savoir-faire dans un format relativement compact.","breadcrumb":{"@id":"https:\/\/exceptionaudio.fr\/site\/produit\/revival-audio-atalante-3\/#breadcrumb"},"inLanguage":"fr-FR","potentialAction":[{"@type":"ReadAction","target":["https:\/\/exceptionaudio.fr\/site\/produit\/revival-audio-atalante-3\/"]}]},{"@type":"ImageObject","inLanguage":"fr-FR","@id":"https:\/\/exceptionaudio.fr\/site\/produit\/revival-audio-atalante-3\/#primaryimage","url":"https:\/\/exceptionaudio.fr\/site\/wp-content\/uploads\/2024\/09\/Revival-Audio-Atalante-3-pieds.jpg","contentUrl":"https:\/\/exceptionaudio.fr\/site\/wp-content\/uploads\/2024\/09\/Revival-Audio-Atalante-3-pieds.jpg","width":1000,"height":1000,"caption":"Revival Audio Atalante 3 + pieds enceinte hifi biblioth\u00e8que made in france"},{"@type":"BreadcrumbList","@id":"https:\/\/exceptionaudio.fr\/site\/produit\/revival-audio-atalante-3\/#breadcrumb","itemListElement":[{"@type":"ListItem","position":1,"name":"Accueil","item":"https:\/\/exceptionaudio.fr\/site\/"},{"@type":"ListItem","position":2,"name":"Boutique","item":"https:\/\/exceptionaudio.fr\/site\/boutique\/"},{"@type":"ListItem","position":3,"name":"Revival Audio Atalante 3"}]},{"@type":"WebSite","@id":"https:\/\/exceptionaudio.fr\/site\/#website","url":"https:\/\/exceptionaudio.fr\/site\/","name":"Exception Audio","description":"Magasin hi-fi Antibes","publisher":{"@id":"https:\/\/exceptionaudio.fr\/site\/#organization"},"potentialAction":[{"@type":"SearchAction","target":{"@type":"EntryPoint","urlTemplate":"https:\/\/exceptionaudio.fr\/site\/?s={search_term_string}"},"query-input":{"@type":"PropertyValueSpecification","valueRequired":true,"valueName":"search_term_string"}}],"inLanguage":"fr-FR"},{"@type":"Organization","@id":"https:\/\/exceptionaudio.fr\/site\/#organization","name":"Exception Audio","url":"https:\/\/exceptionaudio.fr\/site\/","logo":{"@type":"ImageObject","inLanguage":"fr-FR","@id":"https:\/\/exceptionaudio.fr\/site\/#\/schema\/logo\/image\/","url":"https:\/\/exceptionaudio.fr\/site\/wp-content\/uploads\/2021\/10\/largeur-exception-audio-logos-noir.png","contentUrl":"https:\/\/exceptionaudio.fr\/site\/wp-content\/uploads\/2021\/10\/largeur-exception-audio-logos-noir.png","width":357,"height":54,"caption":"Exception Audio"},"image":{"@id":"https:\/\/exceptionaudio.fr\/site\/#\/schema\/logo\/image\/"},"sameAs":["https:\/\/www.facebook.com\/ExceptionAudio","https:\/\/www.instagram.com\/exception_audio\/"]}]}},"_links":{"self":[{"href":"https:\/\/exceptionaudio.fr\/site\/wp-json\/wp\/v2\/product\/9085","targetHints":{"allow":["GET"]}}],"collection":[{"href":"https:\/\/exceptionaudio.fr\/site\/wp-json\/wp\/v2\/product"}],"about":[{"href":"https:\/\/exceptionaudio.fr\/site\/wp-json\/wp\/v2\/types\/product"}],"version-history":[{"count":1,"href":"https:\/\/exceptionaudio.fr\/site\/wp-json\/wp\/v2\/product\/9085\/revisions"}],"predecessor-version":[{"id":9094,"href":"https:\/\/exceptionaudio.fr\/site\/wp-json\/wp\/v2\/product\/9085\/revisions\/9094"}],"wp:featuredmedia":[{"embeddable":true,"href":"https:\/\/exceptionaudio.fr\/site\/wp-json\/wp\/v2\/media\/9091"}],"wp:attachment":[{"href":"https:\/\/exceptionaudio.fr\/site\/wp-json\/wp\/v2\/media?parent=9085"}],"wp:term":[{"taxonomy":"product_brand","embeddable":true,"href":"https:\/\/exceptionaudio.fr\/site\/wp-json\/wp\/v2\/product_brand?post=9085"},{"taxonomy":"product_cat","embeddable":true,"href":"https:\/\/exceptionaudio.fr\/site\/wp-json\/wp\/v2\/product_cat?post=9085"},{"taxonomy":"product_tag","embeddable":true,"href":"https:\/\/exceptionaudio.fr\/site\/wp-json\/wp\/v2\/product_tag?post=9085"}],"curies":[{"name":"wp","href":"https:\/\/api.w.org\/{rel}","templated":true}]}}