{"id":9100,"date":"2024-09-17T21:40:48","date_gmt":"2024-09-17T19:40:48","guid":{"rendered":"https:\/\/exceptionaudio.fr\/site\/?post_type=product&#038;p=9100"},"modified":"2024-09-17T21:46:11","modified_gmt":"2024-09-17T19:46:11","slug":"franc-audio-ceramic-disc-slim-foot","status":"publish","type":"product","link":"https:\/\/exceptionaudio.fr\/site\/produit\/franc-audio-ceramic-disc-slim-foot\/","title":{"rendered":"Franc Audio Ceramic Disc Slim Foot"},"content":{"rendered":"","protected":false},"excerpt":{"rendered":"<p style=\"font-weight: 400;\">Le Ceramic Disc Slim Foot est le pied antivibratoire de chez Franc Audio qui est particuli\u00e8rement con\u00e7u pour les enceintes ou encore remplacer les pieds d\u2019origine des appareils hifi (amplificateur, platine vinyle, lecteur CD&#8230;) gr\u00e2ce \u00e0 son insert \/ vis M6.<\/p>\n","protected":false},"featured_media":9108,"template":"","meta":[],"product_brand":[],"product_cat":[225,238],"product_tag":[247],"class_list":{"0":"post-9100","1":"product","2":"type-product","3":"status-publish","4":"has-post-thumbnail","6":"product_cat-accessoires-hifi","7":"product_cat-accessoires-de-decouplage","8":"product_tag-franc-audio-accessories","10":"first","11":"instock","12":"taxable","13":"shipping-taxable","14":"purchasable","15":"product-type-variable"},"yoast_head":"<!-- This site is optimized with the Yoast SEO plugin v27.4 - https:\/\/yoast.com\/product\/yoast-seo-wordpress\/ -->\n<title>Franc Audio Ceramic Disc Slim Foot - Pieds de d\u00e9couplage HiFi - Exception Audio<\/title>\n<meta name=\"description\" content=\"Le Ceramic Disc Clim Foot est le pied antivibratoire en c\u00e9ramique de chez Franc Audio Accessories. Particuli\u00e8rement adapt\u00e9 aux enceintes HiFi haut de gamme.\" \/>\n<meta name=\"robots\" content=\"index, follow, max-snippet:-1, max-image-preview:large, max-video-preview:-1\" \/>\n<link rel=\"canonical\" href=\"https:\/\/exceptionaudio.fr\/site\/produit\/franc-audio-ceramic-disc-slim-foot\/\" \/>\n<meta property=\"og:locale\" content=\"fr_FR\" \/>\n<meta property=\"og:type\" content=\"article\" \/>\n<meta property=\"og:title\" content=\"Franc Audio Ceramic Disc Slim Foot - Pieds de d\u00e9couplage HiFi - Exception Audio\" \/>\n<meta property=\"og:description\" content=\"Le Ceramic Disc Clim Foot est le pied antivibratoire en c\u00e9ramique de chez Franc Audio Accessories. Particuli\u00e8rement adapt\u00e9 aux enceintes HiFi haut de gamme.\" \/>\n<meta property=\"og:url\" content=\"https:\/\/exceptionaudio.fr\/site\/produit\/franc-audio-ceramic-disc-slim-foot\/\" \/>\n<meta property=\"og:site_name\" content=\"Exception Audio\" \/>\n<meta property=\"article:publisher\" content=\"https:\/\/www.facebook.com\/ExceptionAudio\" \/>\n<meta property=\"article:modified_time\" content=\"2024-09-17T19:46:11+00:00\" \/>\n<meta property=\"og:image\" content=\"https:\/\/exceptionaudio.fr\/site\/wp-content\/uploads\/2024\/09\/Franc-Audio-Accessories-Ceramic-Slim-Foot.jpg\" \/>\n\t<meta property=\"og:image:width\" content=\"1000\" \/>\n\t<meta property=\"og:image:height\" content=\"1000\" \/>\n\t<meta property=\"og:image:type\" content=\"image\/jpeg\" \/>\n<meta name=\"twitter:card\" content=\"summary_large_image\" \/>\n<meta name=\"twitter:label1\" content=\"Dur\u00e9e de lecture estim\u00e9e\" \/>\n\t<meta name=\"twitter:data1\" content=\"1 minute\" \/>\n<script type=\"application\/ld+json\" class=\"yoast-schema-graph\">{\"@context\":\"https:\\\/\\\/schema.org\",\"@graph\":[{\"@type\":\"WebPage\",\"@id\":\"https:\\\/\\\/exceptionaudio.fr\\\/site\\\/produit\\\/franc-audio-ceramic-disc-slim-foot\\\/\",\"url\":\"https:\\\/\\\/exceptionaudio.fr\\\/site\\\/produit\\\/franc-audio-ceramic-disc-slim-foot\\\/\",\"name\":\"Franc Audio Ceramic Disc Slim Foot - Pieds de d\u00e9couplage HiFi - Exception Audio\",\"isPartOf\":{\"@id\":\"https:\\\/\\\/exceptionaudio.fr\\\/site\\\/#website\"},\"primaryImageOfPage\":{\"@id\":\"https:\\\/\\\/exceptionaudio.fr\\\/site\\\/produit\\\/franc-audio-ceramic-disc-slim-foot\\\/#primaryimage\"},\"image\":{\"@id\":\"https:\\\/\\\/exceptionaudio.fr\\\/site\\\/produit\\\/franc-audio-ceramic-disc-slim-foot\\\/#primaryimage\"},\"thumbnailUrl\":\"https:\\\/\\\/exceptionaudio.fr\\\/site\\\/wp-content\\\/uploads\\\/2024\\\/09\\\/Franc-Audio-Accessories-Ceramic-Slim-Foot.jpg\",\"datePublished\":\"2024-09-17T19:40:48+00:00\",\"dateModified\":\"2024-09-17T19:46:11+00:00\",\"description\":\"Le Ceramic Disc Clim Foot est le pied antivibratoire en c\u00e9ramique de chez Franc Audio Accessories. Particuli\u00e8rement adapt\u00e9 aux enceintes HiFi haut de gamme.\",\"breadcrumb\":{\"@id\":\"https:\\\/\\\/exceptionaudio.fr\\\/site\\\/produit\\\/franc-audio-ceramic-disc-slim-foot\\\/#breadcrumb\"},\"inLanguage\":\"fr-FR\",\"potentialAction\":[{\"@type\":\"ReadAction\",\"target\":[\"https:\\\/\\\/exceptionaudio.fr\\\/site\\\/produit\\\/franc-audio-ceramic-disc-slim-foot\\\/\"]}]},{\"@type\":\"ImageObject\",\"inLanguage\":\"fr-FR\",\"@id\":\"https:\\\/\\\/exceptionaudio.fr\\\/site\\\/produit\\\/franc-audio-ceramic-disc-slim-foot\\\/#primaryimage\",\"url\":\"https:\\\/\\\/exceptionaudio.fr\\\/site\\\/wp-content\\\/uploads\\\/2024\\\/09\\\/Franc-Audio-Accessories-Ceramic-Slim-Foot.jpg\",\"contentUrl\":\"https:\\\/\\\/exceptionaudio.fr\\\/site\\\/wp-content\\\/uploads\\\/2024\\\/09\\\/Franc-Audio-Accessories-Ceramic-Slim-Foot.jpg\",\"width\":1000,\"height\":1000,\"caption\":\"Franc Audio Accessories Ceramic Disc Slim Foot pieds de d\u00e9couplage hifi haut de gamme\"},{\"@type\":\"BreadcrumbList\",\"@id\":\"https:\\\/\\\/exceptionaudio.fr\\\/site\\\/produit\\\/franc-audio-ceramic-disc-slim-foot\\\/#breadcrumb\",\"itemListElement\":[{\"@type\":\"ListItem\",\"position\":1,\"name\":\"Accueil\",\"item\":\"https:\\\/\\\/exceptionaudio.fr\\\/site\\\/\"},{\"@type\":\"ListItem\",\"position\":2,\"name\":\"Boutique\",\"item\":\"https:\\\/\\\/exceptionaudio.fr\\\/site\\\/boutique\\\/\"},{\"@type\":\"ListItem\",\"position\":3,\"name\":\"Franc Audio Ceramic Disc Slim Foot\"}]},{\"@type\":\"WebSite\",\"@id\":\"https:\\\/\\\/exceptionaudio.fr\\\/site\\\/#website\",\"url\":\"https:\\\/\\\/exceptionaudio.fr\\\/site\\\/\",\"name\":\"Exception Audio\",\"description\":\"Magasin hi-fi Antibes\",\"publisher\":{\"@id\":\"https:\\\/\\\/exceptionaudio.fr\\\/site\\\/#organization\"},\"potentialAction\":[{\"@type\":\"SearchAction\",\"target\":{\"@type\":\"EntryPoint\",\"urlTemplate\":\"https:\\\/\\\/exceptionaudio.fr\\\/site\\\/?s={search_term_string}\"},\"query-input\":{\"@type\":\"PropertyValueSpecification\",\"valueRequired\":true,\"valueName\":\"search_term_string\"}}],\"inLanguage\":\"fr-FR\"},{\"@type\":\"Organization\",\"@id\":\"https:\\\/\\\/exceptionaudio.fr\\\/site\\\/#organization\",\"name\":\"Exception Audio\",\"url\":\"https:\\\/\\\/exceptionaudio.fr\\\/site\\\/\",\"logo\":{\"@type\":\"ImageObject\",\"inLanguage\":\"fr-FR\",\"@id\":\"https:\\\/\\\/exceptionaudio.fr\\\/site\\\/#\\\/schema\\\/logo\\\/image\\\/\",\"url\":\"https:\\\/\\\/exceptionaudio.fr\\\/site\\\/wp-content\\\/uploads\\\/2021\\\/10\\\/largeur-exception-audio-logos-noir.png\",\"contentUrl\":\"https:\\\/\\\/exceptionaudio.fr\\\/site\\\/wp-content\\\/uploads\\\/2021\\\/10\\\/largeur-exception-audio-logos-noir.png\",\"width\":357,\"height\":54,\"caption\":\"Exception Audio\"},\"image\":{\"@id\":\"https:\\\/\\\/exceptionaudio.fr\\\/site\\\/#\\\/schema\\\/logo\\\/image\\\/\"},\"sameAs\":[\"https:\\\/\\\/www.facebook.com\\\/ExceptionAudio\",\"https:\\\/\\\/www.instagram.com\\\/exception_audio\\\/\"]}]}<\/script>\n<!-- \/ Yoast SEO plugin. -->","yoast_head_json":{"title":"Franc Audio Ceramic Disc Slim Foot - Pieds de d\u00e9couplage HiFi - Exception Audio","description":"Le Ceramic Disc Clim Foot est le pied antivibratoire en c\u00e9ramique de chez Franc Audio Accessories. Particuli\u00e8rement adapt\u00e9 aux enceintes HiFi haut de gamme.","robots":{"index":"index","follow":"follow","max-snippet":"max-snippet:-1","max-image-preview":"max-image-preview:large","max-video-preview":"max-video-preview:-1"},"canonical":"https:\/\/exceptionaudio.fr\/site\/produit\/franc-audio-ceramic-disc-slim-foot\/","og_locale":"fr_FR","og_type":"article","og_title":"Franc Audio Ceramic Disc Slim Foot - Pieds de d\u00e9couplage HiFi - Exception Audio","og_description":"Le Ceramic Disc Clim Foot est le pied antivibratoire en c\u00e9ramique de chez Franc Audio Accessories. Particuli\u00e8rement adapt\u00e9 aux enceintes HiFi haut de gamme.","og_url":"https:\/\/exceptionaudio.fr\/site\/produit\/franc-audio-ceramic-disc-slim-foot\/","og_site_name":"Exception Audio","article_publisher":"https:\/\/www.facebook.com\/ExceptionAudio","article_modified_time":"2024-09-17T19:46:11+00:00","og_image":[{"width":1000,"height":1000,"url":"https:\/\/exceptionaudio.fr\/site\/wp-content\/uploads\/2024\/09\/Franc-Audio-Accessories-Ceramic-Slim-Foot.jpg","type":"image\/jpeg"}],"twitter_card":"summary_large_image","twitter_misc":{"Dur\u00e9e de lecture estim\u00e9e":"1 minute"},"schema":{"@context":"https:\/\/schema.org","@graph":[{"@type":"WebPage","@id":"https:\/\/exceptionaudio.fr\/site\/produit\/franc-audio-ceramic-disc-slim-foot\/","url":"https:\/\/exceptionaudio.fr\/site\/produit\/franc-audio-ceramic-disc-slim-foot\/","name":"Franc Audio Ceramic Disc Slim Foot - Pieds de d\u00e9couplage HiFi - Exception Audio","isPartOf":{"@id":"https:\/\/exceptionaudio.fr\/site\/#website"},"primaryImageOfPage":{"@id":"https:\/\/exceptionaudio.fr\/site\/produit\/franc-audio-ceramic-disc-slim-foot\/#primaryimage"},"image":{"@id":"https:\/\/exceptionaudio.fr\/site\/produit\/franc-audio-ceramic-disc-slim-foot\/#primaryimage"},"thumbnailUrl":"https:\/\/exceptionaudio.fr\/site\/wp-content\/uploads\/2024\/09\/Franc-Audio-Accessories-Ceramic-Slim-Foot.jpg","datePublished":"2024-09-17T19:40:48+00:00","dateModified":"2024-09-17T19:46:11+00:00","description":"Le Ceramic Disc Clim Foot est le pied antivibratoire en c\u00e9ramique de chez Franc Audio Accessories. Particuli\u00e8rement adapt\u00e9 aux enceintes HiFi haut de gamme.","breadcrumb":{"@id":"https:\/\/exceptionaudio.fr\/site\/produit\/franc-audio-ceramic-disc-slim-foot\/#breadcrumb"},"inLanguage":"fr-FR","potentialAction":[{"@type":"ReadAction","target":["https:\/\/exceptionaudio.fr\/site\/produit\/franc-audio-ceramic-disc-slim-foot\/"]}]},{"@type":"ImageObject","inLanguage":"fr-FR","@id":"https:\/\/exceptionaudio.fr\/site\/produit\/franc-audio-ceramic-disc-slim-foot\/#primaryimage","url":"https:\/\/exceptionaudio.fr\/site\/wp-content\/uploads\/2024\/09\/Franc-Audio-Accessories-Ceramic-Slim-Foot.jpg","contentUrl":"https:\/\/exceptionaudio.fr\/site\/wp-content\/uploads\/2024\/09\/Franc-Audio-Accessories-Ceramic-Slim-Foot.jpg","width":1000,"height":1000,"caption":"Franc Audio Accessories Ceramic Disc Slim Foot pieds de d\u00e9couplage hifi haut de gamme"},{"@type":"BreadcrumbList","@id":"https:\/\/exceptionaudio.fr\/site\/produit\/franc-audio-ceramic-disc-slim-foot\/#breadcrumb","itemListElement":[{"@type":"ListItem","position":1,"name":"Accueil","item":"https:\/\/exceptionaudio.fr\/site\/"},{"@type":"ListItem","position":2,"name":"Boutique","item":"https:\/\/exceptionaudio.fr\/site\/boutique\/"},{"@type":"ListItem","position":3,"name":"Franc Audio Ceramic Disc Slim Foot"}]},{"@type":"WebSite","@id":"https:\/\/exceptionaudio.fr\/site\/#website","url":"https:\/\/exceptionaudio.fr\/site\/","name":"Exception Audio","description":"Magasin hi-fi Antibes","publisher":{"@id":"https:\/\/exceptionaudio.fr\/site\/#organization"},"potentialAction":[{"@type":"SearchAction","target":{"@type":"EntryPoint","urlTemplate":"https:\/\/exceptionaudio.fr\/site\/?s={search_term_string}"},"query-input":{"@type":"PropertyValueSpecification","valueRequired":true,"valueName":"search_term_string"}}],"inLanguage":"fr-FR"},{"@type":"Organization","@id":"https:\/\/exceptionaudio.fr\/site\/#organization","name":"Exception Audio","url":"https:\/\/exceptionaudio.fr\/site\/","logo":{"@type":"ImageObject","inLanguage":"fr-FR","@id":"https:\/\/exceptionaudio.fr\/site\/#\/schema\/logo\/image\/","url":"https:\/\/exceptionaudio.fr\/site\/wp-content\/uploads\/2021\/10\/largeur-exception-audio-logos-noir.png","contentUrl":"https:\/\/exceptionaudio.fr\/site\/wp-content\/uploads\/2021\/10\/largeur-exception-audio-logos-noir.png","width":357,"height":54,"caption":"Exception Audio"},"image":{"@id":"https:\/\/exceptionaudio.fr\/site\/#\/schema\/logo\/image\/"},"sameAs":["https:\/\/www.facebook.com\/ExceptionAudio","https:\/\/www.instagram.com\/exception_audio\/"]}]}},"_links":{"self":[{"href":"https:\/\/exceptionaudio.fr\/site\/wp-json\/wp\/v2\/product\/9100","targetHints":{"allow":["GET"]}}],"collection":[{"href":"https:\/\/exceptionaudio.fr\/site\/wp-json\/wp\/v2\/product"}],"about":[{"href":"https:\/\/exceptionaudio.fr\/site\/wp-json\/wp\/v2\/types\/product"}],"version-history":[{"count":1,"href":"https:\/\/exceptionaudio.fr\/site\/wp-json\/wp\/v2\/product\/9100\/revisions"}],"predecessor-version":[{"id":9109,"href":"https:\/\/exceptionaudio.fr\/site\/wp-json\/wp\/v2\/product\/9100\/revisions\/9109"}],"wp:featuredmedia":[{"embeddable":true,"href":"https:\/\/exceptionaudio.fr\/site\/wp-json\/wp\/v2\/media\/9108"}],"wp:attachment":[{"href":"https:\/\/exceptionaudio.fr\/site\/wp-json\/wp\/v2\/media?parent=9100"}],"wp:term":[{"taxonomy":"product_brand","embeddable":true,"href":"https:\/\/exceptionaudio.fr\/site\/wp-json\/wp\/v2\/product_brand?post=9100"},{"taxonomy":"product_cat","embeddable":true,"href":"https:\/\/exceptionaudio.fr\/site\/wp-json\/wp\/v2\/product_cat?post=9100"},{"taxonomy":"product_tag","embeddable":true,"href":"https:\/\/exceptionaudio.fr\/site\/wp-json\/wp\/v2\/product_tag?post=9100"}],"curies":[{"name":"wp","href":"https:\/\/api.w.org\/{rel}","templated":true}]}}