{"id":9117,"date":"2024-09-21T14:59:19","date_gmt":"2024-09-21T12:59:19","guid":{"rendered":"https:\/\/exceptionaudio.fr\/site\/?post_type=product&#038;p=9117"},"modified":"2025-11-26T20:27:10","modified_gmt":"2025-11-26T19:27:10","slug":"bluesound-node-icon","status":"publish","type":"product","link":"https:\/\/exceptionaudio.fr\/site\/produit\/bluesound-node-icon\/","title":{"rendered":"Bluesound Node Icon"},"content":{"rendered":"","protected":false},"excerpt":{"rendered":"<p style=\"font-weight: 400;\">Le Node Icon est le lecteur r\u00e9seau DAC de r\u00e9f\u00e9rence chez Bluesound. Gr\u00e2ce \u00e0 un double DAC ESS SABRE et sa technologie QRONO D2A, il d\u00e9livre des performances audio exceptionnelles. Il vous donne acc\u00e8s aux plateformes de streaming (Qobuz, Tidal, Spotify\u2026), aux radios internet ou encore \u00e0 votre discoth\u00e8que stock\u00e9e sur un ordinateur ou un NAS. Il est contr\u00f4lable en quelques clics via l\u2019application BluOS (iOS, Android, PC et MAC) ou encore via son panneau sup\u00e9rieur tactile et son grand \u00e9cran de 5 pouces.<\/p>\n","protected":false},"featured_media":9120,"template":"","meta":[],"product_brand":[],"product_cat":[98,100],"product_tag":[213],"class_list":{"0":"post-9117","1":"product","2":"type-product","3":"status-publish","4":"has-post-thumbnail","6":"product_cat-sources-hifi","7":"product_cat-lecteurs-reseau-hifi-serveurs-audio-streamer","8":"product_tag-bluesound","10":"first","11":"instock","12":"taxable","13":"shipping-taxable","14":"purchasable","15":"product-type-simple"},"yoast_head":"<!-- This site is optimized with the Yoast SEO plugin v27.4 - https:\/\/yoast.com\/product\/yoast-seo-wordpress\/ -->\n<title>Bluesound Node Icon - Lecteur r\u00e9seau DAC hifi - Exception Audio<\/title>\n<meta name=\"description\" content=\"Bluesound Node Icon : Lecteur r\u00e9seau DAC hifi donnant acc\u00e8s aux plateformes de streaming haute r\u00e9solution (Qobuz, Tidal ...), AirPlay 2, Bluetooth, Roon...\" \/>\n<meta name=\"robots\" content=\"index, follow, max-snippet:-1, max-image-preview:large, max-video-preview:-1\" \/>\n<link rel=\"canonical\" href=\"https:\/\/exceptionaudio.fr\/site\/produit\/bluesound-node-icon\/\" \/>\n<meta property=\"og:locale\" content=\"fr_FR\" \/>\n<meta property=\"og:type\" content=\"article\" \/>\n<meta property=\"og:title\" content=\"Bluesound Node Icon - Lecteur r\u00e9seau DAC hifi - Exception Audio\" \/>\n<meta property=\"og:description\" content=\"Bluesound Node Icon : Lecteur r\u00e9seau DAC hifi donnant acc\u00e8s aux plateformes de streaming haute r\u00e9solution (Qobuz, Tidal ...), AirPlay 2, Bluetooth, Roon...\" \/>\n<meta property=\"og:url\" content=\"https:\/\/exceptionaudio.fr\/site\/produit\/bluesound-node-icon\/\" \/>\n<meta property=\"og:site_name\" content=\"Exception Audio\" \/>\n<meta property=\"article:publisher\" content=\"https:\/\/www.facebook.com\/ExceptionAudio\" \/>\n<meta property=\"article:modified_time\" content=\"2025-11-26T19:27:10+00:00\" \/>\n<meta property=\"og:image\" content=\"https:\/\/exceptionaudio.fr\/site\/wp-content\/uploads\/2024\/09\/Bluesound-Node-Icon.jpg\" \/>\n\t<meta property=\"og:image:width\" content=\"1000\" \/>\n\t<meta property=\"og:image:height\" content=\"1000\" \/>\n\t<meta property=\"og:image:type\" content=\"image\/jpeg\" \/>\n<meta name=\"twitter:card\" content=\"summary_large_image\" \/>\n<meta name=\"twitter:label1\" content=\"Dur\u00e9e de lecture estim\u00e9e\" \/>\n\t<meta name=\"twitter:data1\" content=\"1 minute\" \/>\n<script type=\"application\/ld+json\" class=\"yoast-schema-graph\">{\"@context\":\"https:\\\/\\\/schema.org\",\"@graph\":[{\"@type\":\"WebPage\",\"@id\":\"https:\\\/\\\/exceptionaudio.fr\\\/site\\\/produit\\\/bluesound-node-icon\\\/\",\"url\":\"https:\\\/\\\/exceptionaudio.fr\\\/site\\\/produit\\\/bluesound-node-icon\\\/\",\"name\":\"Bluesound Node Icon - Lecteur r\u00e9seau DAC hifi - Exception Audio\",\"isPartOf\":{\"@id\":\"https:\\\/\\\/exceptionaudio.fr\\\/site\\\/#website\"},\"primaryImageOfPage\":{\"@id\":\"https:\\\/\\\/exceptionaudio.fr\\\/site\\\/produit\\\/bluesound-node-icon\\\/#primaryimage\"},\"image\":{\"@id\":\"https:\\\/\\\/exceptionaudio.fr\\\/site\\\/produit\\\/bluesound-node-icon\\\/#primaryimage\"},\"thumbnailUrl\":\"https:\\\/\\\/exceptionaudio.fr\\\/site\\\/wp-content\\\/uploads\\\/2024\\\/09\\\/Bluesound-Node-Icon.jpg\",\"datePublished\":\"2024-09-21T12:59:19+00:00\",\"dateModified\":\"2025-11-26T19:27:10+00:00\",\"description\":\"Bluesound Node Icon : Lecteur r\u00e9seau DAC hifi donnant acc\u00e8s aux plateformes de streaming haute r\u00e9solution (Qobuz, Tidal ...), AirPlay 2, Bluetooth, Roon...\",\"breadcrumb\":{\"@id\":\"https:\\\/\\\/exceptionaudio.fr\\\/site\\\/produit\\\/bluesound-node-icon\\\/#breadcrumb\"},\"inLanguage\":\"fr-FR\",\"potentialAction\":[{\"@type\":\"ReadAction\",\"target\":[\"https:\\\/\\\/exceptionaudio.fr\\\/site\\\/produit\\\/bluesound-node-icon\\\/\"]}]},{\"@type\":\"ImageObject\",\"inLanguage\":\"fr-FR\",\"@id\":\"https:\\\/\\\/exceptionaudio.fr\\\/site\\\/produit\\\/bluesound-node-icon\\\/#primaryimage\",\"url\":\"https:\\\/\\\/exceptionaudio.fr\\\/site\\\/wp-content\\\/uploads\\\/2024\\\/09\\\/Bluesound-Node-Icon.jpg\",\"contentUrl\":\"https:\\\/\\\/exceptionaudio.fr\\\/site\\\/wp-content\\\/uploads\\\/2024\\\/09\\\/Bluesound-Node-Icon.jpg\",\"width\":1000,\"height\":1000,\"caption\":\"Bluesound Node Icon : Lecteur r\u00e9seau DAC HiFi 24 bits \\\/ 192 kHz et DSD. Compatible AirPlay 2, Bluetooth APTX, Roon Ready\"},{\"@type\":\"BreadcrumbList\",\"@id\":\"https:\\\/\\\/exceptionaudio.fr\\\/site\\\/produit\\\/bluesound-node-icon\\\/#breadcrumb\",\"itemListElement\":[{\"@type\":\"ListItem\",\"position\":1,\"name\":\"Accueil\",\"item\":\"https:\\\/\\\/exceptionaudio.fr\\\/site\\\/\"},{\"@type\":\"ListItem\",\"position\":2,\"name\":\"Boutique\",\"item\":\"https:\\\/\\\/exceptionaudio.fr\\\/site\\\/boutique\\\/\"},{\"@type\":\"ListItem\",\"position\":3,\"name\":\"Bluesound Node Icon\"}]},{\"@type\":\"WebSite\",\"@id\":\"https:\\\/\\\/exceptionaudio.fr\\\/site\\\/#website\",\"url\":\"https:\\\/\\\/exceptionaudio.fr\\\/site\\\/\",\"name\":\"Exception Audio\",\"description\":\"Magasin hi-fi Antibes\",\"publisher\":{\"@id\":\"https:\\\/\\\/exceptionaudio.fr\\\/site\\\/#organization\"},\"potentialAction\":[{\"@type\":\"SearchAction\",\"target\":{\"@type\":\"EntryPoint\",\"urlTemplate\":\"https:\\\/\\\/exceptionaudio.fr\\\/site\\\/?s={search_term_string}\"},\"query-input\":{\"@type\":\"PropertyValueSpecification\",\"valueRequired\":true,\"valueName\":\"search_term_string\"}}],\"inLanguage\":\"fr-FR\"},{\"@type\":\"Organization\",\"@id\":\"https:\\\/\\\/exceptionaudio.fr\\\/site\\\/#organization\",\"name\":\"Exception Audio\",\"url\":\"https:\\\/\\\/exceptionaudio.fr\\\/site\\\/\",\"logo\":{\"@type\":\"ImageObject\",\"inLanguage\":\"fr-FR\",\"@id\":\"https:\\\/\\\/exceptionaudio.fr\\\/site\\\/#\\\/schema\\\/logo\\\/image\\\/\",\"url\":\"https:\\\/\\\/exceptionaudio.fr\\\/site\\\/wp-content\\\/uploads\\\/2021\\\/10\\\/largeur-exception-audio-logos-noir.png\",\"contentUrl\":\"https:\\\/\\\/exceptionaudio.fr\\\/site\\\/wp-content\\\/uploads\\\/2021\\\/10\\\/largeur-exception-audio-logos-noir.png\",\"width\":357,\"height\":54,\"caption\":\"Exception Audio\"},\"image\":{\"@id\":\"https:\\\/\\\/exceptionaudio.fr\\\/site\\\/#\\\/schema\\\/logo\\\/image\\\/\"},\"sameAs\":[\"https:\\\/\\\/www.facebook.com\\\/ExceptionAudio\",\"https:\\\/\\\/www.instagram.com\\\/exception_audio\\\/\"]}]}<\/script>\n<!-- \/ Yoast SEO plugin. -->","yoast_head_json":{"title":"Bluesound Node Icon - Lecteur r\u00e9seau DAC hifi - Exception Audio","description":"Bluesound Node Icon : Lecteur r\u00e9seau DAC hifi donnant acc\u00e8s aux plateformes de streaming haute r\u00e9solution (Qobuz, Tidal ...), AirPlay 2, Bluetooth, Roon...","robots":{"index":"index","follow":"follow","max-snippet":"max-snippet:-1","max-image-preview":"max-image-preview:large","max-video-preview":"max-video-preview:-1"},"canonical":"https:\/\/exceptionaudio.fr\/site\/produit\/bluesound-node-icon\/","og_locale":"fr_FR","og_type":"article","og_title":"Bluesound Node Icon - Lecteur r\u00e9seau DAC hifi - Exception Audio","og_description":"Bluesound Node Icon : Lecteur r\u00e9seau DAC hifi donnant acc\u00e8s aux plateformes de streaming haute r\u00e9solution (Qobuz, Tidal ...), AirPlay 2, Bluetooth, Roon...","og_url":"https:\/\/exceptionaudio.fr\/site\/produit\/bluesound-node-icon\/","og_site_name":"Exception Audio","article_publisher":"https:\/\/www.facebook.com\/ExceptionAudio","article_modified_time":"2025-11-26T19:27:10+00:00","og_image":[{"width":1000,"height":1000,"url":"https:\/\/exceptionaudio.fr\/site\/wp-content\/uploads\/2024\/09\/Bluesound-Node-Icon.jpg","type":"image\/jpeg"}],"twitter_card":"summary_large_image","twitter_misc":{"Dur\u00e9e de lecture estim\u00e9e":"1 minute"},"schema":{"@context":"https:\/\/schema.org","@graph":[{"@type":"WebPage","@id":"https:\/\/exceptionaudio.fr\/site\/produit\/bluesound-node-icon\/","url":"https:\/\/exceptionaudio.fr\/site\/produit\/bluesound-node-icon\/","name":"Bluesound Node Icon - Lecteur r\u00e9seau DAC hifi - Exception Audio","isPartOf":{"@id":"https:\/\/exceptionaudio.fr\/site\/#website"},"primaryImageOfPage":{"@id":"https:\/\/exceptionaudio.fr\/site\/produit\/bluesound-node-icon\/#primaryimage"},"image":{"@id":"https:\/\/exceptionaudio.fr\/site\/produit\/bluesound-node-icon\/#primaryimage"},"thumbnailUrl":"https:\/\/exceptionaudio.fr\/site\/wp-content\/uploads\/2024\/09\/Bluesound-Node-Icon.jpg","datePublished":"2024-09-21T12:59:19+00:00","dateModified":"2025-11-26T19:27:10+00:00","description":"Bluesound Node Icon : Lecteur r\u00e9seau DAC hifi donnant acc\u00e8s aux plateformes de streaming haute r\u00e9solution (Qobuz, Tidal ...), AirPlay 2, Bluetooth, Roon...","breadcrumb":{"@id":"https:\/\/exceptionaudio.fr\/site\/produit\/bluesound-node-icon\/#breadcrumb"},"inLanguage":"fr-FR","potentialAction":[{"@type":"ReadAction","target":["https:\/\/exceptionaudio.fr\/site\/produit\/bluesound-node-icon\/"]}]},{"@type":"ImageObject","inLanguage":"fr-FR","@id":"https:\/\/exceptionaudio.fr\/site\/produit\/bluesound-node-icon\/#primaryimage","url":"https:\/\/exceptionaudio.fr\/site\/wp-content\/uploads\/2024\/09\/Bluesound-Node-Icon.jpg","contentUrl":"https:\/\/exceptionaudio.fr\/site\/wp-content\/uploads\/2024\/09\/Bluesound-Node-Icon.jpg","width":1000,"height":1000,"caption":"Bluesound Node Icon : Lecteur r\u00e9seau DAC HiFi 24 bits \/ 192 kHz et DSD. Compatible AirPlay 2, Bluetooth APTX, Roon Ready"},{"@type":"BreadcrumbList","@id":"https:\/\/exceptionaudio.fr\/site\/produit\/bluesound-node-icon\/#breadcrumb","itemListElement":[{"@type":"ListItem","position":1,"name":"Accueil","item":"https:\/\/exceptionaudio.fr\/site\/"},{"@type":"ListItem","position":2,"name":"Boutique","item":"https:\/\/exceptionaudio.fr\/site\/boutique\/"},{"@type":"ListItem","position":3,"name":"Bluesound Node Icon"}]},{"@type":"WebSite","@id":"https:\/\/exceptionaudio.fr\/site\/#website","url":"https:\/\/exceptionaudio.fr\/site\/","name":"Exception Audio","description":"Magasin hi-fi Antibes","publisher":{"@id":"https:\/\/exceptionaudio.fr\/site\/#organization"},"potentialAction":[{"@type":"SearchAction","target":{"@type":"EntryPoint","urlTemplate":"https:\/\/exceptionaudio.fr\/site\/?s={search_term_string}"},"query-input":{"@type":"PropertyValueSpecification","valueRequired":true,"valueName":"search_term_string"}}],"inLanguage":"fr-FR"},{"@type":"Organization","@id":"https:\/\/exceptionaudio.fr\/site\/#organization","name":"Exception Audio","url":"https:\/\/exceptionaudio.fr\/site\/","logo":{"@type":"ImageObject","inLanguage":"fr-FR","@id":"https:\/\/exceptionaudio.fr\/site\/#\/schema\/logo\/image\/","url":"https:\/\/exceptionaudio.fr\/site\/wp-content\/uploads\/2021\/10\/largeur-exception-audio-logos-noir.png","contentUrl":"https:\/\/exceptionaudio.fr\/site\/wp-content\/uploads\/2021\/10\/largeur-exception-audio-logos-noir.png","width":357,"height":54,"caption":"Exception Audio"},"image":{"@id":"https:\/\/exceptionaudio.fr\/site\/#\/schema\/logo\/image\/"},"sameAs":["https:\/\/www.facebook.com\/ExceptionAudio","https:\/\/www.instagram.com\/exception_audio\/"]}]}},"_links":{"self":[{"href":"https:\/\/exceptionaudio.fr\/site\/wp-json\/wp\/v2\/product\/9117","targetHints":{"allow":["GET"]}}],"collection":[{"href":"https:\/\/exceptionaudio.fr\/site\/wp-json\/wp\/v2\/product"}],"about":[{"href":"https:\/\/exceptionaudio.fr\/site\/wp-json\/wp\/v2\/types\/product"}],"version-history":[{"count":1,"href":"https:\/\/exceptionaudio.fr\/site\/wp-json\/wp\/v2\/product\/9117\/revisions"}],"predecessor-version":[{"id":9123,"href":"https:\/\/exceptionaudio.fr\/site\/wp-json\/wp\/v2\/product\/9117\/revisions\/9123"}],"wp:featuredmedia":[{"embeddable":true,"href":"https:\/\/exceptionaudio.fr\/site\/wp-json\/wp\/v2\/media\/9120"}],"wp:attachment":[{"href":"https:\/\/exceptionaudio.fr\/site\/wp-json\/wp\/v2\/media?parent=9117"}],"wp:term":[{"taxonomy":"product_brand","embeddable":true,"href":"https:\/\/exceptionaudio.fr\/site\/wp-json\/wp\/v2\/product_brand?post=9117"},{"taxonomy":"product_cat","embeddable":true,"href":"https:\/\/exceptionaudio.fr\/site\/wp-json\/wp\/v2\/product_cat?post=9117"},{"taxonomy":"product_tag","embeddable":true,"href":"https:\/\/exceptionaudio.fr\/site\/wp-json\/wp\/v2\/product_tag?post=9117"}],"curies":[{"name":"wp","href":"https:\/\/api.w.org\/{rel}","templated":true}]}}