{"id":9134,"date":"2024-09-28T17:21:45","date_gmt":"2024-09-28T15:21:45","guid":{"rendered":"https:\/\/exceptionaudio.fr\/site\/?post_type=product&#038;p=9134"},"modified":"2024-12-20T10:35:09","modified_gmt":"2024-12-20T09:35:09","slug":"luxman-l-509z-occasion","status":"publish","type":"product","link":"https:\/\/exceptionaudio.fr\/site\/produit\/luxman-l-509z-occasion\/","title":{"rendered":"Luxman L-509Z"},"content":{"rendered":"","protected":false},"excerpt":{"rendered":"<p style=\"font-weight: 400;\">La g\u00e9n\u00e9ration Z des amplificateurs int\u00e9gr\u00e9s Luxman atteint un nouveau sommet\u00a0: le Luxman L-509Z est n\u00e9. Les circuits du pr\u00e9amplificateur et de l\u2019amplificateur de puissance utilisent simultan\u00e9ment et pour la premi\u00e8re fois le moteur de r\u00e9troaction de nouvelle g\u00e9n\u00e9ration \u00ab\u00a0LIFES\u00a0\u00bb. La partie contr\u00f4le du volume est \u00e9quip\u00e9e d\u2019un nouveau m\u00e9canisme \u00ab\u00a0LECUA-EX\u00a0\u00bb. Le concept \u00ab\u00a0one-body separate\u00a0\u00bb, qui vise \u00e0 \u00eatre l\u2019amplificateur tout-en-un ultime, a atteint des sommets sans pr\u00e9c\u00e9dent.<\/p>\n<p>Appareil d&rsquo;occasion en parfait \u00e9tat, complet (datant d&rsquo;avril 2024).<br \/>\nPrix neuf : 12 990\u20ac<\/p>\n","protected":false},"featured_media":9135,"template":"","meta":[],"product_brand":[],"product_cat":[241],"product_tag":[],"class_list":{"0":"post-9134","1":"product","2":"type-product","3":"status-publish","4":"has-post-thumbnail","6":"product_cat-archives","8":"first","9":"outofstock","10":"taxable","11":"shipping-taxable","12":"product-type-simple"},"yoast_head":"<!-- This site is optimized with the Yoast SEO plugin v27.4 - https:\/\/yoast.com\/product\/yoast-seo-wordpress\/ -->\n<title>Luxman L-509Z - Ampli int\u00e9gr\u00e9 hifi occasion - Exception Audio<\/title>\n<meta name=\"description\" content=\"Luxman L-509Z : Amplificateur int\u00e9gr\u00e9 hifi haut de gamme dot\u00e9 du moteur de r\u00e9troaction LIFES et du contr\u00f4le LECUA-EX. Appareil occasion.\" \/>\n<meta name=\"robots\" content=\"index, follow, max-snippet:-1, max-image-preview:large, max-video-preview:-1\" \/>\n<link rel=\"canonical\" href=\"https:\/\/exceptionaudio.fr\/site\/produit\/luxman-l-509z-occasion\/\" \/>\n<meta property=\"og:locale\" content=\"fr_FR\" \/>\n<meta property=\"og:type\" content=\"article\" \/>\n<meta property=\"og:title\" content=\"Luxman L-509Z - Ampli int\u00e9gr\u00e9 hifi occasion - Exception Audio\" \/>\n<meta property=\"og:description\" content=\"Luxman L-509Z : Amplificateur int\u00e9gr\u00e9 hifi haut de gamme dot\u00e9 du moteur de r\u00e9troaction LIFES et du contr\u00f4le LECUA-EX. Appareil occasion.\" \/>\n<meta property=\"og:url\" content=\"https:\/\/exceptionaudio.fr\/site\/produit\/luxman-l-509z-occasion\/\" \/>\n<meta property=\"og:site_name\" content=\"Exception Audio\" \/>\n<meta property=\"article:publisher\" content=\"https:\/\/www.facebook.com\/ExceptionAudio\" \/>\n<meta property=\"article:modified_time\" content=\"2024-12-20T09:35:09+00:00\" \/>\n<meta property=\"og:image\" content=\"https:\/\/exceptionaudio.fr\/site\/wp-content\/uploads\/2024\/09\/DSC05667-scaled.jpg\" \/>\n\t<meta property=\"og:image:width\" content=\"2560\" \/>\n\t<meta property=\"og:image:height\" content=\"1819\" \/>\n\t<meta property=\"og:image:type\" content=\"image\/jpeg\" \/>\n<meta name=\"twitter:card\" content=\"summary_large_image\" \/>\n<meta name=\"twitter:label1\" content=\"Dur\u00e9e de lecture estim\u00e9e\" \/>\n\t<meta name=\"twitter:data1\" content=\"1 minute\" \/>\n<script type=\"application\/ld+json\" class=\"yoast-schema-graph\">{\"@context\":\"https:\\\/\\\/schema.org\",\"@graph\":[{\"@type\":\"WebPage\",\"@id\":\"https:\\\/\\\/exceptionaudio.fr\\\/site\\\/produit\\\/luxman-l-509z-occasion\\\/\",\"url\":\"https:\\\/\\\/exceptionaudio.fr\\\/site\\\/produit\\\/luxman-l-509z-occasion\\\/\",\"name\":\"Luxman L-509Z - Ampli int\u00e9gr\u00e9 hifi occasion - Exception Audio\",\"isPartOf\":{\"@id\":\"https:\\\/\\\/exceptionaudio.fr\\\/site\\\/#website\"},\"primaryImageOfPage\":{\"@id\":\"https:\\\/\\\/exceptionaudio.fr\\\/site\\\/produit\\\/luxman-l-509z-occasion\\\/#primaryimage\"},\"image\":{\"@id\":\"https:\\\/\\\/exceptionaudio.fr\\\/site\\\/produit\\\/luxman-l-509z-occasion\\\/#primaryimage\"},\"thumbnailUrl\":\"https:\\\/\\\/exceptionaudio.fr\\\/site\\\/wp-content\\\/uploads\\\/2024\\\/09\\\/DSC05667-scaled.jpg\",\"datePublished\":\"2024-09-28T15:21:45+00:00\",\"dateModified\":\"2024-12-20T09:35:09+00:00\",\"description\":\"Luxman L-509Z : Amplificateur int\u00e9gr\u00e9 hifi haut de gamme dot\u00e9 du moteur de r\u00e9troaction LIFES et du contr\u00f4le LECUA-EX. Appareil occasion.\",\"breadcrumb\":{\"@id\":\"https:\\\/\\\/exceptionaudio.fr\\\/site\\\/produit\\\/luxman-l-509z-occasion\\\/#breadcrumb\"},\"inLanguage\":\"fr-FR\",\"potentialAction\":[{\"@type\":\"ReadAction\",\"target\":[\"https:\\\/\\\/exceptionaudio.fr\\\/site\\\/produit\\\/luxman-l-509z-occasion\\\/\"]}]},{\"@type\":\"ImageObject\",\"inLanguage\":\"fr-FR\",\"@id\":\"https:\\\/\\\/exceptionaudio.fr\\\/site\\\/produit\\\/luxman-l-509z-occasion\\\/#primaryimage\",\"url\":\"https:\\\/\\\/exceptionaudio.fr\\\/site\\\/wp-content\\\/uploads\\\/2024\\\/09\\\/DSC05667-scaled.jpg\",\"contentUrl\":\"https:\\\/\\\/exceptionaudio.fr\\\/site\\\/wp-content\\\/uploads\\\/2024\\\/09\\\/DSC05667-scaled.jpg\",\"width\":2560,\"height\":1819,\"caption\":\"Luxman L-509Z ampli int\u00e9gr\u00e9 hifi haut de gamme\"},{\"@type\":\"BreadcrumbList\",\"@id\":\"https:\\\/\\\/exceptionaudio.fr\\\/site\\\/produit\\\/luxman-l-509z-occasion\\\/#breadcrumb\",\"itemListElement\":[{\"@type\":\"ListItem\",\"position\":1,\"name\":\"Accueil\",\"item\":\"https:\\\/\\\/exceptionaudio.fr\\\/site\\\/\"},{\"@type\":\"ListItem\",\"position\":2,\"name\":\"Boutique\",\"item\":\"https:\\\/\\\/exceptionaudio.fr\\\/site\\\/boutique\\\/\"},{\"@type\":\"ListItem\",\"position\":3,\"name\":\"Luxman L-509Z\"}]},{\"@type\":\"WebSite\",\"@id\":\"https:\\\/\\\/exceptionaudio.fr\\\/site\\\/#website\",\"url\":\"https:\\\/\\\/exceptionaudio.fr\\\/site\\\/\",\"name\":\"Exception Audio\",\"description\":\"Magasin hi-fi Antibes\",\"publisher\":{\"@id\":\"https:\\\/\\\/exceptionaudio.fr\\\/site\\\/#organization\"},\"potentialAction\":[{\"@type\":\"SearchAction\",\"target\":{\"@type\":\"EntryPoint\",\"urlTemplate\":\"https:\\\/\\\/exceptionaudio.fr\\\/site\\\/?s={search_term_string}\"},\"query-input\":{\"@type\":\"PropertyValueSpecification\",\"valueRequired\":true,\"valueName\":\"search_term_string\"}}],\"inLanguage\":\"fr-FR\"},{\"@type\":\"Organization\",\"@id\":\"https:\\\/\\\/exceptionaudio.fr\\\/site\\\/#organization\",\"name\":\"Exception Audio\",\"url\":\"https:\\\/\\\/exceptionaudio.fr\\\/site\\\/\",\"logo\":{\"@type\":\"ImageObject\",\"inLanguage\":\"fr-FR\",\"@id\":\"https:\\\/\\\/exceptionaudio.fr\\\/site\\\/#\\\/schema\\\/logo\\\/image\\\/\",\"url\":\"https:\\\/\\\/exceptionaudio.fr\\\/site\\\/wp-content\\\/uploads\\\/2021\\\/10\\\/largeur-exception-audio-logos-noir.png\",\"contentUrl\":\"https:\\\/\\\/exceptionaudio.fr\\\/site\\\/wp-content\\\/uploads\\\/2021\\\/10\\\/largeur-exception-audio-logos-noir.png\",\"width\":357,\"height\":54,\"caption\":\"Exception Audio\"},\"image\":{\"@id\":\"https:\\\/\\\/exceptionaudio.fr\\\/site\\\/#\\\/schema\\\/logo\\\/image\\\/\"},\"sameAs\":[\"https:\\\/\\\/www.facebook.com\\\/ExceptionAudio\",\"https:\\\/\\\/www.instagram.com\\\/exception_audio\\\/\"]}]}<\/script>\n<!-- \/ Yoast SEO plugin. -->","yoast_head_json":{"title":"Luxman L-509Z - Ampli int\u00e9gr\u00e9 hifi occasion - Exception Audio","description":"Luxman L-509Z : Amplificateur int\u00e9gr\u00e9 hifi haut de gamme dot\u00e9 du moteur de r\u00e9troaction LIFES et du contr\u00f4le LECUA-EX. Appareil occasion.","robots":{"index":"index","follow":"follow","max-snippet":"max-snippet:-1","max-image-preview":"max-image-preview:large","max-video-preview":"max-video-preview:-1"},"canonical":"https:\/\/exceptionaudio.fr\/site\/produit\/luxman-l-509z-occasion\/","og_locale":"fr_FR","og_type":"article","og_title":"Luxman L-509Z - Ampli int\u00e9gr\u00e9 hifi occasion - Exception Audio","og_description":"Luxman L-509Z : Amplificateur int\u00e9gr\u00e9 hifi haut de gamme dot\u00e9 du moteur de r\u00e9troaction LIFES et du contr\u00f4le LECUA-EX. Appareil occasion.","og_url":"https:\/\/exceptionaudio.fr\/site\/produit\/luxman-l-509z-occasion\/","og_site_name":"Exception Audio","article_publisher":"https:\/\/www.facebook.com\/ExceptionAudio","article_modified_time":"2024-12-20T09:35:09+00:00","og_image":[{"width":2560,"height":1819,"url":"https:\/\/exceptionaudio.fr\/site\/wp-content\/uploads\/2024\/09\/DSC05667-scaled.jpg","type":"image\/jpeg"}],"twitter_card":"summary_large_image","twitter_misc":{"Dur\u00e9e de lecture estim\u00e9e":"1 minute"},"schema":{"@context":"https:\/\/schema.org","@graph":[{"@type":"WebPage","@id":"https:\/\/exceptionaudio.fr\/site\/produit\/luxman-l-509z-occasion\/","url":"https:\/\/exceptionaudio.fr\/site\/produit\/luxman-l-509z-occasion\/","name":"Luxman L-509Z - Ampli int\u00e9gr\u00e9 hifi occasion - Exception Audio","isPartOf":{"@id":"https:\/\/exceptionaudio.fr\/site\/#website"},"primaryImageOfPage":{"@id":"https:\/\/exceptionaudio.fr\/site\/produit\/luxman-l-509z-occasion\/#primaryimage"},"image":{"@id":"https:\/\/exceptionaudio.fr\/site\/produit\/luxman-l-509z-occasion\/#primaryimage"},"thumbnailUrl":"https:\/\/exceptionaudio.fr\/site\/wp-content\/uploads\/2024\/09\/DSC05667-scaled.jpg","datePublished":"2024-09-28T15:21:45+00:00","dateModified":"2024-12-20T09:35:09+00:00","description":"Luxman L-509Z : Amplificateur int\u00e9gr\u00e9 hifi haut de gamme dot\u00e9 du moteur de r\u00e9troaction LIFES et du contr\u00f4le LECUA-EX. Appareil occasion.","breadcrumb":{"@id":"https:\/\/exceptionaudio.fr\/site\/produit\/luxman-l-509z-occasion\/#breadcrumb"},"inLanguage":"fr-FR","potentialAction":[{"@type":"ReadAction","target":["https:\/\/exceptionaudio.fr\/site\/produit\/luxman-l-509z-occasion\/"]}]},{"@type":"ImageObject","inLanguage":"fr-FR","@id":"https:\/\/exceptionaudio.fr\/site\/produit\/luxman-l-509z-occasion\/#primaryimage","url":"https:\/\/exceptionaudio.fr\/site\/wp-content\/uploads\/2024\/09\/DSC05667-scaled.jpg","contentUrl":"https:\/\/exceptionaudio.fr\/site\/wp-content\/uploads\/2024\/09\/DSC05667-scaled.jpg","width":2560,"height":1819,"caption":"Luxman L-509Z ampli int\u00e9gr\u00e9 hifi haut de gamme"},{"@type":"BreadcrumbList","@id":"https:\/\/exceptionaudio.fr\/site\/produit\/luxman-l-509z-occasion\/#breadcrumb","itemListElement":[{"@type":"ListItem","position":1,"name":"Accueil","item":"https:\/\/exceptionaudio.fr\/site\/"},{"@type":"ListItem","position":2,"name":"Boutique","item":"https:\/\/exceptionaudio.fr\/site\/boutique\/"},{"@type":"ListItem","position":3,"name":"Luxman L-509Z"}]},{"@type":"WebSite","@id":"https:\/\/exceptionaudio.fr\/site\/#website","url":"https:\/\/exceptionaudio.fr\/site\/","name":"Exception Audio","description":"Magasin hi-fi Antibes","publisher":{"@id":"https:\/\/exceptionaudio.fr\/site\/#organization"},"potentialAction":[{"@type":"SearchAction","target":{"@type":"EntryPoint","urlTemplate":"https:\/\/exceptionaudio.fr\/site\/?s={search_term_string}"},"query-input":{"@type":"PropertyValueSpecification","valueRequired":true,"valueName":"search_term_string"}}],"inLanguage":"fr-FR"},{"@type":"Organization","@id":"https:\/\/exceptionaudio.fr\/site\/#organization","name":"Exception Audio","url":"https:\/\/exceptionaudio.fr\/site\/","logo":{"@type":"ImageObject","inLanguage":"fr-FR","@id":"https:\/\/exceptionaudio.fr\/site\/#\/schema\/logo\/image\/","url":"https:\/\/exceptionaudio.fr\/site\/wp-content\/uploads\/2021\/10\/largeur-exception-audio-logos-noir.png","contentUrl":"https:\/\/exceptionaudio.fr\/site\/wp-content\/uploads\/2021\/10\/largeur-exception-audio-logos-noir.png","width":357,"height":54,"caption":"Exception Audio"},"image":{"@id":"https:\/\/exceptionaudio.fr\/site\/#\/schema\/logo\/image\/"},"sameAs":["https:\/\/www.facebook.com\/ExceptionAudio","https:\/\/www.instagram.com\/exception_audio\/"]}]}},"_links":{"self":[{"href":"https:\/\/exceptionaudio.fr\/site\/wp-json\/wp\/v2\/product\/9134","targetHints":{"allow":["GET"]}}],"collection":[{"href":"https:\/\/exceptionaudio.fr\/site\/wp-json\/wp\/v2\/product"}],"about":[{"href":"https:\/\/exceptionaudio.fr\/site\/wp-json\/wp\/v2\/types\/product"}],"version-history":[{"count":2,"href":"https:\/\/exceptionaudio.fr\/site\/wp-json\/wp\/v2\/product\/9134\/revisions"}],"predecessor-version":[{"id":9284,"href":"https:\/\/exceptionaudio.fr\/site\/wp-json\/wp\/v2\/product\/9134\/revisions\/9284"}],"wp:featuredmedia":[{"embeddable":true,"href":"https:\/\/exceptionaudio.fr\/site\/wp-json\/wp\/v2\/media\/9135"}],"wp:attachment":[{"href":"https:\/\/exceptionaudio.fr\/site\/wp-json\/wp\/v2\/media?parent=9134"}],"wp:term":[{"taxonomy":"product_brand","embeddable":true,"href":"https:\/\/exceptionaudio.fr\/site\/wp-json\/wp\/v2\/product_brand?post=9134"},{"taxonomy":"product_cat","embeddable":true,"href":"https:\/\/exceptionaudio.fr\/site\/wp-json\/wp\/v2\/product_cat?post=9134"},{"taxonomy":"product_tag","embeddable":true,"href":"https:\/\/exceptionaudio.fr\/site\/wp-json\/wp\/v2\/product_tag?post=9134"}],"curies":[{"name":"wp","href":"https:\/\/api.w.org\/{rel}","templated":true}]}}