{"id":9264,"date":"2024-12-18T15:38:57","date_gmt":"2024-12-18T14:38:57","guid":{"rendered":"https:\/\/exceptionaudio.fr\/site\/?post_type=product&#038;p=9264"},"modified":"2025-11-26T20:28:31","modified_gmt":"2025-11-26T19:28:31","slug":"atoll-in400-evo","status":"publish","type":"product","link":"https:\/\/exceptionaudio.fr\/site\/produit\/atoll-in400-evo\/","title":{"rendered":"Atoll IN400 EVO"},"content":{"rendered":"","protected":false},"excerpt":{"rendered":"<p style=\"font-weight: 400;\">V\u00e9ritable fleuron de la gamme <a href=\"https:\/\/www.atoll-electronique.com\">Atoll<\/a>, l\u2019IN400 Evolution est un amplificateur int\u00e9gr\u00e9 haut de gamme <strong>con\u00e7u et fabriqu\u00e9 en France<\/strong> offrant une puissance g\u00e9n\u00e9reuse de <strong>160 watts par canal sous 8 ohms<\/strong>. Il se caract\u00e9rise par une construction de haute qualit\u00e9\u00a0: structure <strong>double mono<\/strong> int\u00e9grale, deux <strong>transformateurs toriques<\/strong>, \u00e9tages d&rsquo;entr\u00e9e et de puissance utilisant des <strong>transistors bipolaires<\/strong> et <strong>MOSFET<\/strong> accompagn\u00e9 d\u2019une connectique compl\u00e8te. L&rsquo;<strong>IN400 EVO<\/strong> est adapt\u00e9 aux audiophiles les plus exigeants, alliant puissance et \u00e9l\u00e9gance.<\/p>\n","protected":false},"featured_media":9267,"template":"","meta":[],"product_brand":[],"product_cat":[222,93,94],"product_tag":[309],"class_list":{"0":"post-9264","1":"product","2":"type-product","3":"status-publish","4":"has-post-thumbnail","6":"product_cat-nouveautes-hifi","7":"product_cat-amplification-hifi","8":"product_cat-amplificateurs-integres","9":"product_tag-atoll-electronique","11":"first","12":"instock","13":"featured","14":"taxable","15":"shipping-taxable","16":"purchasable","17":"product-type-variable"},"yoast_head":"<!-- This site is optimized with the Yoast SEO plugin v27.3 - https:\/\/yoast.com\/product\/yoast-seo-wordpress\/ -->\n<title>Atoll IN400 EVO - Amplificateur int\u00e9gr\u00e9 HiFi - Exception Audio<\/title>\n<meta name=\"description\" content=\"V\u00e9ritable fleuron de la gamme Atoll, l&#039;amplificateur int\u00e9gr\u00e9 hifi IN400 EVO incarne l&#039;\u00e9quilibre parfait entre performance, design et savoir-faire fran\u00e7ais\" \/>\n<meta name=\"robots\" content=\"index, follow, max-snippet:-1, max-image-preview:large, max-video-preview:-1\" \/>\n<link rel=\"canonical\" href=\"https:\/\/exceptionaudio.fr\/site\/produit\/atoll-in400-evo\/\" \/>\n<meta property=\"og:locale\" content=\"fr_FR\" \/>\n<meta property=\"og:type\" content=\"article\" \/>\n<meta property=\"og:title\" content=\"Atoll IN400 EVO - Amplificateur int\u00e9gr\u00e9 HiFi - Exception Audio\" \/>\n<meta property=\"og:description\" content=\"V\u00e9ritable fleuron de la gamme Atoll, l&#039;amplificateur int\u00e9gr\u00e9 hifi IN400 EVO incarne l&#039;\u00e9quilibre parfait entre performance, design et savoir-faire fran\u00e7ais\" \/>\n<meta property=\"og:url\" content=\"https:\/\/exceptionaudio.fr\/site\/produit\/atoll-in400-evo\/\" \/>\n<meta property=\"og:site_name\" content=\"Exception Audio\" \/>\n<meta property=\"article:publisher\" content=\"https:\/\/www.facebook.com\/ExceptionAudio\" \/>\n<meta property=\"article:modified_time\" content=\"2025-11-26T19:28:31+00:00\" \/>\n<meta property=\"og:image\" content=\"https:\/\/exceptionaudio.fr\/site\/wp-content\/uploads\/2024\/12\/Atoll-IN400-Evolution-Silver.jpg\" \/>\n\t<meta property=\"og:image:width\" content=\"1000\" \/>\n\t<meta property=\"og:image:height\" content=\"1000\" \/>\n\t<meta property=\"og:image:type\" content=\"image\/jpeg\" \/>\n<meta name=\"twitter:card\" content=\"summary_large_image\" \/>\n<meta name=\"twitter:label1\" content=\"Dur\u00e9e de lecture estim\u00e9e\" \/>\n\t<meta name=\"twitter:data1\" content=\"1 minute\" \/>\n<script type=\"application\/ld+json\" class=\"yoast-schema-graph\">{\"@context\":\"https:\\\/\\\/schema.org\",\"@graph\":[{\"@type\":\"WebPage\",\"@id\":\"https:\\\/\\\/exceptionaudio.fr\\\/site\\\/produit\\\/atoll-in400-evo\\\/\",\"url\":\"https:\\\/\\\/exceptionaudio.fr\\\/site\\\/produit\\\/atoll-in400-evo\\\/\",\"name\":\"Atoll IN400 EVO - Amplificateur int\u00e9gr\u00e9 HiFi - Exception Audio\",\"isPartOf\":{\"@id\":\"https:\\\/\\\/exceptionaudio.fr\\\/site\\\/#website\"},\"primaryImageOfPage\":{\"@id\":\"https:\\\/\\\/exceptionaudio.fr\\\/site\\\/produit\\\/atoll-in400-evo\\\/#primaryimage\"},\"image\":{\"@id\":\"https:\\\/\\\/exceptionaudio.fr\\\/site\\\/produit\\\/atoll-in400-evo\\\/#primaryimage\"},\"thumbnailUrl\":\"https:\\\/\\\/exceptionaudio.fr\\\/site\\\/wp-content\\\/uploads\\\/2024\\\/12\\\/Atoll-IN400-Evolution-Silver.jpg\",\"datePublished\":\"2024-12-18T14:38:57+00:00\",\"dateModified\":\"2025-11-26T19:28:31+00:00\",\"description\":\"V\u00e9ritable fleuron de la gamme Atoll, l'amplificateur int\u00e9gr\u00e9 hifi IN400 EVO incarne l'\u00e9quilibre parfait entre performance, design et savoir-faire fran\u00e7ais\",\"breadcrumb\":{\"@id\":\"https:\\\/\\\/exceptionaudio.fr\\\/site\\\/produit\\\/atoll-in400-evo\\\/#breadcrumb\"},\"inLanguage\":\"fr-FR\",\"potentialAction\":[{\"@type\":\"ReadAction\",\"target\":[\"https:\\\/\\\/exceptionaudio.fr\\\/site\\\/produit\\\/atoll-in400-evo\\\/\"]}]},{\"@type\":\"ImageObject\",\"inLanguage\":\"fr-FR\",\"@id\":\"https:\\\/\\\/exceptionaudio.fr\\\/site\\\/produit\\\/atoll-in400-evo\\\/#primaryimage\",\"url\":\"https:\\\/\\\/exceptionaudio.fr\\\/site\\\/wp-content\\\/uploads\\\/2024\\\/12\\\/Atoll-IN400-Evolution-Silver.jpg\",\"contentUrl\":\"https:\\\/\\\/exceptionaudio.fr\\\/site\\\/wp-content\\\/uploads\\\/2024\\\/12\\\/Atoll-IN400-Evolution-Silver.jpg\",\"width\":1000,\"height\":1000,\"caption\":\"Atoll IN400 Evolution Silver amplificateur int\u00e9gr\u00e9 hifi\"},{\"@type\":\"BreadcrumbList\",\"@id\":\"https:\\\/\\\/exceptionaudio.fr\\\/site\\\/produit\\\/atoll-in400-evo\\\/#breadcrumb\",\"itemListElement\":[{\"@type\":\"ListItem\",\"position\":1,\"name\":\"Accueil\",\"item\":\"https:\\\/\\\/exceptionaudio.fr\\\/site\\\/\"},{\"@type\":\"ListItem\",\"position\":2,\"name\":\"Boutique\",\"item\":\"https:\\\/\\\/exceptionaudio.fr\\\/site\\\/boutique\\\/\"},{\"@type\":\"ListItem\",\"position\":3,\"name\":\"Atoll IN400 EVO\"}]},{\"@type\":\"WebSite\",\"@id\":\"https:\\\/\\\/exceptionaudio.fr\\\/site\\\/#website\",\"url\":\"https:\\\/\\\/exceptionaudio.fr\\\/site\\\/\",\"name\":\"Exception Audio\",\"description\":\"Magasin hi-fi Antibes\",\"publisher\":{\"@id\":\"https:\\\/\\\/exceptionaudio.fr\\\/site\\\/#organization\"},\"potentialAction\":[{\"@type\":\"SearchAction\",\"target\":{\"@type\":\"EntryPoint\",\"urlTemplate\":\"https:\\\/\\\/exceptionaudio.fr\\\/site\\\/?s={search_term_string}\"},\"query-input\":{\"@type\":\"PropertyValueSpecification\",\"valueRequired\":true,\"valueName\":\"search_term_string\"}}],\"inLanguage\":\"fr-FR\"},{\"@type\":\"Organization\",\"@id\":\"https:\\\/\\\/exceptionaudio.fr\\\/site\\\/#organization\",\"name\":\"Exception Audio\",\"url\":\"https:\\\/\\\/exceptionaudio.fr\\\/site\\\/\",\"logo\":{\"@type\":\"ImageObject\",\"inLanguage\":\"fr-FR\",\"@id\":\"https:\\\/\\\/exceptionaudio.fr\\\/site\\\/#\\\/schema\\\/logo\\\/image\\\/\",\"url\":\"https:\\\/\\\/exceptionaudio.fr\\\/site\\\/wp-content\\\/uploads\\\/2021\\\/10\\\/largeur-exception-audio-logos-noir.png\",\"contentUrl\":\"https:\\\/\\\/exceptionaudio.fr\\\/site\\\/wp-content\\\/uploads\\\/2021\\\/10\\\/largeur-exception-audio-logos-noir.png\",\"width\":357,\"height\":54,\"caption\":\"Exception Audio\"},\"image\":{\"@id\":\"https:\\\/\\\/exceptionaudio.fr\\\/site\\\/#\\\/schema\\\/logo\\\/image\\\/\"},\"sameAs\":[\"https:\\\/\\\/www.facebook.com\\\/ExceptionAudio\",\"https:\\\/\\\/www.instagram.com\\\/exception_audio\\\/\"]}]}<\/script>\n<!-- \/ Yoast SEO plugin. -->","yoast_head_json":{"title":"Atoll IN400 EVO - Amplificateur int\u00e9gr\u00e9 HiFi - Exception Audio","description":"V\u00e9ritable fleuron de la gamme Atoll, l'amplificateur int\u00e9gr\u00e9 hifi IN400 EVO incarne l'\u00e9quilibre parfait entre performance, design et savoir-faire fran\u00e7ais","robots":{"index":"index","follow":"follow","max-snippet":"max-snippet:-1","max-image-preview":"max-image-preview:large","max-video-preview":"max-video-preview:-1"},"canonical":"https:\/\/exceptionaudio.fr\/site\/produit\/atoll-in400-evo\/","og_locale":"fr_FR","og_type":"article","og_title":"Atoll IN400 EVO - Amplificateur int\u00e9gr\u00e9 HiFi - Exception Audio","og_description":"V\u00e9ritable fleuron de la gamme Atoll, l'amplificateur int\u00e9gr\u00e9 hifi IN400 EVO incarne l'\u00e9quilibre parfait entre performance, design et savoir-faire fran\u00e7ais","og_url":"https:\/\/exceptionaudio.fr\/site\/produit\/atoll-in400-evo\/","og_site_name":"Exception Audio","article_publisher":"https:\/\/www.facebook.com\/ExceptionAudio","article_modified_time":"2025-11-26T19:28:31+00:00","og_image":[{"width":1000,"height":1000,"url":"https:\/\/exceptionaudio.fr\/site\/wp-content\/uploads\/2024\/12\/Atoll-IN400-Evolution-Silver.jpg","type":"image\/jpeg"}],"twitter_card":"summary_large_image","twitter_misc":{"Dur\u00e9e de lecture estim\u00e9e":"1 minute"},"schema":{"@context":"https:\/\/schema.org","@graph":[{"@type":"WebPage","@id":"https:\/\/exceptionaudio.fr\/site\/produit\/atoll-in400-evo\/","url":"https:\/\/exceptionaudio.fr\/site\/produit\/atoll-in400-evo\/","name":"Atoll IN400 EVO - Amplificateur int\u00e9gr\u00e9 HiFi - Exception Audio","isPartOf":{"@id":"https:\/\/exceptionaudio.fr\/site\/#website"},"primaryImageOfPage":{"@id":"https:\/\/exceptionaudio.fr\/site\/produit\/atoll-in400-evo\/#primaryimage"},"image":{"@id":"https:\/\/exceptionaudio.fr\/site\/produit\/atoll-in400-evo\/#primaryimage"},"thumbnailUrl":"https:\/\/exceptionaudio.fr\/site\/wp-content\/uploads\/2024\/12\/Atoll-IN400-Evolution-Silver.jpg","datePublished":"2024-12-18T14:38:57+00:00","dateModified":"2025-11-26T19:28:31+00:00","description":"V\u00e9ritable fleuron de la gamme Atoll, l'amplificateur int\u00e9gr\u00e9 hifi IN400 EVO incarne l'\u00e9quilibre parfait entre performance, design et savoir-faire fran\u00e7ais","breadcrumb":{"@id":"https:\/\/exceptionaudio.fr\/site\/produit\/atoll-in400-evo\/#breadcrumb"},"inLanguage":"fr-FR","potentialAction":[{"@type":"ReadAction","target":["https:\/\/exceptionaudio.fr\/site\/produit\/atoll-in400-evo\/"]}]},{"@type":"ImageObject","inLanguage":"fr-FR","@id":"https:\/\/exceptionaudio.fr\/site\/produit\/atoll-in400-evo\/#primaryimage","url":"https:\/\/exceptionaudio.fr\/site\/wp-content\/uploads\/2024\/12\/Atoll-IN400-Evolution-Silver.jpg","contentUrl":"https:\/\/exceptionaudio.fr\/site\/wp-content\/uploads\/2024\/12\/Atoll-IN400-Evolution-Silver.jpg","width":1000,"height":1000,"caption":"Atoll IN400 Evolution Silver amplificateur int\u00e9gr\u00e9 hifi"},{"@type":"BreadcrumbList","@id":"https:\/\/exceptionaudio.fr\/site\/produit\/atoll-in400-evo\/#breadcrumb","itemListElement":[{"@type":"ListItem","position":1,"name":"Accueil","item":"https:\/\/exceptionaudio.fr\/site\/"},{"@type":"ListItem","position":2,"name":"Boutique","item":"https:\/\/exceptionaudio.fr\/site\/boutique\/"},{"@type":"ListItem","position":3,"name":"Atoll IN400 EVO"}]},{"@type":"WebSite","@id":"https:\/\/exceptionaudio.fr\/site\/#website","url":"https:\/\/exceptionaudio.fr\/site\/","name":"Exception Audio","description":"Magasin hi-fi Antibes","publisher":{"@id":"https:\/\/exceptionaudio.fr\/site\/#organization"},"potentialAction":[{"@type":"SearchAction","target":{"@type":"EntryPoint","urlTemplate":"https:\/\/exceptionaudio.fr\/site\/?s={search_term_string}"},"query-input":{"@type":"PropertyValueSpecification","valueRequired":true,"valueName":"search_term_string"}}],"inLanguage":"fr-FR"},{"@type":"Organization","@id":"https:\/\/exceptionaudio.fr\/site\/#organization","name":"Exception Audio","url":"https:\/\/exceptionaudio.fr\/site\/","logo":{"@type":"ImageObject","inLanguage":"fr-FR","@id":"https:\/\/exceptionaudio.fr\/site\/#\/schema\/logo\/image\/","url":"https:\/\/exceptionaudio.fr\/site\/wp-content\/uploads\/2021\/10\/largeur-exception-audio-logos-noir.png","contentUrl":"https:\/\/exceptionaudio.fr\/site\/wp-content\/uploads\/2021\/10\/largeur-exception-audio-logos-noir.png","width":357,"height":54,"caption":"Exception Audio"},"image":{"@id":"https:\/\/exceptionaudio.fr\/site\/#\/schema\/logo\/image\/"},"sameAs":["https:\/\/www.facebook.com\/ExceptionAudio","https:\/\/www.instagram.com\/exception_audio\/"]}]}},"_links":{"self":[{"href":"https:\/\/exceptionaudio.fr\/site\/wp-json\/wp\/v2\/product\/9264","targetHints":{"allow":["GET"]}}],"collection":[{"href":"https:\/\/exceptionaudio.fr\/site\/wp-json\/wp\/v2\/product"}],"about":[{"href":"https:\/\/exceptionaudio.fr\/site\/wp-json\/wp\/v2\/types\/product"}],"version-history":[{"count":1,"href":"https:\/\/exceptionaudio.fr\/site\/wp-json\/wp\/v2\/product\/9264\/revisions"}],"predecessor-version":[{"id":9270,"href":"https:\/\/exceptionaudio.fr\/site\/wp-json\/wp\/v2\/product\/9264\/revisions\/9270"}],"wp:featuredmedia":[{"embeddable":true,"href":"https:\/\/exceptionaudio.fr\/site\/wp-json\/wp\/v2\/media\/9267"}],"wp:attachment":[{"href":"https:\/\/exceptionaudio.fr\/site\/wp-json\/wp\/v2\/media?parent=9264"}],"wp:term":[{"taxonomy":"product_brand","embeddable":true,"href":"https:\/\/exceptionaudio.fr\/site\/wp-json\/wp\/v2\/product_brand?post=9264"},{"taxonomy":"product_cat","embeddable":true,"href":"https:\/\/exceptionaudio.fr\/site\/wp-json\/wp\/v2\/product_cat?post=9264"},{"taxonomy":"product_tag","embeddable":true,"href":"https:\/\/exceptionaudio.fr\/site\/wp-json\/wp\/v2\/product_tag?post=9264"}],"curies":[{"name":"wp","href":"https:\/\/api.w.org\/{rel}","templated":true}]}}