{"id":9313,"date":"2025-01-16T17:31:45","date_gmt":"2025-01-16T16:31:45","guid":{"rendered":"https:\/\/exceptionaudio.fr\/site\/?post_type=product&#038;p=9313"},"modified":"2025-01-16T17:37:28","modified_gmt":"2025-01-16T16:37:28","slug":"mola-mola-kula-occasion","status":"publish","type":"product","link":"https:\/\/exceptionaudio.fr\/site\/produit\/mola-mola-kula-occasion\/","title":{"rendered":"Mola Mola Kula + phono DEMO"},"content":{"rendered":"","protected":false},"excerpt":{"rendered":"<p>Le Kula de chez Mola Mola est un amplificateur int\u00e9gr\u00e9 d\u00e9livrant une puissance de 150 watts sous 8 ohms, doublant \u00e0 300 watts sous 4 ohms en classe D bas\u00e9 sur la technologie nCore d\u00e9velopp\u00e9 par Bruno Putzeys. Vous pourrez ainsi le compl\u00e9ter par un module DAC &amp; Streamer Roon Ready ainsi qu\u2019un module Phono (MM\/MC).<\/p>\n<p>Appareil de d\u00e9monstration en parfait \u00e9tat, complet. Il est \u00e9quip\u00e9 de la carte phono MM &amp; MC (+2300\u20ac).<\/p>\n<p>&nbsp;<\/p>\n","protected":false},"featured_media":9318,"template":"","meta":[],"product_brand":[],"product_cat":[205],"product_tag":[178],"class_list":{"0":"post-9313","1":"product","2":"type-product","3":"status-publish","4":"has-post-thumbnail","6":"product_cat-bonnes-affaires-hifi","7":"product_tag-mola-mola","9":"first","10":"instock","11":"sale","12":"taxable","13":"shipping-taxable","14":"purchasable","15":"product-type-simple"},"yoast_head":"<!-- This site is optimized with the Yoast SEO plugin v27.3 - https:\/\/yoast.com\/product\/yoast-seo-wordpress\/ -->\n<title>Mola Mola Kula + phono DEMO - Amplificateur int\u00e9gr\u00e9 hifi - Exception Audio<\/title>\n<meta name=\"description\" content=\"Mola Mola Kula : amplificateur int\u00e9gr\u00e9 hifi en classe D bas\u00e9 sur la technologie nCore d\u00e9velopp\u00e9 par Bruno Putzeys.\" \/>\n<meta name=\"robots\" content=\"index, follow, max-snippet:-1, max-image-preview:large, max-video-preview:-1\" \/>\n<link rel=\"canonical\" href=\"https:\/\/exceptionaudio.fr\/site\/produit\/mola-mola-kula-occasion\/\" \/>\n<meta property=\"og:locale\" content=\"fr_FR\" \/>\n<meta property=\"og:type\" content=\"article\" \/>\n<meta property=\"og:title\" content=\"Mola Mola Kula + phono DEMO - Amplificateur int\u00e9gr\u00e9 hifi - Exception Audio\" \/>\n<meta property=\"og:description\" content=\"Mola Mola Kula : amplificateur int\u00e9gr\u00e9 hifi en classe D bas\u00e9 sur la technologie nCore d\u00e9velopp\u00e9 par Bruno Putzeys.\" \/>\n<meta property=\"og:url\" content=\"https:\/\/exceptionaudio.fr\/site\/produit\/mola-mola-kula-occasion\/\" \/>\n<meta property=\"og:site_name\" content=\"Exception Audio\" \/>\n<meta property=\"article:publisher\" content=\"https:\/\/www.facebook.com\/ExceptionAudio\" \/>\n<meta property=\"article:modified_time\" content=\"2025-01-16T16:37:28+00:00\" \/>\n<meta property=\"og:image\" content=\"https:\/\/exceptionaudio.fr\/site\/wp-content\/uploads\/2025\/01\/DSC05805-scaled.jpg\" \/>\n\t<meta property=\"og:image:width\" content=\"2560\" \/>\n\t<meta property=\"og:image:height\" content=\"1574\" \/>\n\t<meta property=\"og:image:type\" content=\"image\/jpeg\" \/>\n<meta name=\"twitter:card\" content=\"summary_large_image\" \/>\n<meta name=\"twitter:label1\" content=\"Dur\u00e9e de lecture estim\u00e9e\" \/>\n\t<meta name=\"twitter:data1\" content=\"1 minute\" \/>\n<script type=\"application\/ld+json\" class=\"yoast-schema-graph\">{\"@context\":\"https:\\\/\\\/schema.org\",\"@graph\":[{\"@type\":\"WebPage\",\"@id\":\"https:\\\/\\\/exceptionaudio.fr\\\/site\\\/produit\\\/mola-mola-kula-occasion\\\/\",\"url\":\"https:\\\/\\\/exceptionaudio.fr\\\/site\\\/produit\\\/mola-mola-kula-occasion\\\/\",\"name\":\"Mola Mola Kula + phono DEMO - Amplificateur int\u00e9gr\u00e9 hifi - Exception Audio\",\"isPartOf\":{\"@id\":\"https:\\\/\\\/exceptionaudio.fr\\\/site\\\/#website\"},\"primaryImageOfPage\":{\"@id\":\"https:\\\/\\\/exceptionaudio.fr\\\/site\\\/produit\\\/mola-mola-kula-occasion\\\/#primaryimage\"},\"image\":{\"@id\":\"https:\\\/\\\/exceptionaudio.fr\\\/site\\\/produit\\\/mola-mola-kula-occasion\\\/#primaryimage\"},\"thumbnailUrl\":\"https:\\\/\\\/exceptionaudio.fr\\\/site\\\/wp-content\\\/uploads\\\/2025\\\/01\\\/DSC05805-scaled.jpg\",\"datePublished\":\"2025-01-16T16:31:45+00:00\",\"dateModified\":\"2025-01-16T16:37:28+00:00\",\"description\":\"Mola Mola Kula : amplificateur int\u00e9gr\u00e9 hifi en classe D bas\u00e9 sur la technologie nCore d\u00e9velopp\u00e9 par Bruno Putzeys.\",\"breadcrumb\":{\"@id\":\"https:\\\/\\\/exceptionaudio.fr\\\/site\\\/produit\\\/mola-mola-kula-occasion\\\/#breadcrumb\"},\"inLanguage\":\"fr-FR\",\"potentialAction\":[{\"@type\":\"ReadAction\",\"target\":[\"https:\\\/\\\/exceptionaudio.fr\\\/site\\\/produit\\\/mola-mola-kula-occasion\\\/\"]}]},{\"@type\":\"ImageObject\",\"inLanguage\":\"fr-FR\",\"@id\":\"https:\\\/\\\/exceptionaudio.fr\\\/site\\\/produit\\\/mola-mola-kula-occasion\\\/#primaryimage\",\"url\":\"https:\\\/\\\/exceptionaudio.fr\\\/site\\\/wp-content\\\/uploads\\\/2025\\\/01\\\/DSC05805-scaled.jpg\",\"contentUrl\":\"https:\\\/\\\/exceptionaudio.fr\\\/site\\\/wp-content\\\/uploads\\\/2025\\\/01\\\/DSC05805-scaled.jpg\",\"width\":2560,\"height\":1574,\"caption\":\"Mola Mola Kula amplificateur int\u00e9gr\u00e9 hifi\"},{\"@type\":\"BreadcrumbList\",\"@id\":\"https:\\\/\\\/exceptionaudio.fr\\\/site\\\/produit\\\/mola-mola-kula-occasion\\\/#breadcrumb\",\"itemListElement\":[{\"@type\":\"ListItem\",\"position\":1,\"name\":\"Accueil\",\"item\":\"https:\\\/\\\/exceptionaudio.fr\\\/site\\\/\"},{\"@type\":\"ListItem\",\"position\":2,\"name\":\"Boutique\",\"item\":\"https:\\\/\\\/exceptionaudio.fr\\\/site\\\/boutique\\\/\"},{\"@type\":\"ListItem\",\"position\":3,\"name\":\"Mola Mola Kula + phono DEMO\"}]},{\"@type\":\"WebSite\",\"@id\":\"https:\\\/\\\/exceptionaudio.fr\\\/site\\\/#website\",\"url\":\"https:\\\/\\\/exceptionaudio.fr\\\/site\\\/\",\"name\":\"Exception Audio\",\"description\":\"Magasin hi-fi Antibes\",\"publisher\":{\"@id\":\"https:\\\/\\\/exceptionaudio.fr\\\/site\\\/#organization\"},\"potentialAction\":[{\"@type\":\"SearchAction\",\"target\":{\"@type\":\"EntryPoint\",\"urlTemplate\":\"https:\\\/\\\/exceptionaudio.fr\\\/site\\\/?s={search_term_string}\"},\"query-input\":{\"@type\":\"PropertyValueSpecification\",\"valueRequired\":true,\"valueName\":\"search_term_string\"}}],\"inLanguage\":\"fr-FR\"},{\"@type\":\"Organization\",\"@id\":\"https:\\\/\\\/exceptionaudio.fr\\\/site\\\/#organization\",\"name\":\"Exception Audio\",\"url\":\"https:\\\/\\\/exceptionaudio.fr\\\/site\\\/\",\"logo\":{\"@type\":\"ImageObject\",\"inLanguage\":\"fr-FR\",\"@id\":\"https:\\\/\\\/exceptionaudio.fr\\\/site\\\/#\\\/schema\\\/logo\\\/image\\\/\",\"url\":\"https:\\\/\\\/exceptionaudio.fr\\\/site\\\/wp-content\\\/uploads\\\/2021\\\/10\\\/largeur-exception-audio-logos-noir.png\",\"contentUrl\":\"https:\\\/\\\/exceptionaudio.fr\\\/site\\\/wp-content\\\/uploads\\\/2021\\\/10\\\/largeur-exception-audio-logos-noir.png\",\"width\":357,\"height\":54,\"caption\":\"Exception Audio\"},\"image\":{\"@id\":\"https:\\\/\\\/exceptionaudio.fr\\\/site\\\/#\\\/schema\\\/logo\\\/image\\\/\"},\"sameAs\":[\"https:\\\/\\\/www.facebook.com\\\/ExceptionAudio\",\"https:\\\/\\\/www.instagram.com\\\/exception_audio\\\/\"]}]}<\/script>\n<!-- \/ Yoast SEO plugin. -->","yoast_head_json":{"title":"Mola Mola Kula + phono DEMO - Amplificateur int\u00e9gr\u00e9 hifi - Exception Audio","description":"Mola Mola Kula : amplificateur int\u00e9gr\u00e9 hifi en classe D bas\u00e9 sur la technologie nCore d\u00e9velopp\u00e9 par Bruno Putzeys.","robots":{"index":"index","follow":"follow","max-snippet":"max-snippet:-1","max-image-preview":"max-image-preview:large","max-video-preview":"max-video-preview:-1"},"canonical":"https:\/\/exceptionaudio.fr\/site\/produit\/mola-mola-kula-occasion\/","og_locale":"fr_FR","og_type":"article","og_title":"Mola Mola Kula + phono DEMO - Amplificateur int\u00e9gr\u00e9 hifi - Exception Audio","og_description":"Mola Mola Kula : amplificateur int\u00e9gr\u00e9 hifi en classe D bas\u00e9 sur la technologie nCore d\u00e9velopp\u00e9 par Bruno Putzeys.","og_url":"https:\/\/exceptionaudio.fr\/site\/produit\/mola-mola-kula-occasion\/","og_site_name":"Exception Audio","article_publisher":"https:\/\/www.facebook.com\/ExceptionAudio","article_modified_time":"2025-01-16T16:37:28+00:00","og_image":[{"width":2560,"height":1574,"url":"https:\/\/exceptionaudio.fr\/site\/wp-content\/uploads\/2025\/01\/DSC05805-scaled.jpg","type":"image\/jpeg"}],"twitter_card":"summary_large_image","twitter_misc":{"Dur\u00e9e de lecture estim\u00e9e":"1 minute"},"schema":{"@context":"https:\/\/schema.org","@graph":[{"@type":"WebPage","@id":"https:\/\/exceptionaudio.fr\/site\/produit\/mola-mola-kula-occasion\/","url":"https:\/\/exceptionaudio.fr\/site\/produit\/mola-mola-kula-occasion\/","name":"Mola Mola Kula + phono DEMO - Amplificateur int\u00e9gr\u00e9 hifi - Exception Audio","isPartOf":{"@id":"https:\/\/exceptionaudio.fr\/site\/#website"},"primaryImageOfPage":{"@id":"https:\/\/exceptionaudio.fr\/site\/produit\/mola-mola-kula-occasion\/#primaryimage"},"image":{"@id":"https:\/\/exceptionaudio.fr\/site\/produit\/mola-mola-kula-occasion\/#primaryimage"},"thumbnailUrl":"https:\/\/exceptionaudio.fr\/site\/wp-content\/uploads\/2025\/01\/DSC05805-scaled.jpg","datePublished":"2025-01-16T16:31:45+00:00","dateModified":"2025-01-16T16:37:28+00:00","description":"Mola Mola Kula : amplificateur int\u00e9gr\u00e9 hifi en classe D bas\u00e9 sur la technologie nCore d\u00e9velopp\u00e9 par Bruno Putzeys.","breadcrumb":{"@id":"https:\/\/exceptionaudio.fr\/site\/produit\/mola-mola-kula-occasion\/#breadcrumb"},"inLanguage":"fr-FR","potentialAction":[{"@type":"ReadAction","target":["https:\/\/exceptionaudio.fr\/site\/produit\/mola-mola-kula-occasion\/"]}]},{"@type":"ImageObject","inLanguage":"fr-FR","@id":"https:\/\/exceptionaudio.fr\/site\/produit\/mola-mola-kula-occasion\/#primaryimage","url":"https:\/\/exceptionaudio.fr\/site\/wp-content\/uploads\/2025\/01\/DSC05805-scaled.jpg","contentUrl":"https:\/\/exceptionaudio.fr\/site\/wp-content\/uploads\/2025\/01\/DSC05805-scaled.jpg","width":2560,"height":1574,"caption":"Mola Mola Kula amplificateur int\u00e9gr\u00e9 hifi"},{"@type":"BreadcrumbList","@id":"https:\/\/exceptionaudio.fr\/site\/produit\/mola-mola-kula-occasion\/#breadcrumb","itemListElement":[{"@type":"ListItem","position":1,"name":"Accueil","item":"https:\/\/exceptionaudio.fr\/site\/"},{"@type":"ListItem","position":2,"name":"Boutique","item":"https:\/\/exceptionaudio.fr\/site\/boutique\/"},{"@type":"ListItem","position":3,"name":"Mola Mola Kula + phono DEMO"}]},{"@type":"WebSite","@id":"https:\/\/exceptionaudio.fr\/site\/#website","url":"https:\/\/exceptionaudio.fr\/site\/","name":"Exception Audio","description":"Magasin hi-fi Antibes","publisher":{"@id":"https:\/\/exceptionaudio.fr\/site\/#organization"},"potentialAction":[{"@type":"SearchAction","target":{"@type":"EntryPoint","urlTemplate":"https:\/\/exceptionaudio.fr\/site\/?s={search_term_string}"},"query-input":{"@type":"PropertyValueSpecification","valueRequired":true,"valueName":"search_term_string"}}],"inLanguage":"fr-FR"},{"@type":"Organization","@id":"https:\/\/exceptionaudio.fr\/site\/#organization","name":"Exception Audio","url":"https:\/\/exceptionaudio.fr\/site\/","logo":{"@type":"ImageObject","inLanguage":"fr-FR","@id":"https:\/\/exceptionaudio.fr\/site\/#\/schema\/logo\/image\/","url":"https:\/\/exceptionaudio.fr\/site\/wp-content\/uploads\/2021\/10\/largeur-exception-audio-logos-noir.png","contentUrl":"https:\/\/exceptionaudio.fr\/site\/wp-content\/uploads\/2021\/10\/largeur-exception-audio-logos-noir.png","width":357,"height":54,"caption":"Exception Audio"},"image":{"@id":"https:\/\/exceptionaudio.fr\/site\/#\/schema\/logo\/image\/"},"sameAs":["https:\/\/www.facebook.com\/ExceptionAudio","https:\/\/www.instagram.com\/exception_audio\/"]}]}},"_links":{"self":[{"href":"https:\/\/exceptionaudio.fr\/site\/wp-json\/wp\/v2\/product\/9313","targetHints":{"allow":["GET"]}}],"collection":[{"href":"https:\/\/exceptionaudio.fr\/site\/wp-json\/wp\/v2\/product"}],"about":[{"href":"https:\/\/exceptionaudio.fr\/site\/wp-json\/wp\/v2\/types\/product"}],"version-history":[{"count":1,"href":"https:\/\/exceptionaudio.fr\/site\/wp-json\/wp\/v2\/product\/9313\/revisions"}],"predecessor-version":[{"id":9320,"href":"https:\/\/exceptionaudio.fr\/site\/wp-json\/wp\/v2\/product\/9313\/revisions\/9320"}],"wp:featuredmedia":[{"embeddable":true,"href":"https:\/\/exceptionaudio.fr\/site\/wp-json\/wp\/v2\/media\/9318"}],"wp:attachment":[{"href":"https:\/\/exceptionaudio.fr\/site\/wp-json\/wp\/v2\/media?parent=9313"}],"wp:term":[{"taxonomy":"product_brand","embeddable":true,"href":"https:\/\/exceptionaudio.fr\/site\/wp-json\/wp\/v2\/product_brand?post=9313"},{"taxonomy":"product_cat","embeddable":true,"href":"https:\/\/exceptionaudio.fr\/site\/wp-json\/wp\/v2\/product_cat?post=9313"},{"taxonomy":"product_tag","embeddable":true,"href":"https:\/\/exceptionaudio.fr\/site\/wp-json\/wp\/v2\/product_tag?post=9313"}],"curies":[{"name":"wp","href":"https:\/\/api.w.org\/{rel}","templated":true}]}}