{"id":9345,"date":"2025-01-20T14:10:07","date_gmt":"2025-01-20T13:10:07","guid":{"rendered":"https:\/\/exceptionaudio.fr\/site\/?post_type=product&#038;p=9345"},"modified":"2026-01-21T10:33:18","modified_gmt":"2026-01-21T09:33:18","slug":"pmc-audio-prophecy-7","status":"publish","type":"product","link":"https:\/\/exceptionaudio.fr\/site\/produit\/pmc-audio-prophecy-7\/","title":{"rendered":"PMC Audio Prophecy 7"},"content":{"rendered":"","protected":false},"excerpt":{"rendered":"<p style=\"font-weight: 400;\">La PMC Audio Prophecy 7 est la premi\u00e8re enceinte 3 voies de la s\u00e9rie Prophecy. Elle gagne un m\u00e9dium \u00e0 d\u00f4me souple de 55 mm dont la r\u00e9putation n\u2019est plus \u00e0 faire. De plus, il am\u00e9liore la qualit\u00e9 sonore globale en permettant au haut-parleur de grave et au tweeter de se concentrer sur leurs plages de fr\u00e9quences sp\u00e9cifiques. La Prophecy 7 assure une reproduction pr\u00e9cise des voix et des textures instrumentales palpitantes, le tout avec une transparence remarquable.<\/p>\n","protected":false},"featured_media":9349,"template":"","meta":[],"product_brand":[],"product_cat":[90,91],"product_tag":[245],"class_list":{"0":"post-9345","1":"product","2":"type-product","3":"status-publish","4":"has-post-thumbnail","6":"product_cat-enceintes-bibliotheques-colonnes-hifi","7":"product_cat-enceintes-colonnes","8":"product_tag-pmc-audio","10":"first","11":"instock","12":"featured","13":"taxable","14":"shipping-taxable","15":"purchasable","16":"product-type-variable"},"yoast_head":"<!-- This site is optimized with the Yoast SEO plugin v27.4 - https:\/\/yoast.com\/product\/yoast-seo-wordpress\/ -->\n<title>PMC Audio Prophecy 7 - Enceinte colonne hifi - Exception Audio<\/title>\n<meta name=\"description\" content=\"La PMC Audio Prophecy 7 est une enceinte colonne HiFi 3 voies \u00e9quip\u00e9 d&#039;un m\u00e9dium \u00e0 d\u00f4me souple de 55 mm dont la r\u00e9putation n\u2019est plus \u00e0 faire.\" \/>\n<meta name=\"robots\" content=\"index, follow, max-snippet:-1, max-image-preview:large, max-video-preview:-1\" \/>\n<link rel=\"canonical\" href=\"https:\/\/exceptionaudio.fr\/site\/produit\/pmc-audio-prophecy-7\/\" \/>\n<meta property=\"og:locale\" content=\"fr_FR\" \/>\n<meta property=\"og:type\" content=\"article\" \/>\n<meta property=\"og:title\" content=\"PMC Audio Prophecy 7 - Enceinte colonne hifi - Exception Audio\" \/>\n<meta property=\"og:description\" content=\"La PMC Audio Prophecy 7 est une enceinte colonne HiFi 3 voies \u00e9quip\u00e9 d&#039;un m\u00e9dium \u00e0 d\u00f4me souple de 55 mm dont la r\u00e9putation n\u2019est plus \u00e0 faire.\" \/>\n<meta property=\"og:url\" content=\"https:\/\/exceptionaudio.fr\/site\/produit\/pmc-audio-prophecy-7\/\" \/>\n<meta property=\"og:site_name\" content=\"Exception Audio\" \/>\n<meta property=\"article:publisher\" content=\"https:\/\/www.facebook.com\/ExceptionAudio\" \/>\n<meta property=\"article:modified_time\" content=\"2026-01-21T09:33:18+00:00\" \/>\n<meta property=\"og:image\" content=\"https:\/\/exceptionaudio.fr\/site\/wp-content\/uploads\/2025\/01\/PMC-Audio-Prophecy7.jpg\" \/>\n\t<meta property=\"og:image:width\" content=\"1000\" \/>\n\t<meta property=\"og:image:height\" content=\"1000\" \/>\n\t<meta property=\"og:image:type\" content=\"image\/jpeg\" \/>\n<meta name=\"twitter:card\" content=\"summary_large_image\" \/>\n<meta name=\"twitter:label1\" content=\"Dur\u00e9e de lecture estim\u00e9e\" \/>\n\t<meta name=\"twitter:data1\" content=\"1 minute\" \/>\n<script type=\"application\/ld+json\" class=\"yoast-schema-graph\">{\"@context\":\"https:\\\/\\\/schema.org\",\"@graph\":[{\"@type\":\"WebPage\",\"@id\":\"https:\\\/\\\/exceptionaudio.fr\\\/site\\\/produit\\\/pmc-audio-prophecy-7\\\/\",\"url\":\"https:\\\/\\\/exceptionaudio.fr\\\/site\\\/produit\\\/pmc-audio-prophecy-7\\\/\",\"name\":\"PMC Audio Prophecy 7 - Enceinte colonne hifi - Exception Audio\",\"isPartOf\":{\"@id\":\"https:\\\/\\\/exceptionaudio.fr\\\/site\\\/#website\"},\"primaryImageOfPage\":{\"@id\":\"https:\\\/\\\/exceptionaudio.fr\\\/site\\\/produit\\\/pmc-audio-prophecy-7\\\/#primaryimage\"},\"image\":{\"@id\":\"https:\\\/\\\/exceptionaudio.fr\\\/site\\\/produit\\\/pmc-audio-prophecy-7\\\/#primaryimage\"},\"thumbnailUrl\":\"https:\\\/\\\/exceptionaudio.fr\\\/site\\\/wp-content\\\/uploads\\\/2025\\\/01\\\/PMC-Audio-Prophecy7.jpg\",\"datePublished\":\"2025-01-20T13:10:07+00:00\",\"dateModified\":\"2026-01-21T09:33:18+00:00\",\"description\":\"La PMC Audio Prophecy 7 est une enceinte colonne HiFi 3 voies \u00e9quip\u00e9 d'un m\u00e9dium \u00e0 d\u00f4me souple de 55 mm dont la r\u00e9putation n\u2019est plus \u00e0 faire.\",\"breadcrumb\":{\"@id\":\"https:\\\/\\\/exceptionaudio.fr\\\/site\\\/produit\\\/pmc-audio-prophecy-7\\\/#breadcrumb\"},\"inLanguage\":\"fr-FR\",\"potentialAction\":[{\"@type\":\"ReadAction\",\"target\":[\"https:\\\/\\\/exceptionaudio.fr\\\/site\\\/produit\\\/pmc-audio-prophecy-7\\\/\"]}]},{\"@type\":\"ImageObject\",\"inLanguage\":\"fr-FR\",\"@id\":\"https:\\\/\\\/exceptionaudio.fr\\\/site\\\/produit\\\/pmc-audio-prophecy-7\\\/#primaryimage\",\"url\":\"https:\\\/\\\/exceptionaudio.fr\\\/site\\\/wp-content\\\/uploads\\\/2025\\\/01\\\/PMC-Audio-Prophecy7.jpg\",\"contentUrl\":\"https:\\\/\\\/exceptionaudio.fr\\\/site\\\/wp-content\\\/uploads\\\/2025\\\/01\\\/PMC-Audio-Prophecy7.jpg\",\"width\":1000,\"height\":1000,\"caption\":\"PMC Audio Prophecy 7 enceinte colonne hifi medium \u00e0 dome souple\"},{\"@type\":\"BreadcrumbList\",\"@id\":\"https:\\\/\\\/exceptionaudio.fr\\\/site\\\/produit\\\/pmc-audio-prophecy-7\\\/#breadcrumb\",\"itemListElement\":[{\"@type\":\"ListItem\",\"position\":1,\"name\":\"Accueil\",\"item\":\"https:\\\/\\\/exceptionaudio.fr\\\/site\\\/\"},{\"@type\":\"ListItem\",\"position\":2,\"name\":\"Boutique\",\"item\":\"https:\\\/\\\/exceptionaudio.fr\\\/site\\\/boutique\\\/\"},{\"@type\":\"ListItem\",\"position\":3,\"name\":\"PMC Audio Prophecy 7\"}]},{\"@type\":\"WebSite\",\"@id\":\"https:\\\/\\\/exceptionaudio.fr\\\/site\\\/#website\",\"url\":\"https:\\\/\\\/exceptionaudio.fr\\\/site\\\/\",\"name\":\"Exception Audio\",\"description\":\"Magasin hi-fi Antibes\",\"publisher\":{\"@id\":\"https:\\\/\\\/exceptionaudio.fr\\\/site\\\/#organization\"},\"potentialAction\":[{\"@type\":\"SearchAction\",\"target\":{\"@type\":\"EntryPoint\",\"urlTemplate\":\"https:\\\/\\\/exceptionaudio.fr\\\/site\\\/?s={search_term_string}\"},\"query-input\":{\"@type\":\"PropertyValueSpecification\",\"valueRequired\":true,\"valueName\":\"search_term_string\"}}],\"inLanguage\":\"fr-FR\"},{\"@type\":\"Organization\",\"@id\":\"https:\\\/\\\/exceptionaudio.fr\\\/site\\\/#organization\",\"name\":\"Exception Audio\",\"url\":\"https:\\\/\\\/exceptionaudio.fr\\\/site\\\/\",\"logo\":{\"@type\":\"ImageObject\",\"inLanguage\":\"fr-FR\",\"@id\":\"https:\\\/\\\/exceptionaudio.fr\\\/site\\\/#\\\/schema\\\/logo\\\/image\\\/\",\"url\":\"https:\\\/\\\/exceptionaudio.fr\\\/site\\\/wp-content\\\/uploads\\\/2021\\\/10\\\/largeur-exception-audio-logos-noir.png\",\"contentUrl\":\"https:\\\/\\\/exceptionaudio.fr\\\/site\\\/wp-content\\\/uploads\\\/2021\\\/10\\\/largeur-exception-audio-logos-noir.png\",\"width\":357,\"height\":54,\"caption\":\"Exception Audio\"},\"image\":{\"@id\":\"https:\\\/\\\/exceptionaudio.fr\\\/site\\\/#\\\/schema\\\/logo\\\/image\\\/\"},\"sameAs\":[\"https:\\\/\\\/www.facebook.com\\\/ExceptionAudio\",\"https:\\\/\\\/www.instagram.com\\\/exception_audio\\\/\"]}]}<\/script>\n<!-- \/ Yoast SEO plugin. -->","yoast_head_json":{"title":"PMC Audio Prophecy 7 - Enceinte colonne hifi - Exception Audio","description":"La PMC Audio Prophecy 7 est une enceinte colonne HiFi 3 voies \u00e9quip\u00e9 d'un m\u00e9dium \u00e0 d\u00f4me souple de 55 mm dont la r\u00e9putation n\u2019est plus \u00e0 faire.","robots":{"index":"index","follow":"follow","max-snippet":"max-snippet:-1","max-image-preview":"max-image-preview:large","max-video-preview":"max-video-preview:-1"},"canonical":"https:\/\/exceptionaudio.fr\/site\/produit\/pmc-audio-prophecy-7\/","og_locale":"fr_FR","og_type":"article","og_title":"PMC Audio Prophecy 7 - Enceinte colonne hifi - Exception Audio","og_description":"La PMC Audio Prophecy 7 est une enceinte colonne HiFi 3 voies \u00e9quip\u00e9 d'un m\u00e9dium \u00e0 d\u00f4me souple de 55 mm dont la r\u00e9putation n\u2019est plus \u00e0 faire.","og_url":"https:\/\/exceptionaudio.fr\/site\/produit\/pmc-audio-prophecy-7\/","og_site_name":"Exception Audio","article_publisher":"https:\/\/www.facebook.com\/ExceptionAudio","article_modified_time":"2026-01-21T09:33:18+00:00","og_image":[{"width":1000,"height":1000,"url":"https:\/\/exceptionaudio.fr\/site\/wp-content\/uploads\/2025\/01\/PMC-Audio-Prophecy7.jpg","type":"image\/jpeg"}],"twitter_card":"summary_large_image","twitter_misc":{"Dur\u00e9e de lecture estim\u00e9e":"1 minute"},"schema":{"@context":"https:\/\/schema.org","@graph":[{"@type":"WebPage","@id":"https:\/\/exceptionaudio.fr\/site\/produit\/pmc-audio-prophecy-7\/","url":"https:\/\/exceptionaudio.fr\/site\/produit\/pmc-audio-prophecy-7\/","name":"PMC Audio Prophecy 7 - Enceinte colonne hifi - Exception Audio","isPartOf":{"@id":"https:\/\/exceptionaudio.fr\/site\/#website"},"primaryImageOfPage":{"@id":"https:\/\/exceptionaudio.fr\/site\/produit\/pmc-audio-prophecy-7\/#primaryimage"},"image":{"@id":"https:\/\/exceptionaudio.fr\/site\/produit\/pmc-audio-prophecy-7\/#primaryimage"},"thumbnailUrl":"https:\/\/exceptionaudio.fr\/site\/wp-content\/uploads\/2025\/01\/PMC-Audio-Prophecy7.jpg","datePublished":"2025-01-20T13:10:07+00:00","dateModified":"2026-01-21T09:33:18+00:00","description":"La PMC Audio Prophecy 7 est une enceinte colonne HiFi 3 voies \u00e9quip\u00e9 d'un m\u00e9dium \u00e0 d\u00f4me souple de 55 mm dont la r\u00e9putation n\u2019est plus \u00e0 faire.","breadcrumb":{"@id":"https:\/\/exceptionaudio.fr\/site\/produit\/pmc-audio-prophecy-7\/#breadcrumb"},"inLanguage":"fr-FR","potentialAction":[{"@type":"ReadAction","target":["https:\/\/exceptionaudio.fr\/site\/produit\/pmc-audio-prophecy-7\/"]}]},{"@type":"ImageObject","inLanguage":"fr-FR","@id":"https:\/\/exceptionaudio.fr\/site\/produit\/pmc-audio-prophecy-7\/#primaryimage","url":"https:\/\/exceptionaudio.fr\/site\/wp-content\/uploads\/2025\/01\/PMC-Audio-Prophecy7.jpg","contentUrl":"https:\/\/exceptionaudio.fr\/site\/wp-content\/uploads\/2025\/01\/PMC-Audio-Prophecy7.jpg","width":1000,"height":1000,"caption":"PMC Audio Prophecy 7 enceinte colonne hifi medium \u00e0 dome souple"},{"@type":"BreadcrumbList","@id":"https:\/\/exceptionaudio.fr\/site\/produit\/pmc-audio-prophecy-7\/#breadcrumb","itemListElement":[{"@type":"ListItem","position":1,"name":"Accueil","item":"https:\/\/exceptionaudio.fr\/site\/"},{"@type":"ListItem","position":2,"name":"Boutique","item":"https:\/\/exceptionaudio.fr\/site\/boutique\/"},{"@type":"ListItem","position":3,"name":"PMC Audio Prophecy 7"}]},{"@type":"WebSite","@id":"https:\/\/exceptionaudio.fr\/site\/#website","url":"https:\/\/exceptionaudio.fr\/site\/","name":"Exception Audio","description":"Magasin hi-fi Antibes","publisher":{"@id":"https:\/\/exceptionaudio.fr\/site\/#organization"},"potentialAction":[{"@type":"SearchAction","target":{"@type":"EntryPoint","urlTemplate":"https:\/\/exceptionaudio.fr\/site\/?s={search_term_string}"},"query-input":{"@type":"PropertyValueSpecification","valueRequired":true,"valueName":"search_term_string"}}],"inLanguage":"fr-FR"},{"@type":"Organization","@id":"https:\/\/exceptionaudio.fr\/site\/#organization","name":"Exception Audio","url":"https:\/\/exceptionaudio.fr\/site\/","logo":{"@type":"ImageObject","inLanguage":"fr-FR","@id":"https:\/\/exceptionaudio.fr\/site\/#\/schema\/logo\/image\/","url":"https:\/\/exceptionaudio.fr\/site\/wp-content\/uploads\/2021\/10\/largeur-exception-audio-logos-noir.png","contentUrl":"https:\/\/exceptionaudio.fr\/site\/wp-content\/uploads\/2021\/10\/largeur-exception-audio-logos-noir.png","width":357,"height":54,"caption":"Exception Audio"},"image":{"@id":"https:\/\/exceptionaudio.fr\/site\/#\/schema\/logo\/image\/"},"sameAs":["https:\/\/www.facebook.com\/ExceptionAudio","https:\/\/www.instagram.com\/exception_audio\/"]}]}},"_links":{"self":[{"href":"https:\/\/exceptionaudio.fr\/site\/wp-json\/wp\/v2\/product\/9345","targetHints":{"allow":["GET"]}}],"collection":[{"href":"https:\/\/exceptionaudio.fr\/site\/wp-json\/wp\/v2\/product"}],"about":[{"href":"https:\/\/exceptionaudio.fr\/site\/wp-json\/wp\/v2\/types\/product"}],"version-history":[{"count":1,"href":"https:\/\/exceptionaudio.fr\/site\/wp-json\/wp\/v2\/product\/9345\/revisions"}],"predecessor-version":[{"id":9351,"href":"https:\/\/exceptionaudio.fr\/site\/wp-json\/wp\/v2\/product\/9345\/revisions\/9351"}],"wp:featuredmedia":[{"embeddable":true,"href":"https:\/\/exceptionaudio.fr\/site\/wp-json\/wp\/v2\/media\/9349"}],"wp:attachment":[{"href":"https:\/\/exceptionaudio.fr\/site\/wp-json\/wp\/v2\/media?parent=9345"}],"wp:term":[{"taxonomy":"product_brand","embeddable":true,"href":"https:\/\/exceptionaudio.fr\/site\/wp-json\/wp\/v2\/product_brand?post=9345"},{"taxonomy":"product_cat","embeddable":true,"href":"https:\/\/exceptionaudio.fr\/site\/wp-json\/wp\/v2\/product_cat?post=9345"},{"taxonomy":"product_tag","embeddable":true,"href":"https:\/\/exceptionaudio.fr\/site\/wp-json\/wp\/v2\/product_tag?post=9345"}],"curies":[{"name":"wp","href":"https:\/\/api.w.org\/{rel}","templated":true}]}}