{"id":9352,"date":"2025-01-21T09:55:04","date_gmt":"2025-01-21T08:55:04","guid":{"rendered":"https:\/\/exceptionaudio.fr\/site\/?post_type=product&#038;p=9352"},"modified":"2026-02-10T08:48:50","modified_gmt":"2026-02-10T07:48:50","slug":"the-alan-parsons-project-eye-in-the-sky","status":"publish","type":"product","link":"https:\/\/exceptionaudio.fr\/site\/produit\/the-alan-parsons-project-eye-in-the-sky\/","title":{"rendered":"The Alan Parsons Project &#8211; Eye in the Sky"},"content":{"rendered":"","protected":false},"excerpt":{"rendered":"<p style=\"font-weight: 400;\">Eye in the Sky est le sixi\u00e8me album studio du groupe de rock britannique The Alan Parsons Project, paru en 1982. Cet album est l&rsquo;histoire d&rsquo;une rencontre entre Eric Woolfson et Alan Parsons en 1974 dans les mythiques studios londoniens d\u2019Abbey Road. Le r\u00e9sultat est une composition qui s\u2019approche du pinacle de la cr\u00e9ativit\u00e9 du groupe, un rock progressif m\u00ealant harmonies et orchestration symphonique.<\/p>\n<p>Red\u00e9couvrez ce disque vinyle dans une version audiophile du label Speakers Corner.<\/p>\n","protected":false},"featured_media":9353,"template":"","meta":[],"product_brand":[],"product_cat":[209],"product_tag":[210],"class_list":{"0":"post-9352","1":"product","2":"type-product","3":"status-publish","4":"has-post-thumbnail","6":"product_cat-disques-vinyles-audiophiles","7":"product_tag-disques-vinyles-speakers-corner","9":"first","10":"outofstock","11":"taxable","12":"shipping-taxable","13":"purchasable","14":"product-type-simple"},"yoast_head":"<!-- This site is optimized with the Yoast SEO plugin v27.4 - https:\/\/yoast.com\/product\/yoast-seo-wordpress\/ -->\n<title>The Alan Parsons Project Eye in the Sky - Vinyle audiophile - Exception Audio<\/title>\n<meta name=\"description\" content=\"The Alan Parsons Project - Eye in the Sky : Disque vinyle audiophile rock du label Speakers Corner. Exploiter 100% de votre platine vinyle !\" \/>\n<meta name=\"robots\" content=\"index, follow, max-snippet:-1, max-image-preview:large, max-video-preview:-1\" \/>\n<link rel=\"canonical\" href=\"https:\/\/exceptionaudio.fr\/site\/produit\/the-alan-parsons-project-eye-in-the-sky\/\" \/>\n<meta property=\"og:locale\" content=\"fr_FR\" \/>\n<meta property=\"og:type\" content=\"article\" \/>\n<meta property=\"og:title\" content=\"The Alan Parsons Project Eye in the Sky - Vinyle audiophile - Exception Audio\" \/>\n<meta property=\"og:description\" content=\"The Alan Parsons Project - Eye in the Sky : Disque vinyle audiophile rock du label Speakers Corner. Exploiter 100% de votre platine vinyle !\" \/>\n<meta property=\"og:url\" content=\"https:\/\/exceptionaudio.fr\/site\/produit\/the-alan-parsons-project-eye-in-the-sky\/\" \/>\n<meta property=\"og:site_name\" content=\"Exception Audio\" \/>\n<meta property=\"article:publisher\" content=\"https:\/\/www.facebook.com\/ExceptionAudio\" \/>\n<meta property=\"article:modified_time\" content=\"2026-02-10T07:48:50+00:00\" \/>\n<meta property=\"og:image\" content=\"https:\/\/exceptionaudio.fr\/site\/wp-content\/uploads\/2025\/01\/The-Alan-Parsons-Project-Eye-in-the-Sky.jpg\" \/>\n\t<meta property=\"og:image:width\" content=\"1000\" \/>\n\t<meta property=\"og:image:height\" content=\"1000\" \/>\n\t<meta property=\"og:image:type\" content=\"image\/jpeg\" \/>\n<meta name=\"twitter:card\" content=\"summary_large_image\" \/>\n<meta name=\"twitter:label1\" content=\"Dur\u00e9e de lecture estim\u00e9e\" \/>\n\t<meta name=\"twitter:data1\" content=\"1 minute\" \/>\n<script type=\"application\/ld+json\" class=\"yoast-schema-graph\">{\"@context\":\"https:\\\/\\\/schema.org\",\"@graph\":[{\"@type\":\"WebPage\",\"@id\":\"https:\\\/\\\/exceptionaudio.fr\\\/site\\\/produit\\\/the-alan-parsons-project-eye-in-the-sky\\\/\",\"url\":\"https:\\\/\\\/exceptionaudio.fr\\\/site\\\/produit\\\/the-alan-parsons-project-eye-in-the-sky\\\/\",\"name\":\"The Alan Parsons Project Eye in the Sky - Vinyle audiophile - Exception Audio\",\"isPartOf\":{\"@id\":\"https:\\\/\\\/exceptionaudio.fr\\\/site\\\/#website\"},\"primaryImageOfPage\":{\"@id\":\"https:\\\/\\\/exceptionaudio.fr\\\/site\\\/produit\\\/the-alan-parsons-project-eye-in-the-sky\\\/#primaryimage\"},\"image\":{\"@id\":\"https:\\\/\\\/exceptionaudio.fr\\\/site\\\/produit\\\/the-alan-parsons-project-eye-in-the-sky\\\/#primaryimage\"},\"thumbnailUrl\":\"https:\\\/\\\/exceptionaudio.fr\\\/site\\\/wp-content\\\/uploads\\\/2025\\\/01\\\/The-Alan-Parsons-Project-Eye-in-the-Sky.jpg\",\"datePublished\":\"2025-01-21T08:55:04+00:00\",\"dateModified\":\"2026-02-10T07:48:50+00:00\",\"description\":\"The Alan Parsons Project - Eye in the Sky : Disque vinyle audiophile rock du label Speakers Corner. Exploiter 100% de votre platine vinyle !\",\"breadcrumb\":{\"@id\":\"https:\\\/\\\/exceptionaudio.fr\\\/site\\\/produit\\\/the-alan-parsons-project-eye-in-the-sky\\\/#breadcrumb\"},\"inLanguage\":\"fr-FR\",\"potentialAction\":[{\"@type\":\"ReadAction\",\"target\":[\"https:\\\/\\\/exceptionaudio.fr\\\/site\\\/produit\\\/the-alan-parsons-project-eye-in-the-sky\\\/\"]}]},{\"@type\":\"ImageObject\",\"inLanguage\":\"fr-FR\",\"@id\":\"https:\\\/\\\/exceptionaudio.fr\\\/site\\\/produit\\\/the-alan-parsons-project-eye-in-the-sky\\\/#primaryimage\",\"url\":\"https:\\\/\\\/exceptionaudio.fr\\\/site\\\/wp-content\\\/uploads\\\/2025\\\/01\\\/The-Alan-Parsons-Project-Eye-in-the-Sky.jpg\",\"contentUrl\":\"https:\\\/\\\/exceptionaudio.fr\\\/site\\\/wp-content\\\/uploads\\\/2025\\\/01\\\/The-Alan-Parsons-Project-Eye-in-the-Sky.jpg\",\"width\":1000,\"height\":1000,\"caption\":\"The Alan Parsons Project Eye in the Sky disque vinyle analogique audiophile\"},{\"@type\":\"BreadcrumbList\",\"@id\":\"https:\\\/\\\/exceptionaudio.fr\\\/site\\\/produit\\\/the-alan-parsons-project-eye-in-the-sky\\\/#breadcrumb\",\"itemListElement\":[{\"@type\":\"ListItem\",\"position\":1,\"name\":\"Accueil\",\"item\":\"https:\\\/\\\/exceptionaudio.fr\\\/site\\\/\"},{\"@type\":\"ListItem\",\"position\":2,\"name\":\"Boutique\",\"item\":\"https:\\\/\\\/exceptionaudio.fr\\\/site\\\/boutique\\\/\"},{\"@type\":\"ListItem\",\"position\":3,\"name\":\"The Alan Parsons Project &#8211; Eye in the Sky\"}]},{\"@type\":\"WebSite\",\"@id\":\"https:\\\/\\\/exceptionaudio.fr\\\/site\\\/#website\",\"url\":\"https:\\\/\\\/exceptionaudio.fr\\\/site\\\/\",\"name\":\"Exception Audio\",\"description\":\"Magasin hi-fi Antibes\",\"publisher\":{\"@id\":\"https:\\\/\\\/exceptionaudio.fr\\\/site\\\/#organization\"},\"potentialAction\":[{\"@type\":\"SearchAction\",\"target\":{\"@type\":\"EntryPoint\",\"urlTemplate\":\"https:\\\/\\\/exceptionaudio.fr\\\/site\\\/?s={search_term_string}\"},\"query-input\":{\"@type\":\"PropertyValueSpecification\",\"valueRequired\":true,\"valueName\":\"search_term_string\"}}],\"inLanguage\":\"fr-FR\"},{\"@type\":\"Organization\",\"@id\":\"https:\\\/\\\/exceptionaudio.fr\\\/site\\\/#organization\",\"name\":\"Exception Audio\",\"url\":\"https:\\\/\\\/exceptionaudio.fr\\\/site\\\/\",\"logo\":{\"@type\":\"ImageObject\",\"inLanguage\":\"fr-FR\",\"@id\":\"https:\\\/\\\/exceptionaudio.fr\\\/site\\\/#\\\/schema\\\/logo\\\/image\\\/\",\"url\":\"https:\\\/\\\/exceptionaudio.fr\\\/site\\\/wp-content\\\/uploads\\\/2021\\\/10\\\/largeur-exception-audio-logos-noir.png\",\"contentUrl\":\"https:\\\/\\\/exceptionaudio.fr\\\/site\\\/wp-content\\\/uploads\\\/2021\\\/10\\\/largeur-exception-audio-logos-noir.png\",\"width\":357,\"height\":54,\"caption\":\"Exception Audio\"},\"image\":{\"@id\":\"https:\\\/\\\/exceptionaudio.fr\\\/site\\\/#\\\/schema\\\/logo\\\/image\\\/\"},\"sameAs\":[\"https:\\\/\\\/www.facebook.com\\\/ExceptionAudio\",\"https:\\\/\\\/www.instagram.com\\\/exception_audio\\\/\"]}]}<\/script>\n<!-- \/ Yoast SEO plugin. -->","yoast_head_json":{"title":"The Alan Parsons Project Eye in the Sky - Vinyle audiophile - Exception Audio","description":"The Alan Parsons Project - Eye in the Sky : Disque vinyle audiophile rock du label Speakers Corner. Exploiter 100% de votre platine vinyle !","robots":{"index":"index","follow":"follow","max-snippet":"max-snippet:-1","max-image-preview":"max-image-preview:large","max-video-preview":"max-video-preview:-1"},"canonical":"https:\/\/exceptionaudio.fr\/site\/produit\/the-alan-parsons-project-eye-in-the-sky\/","og_locale":"fr_FR","og_type":"article","og_title":"The Alan Parsons Project Eye in the Sky - Vinyle audiophile - Exception Audio","og_description":"The Alan Parsons Project - Eye in the Sky : Disque vinyle audiophile rock du label Speakers Corner. Exploiter 100% de votre platine vinyle !","og_url":"https:\/\/exceptionaudio.fr\/site\/produit\/the-alan-parsons-project-eye-in-the-sky\/","og_site_name":"Exception Audio","article_publisher":"https:\/\/www.facebook.com\/ExceptionAudio","article_modified_time":"2026-02-10T07:48:50+00:00","og_image":[{"width":1000,"height":1000,"url":"https:\/\/exceptionaudio.fr\/site\/wp-content\/uploads\/2025\/01\/The-Alan-Parsons-Project-Eye-in-the-Sky.jpg","type":"image\/jpeg"}],"twitter_card":"summary_large_image","twitter_misc":{"Dur\u00e9e de lecture estim\u00e9e":"1 minute"},"schema":{"@context":"https:\/\/schema.org","@graph":[{"@type":"WebPage","@id":"https:\/\/exceptionaudio.fr\/site\/produit\/the-alan-parsons-project-eye-in-the-sky\/","url":"https:\/\/exceptionaudio.fr\/site\/produit\/the-alan-parsons-project-eye-in-the-sky\/","name":"The Alan Parsons Project Eye in the Sky - Vinyle audiophile - Exception Audio","isPartOf":{"@id":"https:\/\/exceptionaudio.fr\/site\/#website"},"primaryImageOfPage":{"@id":"https:\/\/exceptionaudio.fr\/site\/produit\/the-alan-parsons-project-eye-in-the-sky\/#primaryimage"},"image":{"@id":"https:\/\/exceptionaudio.fr\/site\/produit\/the-alan-parsons-project-eye-in-the-sky\/#primaryimage"},"thumbnailUrl":"https:\/\/exceptionaudio.fr\/site\/wp-content\/uploads\/2025\/01\/The-Alan-Parsons-Project-Eye-in-the-Sky.jpg","datePublished":"2025-01-21T08:55:04+00:00","dateModified":"2026-02-10T07:48:50+00:00","description":"The Alan Parsons Project - Eye in the Sky : Disque vinyle audiophile rock du label Speakers Corner. Exploiter 100% de votre platine vinyle !","breadcrumb":{"@id":"https:\/\/exceptionaudio.fr\/site\/produit\/the-alan-parsons-project-eye-in-the-sky\/#breadcrumb"},"inLanguage":"fr-FR","potentialAction":[{"@type":"ReadAction","target":["https:\/\/exceptionaudio.fr\/site\/produit\/the-alan-parsons-project-eye-in-the-sky\/"]}]},{"@type":"ImageObject","inLanguage":"fr-FR","@id":"https:\/\/exceptionaudio.fr\/site\/produit\/the-alan-parsons-project-eye-in-the-sky\/#primaryimage","url":"https:\/\/exceptionaudio.fr\/site\/wp-content\/uploads\/2025\/01\/The-Alan-Parsons-Project-Eye-in-the-Sky.jpg","contentUrl":"https:\/\/exceptionaudio.fr\/site\/wp-content\/uploads\/2025\/01\/The-Alan-Parsons-Project-Eye-in-the-Sky.jpg","width":1000,"height":1000,"caption":"The Alan Parsons Project Eye in the Sky disque vinyle analogique audiophile"},{"@type":"BreadcrumbList","@id":"https:\/\/exceptionaudio.fr\/site\/produit\/the-alan-parsons-project-eye-in-the-sky\/#breadcrumb","itemListElement":[{"@type":"ListItem","position":1,"name":"Accueil","item":"https:\/\/exceptionaudio.fr\/site\/"},{"@type":"ListItem","position":2,"name":"Boutique","item":"https:\/\/exceptionaudio.fr\/site\/boutique\/"},{"@type":"ListItem","position":3,"name":"The Alan Parsons Project &#8211; Eye in the Sky"}]},{"@type":"WebSite","@id":"https:\/\/exceptionaudio.fr\/site\/#website","url":"https:\/\/exceptionaudio.fr\/site\/","name":"Exception Audio","description":"Magasin hi-fi Antibes","publisher":{"@id":"https:\/\/exceptionaudio.fr\/site\/#organization"},"potentialAction":[{"@type":"SearchAction","target":{"@type":"EntryPoint","urlTemplate":"https:\/\/exceptionaudio.fr\/site\/?s={search_term_string}"},"query-input":{"@type":"PropertyValueSpecification","valueRequired":true,"valueName":"search_term_string"}}],"inLanguage":"fr-FR"},{"@type":"Organization","@id":"https:\/\/exceptionaudio.fr\/site\/#organization","name":"Exception Audio","url":"https:\/\/exceptionaudio.fr\/site\/","logo":{"@type":"ImageObject","inLanguage":"fr-FR","@id":"https:\/\/exceptionaudio.fr\/site\/#\/schema\/logo\/image\/","url":"https:\/\/exceptionaudio.fr\/site\/wp-content\/uploads\/2021\/10\/largeur-exception-audio-logos-noir.png","contentUrl":"https:\/\/exceptionaudio.fr\/site\/wp-content\/uploads\/2021\/10\/largeur-exception-audio-logos-noir.png","width":357,"height":54,"caption":"Exception Audio"},"image":{"@id":"https:\/\/exceptionaudio.fr\/site\/#\/schema\/logo\/image\/"},"sameAs":["https:\/\/www.facebook.com\/ExceptionAudio","https:\/\/www.instagram.com\/exception_audio\/"]}]}},"_links":{"self":[{"href":"https:\/\/exceptionaudio.fr\/site\/wp-json\/wp\/v2\/product\/9352","targetHints":{"allow":["GET"]}}],"collection":[{"href":"https:\/\/exceptionaudio.fr\/site\/wp-json\/wp\/v2\/product"}],"about":[{"href":"https:\/\/exceptionaudio.fr\/site\/wp-json\/wp\/v2\/types\/product"}],"version-history":[{"count":1,"href":"https:\/\/exceptionaudio.fr\/site\/wp-json\/wp\/v2\/product\/9352\/revisions"}],"predecessor-version":[{"id":9354,"href":"https:\/\/exceptionaudio.fr\/site\/wp-json\/wp\/v2\/product\/9352\/revisions\/9354"}],"wp:featuredmedia":[{"embeddable":true,"href":"https:\/\/exceptionaudio.fr\/site\/wp-json\/wp\/v2\/media\/9353"}],"wp:attachment":[{"href":"https:\/\/exceptionaudio.fr\/site\/wp-json\/wp\/v2\/media?parent=9352"}],"wp:term":[{"taxonomy":"product_brand","embeddable":true,"href":"https:\/\/exceptionaudio.fr\/site\/wp-json\/wp\/v2\/product_brand?post=9352"},{"taxonomy":"product_cat","embeddable":true,"href":"https:\/\/exceptionaudio.fr\/site\/wp-json\/wp\/v2\/product_cat?post=9352"},{"taxonomy":"product_tag","embeddable":true,"href":"https:\/\/exceptionaudio.fr\/site\/wp-json\/wp\/v2\/product_tag?post=9352"}],"curies":[{"name":"wp","href":"https:\/\/api.w.org\/{rel}","templated":true}]}}