{"id":9355,"date":"2025-01-22T09:49:07","date_gmt":"2025-01-22T08:49:07","guid":{"rendered":"https:\/\/exceptionaudio.fr\/site\/?post_type=product&#038;p=9355"},"modified":"2025-01-22T09:58:47","modified_gmt":"2025-01-22T08:58:47","slug":"phil-woods-with-strings-the-thrill-is-gone","status":"publish","type":"product","link":"https:\/\/exceptionaudio.fr\/site\/produit\/phil-woods-with-strings-the-thrill-is-gone\/","title":{"rendered":"Phil Woods with Strings  &#8211; The Thrill is Gone"},"content":{"rendered":"","protected":false},"excerpt":{"rendered":"<p>The Thrill is Gone a \u00e9t\u00e9 enregistr\u00e9 lors d&rsquo;une session en 2002 au Red Rock Recording Studio, pr\u00e8s de la maison de Phil Woods, en Pennsylvanie. Comme \u00e0 son habitude, il est accompagn\u00e9 de Bill Charlap, Steve Gilmore et Bill Goodwin mais aussi de cordes dirig\u00e9es par son vieil ami Eric Doney sur cette collection de ballades. Le pressage a \u00e9t\u00e9 r\u00e9alis\u00e9 en 2002 par Venus Records au Japon.<\/p>\n","protected":false},"featured_media":9356,"template":"","meta":[],"product_brand":[],"product_cat":[209],"product_tag":[211],"class_list":{"0":"post-9355","1":"product","2":"type-product","3":"status-publish","4":"has-post-thumbnail","6":"product_cat-disques-vinyles-audiophiles","7":"product_tag-disques-vinyles-venus-records","9":"first","10":"instock","11":"taxable","12":"shipping-taxable","13":"purchasable","14":"product-type-simple"},"yoast_head":"<!-- This site is optimized with the Yoast SEO plugin v27.4 - https:\/\/yoast.com\/product\/yoast-seo-wordpress\/ -->\n<title>Phil Woods The Thrill is Gone - Disque vinyle audiophile - Exception Audio<\/title>\n<meta name=\"description\" content=\"Phil Woods with Strings The Thrill is Gone : Disque vinyle audiophile jazz du label Venus Records. Exploiter 100% de votre platine vinyle hifi.\" \/>\n<meta name=\"robots\" content=\"index, follow, max-snippet:-1, max-image-preview:large, max-video-preview:-1\" \/>\n<link rel=\"canonical\" href=\"https:\/\/exceptionaudio.fr\/site\/produit\/phil-woods-with-strings-the-thrill-is-gone\/\" \/>\n<meta property=\"og:locale\" content=\"fr_FR\" \/>\n<meta property=\"og:type\" content=\"article\" \/>\n<meta property=\"og:title\" content=\"Phil Woods The Thrill is Gone - Disque vinyle audiophile - Exception Audio\" \/>\n<meta property=\"og:description\" content=\"Phil Woods with Strings The Thrill is Gone : Disque vinyle audiophile jazz du label Venus Records. Exploiter 100% de votre platine vinyle hifi.\" \/>\n<meta property=\"og:url\" content=\"https:\/\/exceptionaudio.fr\/site\/produit\/phil-woods-with-strings-the-thrill-is-gone\/\" \/>\n<meta property=\"og:site_name\" content=\"Exception Audio\" \/>\n<meta property=\"article:publisher\" content=\"https:\/\/www.facebook.com\/ExceptionAudio\" \/>\n<meta property=\"article:modified_time\" content=\"2025-01-22T08:58:47+00:00\" \/>\n<meta property=\"og:image\" content=\"https:\/\/exceptionaudio.fr\/site\/wp-content\/uploads\/2025\/01\/Phil-Woods-The-Thrill-is-Gone.jpg\" \/>\n\t<meta property=\"og:image:width\" content=\"1000\" \/>\n\t<meta property=\"og:image:height\" content=\"1000\" \/>\n\t<meta property=\"og:image:type\" content=\"image\/jpeg\" \/>\n<meta name=\"twitter:card\" content=\"summary_large_image\" \/>\n<meta name=\"twitter:label1\" content=\"Dur\u00e9e de lecture estim\u00e9e\" \/>\n\t<meta name=\"twitter:data1\" content=\"1 minute\" \/>\n<script type=\"application\/ld+json\" class=\"yoast-schema-graph\">{\"@context\":\"https:\\\/\\\/schema.org\",\"@graph\":[{\"@type\":\"WebPage\",\"@id\":\"https:\\\/\\\/exceptionaudio.fr\\\/site\\\/produit\\\/phil-woods-with-strings-the-thrill-is-gone\\\/\",\"url\":\"https:\\\/\\\/exceptionaudio.fr\\\/site\\\/produit\\\/phil-woods-with-strings-the-thrill-is-gone\\\/\",\"name\":\"Phil Woods The Thrill is Gone - Disque vinyle audiophile - Exception Audio\",\"isPartOf\":{\"@id\":\"https:\\\/\\\/exceptionaudio.fr\\\/site\\\/#website\"},\"primaryImageOfPage\":{\"@id\":\"https:\\\/\\\/exceptionaudio.fr\\\/site\\\/produit\\\/phil-woods-with-strings-the-thrill-is-gone\\\/#primaryimage\"},\"image\":{\"@id\":\"https:\\\/\\\/exceptionaudio.fr\\\/site\\\/produit\\\/phil-woods-with-strings-the-thrill-is-gone\\\/#primaryimage\"},\"thumbnailUrl\":\"https:\\\/\\\/exceptionaudio.fr\\\/site\\\/wp-content\\\/uploads\\\/2025\\\/01\\\/Phil-Woods-The-Thrill-is-Gone.jpg\",\"datePublished\":\"2025-01-22T08:49:07+00:00\",\"dateModified\":\"2025-01-22T08:58:47+00:00\",\"description\":\"Phil Woods with Strings The Thrill is Gone : Disque vinyle audiophile jazz du label Venus Records. Exploiter 100% de votre platine vinyle hifi.\",\"breadcrumb\":{\"@id\":\"https:\\\/\\\/exceptionaudio.fr\\\/site\\\/produit\\\/phil-woods-with-strings-the-thrill-is-gone\\\/#breadcrumb\"},\"inLanguage\":\"fr-FR\",\"potentialAction\":[{\"@type\":\"ReadAction\",\"target\":[\"https:\\\/\\\/exceptionaudio.fr\\\/site\\\/produit\\\/phil-woods-with-strings-the-thrill-is-gone\\\/\"]}]},{\"@type\":\"ImageObject\",\"inLanguage\":\"fr-FR\",\"@id\":\"https:\\\/\\\/exceptionaudio.fr\\\/site\\\/produit\\\/phil-woods-with-strings-the-thrill-is-gone\\\/#primaryimage\",\"url\":\"https:\\\/\\\/exceptionaudio.fr\\\/site\\\/wp-content\\\/uploads\\\/2025\\\/01\\\/Phil-Woods-The-Thrill-is-Gone.jpg\",\"contentUrl\":\"https:\\\/\\\/exceptionaudio.fr\\\/site\\\/wp-content\\\/uploads\\\/2025\\\/01\\\/Phil-Woods-The-Thrill-is-Gone.jpg\",\"width\":1000,\"height\":1000,\"caption\":\"Phil Woods with strings The Thrill is Gone disque vinyle audiophile Venus Records\"},{\"@type\":\"BreadcrumbList\",\"@id\":\"https:\\\/\\\/exceptionaudio.fr\\\/site\\\/produit\\\/phil-woods-with-strings-the-thrill-is-gone\\\/#breadcrumb\",\"itemListElement\":[{\"@type\":\"ListItem\",\"position\":1,\"name\":\"Accueil\",\"item\":\"https:\\\/\\\/exceptionaudio.fr\\\/site\\\/\"},{\"@type\":\"ListItem\",\"position\":2,\"name\":\"Boutique\",\"item\":\"https:\\\/\\\/exceptionaudio.fr\\\/site\\\/boutique\\\/\"},{\"@type\":\"ListItem\",\"position\":3,\"name\":\"Phil Woods with Strings &#8211; The Thrill is Gone\"}]},{\"@type\":\"WebSite\",\"@id\":\"https:\\\/\\\/exceptionaudio.fr\\\/site\\\/#website\",\"url\":\"https:\\\/\\\/exceptionaudio.fr\\\/site\\\/\",\"name\":\"Exception Audio\",\"description\":\"Magasin hi-fi Antibes\",\"publisher\":{\"@id\":\"https:\\\/\\\/exceptionaudio.fr\\\/site\\\/#organization\"},\"potentialAction\":[{\"@type\":\"SearchAction\",\"target\":{\"@type\":\"EntryPoint\",\"urlTemplate\":\"https:\\\/\\\/exceptionaudio.fr\\\/site\\\/?s={search_term_string}\"},\"query-input\":{\"@type\":\"PropertyValueSpecification\",\"valueRequired\":true,\"valueName\":\"search_term_string\"}}],\"inLanguage\":\"fr-FR\"},{\"@type\":\"Organization\",\"@id\":\"https:\\\/\\\/exceptionaudio.fr\\\/site\\\/#organization\",\"name\":\"Exception Audio\",\"url\":\"https:\\\/\\\/exceptionaudio.fr\\\/site\\\/\",\"logo\":{\"@type\":\"ImageObject\",\"inLanguage\":\"fr-FR\",\"@id\":\"https:\\\/\\\/exceptionaudio.fr\\\/site\\\/#\\\/schema\\\/logo\\\/image\\\/\",\"url\":\"https:\\\/\\\/exceptionaudio.fr\\\/site\\\/wp-content\\\/uploads\\\/2021\\\/10\\\/largeur-exception-audio-logos-noir.png\",\"contentUrl\":\"https:\\\/\\\/exceptionaudio.fr\\\/site\\\/wp-content\\\/uploads\\\/2021\\\/10\\\/largeur-exception-audio-logos-noir.png\",\"width\":357,\"height\":54,\"caption\":\"Exception Audio\"},\"image\":{\"@id\":\"https:\\\/\\\/exceptionaudio.fr\\\/site\\\/#\\\/schema\\\/logo\\\/image\\\/\"},\"sameAs\":[\"https:\\\/\\\/www.facebook.com\\\/ExceptionAudio\",\"https:\\\/\\\/www.instagram.com\\\/exception_audio\\\/\"]}]}<\/script>\n<!-- \/ Yoast SEO plugin. -->","yoast_head_json":{"title":"Phil Woods The Thrill is Gone - Disque vinyle audiophile - Exception Audio","description":"Phil Woods with Strings The Thrill is Gone : Disque vinyle audiophile jazz du label Venus Records. Exploiter 100% de votre platine vinyle hifi.","robots":{"index":"index","follow":"follow","max-snippet":"max-snippet:-1","max-image-preview":"max-image-preview:large","max-video-preview":"max-video-preview:-1"},"canonical":"https:\/\/exceptionaudio.fr\/site\/produit\/phil-woods-with-strings-the-thrill-is-gone\/","og_locale":"fr_FR","og_type":"article","og_title":"Phil Woods The Thrill is Gone - Disque vinyle audiophile - Exception Audio","og_description":"Phil Woods with Strings The Thrill is Gone : Disque vinyle audiophile jazz du label Venus Records. Exploiter 100% de votre platine vinyle hifi.","og_url":"https:\/\/exceptionaudio.fr\/site\/produit\/phil-woods-with-strings-the-thrill-is-gone\/","og_site_name":"Exception Audio","article_publisher":"https:\/\/www.facebook.com\/ExceptionAudio","article_modified_time":"2025-01-22T08:58:47+00:00","og_image":[{"width":1000,"height":1000,"url":"https:\/\/exceptionaudio.fr\/site\/wp-content\/uploads\/2025\/01\/Phil-Woods-The-Thrill-is-Gone.jpg","type":"image\/jpeg"}],"twitter_card":"summary_large_image","twitter_misc":{"Dur\u00e9e de lecture estim\u00e9e":"1 minute"},"schema":{"@context":"https:\/\/schema.org","@graph":[{"@type":"WebPage","@id":"https:\/\/exceptionaudio.fr\/site\/produit\/phil-woods-with-strings-the-thrill-is-gone\/","url":"https:\/\/exceptionaudio.fr\/site\/produit\/phil-woods-with-strings-the-thrill-is-gone\/","name":"Phil Woods The Thrill is Gone - Disque vinyle audiophile - Exception Audio","isPartOf":{"@id":"https:\/\/exceptionaudio.fr\/site\/#website"},"primaryImageOfPage":{"@id":"https:\/\/exceptionaudio.fr\/site\/produit\/phil-woods-with-strings-the-thrill-is-gone\/#primaryimage"},"image":{"@id":"https:\/\/exceptionaudio.fr\/site\/produit\/phil-woods-with-strings-the-thrill-is-gone\/#primaryimage"},"thumbnailUrl":"https:\/\/exceptionaudio.fr\/site\/wp-content\/uploads\/2025\/01\/Phil-Woods-The-Thrill-is-Gone.jpg","datePublished":"2025-01-22T08:49:07+00:00","dateModified":"2025-01-22T08:58:47+00:00","description":"Phil Woods with Strings The Thrill is Gone : Disque vinyle audiophile jazz du label Venus Records. Exploiter 100% de votre platine vinyle hifi.","breadcrumb":{"@id":"https:\/\/exceptionaudio.fr\/site\/produit\/phil-woods-with-strings-the-thrill-is-gone\/#breadcrumb"},"inLanguage":"fr-FR","potentialAction":[{"@type":"ReadAction","target":["https:\/\/exceptionaudio.fr\/site\/produit\/phil-woods-with-strings-the-thrill-is-gone\/"]}]},{"@type":"ImageObject","inLanguage":"fr-FR","@id":"https:\/\/exceptionaudio.fr\/site\/produit\/phil-woods-with-strings-the-thrill-is-gone\/#primaryimage","url":"https:\/\/exceptionaudio.fr\/site\/wp-content\/uploads\/2025\/01\/Phil-Woods-The-Thrill-is-Gone.jpg","contentUrl":"https:\/\/exceptionaudio.fr\/site\/wp-content\/uploads\/2025\/01\/Phil-Woods-The-Thrill-is-Gone.jpg","width":1000,"height":1000,"caption":"Phil Woods with strings The Thrill is Gone disque vinyle audiophile Venus Records"},{"@type":"BreadcrumbList","@id":"https:\/\/exceptionaudio.fr\/site\/produit\/phil-woods-with-strings-the-thrill-is-gone\/#breadcrumb","itemListElement":[{"@type":"ListItem","position":1,"name":"Accueil","item":"https:\/\/exceptionaudio.fr\/site\/"},{"@type":"ListItem","position":2,"name":"Boutique","item":"https:\/\/exceptionaudio.fr\/site\/boutique\/"},{"@type":"ListItem","position":3,"name":"Phil Woods with Strings &#8211; The Thrill is Gone"}]},{"@type":"WebSite","@id":"https:\/\/exceptionaudio.fr\/site\/#website","url":"https:\/\/exceptionaudio.fr\/site\/","name":"Exception Audio","description":"Magasin hi-fi Antibes","publisher":{"@id":"https:\/\/exceptionaudio.fr\/site\/#organization"},"potentialAction":[{"@type":"SearchAction","target":{"@type":"EntryPoint","urlTemplate":"https:\/\/exceptionaudio.fr\/site\/?s={search_term_string}"},"query-input":{"@type":"PropertyValueSpecification","valueRequired":true,"valueName":"search_term_string"}}],"inLanguage":"fr-FR"},{"@type":"Organization","@id":"https:\/\/exceptionaudio.fr\/site\/#organization","name":"Exception Audio","url":"https:\/\/exceptionaudio.fr\/site\/","logo":{"@type":"ImageObject","inLanguage":"fr-FR","@id":"https:\/\/exceptionaudio.fr\/site\/#\/schema\/logo\/image\/","url":"https:\/\/exceptionaudio.fr\/site\/wp-content\/uploads\/2021\/10\/largeur-exception-audio-logos-noir.png","contentUrl":"https:\/\/exceptionaudio.fr\/site\/wp-content\/uploads\/2021\/10\/largeur-exception-audio-logos-noir.png","width":357,"height":54,"caption":"Exception Audio"},"image":{"@id":"https:\/\/exceptionaudio.fr\/site\/#\/schema\/logo\/image\/"},"sameAs":["https:\/\/www.facebook.com\/ExceptionAudio","https:\/\/www.instagram.com\/exception_audio\/"]}]}},"_links":{"self":[{"href":"https:\/\/exceptionaudio.fr\/site\/wp-json\/wp\/v2\/product\/9355","targetHints":{"allow":["GET"]}}],"collection":[{"href":"https:\/\/exceptionaudio.fr\/site\/wp-json\/wp\/v2\/product"}],"about":[{"href":"https:\/\/exceptionaudio.fr\/site\/wp-json\/wp\/v2\/types\/product"}],"version-history":[{"count":1,"href":"https:\/\/exceptionaudio.fr\/site\/wp-json\/wp\/v2\/product\/9355\/revisions"}],"predecessor-version":[{"id":9357,"href":"https:\/\/exceptionaudio.fr\/site\/wp-json\/wp\/v2\/product\/9355\/revisions\/9357"}],"wp:featuredmedia":[{"embeddable":true,"href":"https:\/\/exceptionaudio.fr\/site\/wp-json\/wp\/v2\/media\/9356"}],"wp:attachment":[{"href":"https:\/\/exceptionaudio.fr\/site\/wp-json\/wp\/v2\/media?parent=9355"}],"wp:term":[{"taxonomy":"product_brand","embeddable":true,"href":"https:\/\/exceptionaudio.fr\/site\/wp-json\/wp\/v2\/product_brand?post=9355"},{"taxonomy":"product_cat","embeddable":true,"href":"https:\/\/exceptionaudio.fr\/site\/wp-json\/wp\/v2\/product_cat?post=9355"},{"taxonomy":"product_tag","embeddable":true,"href":"https:\/\/exceptionaudio.fr\/site\/wp-json\/wp\/v2\/product_tag?post=9355"}],"curies":[{"name":"wp","href":"https:\/\/api.w.org\/{rel}","templated":true}]}}