{"id":9380,"date":"2025-02-05T12:22:03","date_gmt":"2025-02-05T11:22:03","guid":{"rendered":"https:\/\/exceptionaudio.fr\/site\/?post_type=product&#038;p=9380"},"modified":"2025-02-05T12:27:10","modified_gmt":"2025-02-05T11:27:10","slug":"vivid-audio-kaya-45-demo","status":"publish","type":"product","link":"https:\/\/exceptionaudio.fr\/site\/produit\/vivid-audio-kaya-45-demo\/","title":{"rendered":"Vivid Audio Kaya 45 DEMO"},"content":{"rendered":"","protected":false},"excerpt":{"rendered":"<p>La Vivid Audio Kaya 45 est con\u00e7ue pour les espaces de vie, ainsi que pour les salles d&rsquo;\u00e9coute d\u00e9di\u00e9es. O\u00f9 que vous choisissiez de la placer, la Kaya 45 vous plonge au c\u0153ur de la musique avec un son naturel et d\u00e9taill\u00e9. Il s&rsquo;agit d&rsquo;une enceinte colonne hifi 3 voies compos\u00e9e de 4 haut-parleurs.<\/p>\n<p>Finition unique en blanc nacr\u00e9, y compris les grilles<\/p>\n<p>Mod\u00e8le de d\u00e9monstration.<\/p>\n","protected":false},"featured_media":9385,"template":"","meta":[],"product_brand":[],"product_cat":[205],"product_tag":[179],"class_list":{"0":"post-9380","1":"product","2":"type-product","3":"status-publish","4":"has-post-thumbnail","6":"product_cat-bonnes-affaires-hifi","7":"product_tag-vivid-audio","9":"first","10":"instock","11":"sale","12":"taxable","13":"shipping-taxable","14":"purchasable","15":"product-type-simple"},"yoast_head":"<!-- This site is optimized with the Yoast SEO plugin v27.3 - https:\/\/yoast.com\/product\/yoast-seo-wordpress\/ -->\n<title>Vivid Audio Kaya 45 DEMO - Enceintes colonnes hifi - Exception Audio<\/title>\n<meta name=\"description\" content=\"Vivid Audio Kaya 45 : Enceinte colonne hifi 3 voies d\u00e9velopp\u00e9e par Vivid Audio et Laurence Dickie proposant un son naturel et d\u00e9taill\u00e9.\" \/>\n<meta name=\"robots\" content=\"index, follow, max-snippet:-1, max-image-preview:large, max-video-preview:-1\" \/>\n<link rel=\"canonical\" href=\"https:\/\/exceptionaudio.fr\/site\/produit\/vivid-audio-kaya-45-demo\/\" \/>\n<meta property=\"og:locale\" content=\"fr_FR\" \/>\n<meta property=\"og:type\" content=\"article\" \/>\n<meta property=\"og:title\" content=\"Vivid Audio Kaya 45 DEMO - Enceintes colonnes hifi - Exception Audio\" \/>\n<meta property=\"og:description\" content=\"Vivid Audio Kaya 45 : Enceinte colonne hifi 3 voies d\u00e9velopp\u00e9e par Vivid Audio et Laurence Dickie proposant un son naturel et d\u00e9taill\u00e9.\" \/>\n<meta property=\"og:url\" content=\"https:\/\/exceptionaudio.fr\/site\/produit\/vivid-audio-kaya-45-demo\/\" \/>\n<meta property=\"og:site_name\" content=\"Exception Audio\" \/>\n<meta property=\"article:publisher\" content=\"https:\/\/www.facebook.com\/ExceptionAudio\" \/>\n<meta property=\"article:modified_time\" content=\"2025-02-05T11:27:10+00:00\" \/>\n<meta property=\"og:image\" content=\"https:\/\/exceptionaudio.fr\/site\/wp-content\/uploads\/2025\/02\/IMG_4701.jpg\" \/>\n\t<meta property=\"og:image:width\" content=\"1\" \/>\n\t<meta property=\"og:image:height\" content=\"1\" \/>\n\t<meta property=\"og:image:type\" content=\"image\/jpeg\" \/>\n<meta name=\"twitter:card\" content=\"summary_large_image\" \/>\n<meta name=\"twitter:label1\" content=\"Dur\u00e9e de lecture estim\u00e9e\" \/>\n\t<meta name=\"twitter:data1\" content=\"1 minute\" \/>\n<script type=\"application\/ld+json\" class=\"yoast-schema-graph\">{\"@context\":\"https:\\\/\\\/schema.org\",\"@graph\":[{\"@type\":\"WebPage\",\"@id\":\"https:\\\/\\\/exceptionaudio.fr\\\/site\\\/produit\\\/vivid-audio-kaya-45-demo\\\/\",\"url\":\"https:\\\/\\\/exceptionaudio.fr\\\/site\\\/produit\\\/vivid-audio-kaya-45-demo\\\/\",\"name\":\"Vivid Audio Kaya 45 DEMO - Enceintes colonnes hifi - Exception Audio\",\"isPartOf\":{\"@id\":\"https:\\\/\\\/exceptionaudio.fr\\\/site\\\/#website\"},\"primaryImageOfPage\":{\"@id\":\"https:\\\/\\\/exceptionaudio.fr\\\/site\\\/produit\\\/vivid-audio-kaya-45-demo\\\/#primaryimage\"},\"image\":{\"@id\":\"https:\\\/\\\/exceptionaudio.fr\\\/site\\\/produit\\\/vivid-audio-kaya-45-demo\\\/#primaryimage\"},\"thumbnailUrl\":\"https:\\\/\\\/exceptionaudio.fr\\\/site\\\/wp-content\\\/uploads\\\/2025\\\/02\\\/IMG_4701.jpg\",\"datePublished\":\"2025-02-05T11:22:03+00:00\",\"dateModified\":\"2025-02-05T11:27:10+00:00\",\"description\":\"Vivid Audio Kaya 45 : Enceinte colonne hifi 3 voies d\u00e9velopp\u00e9e par Vivid Audio et Laurence Dickie proposant un son naturel et d\u00e9taill\u00e9.\",\"breadcrumb\":{\"@id\":\"https:\\\/\\\/exceptionaudio.fr\\\/site\\\/produit\\\/vivid-audio-kaya-45-demo\\\/#breadcrumb\"},\"inLanguage\":\"fr-FR\",\"potentialAction\":[{\"@type\":\"ReadAction\",\"target\":[\"https:\\\/\\\/exceptionaudio.fr\\\/site\\\/produit\\\/vivid-audio-kaya-45-demo\\\/\"]}]},{\"@type\":\"ImageObject\",\"inLanguage\":\"fr-FR\",\"@id\":\"https:\\\/\\\/exceptionaudio.fr\\\/site\\\/produit\\\/vivid-audio-kaya-45-demo\\\/#primaryimage\",\"url\":\"https:\\\/\\\/exceptionaudio.fr\\\/site\\\/wp-content\\\/uploads\\\/2025\\\/02\\\/IMG_4701.jpg\",\"contentUrl\":\"https:\\\/\\\/exceptionaudio.fr\\\/site\\\/wp-content\\\/uploads\\\/2025\\\/02\\\/IMG_4701.jpg\",\"caption\":\"Vivid Audio Kaya 45\"},{\"@type\":\"BreadcrumbList\",\"@id\":\"https:\\\/\\\/exceptionaudio.fr\\\/site\\\/produit\\\/vivid-audio-kaya-45-demo\\\/#breadcrumb\",\"itemListElement\":[{\"@type\":\"ListItem\",\"position\":1,\"name\":\"Accueil\",\"item\":\"https:\\\/\\\/exceptionaudio.fr\\\/site\\\/\"},{\"@type\":\"ListItem\",\"position\":2,\"name\":\"Boutique\",\"item\":\"https:\\\/\\\/exceptionaudio.fr\\\/site\\\/boutique\\\/\"},{\"@type\":\"ListItem\",\"position\":3,\"name\":\"Vivid Audio Kaya 45 DEMO\"}]},{\"@type\":\"WebSite\",\"@id\":\"https:\\\/\\\/exceptionaudio.fr\\\/site\\\/#website\",\"url\":\"https:\\\/\\\/exceptionaudio.fr\\\/site\\\/\",\"name\":\"Exception Audio\",\"description\":\"Magasin hi-fi Antibes\",\"publisher\":{\"@id\":\"https:\\\/\\\/exceptionaudio.fr\\\/site\\\/#organization\"},\"potentialAction\":[{\"@type\":\"SearchAction\",\"target\":{\"@type\":\"EntryPoint\",\"urlTemplate\":\"https:\\\/\\\/exceptionaudio.fr\\\/site\\\/?s={search_term_string}\"},\"query-input\":{\"@type\":\"PropertyValueSpecification\",\"valueRequired\":true,\"valueName\":\"search_term_string\"}}],\"inLanguage\":\"fr-FR\"},{\"@type\":\"Organization\",\"@id\":\"https:\\\/\\\/exceptionaudio.fr\\\/site\\\/#organization\",\"name\":\"Exception Audio\",\"url\":\"https:\\\/\\\/exceptionaudio.fr\\\/site\\\/\",\"logo\":{\"@type\":\"ImageObject\",\"inLanguage\":\"fr-FR\",\"@id\":\"https:\\\/\\\/exceptionaudio.fr\\\/site\\\/#\\\/schema\\\/logo\\\/image\\\/\",\"url\":\"https:\\\/\\\/exceptionaudio.fr\\\/site\\\/wp-content\\\/uploads\\\/2021\\\/10\\\/largeur-exception-audio-logos-noir.png\",\"contentUrl\":\"https:\\\/\\\/exceptionaudio.fr\\\/site\\\/wp-content\\\/uploads\\\/2021\\\/10\\\/largeur-exception-audio-logos-noir.png\",\"width\":357,\"height\":54,\"caption\":\"Exception Audio\"},\"image\":{\"@id\":\"https:\\\/\\\/exceptionaudio.fr\\\/site\\\/#\\\/schema\\\/logo\\\/image\\\/\"},\"sameAs\":[\"https:\\\/\\\/www.facebook.com\\\/ExceptionAudio\",\"https:\\\/\\\/www.instagram.com\\\/exception_audio\\\/\"]}]}<\/script>\n<!-- \/ Yoast SEO plugin. -->","yoast_head_json":{"title":"Vivid Audio Kaya 45 DEMO - Enceintes colonnes hifi - Exception Audio","description":"Vivid Audio Kaya 45 : Enceinte colonne hifi 3 voies d\u00e9velopp\u00e9e par Vivid Audio et Laurence Dickie proposant un son naturel et d\u00e9taill\u00e9.","robots":{"index":"index","follow":"follow","max-snippet":"max-snippet:-1","max-image-preview":"max-image-preview:large","max-video-preview":"max-video-preview:-1"},"canonical":"https:\/\/exceptionaudio.fr\/site\/produit\/vivid-audio-kaya-45-demo\/","og_locale":"fr_FR","og_type":"article","og_title":"Vivid Audio Kaya 45 DEMO - Enceintes colonnes hifi - Exception Audio","og_description":"Vivid Audio Kaya 45 : Enceinte colonne hifi 3 voies d\u00e9velopp\u00e9e par Vivid Audio et Laurence Dickie proposant un son naturel et d\u00e9taill\u00e9.","og_url":"https:\/\/exceptionaudio.fr\/site\/produit\/vivid-audio-kaya-45-demo\/","og_site_name":"Exception Audio","article_publisher":"https:\/\/www.facebook.com\/ExceptionAudio","article_modified_time":"2025-02-05T11:27:10+00:00","og_image":[{"url":"https:\/\/exceptionaudio.fr\/site\/wp-content\/uploads\/2025\/02\/IMG_4701.jpg","width":1,"height":1,"type":"image\/jpeg"}],"twitter_card":"summary_large_image","twitter_misc":{"Dur\u00e9e de lecture estim\u00e9e":"1 minute"},"schema":{"@context":"https:\/\/schema.org","@graph":[{"@type":"WebPage","@id":"https:\/\/exceptionaudio.fr\/site\/produit\/vivid-audio-kaya-45-demo\/","url":"https:\/\/exceptionaudio.fr\/site\/produit\/vivid-audio-kaya-45-demo\/","name":"Vivid Audio Kaya 45 DEMO - Enceintes colonnes hifi - Exception Audio","isPartOf":{"@id":"https:\/\/exceptionaudio.fr\/site\/#website"},"primaryImageOfPage":{"@id":"https:\/\/exceptionaudio.fr\/site\/produit\/vivid-audio-kaya-45-demo\/#primaryimage"},"image":{"@id":"https:\/\/exceptionaudio.fr\/site\/produit\/vivid-audio-kaya-45-demo\/#primaryimage"},"thumbnailUrl":"https:\/\/exceptionaudio.fr\/site\/wp-content\/uploads\/2025\/02\/IMG_4701.jpg","datePublished":"2025-02-05T11:22:03+00:00","dateModified":"2025-02-05T11:27:10+00:00","description":"Vivid Audio Kaya 45 : Enceinte colonne hifi 3 voies d\u00e9velopp\u00e9e par Vivid Audio et Laurence Dickie proposant un son naturel et d\u00e9taill\u00e9.","breadcrumb":{"@id":"https:\/\/exceptionaudio.fr\/site\/produit\/vivid-audio-kaya-45-demo\/#breadcrumb"},"inLanguage":"fr-FR","potentialAction":[{"@type":"ReadAction","target":["https:\/\/exceptionaudio.fr\/site\/produit\/vivid-audio-kaya-45-demo\/"]}]},{"@type":"ImageObject","inLanguage":"fr-FR","@id":"https:\/\/exceptionaudio.fr\/site\/produit\/vivid-audio-kaya-45-demo\/#primaryimage","url":"https:\/\/exceptionaudio.fr\/site\/wp-content\/uploads\/2025\/02\/IMG_4701.jpg","contentUrl":"https:\/\/exceptionaudio.fr\/site\/wp-content\/uploads\/2025\/02\/IMG_4701.jpg","caption":"Vivid Audio Kaya 45"},{"@type":"BreadcrumbList","@id":"https:\/\/exceptionaudio.fr\/site\/produit\/vivid-audio-kaya-45-demo\/#breadcrumb","itemListElement":[{"@type":"ListItem","position":1,"name":"Accueil","item":"https:\/\/exceptionaudio.fr\/site\/"},{"@type":"ListItem","position":2,"name":"Boutique","item":"https:\/\/exceptionaudio.fr\/site\/boutique\/"},{"@type":"ListItem","position":3,"name":"Vivid Audio Kaya 45 DEMO"}]},{"@type":"WebSite","@id":"https:\/\/exceptionaudio.fr\/site\/#website","url":"https:\/\/exceptionaudio.fr\/site\/","name":"Exception Audio","description":"Magasin hi-fi Antibes","publisher":{"@id":"https:\/\/exceptionaudio.fr\/site\/#organization"},"potentialAction":[{"@type":"SearchAction","target":{"@type":"EntryPoint","urlTemplate":"https:\/\/exceptionaudio.fr\/site\/?s={search_term_string}"},"query-input":{"@type":"PropertyValueSpecification","valueRequired":true,"valueName":"search_term_string"}}],"inLanguage":"fr-FR"},{"@type":"Organization","@id":"https:\/\/exceptionaudio.fr\/site\/#organization","name":"Exception Audio","url":"https:\/\/exceptionaudio.fr\/site\/","logo":{"@type":"ImageObject","inLanguage":"fr-FR","@id":"https:\/\/exceptionaudio.fr\/site\/#\/schema\/logo\/image\/","url":"https:\/\/exceptionaudio.fr\/site\/wp-content\/uploads\/2021\/10\/largeur-exception-audio-logos-noir.png","contentUrl":"https:\/\/exceptionaudio.fr\/site\/wp-content\/uploads\/2021\/10\/largeur-exception-audio-logos-noir.png","width":357,"height":54,"caption":"Exception Audio"},"image":{"@id":"https:\/\/exceptionaudio.fr\/site\/#\/schema\/logo\/image\/"},"sameAs":["https:\/\/www.facebook.com\/ExceptionAudio","https:\/\/www.instagram.com\/exception_audio\/"]}]}},"_links":{"self":[{"href":"https:\/\/exceptionaudio.fr\/site\/wp-json\/wp\/v2\/product\/9380","targetHints":{"allow":["GET"]}}],"collection":[{"href":"https:\/\/exceptionaudio.fr\/site\/wp-json\/wp\/v2\/product"}],"about":[{"href":"https:\/\/exceptionaudio.fr\/site\/wp-json\/wp\/v2\/types\/product"}],"version-history":[{"count":2,"href":"https:\/\/exceptionaudio.fr\/site\/wp-json\/wp\/v2\/product\/9380\/revisions"}],"predecessor-version":[{"id":9389,"href":"https:\/\/exceptionaudio.fr\/site\/wp-json\/wp\/v2\/product\/9380\/revisions\/9389"}],"wp:featuredmedia":[{"embeddable":true,"href":"https:\/\/exceptionaudio.fr\/site\/wp-json\/wp\/v2\/media\/9385"}],"wp:attachment":[{"href":"https:\/\/exceptionaudio.fr\/site\/wp-json\/wp\/v2\/media?parent=9380"}],"wp:term":[{"taxonomy":"product_brand","embeddable":true,"href":"https:\/\/exceptionaudio.fr\/site\/wp-json\/wp\/v2\/product_brand?post=9380"},{"taxonomy":"product_cat","embeddable":true,"href":"https:\/\/exceptionaudio.fr\/site\/wp-json\/wp\/v2\/product_cat?post=9380"},{"taxonomy":"product_tag","embeddable":true,"href":"https:\/\/exceptionaudio.fr\/site\/wp-json\/wp\/v2\/product_tag?post=9380"}],"curies":[{"name":"wp","href":"https:\/\/api.w.org\/{rel}","templated":true}]}}