{"id":9411,"date":"2025-02-18T11:38:46","date_gmt":"2025-02-18T10:38:46","guid":{"rendered":"https:\/\/exceptionaudio.fr\/site\/?post_type=product&#038;p=9411"},"modified":"2025-08-08T09:23:16","modified_gmt":"2025-08-08T07:23:16","slug":"proac-d20r-bonne-affaire","status":"publish","type":"product","link":"https:\/\/exceptionaudio.fr\/site\/produit\/proac-d20r-bonne-affaire\/","title":{"rendered":"ProAc D20R"},"content":{"rendered":"","protected":false},"excerpt":{"rendered":"<p>La Procac D20R est une v\u00e9ritable \u00e9volution de la c\u00e9l\u00e8bre D18. Le grave est bien mieux controll\u00e9, la proximit\u00e9 du mur arri\u00e8re est bien moins g\u00e9nante. Le boomer de la Proac D20R est celui de la D18 , la charge acoustique et le tweeter \u00e0 Ruban sont ceux de la D30R, ainsi que la ligne esth\u00e9tique, un nouveau filtre haute d\u00e9finition a \u00e9t\u00e9 con\u00e7u afin de matcher avec le fabuleux haut parleur d&rsquo;aigu.<\/p>\n<p>Enceinte d&rsquo;occasion en parfait \u00e9tat compl\u00e8te avec ses cartons (achat d\u00e9cembre 2024). Finition Ch\u00eane.<\/p>\n<p>Prix neuf : 5 260\u20ac<\/p>\n","protected":false},"featured_media":9412,"template":"","meta":[],"product_brand":[],"product_cat":[241],"product_tag":[],"class_list":{"0":"post-9411","1":"product","2":"type-product","3":"status-publish","4":"has-post-thumbnail","6":"product_cat-archives","8":"first","9":"outofstock","10":"taxable","11":"shipping-taxable","12":"purchasable","13":"product-type-simple"},"yoast_head":"<!-- This site is optimized with the Yoast SEO plugin v27.4 - https:\/\/yoast.com\/product\/yoast-seo-wordpress\/ -->\n<title>ProAc D20R - Enceinte HiFi - Exception Audio<\/title>\n<meta name=\"description\" content=\"La ProAc D20R est une enceinte colonne remarquable de naturel, et de justesse de timbre , 2 qualit\u00e9s qui sont d\u00e9finitivement dans les g\u00e8nes de ProAc.\" \/>\n<meta name=\"robots\" content=\"index, follow, max-snippet:-1, max-image-preview:large, max-video-preview:-1\" \/>\n<link rel=\"canonical\" href=\"https:\/\/exceptionaudio.fr\/site\/produit\/proac-d20r-bonne-affaire\/\" \/>\n<meta property=\"og:locale\" content=\"fr_FR\" \/>\n<meta property=\"og:type\" content=\"article\" \/>\n<meta property=\"og:title\" content=\"ProAc D20R - Enceinte HiFi - Exception Audio\" \/>\n<meta property=\"og:description\" content=\"La ProAc D20R est une enceinte colonne remarquable de naturel, et de justesse de timbre , 2 qualit\u00e9s qui sont d\u00e9finitivement dans les g\u00e8nes de ProAc.\" \/>\n<meta property=\"og:url\" content=\"https:\/\/exceptionaudio.fr\/site\/produit\/proac-d20r-bonne-affaire\/\" \/>\n<meta property=\"og:site_name\" content=\"Exception Audio\" \/>\n<meta property=\"article:publisher\" content=\"https:\/\/www.facebook.com\/ExceptionAudio\" \/>\n<meta property=\"article:modified_time\" content=\"2025-08-08T07:23:16+00:00\" \/>\n<meta property=\"og:image\" content=\"https:\/\/exceptionaudio.fr\/site\/wp-content\/uploads\/2025\/02\/IMG_9915-scaled.jpg\" \/>\n\t<meta property=\"og:image:width\" content=\"1592\" \/>\n\t<meta property=\"og:image:height\" content=\"2560\" \/>\n\t<meta property=\"og:image:type\" content=\"image\/jpeg\" \/>\n<meta name=\"twitter:card\" content=\"summary_large_image\" \/>\n<meta name=\"twitter:label1\" content=\"Dur\u00e9e de lecture estim\u00e9e\" \/>\n\t<meta name=\"twitter:data1\" content=\"1 minute\" \/>\n<script type=\"application\/ld+json\" class=\"yoast-schema-graph\">{\"@context\":\"https:\\\/\\\/schema.org\",\"@graph\":[{\"@type\":\"WebPage\",\"@id\":\"https:\\\/\\\/exceptionaudio.fr\\\/site\\\/produit\\\/proac-d20r-bonne-affaire\\\/\",\"url\":\"https:\\\/\\\/exceptionaudio.fr\\\/site\\\/produit\\\/proac-d20r-bonne-affaire\\\/\",\"name\":\"ProAc D20R - Enceinte HiFi - Exception Audio\",\"isPartOf\":{\"@id\":\"https:\\\/\\\/exceptionaudio.fr\\\/site\\\/#website\"},\"primaryImageOfPage\":{\"@id\":\"https:\\\/\\\/exceptionaudio.fr\\\/site\\\/produit\\\/proac-d20r-bonne-affaire\\\/#primaryimage\"},\"image\":{\"@id\":\"https:\\\/\\\/exceptionaudio.fr\\\/site\\\/produit\\\/proac-d20r-bonne-affaire\\\/#primaryimage\"},\"thumbnailUrl\":\"https:\\\/\\\/exceptionaudio.fr\\\/site\\\/wp-content\\\/uploads\\\/2025\\\/02\\\/IMG_9915-scaled.jpg\",\"datePublished\":\"2025-02-18T10:38:46+00:00\",\"dateModified\":\"2025-08-08T07:23:16+00:00\",\"description\":\"La ProAc D20R est une enceinte colonne remarquable de naturel, et de justesse de timbre , 2 qualit\u00e9s qui sont d\u00e9finitivement dans les g\u00e8nes de ProAc.\",\"breadcrumb\":{\"@id\":\"https:\\\/\\\/exceptionaudio.fr\\\/site\\\/produit\\\/proac-d20r-bonne-affaire\\\/#breadcrumb\"},\"inLanguage\":\"fr-FR\",\"potentialAction\":[{\"@type\":\"ReadAction\",\"target\":[\"https:\\\/\\\/exceptionaudio.fr\\\/site\\\/produit\\\/proac-d20r-bonne-affaire\\\/\"]}]},{\"@type\":\"ImageObject\",\"inLanguage\":\"fr-FR\",\"@id\":\"https:\\\/\\\/exceptionaudio.fr\\\/site\\\/produit\\\/proac-d20r-bonne-affaire\\\/#primaryimage\",\"url\":\"https:\\\/\\\/exceptionaudio.fr\\\/site\\\/wp-content\\\/uploads\\\/2025\\\/02\\\/IMG_9915-scaled.jpg\",\"contentUrl\":\"https:\\\/\\\/exceptionaudio.fr\\\/site\\\/wp-content\\\/uploads\\\/2025\\\/02\\\/IMG_9915-scaled.jpg\",\"width\":1592,\"height\":2560,\"caption\":\"ProAc D20R enceinte colonne hifi\"},{\"@type\":\"BreadcrumbList\",\"@id\":\"https:\\\/\\\/exceptionaudio.fr\\\/site\\\/produit\\\/proac-d20r-bonne-affaire\\\/#breadcrumb\",\"itemListElement\":[{\"@type\":\"ListItem\",\"position\":1,\"name\":\"Accueil\",\"item\":\"https:\\\/\\\/exceptionaudio.fr\\\/site\\\/\"},{\"@type\":\"ListItem\",\"position\":2,\"name\":\"Boutique\",\"item\":\"https:\\\/\\\/exceptionaudio.fr\\\/site\\\/boutique\\\/\"},{\"@type\":\"ListItem\",\"position\":3,\"name\":\"ProAc D20R\"}]},{\"@type\":\"WebSite\",\"@id\":\"https:\\\/\\\/exceptionaudio.fr\\\/site\\\/#website\",\"url\":\"https:\\\/\\\/exceptionaudio.fr\\\/site\\\/\",\"name\":\"Exception Audio\",\"description\":\"Magasin hi-fi Antibes\",\"publisher\":{\"@id\":\"https:\\\/\\\/exceptionaudio.fr\\\/site\\\/#organization\"},\"potentialAction\":[{\"@type\":\"SearchAction\",\"target\":{\"@type\":\"EntryPoint\",\"urlTemplate\":\"https:\\\/\\\/exceptionaudio.fr\\\/site\\\/?s={search_term_string}\"},\"query-input\":{\"@type\":\"PropertyValueSpecification\",\"valueRequired\":true,\"valueName\":\"search_term_string\"}}],\"inLanguage\":\"fr-FR\"},{\"@type\":\"Organization\",\"@id\":\"https:\\\/\\\/exceptionaudio.fr\\\/site\\\/#organization\",\"name\":\"Exception Audio\",\"url\":\"https:\\\/\\\/exceptionaudio.fr\\\/site\\\/\",\"logo\":{\"@type\":\"ImageObject\",\"inLanguage\":\"fr-FR\",\"@id\":\"https:\\\/\\\/exceptionaudio.fr\\\/site\\\/#\\\/schema\\\/logo\\\/image\\\/\",\"url\":\"https:\\\/\\\/exceptionaudio.fr\\\/site\\\/wp-content\\\/uploads\\\/2021\\\/10\\\/largeur-exception-audio-logos-noir.png\",\"contentUrl\":\"https:\\\/\\\/exceptionaudio.fr\\\/site\\\/wp-content\\\/uploads\\\/2021\\\/10\\\/largeur-exception-audio-logos-noir.png\",\"width\":357,\"height\":54,\"caption\":\"Exception Audio\"},\"image\":{\"@id\":\"https:\\\/\\\/exceptionaudio.fr\\\/site\\\/#\\\/schema\\\/logo\\\/image\\\/\"},\"sameAs\":[\"https:\\\/\\\/www.facebook.com\\\/ExceptionAudio\",\"https:\\\/\\\/www.instagram.com\\\/exception_audio\\\/\"]}]}<\/script>\n<!-- \/ Yoast SEO plugin. -->","yoast_head_json":{"title":"ProAc D20R - Enceinte HiFi - Exception Audio","description":"La ProAc D20R est une enceinte colonne remarquable de naturel, et de justesse de timbre , 2 qualit\u00e9s qui sont d\u00e9finitivement dans les g\u00e8nes de ProAc.","robots":{"index":"index","follow":"follow","max-snippet":"max-snippet:-1","max-image-preview":"max-image-preview:large","max-video-preview":"max-video-preview:-1"},"canonical":"https:\/\/exceptionaudio.fr\/site\/produit\/proac-d20r-bonne-affaire\/","og_locale":"fr_FR","og_type":"article","og_title":"ProAc D20R - Enceinte HiFi - Exception Audio","og_description":"La ProAc D20R est une enceinte colonne remarquable de naturel, et de justesse de timbre , 2 qualit\u00e9s qui sont d\u00e9finitivement dans les g\u00e8nes de ProAc.","og_url":"https:\/\/exceptionaudio.fr\/site\/produit\/proac-d20r-bonne-affaire\/","og_site_name":"Exception Audio","article_publisher":"https:\/\/www.facebook.com\/ExceptionAudio","article_modified_time":"2025-08-08T07:23:16+00:00","og_image":[{"width":1592,"height":2560,"url":"https:\/\/exceptionaudio.fr\/site\/wp-content\/uploads\/2025\/02\/IMG_9915-scaled.jpg","type":"image\/jpeg"}],"twitter_card":"summary_large_image","twitter_misc":{"Dur\u00e9e de lecture estim\u00e9e":"1 minute"},"schema":{"@context":"https:\/\/schema.org","@graph":[{"@type":"WebPage","@id":"https:\/\/exceptionaudio.fr\/site\/produit\/proac-d20r-bonne-affaire\/","url":"https:\/\/exceptionaudio.fr\/site\/produit\/proac-d20r-bonne-affaire\/","name":"ProAc D20R - Enceinte HiFi - Exception Audio","isPartOf":{"@id":"https:\/\/exceptionaudio.fr\/site\/#website"},"primaryImageOfPage":{"@id":"https:\/\/exceptionaudio.fr\/site\/produit\/proac-d20r-bonne-affaire\/#primaryimage"},"image":{"@id":"https:\/\/exceptionaudio.fr\/site\/produit\/proac-d20r-bonne-affaire\/#primaryimage"},"thumbnailUrl":"https:\/\/exceptionaudio.fr\/site\/wp-content\/uploads\/2025\/02\/IMG_9915-scaled.jpg","datePublished":"2025-02-18T10:38:46+00:00","dateModified":"2025-08-08T07:23:16+00:00","description":"La ProAc D20R est une enceinte colonne remarquable de naturel, et de justesse de timbre , 2 qualit\u00e9s qui sont d\u00e9finitivement dans les g\u00e8nes de ProAc.","breadcrumb":{"@id":"https:\/\/exceptionaudio.fr\/site\/produit\/proac-d20r-bonne-affaire\/#breadcrumb"},"inLanguage":"fr-FR","potentialAction":[{"@type":"ReadAction","target":["https:\/\/exceptionaudio.fr\/site\/produit\/proac-d20r-bonne-affaire\/"]}]},{"@type":"ImageObject","inLanguage":"fr-FR","@id":"https:\/\/exceptionaudio.fr\/site\/produit\/proac-d20r-bonne-affaire\/#primaryimage","url":"https:\/\/exceptionaudio.fr\/site\/wp-content\/uploads\/2025\/02\/IMG_9915-scaled.jpg","contentUrl":"https:\/\/exceptionaudio.fr\/site\/wp-content\/uploads\/2025\/02\/IMG_9915-scaled.jpg","width":1592,"height":2560,"caption":"ProAc D20R enceinte colonne hifi"},{"@type":"BreadcrumbList","@id":"https:\/\/exceptionaudio.fr\/site\/produit\/proac-d20r-bonne-affaire\/#breadcrumb","itemListElement":[{"@type":"ListItem","position":1,"name":"Accueil","item":"https:\/\/exceptionaudio.fr\/site\/"},{"@type":"ListItem","position":2,"name":"Boutique","item":"https:\/\/exceptionaudio.fr\/site\/boutique\/"},{"@type":"ListItem","position":3,"name":"ProAc D20R"}]},{"@type":"WebSite","@id":"https:\/\/exceptionaudio.fr\/site\/#website","url":"https:\/\/exceptionaudio.fr\/site\/","name":"Exception Audio","description":"Magasin hi-fi Antibes","publisher":{"@id":"https:\/\/exceptionaudio.fr\/site\/#organization"},"potentialAction":[{"@type":"SearchAction","target":{"@type":"EntryPoint","urlTemplate":"https:\/\/exceptionaudio.fr\/site\/?s={search_term_string}"},"query-input":{"@type":"PropertyValueSpecification","valueRequired":true,"valueName":"search_term_string"}}],"inLanguage":"fr-FR"},{"@type":"Organization","@id":"https:\/\/exceptionaudio.fr\/site\/#organization","name":"Exception Audio","url":"https:\/\/exceptionaudio.fr\/site\/","logo":{"@type":"ImageObject","inLanguage":"fr-FR","@id":"https:\/\/exceptionaudio.fr\/site\/#\/schema\/logo\/image\/","url":"https:\/\/exceptionaudio.fr\/site\/wp-content\/uploads\/2021\/10\/largeur-exception-audio-logos-noir.png","contentUrl":"https:\/\/exceptionaudio.fr\/site\/wp-content\/uploads\/2021\/10\/largeur-exception-audio-logos-noir.png","width":357,"height":54,"caption":"Exception Audio"},"image":{"@id":"https:\/\/exceptionaudio.fr\/site\/#\/schema\/logo\/image\/"},"sameAs":["https:\/\/www.facebook.com\/ExceptionAudio","https:\/\/www.instagram.com\/exception_audio\/"]}]}},"_links":{"self":[{"href":"https:\/\/exceptionaudio.fr\/site\/wp-json\/wp\/v2\/product\/9411","targetHints":{"allow":["GET"]}}],"collection":[{"href":"https:\/\/exceptionaudio.fr\/site\/wp-json\/wp\/v2\/product"}],"about":[{"href":"https:\/\/exceptionaudio.fr\/site\/wp-json\/wp\/v2\/types\/product"}],"version-history":[{"count":1,"href":"https:\/\/exceptionaudio.fr\/site\/wp-json\/wp\/v2\/product\/9411\/revisions"}],"predecessor-version":[{"id":9414,"href":"https:\/\/exceptionaudio.fr\/site\/wp-json\/wp\/v2\/product\/9411\/revisions\/9414"}],"wp:featuredmedia":[{"embeddable":true,"href":"https:\/\/exceptionaudio.fr\/site\/wp-json\/wp\/v2\/media\/9412"}],"wp:attachment":[{"href":"https:\/\/exceptionaudio.fr\/site\/wp-json\/wp\/v2\/media?parent=9411"}],"wp:term":[{"taxonomy":"product_brand","embeddable":true,"href":"https:\/\/exceptionaudio.fr\/site\/wp-json\/wp\/v2\/product_brand?post=9411"},{"taxonomy":"product_cat","embeddable":true,"href":"https:\/\/exceptionaudio.fr\/site\/wp-json\/wp\/v2\/product_cat?post=9411"},{"taxonomy":"product_tag","embeddable":true,"href":"https:\/\/exceptionaudio.fr\/site\/wp-json\/wp\/v2\/product_tag?post=9411"}],"curies":[{"name":"wp","href":"https:\/\/api.w.org\/{rel}","templated":true}]}}