{"id":9457,"date":"2025-03-21T17:08:56","date_gmt":"2025-03-21T16:08:56","guid":{"rendered":"https:\/\/exceptionaudio.fr\/site\/?post_type=product&#038;p=9457"},"modified":"2025-03-21T17:16:33","modified_gmt":"2025-03-21T16:16:33","slug":"casque-meze-audio-poet","status":"publish","type":"product","link":"https:\/\/exceptionaudio.fr\/site\/produit\/casque-meze-audio-poet\/","title":{"rendered":"Meze Audio Poet"},"content":{"rendered":"","protected":false},"excerpt":{"rendered":"<p style=\"font-weight: 400;\">Le <strong>Poet<\/strong> est un <strong>casque hi-fi ouvert<\/strong> circum-aural, fruit du savoir-faire artisanal de <a href=\"https:\/\/mezeaudio.fr\">Meze Audio<\/a>. Premier mod\u00e8le de la s\u00e9rie \u00ab Art Gallery \u00bb, il est \u00e9quip\u00e9 de <strong>transducteurs Planar Magnetic Isodynamic Hybrid Array MZ6<\/strong>, d\u00e9riv\u00e9 du mod\u00e8le tr\u00e8s haut de gamme Elite.<\/p>\n","protected":false},"featured_media":9458,"template":"","meta":[],"product_brand":[],"product_cat":[243],"product_tag":[242],"class_list":{"0":"post-9457","1":"product","2":"type-product","3":"status-publish","4":"has-post-thumbnail","6":"product_cat-casques-hifi","7":"product_tag-meze-audio","9":"first","10":"instock","11":"taxable","12":"shipping-taxable","13":"purchasable","14":"product-type-simple"},"yoast_head":"<!-- This site is optimized with the Yoast SEO plugin v27.3 - https:\/\/yoast.com\/product\/yoast-seo-wordpress\/ -->\n<title>Meze Audio Poet - Casque hifi - Exception Audio<\/title>\n<meta name=\"description\" content=\"Le Meze Audio Poet est un casque hi-fi ouvert \u00e9quip\u00e9 de transducteurs Planar Magnetic Isodynamic Hybrid Array MZ6, d\u00e9riv\u00e9 du mod\u00e8le haut de gamme Elite.\" \/>\n<meta name=\"robots\" content=\"index, follow, max-snippet:-1, max-image-preview:large, max-video-preview:-1\" \/>\n<link rel=\"canonical\" href=\"https:\/\/exceptionaudio.fr\/site\/produit\/casque-meze-audio-poet\/\" \/>\n<meta property=\"og:locale\" content=\"fr_FR\" \/>\n<meta property=\"og:type\" content=\"article\" \/>\n<meta property=\"og:title\" content=\"Meze Audio Poet - Casque hifi - Exception Audio\" \/>\n<meta property=\"og:description\" content=\"Le Meze Audio Poet est un casque hi-fi ouvert \u00e9quip\u00e9 de transducteurs Planar Magnetic Isodynamic Hybrid Array MZ6, d\u00e9riv\u00e9 du mod\u00e8le haut de gamme Elite.\" \/>\n<meta property=\"og:url\" content=\"https:\/\/exceptionaudio.fr\/site\/produit\/casque-meze-audio-poet\/\" \/>\n<meta property=\"og:site_name\" content=\"Exception Audio\" \/>\n<meta property=\"article:publisher\" content=\"https:\/\/www.facebook.com\/ExceptionAudio\" \/>\n<meta property=\"article:modified_time\" content=\"2025-03-21T16:16:33+00:00\" \/>\n<meta property=\"og:image\" content=\"https:\/\/exceptionaudio.fr\/site\/wp-content\/uploads\/2025\/03\/Meze-Audio-Poet.jpg\" \/>\n\t<meta property=\"og:image:width\" content=\"1000\" \/>\n\t<meta property=\"og:image:height\" content=\"1000\" \/>\n\t<meta property=\"og:image:type\" content=\"image\/jpeg\" \/>\n<meta name=\"twitter:card\" content=\"summary_large_image\" \/>\n<meta name=\"twitter:label1\" content=\"Dur\u00e9e de lecture estim\u00e9e\" \/>\n\t<meta name=\"twitter:data1\" content=\"1 minute\" \/>\n<script type=\"application\/ld+json\" class=\"yoast-schema-graph\">{\"@context\":\"https:\\\/\\\/schema.org\",\"@graph\":[{\"@type\":\"WebPage\",\"@id\":\"https:\\\/\\\/exceptionaudio.fr\\\/site\\\/produit\\\/casque-meze-audio-poet\\\/\",\"url\":\"https:\\\/\\\/exceptionaudio.fr\\\/site\\\/produit\\\/casque-meze-audio-poet\\\/\",\"name\":\"Meze Audio Poet - Casque hifi - Exception Audio\",\"isPartOf\":{\"@id\":\"https:\\\/\\\/exceptionaudio.fr\\\/site\\\/#website\"},\"primaryImageOfPage\":{\"@id\":\"https:\\\/\\\/exceptionaudio.fr\\\/site\\\/produit\\\/casque-meze-audio-poet\\\/#primaryimage\"},\"image\":{\"@id\":\"https:\\\/\\\/exceptionaudio.fr\\\/site\\\/produit\\\/casque-meze-audio-poet\\\/#primaryimage\"},\"thumbnailUrl\":\"https:\\\/\\\/exceptionaudio.fr\\\/site\\\/wp-content\\\/uploads\\\/2025\\\/03\\\/Meze-Audio-Poet.jpg\",\"datePublished\":\"2025-03-21T16:08:56+00:00\",\"dateModified\":\"2025-03-21T16:16:33+00:00\",\"description\":\"Le Meze Audio Poet est un casque hi-fi ouvert \u00e9quip\u00e9 de transducteurs Planar Magnetic Isodynamic Hybrid Array MZ6, d\u00e9riv\u00e9 du mod\u00e8le haut de gamme Elite.\",\"breadcrumb\":{\"@id\":\"https:\\\/\\\/exceptionaudio.fr\\\/site\\\/produit\\\/casque-meze-audio-poet\\\/#breadcrumb\"},\"inLanguage\":\"fr-FR\",\"potentialAction\":[{\"@type\":\"ReadAction\",\"target\":[\"https:\\\/\\\/exceptionaudio.fr\\\/site\\\/produit\\\/casque-meze-audio-poet\\\/\"]}]},{\"@type\":\"ImageObject\",\"inLanguage\":\"fr-FR\",\"@id\":\"https:\\\/\\\/exceptionaudio.fr\\\/site\\\/produit\\\/casque-meze-audio-poet\\\/#primaryimage\",\"url\":\"https:\\\/\\\/exceptionaudio.fr\\\/site\\\/wp-content\\\/uploads\\\/2025\\\/03\\\/Meze-Audio-Poet.jpg\",\"contentUrl\":\"https:\\\/\\\/exceptionaudio.fr\\\/site\\\/wp-content\\\/uploads\\\/2025\\\/03\\\/Meze-Audio-Poet.jpg\",\"width\":1000,\"height\":1000,\"caption\":\"Meze Audio Poet casque hifi ouvert planar magnetic\"},{\"@type\":\"BreadcrumbList\",\"@id\":\"https:\\\/\\\/exceptionaudio.fr\\\/site\\\/produit\\\/casque-meze-audio-poet\\\/#breadcrumb\",\"itemListElement\":[{\"@type\":\"ListItem\",\"position\":1,\"name\":\"Accueil\",\"item\":\"https:\\\/\\\/exceptionaudio.fr\\\/site\\\/\"},{\"@type\":\"ListItem\",\"position\":2,\"name\":\"Boutique\",\"item\":\"https:\\\/\\\/exceptionaudio.fr\\\/site\\\/boutique\\\/\"},{\"@type\":\"ListItem\",\"position\":3,\"name\":\"Meze Audio Poet\"}]},{\"@type\":\"WebSite\",\"@id\":\"https:\\\/\\\/exceptionaudio.fr\\\/site\\\/#website\",\"url\":\"https:\\\/\\\/exceptionaudio.fr\\\/site\\\/\",\"name\":\"Exception Audio\",\"description\":\"Magasin hi-fi Antibes\",\"publisher\":{\"@id\":\"https:\\\/\\\/exceptionaudio.fr\\\/site\\\/#organization\"},\"potentialAction\":[{\"@type\":\"SearchAction\",\"target\":{\"@type\":\"EntryPoint\",\"urlTemplate\":\"https:\\\/\\\/exceptionaudio.fr\\\/site\\\/?s={search_term_string}\"},\"query-input\":{\"@type\":\"PropertyValueSpecification\",\"valueRequired\":true,\"valueName\":\"search_term_string\"}}],\"inLanguage\":\"fr-FR\"},{\"@type\":\"Organization\",\"@id\":\"https:\\\/\\\/exceptionaudio.fr\\\/site\\\/#organization\",\"name\":\"Exception Audio\",\"url\":\"https:\\\/\\\/exceptionaudio.fr\\\/site\\\/\",\"logo\":{\"@type\":\"ImageObject\",\"inLanguage\":\"fr-FR\",\"@id\":\"https:\\\/\\\/exceptionaudio.fr\\\/site\\\/#\\\/schema\\\/logo\\\/image\\\/\",\"url\":\"https:\\\/\\\/exceptionaudio.fr\\\/site\\\/wp-content\\\/uploads\\\/2021\\\/10\\\/largeur-exception-audio-logos-noir.png\",\"contentUrl\":\"https:\\\/\\\/exceptionaudio.fr\\\/site\\\/wp-content\\\/uploads\\\/2021\\\/10\\\/largeur-exception-audio-logos-noir.png\",\"width\":357,\"height\":54,\"caption\":\"Exception Audio\"},\"image\":{\"@id\":\"https:\\\/\\\/exceptionaudio.fr\\\/site\\\/#\\\/schema\\\/logo\\\/image\\\/\"},\"sameAs\":[\"https:\\\/\\\/www.facebook.com\\\/ExceptionAudio\",\"https:\\\/\\\/www.instagram.com\\\/exception_audio\\\/\"]}]}<\/script>\n<!-- \/ Yoast SEO plugin. -->","yoast_head_json":{"title":"Meze Audio Poet - Casque hifi - Exception Audio","description":"Le Meze Audio Poet est un casque hi-fi ouvert \u00e9quip\u00e9 de transducteurs Planar Magnetic Isodynamic Hybrid Array MZ6, d\u00e9riv\u00e9 du mod\u00e8le haut de gamme Elite.","robots":{"index":"index","follow":"follow","max-snippet":"max-snippet:-1","max-image-preview":"max-image-preview:large","max-video-preview":"max-video-preview:-1"},"canonical":"https:\/\/exceptionaudio.fr\/site\/produit\/casque-meze-audio-poet\/","og_locale":"fr_FR","og_type":"article","og_title":"Meze Audio Poet - Casque hifi - Exception Audio","og_description":"Le Meze Audio Poet est un casque hi-fi ouvert \u00e9quip\u00e9 de transducteurs Planar Magnetic Isodynamic Hybrid Array MZ6, d\u00e9riv\u00e9 du mod\u00e8le haut de gamme Elite.","og_url":"https:\/\/exceptionaudio.fr\/site\/produit\/casque-meze-audio-poet\/","og_site_name":"Exception Audio","article_publisher":"https:\/\/www.facebook.com\/ExceptionAudio","article_modified_time":"2025-03-21T16:16:33+00:00","og_image":[{"width":1000,"height":1000,"url":"https:\/\/exceptionaudio.fr\/site\/wp-content\/uploads\/2025\/03\/Meze-Audio-Poet.jpg","type":"image\/jpeg"}],"twitter_card":"summary_large_image","twitter_misc":{"Dur\u00e9e de lecture estim\u00e9e":"1 minute"},"schema":{"@context":"https:\/\/schema.org","@graph":[{"@type":"WebPage","@id":"https:\/\/exceptionaudio.fr\/site\/produit\/casque-meze-audio-poet\/","url":"https:\/\/exceptionaudio.fr\/site\/produit\/casque-meze-audio-poet\/","name":"Meze Audio Poet - Casque hifi - Exception Audio","isPartOf":{"@id":"https:\/\/exceptionaudio.fr\/site\/#website"},"primaryImageOfPage":{"@id":"https:\/\/exceptionaudio.fr\/site\/produit\/casque-meze-audio-poet\/#primaryimage"},"image":{"@id":"https:\/\/exceptionaudio.fr\/site\/produit\/casque-meze-audio-poet\/#primaryimage"},"thumbnailUrl":"https:\/\/exceptionaudio.fr\/site\/wp-content\/uploads\/2025\/03\/Meze-Audio-Poet.jpg","datePublished":"2025-03-21T16:08:56+00:00","dateModified":"2025-03-21T16:16:33+00:00","description":"Le Meze Audio Poet est un casque hi-fi ouvert \u00e9quip\u00e9 de transducteurs Planar Magnetic Isodynamic Hybrid Array MZ6, d\u00e9riv\u00e9 du mod\u00e8le haut de gamme Elite.","breadcrumb":{"@id":"https:\/\/exceptionaudio.fr\/site\/produit\/casque-meze-audio-poet\/#breadcrumb"},"inLanguage":"fr-FR","potentialAction":[{"@type":"ReadAction","target":["https:\/\/exceptionaudio.fr\/site\/produit\/casque-meze-audio-poet\/"]}]},{"@type":"ImageObject","inLanguage":"fr-FR","@id":"https:\/\/exceptionaudio.fr\/site\/produit\/casque-meze-audio-poet\/#primaryimage","url":"https:\/\/exceptionaudio.fr\/site\/wp-content\/uploads\/2025\/03\/Meze-Audio-Poet.jpg","contentUrl":"https:\/\/exceptionaudio.fr\/site\/wp-content\/uploads\/2025\/03\/Meze-Audio-Poet.jpg","width":1000,"height":1000,"caption":"Meze Audio Poet casque hifi ouvert planar magnetic"},{"@type":"BreadcrumbList","@id":"https:\/\/exceptionaudio.fr\/site\/produit\/casque-meze-audio-poet\/#breadcrumb","itemListElement":[{"@type":"ListItem","position":1,"name":"Accueil","item":"https:\/\/exceptionaudio.fr\/site\/"},{"@type":"ListItem","position":2,"name":"Boutique","item":"https:\/\/exceptionaudio.fr\/site\/boutique\/"},{"@type":"ListItem","position":3,"name":"Meze Audio Poet"}]},{"@type":"WebSite","@id":"https:\/\/exceptionaudio.fr\/site\/#website","url":"https:\/\/exceptionaudio.fr\/site\/","name":"Exception Audio","description":"Magasin hi-fi Antibes","publisher":{"@id":"https:\/\/exceptionaudio.fr\/site\/#organization"},"potentialAction":[{"@type":"SearchAction","target":{"@type":"EntryPoint","urlTemplate":"https:\/\/exceptionaudio.fr\/site\/?s={search_term_string}"},"query-input":{"@type":"PropertyValueSpecification","valueRequired":true,"valueName":"search_term_string"}}],"inLanguage":"fr-FR"},{"@type":"Organization","@id":"https:\/\/exceptionaudio.fr\/site\/#organization","name":"Exception Audio","url":"https:\/\/exceptionaudio.fr\/site\/","logo":{"@type":"ImageObject","inLanguage":"fr-FR","@id":"https:\/\/exceptionaudio.fr\/site\/#\/schema\/logo\/image\/","url":"https:\/\/exceptionaudio.fr\/site\/wp-content\/uploads\/2021\/10\/largeur-exception-audio-logos-noir.png","contentUrl":"https:\/\/exceptionaudio.fr\/site\/wp-content\/uploads\/2021\/10\/largeur-exception-audio-logos-noir.png","width":357,"height":54,"caption":"Exception Audio"},"image":{"@id":"https:\/\/exceptionaudio.fr\/site\/#\/schema\/logo\/image\/"},"sameAs":["https:\/\/www.facebook.com\/ExceptionAudio","https:\/\/www.instagram.com\/exception_audio\/"]}]}},"_links":{"self":[{"href":"https:\/\/exceptionaudio.fr\/site\/wp-json\/wp\/v2\/product\/9457","targetHints":{"allow":["GET"]}}],"collection":[{"href":"https:\/\/exceptionaudio.fr\/site\/wp-json\/wp\/v2\/product"}],"about":[{"href":"https:\/\/exceptionaudio.fr\/site\/wp-json\/wp\/v2\/types\/product"}],"version-history":[{"count":1,"href":"https:\/\/exceptionaudio.fr\/site\/wp-json\/wp\/v2\/product\/9457\/revisions"}],"predecessor-version":[{"id":9459,"href":"https:\/\/exceptionaudio.fr\/site\/wp-json\/wp\/v2\/product\/9457\/revisions\/9459"}],"wp:featuredmedia":[{"embeddable":true,"href":"https:\/\/exceptionaudio.fr\/site\/wp-json\/wp\/v2\/media\/9458"}],"wp:attachment":[{"href":"https:\/\/exceptionaudio.fr\/site\/wp-json\/wp\/v2\/media?parent=9457"}],"wp:term":[{"taxonomy":"product_brand","embeddable":true,"href":"https:\/\/exceptionaudio.fr\/site\/wp-json\/wp\/v2\/product_brand?post=9457"},{"taxonomy":"product_cat","embeddable":true,"href":"https:\/\/exceptionaudio.fr\/site\/wp-json\/wp\/v2\/product_cat?post=9457"},{"taxonomy":"product_tag","embeddable":true,"href":"https:\/\/exceptionaudio.fr\/site\/wp-json\/wp\/v2\/product_tag?post=9457"}],"curies":[{"name":"wp","href":"https:\/\/api.w.org\/{rel}","templated":true}]}}