{"id":9476,"date":"2025-04-05T17:14:21","date_gmt":"2025-04-05T15:14:21","guid":{"rendered":"https:\/\/exceptionaudio.fr\/site\/?post_type=product&#038;p=9476"},"modified":"2025-04-05T17:21:20","modified_gmt":"2025-04-05T15:21:20","slug":"humminguru-nova-ultrasonic-vinyl-cleaner-copie","status":"publish","type":"product","link":"https:\/\/exceptionaudio.fr\/site\/produit\/humminguru-nova-ultrasonic-vinyl-cleaner-copie\/","title":{"rendered":"HumminGuru Nova Ultrasonic Vinyl Cleaner"},"content":{"rendered":"","protected":false},"excerpt":{"rendered":"<p style=\"font-weight: 400;\">La <strong>HumminGuru Nova<\/strong> est une <strong>\u00e9volution<\/strong> plus compl\u00e8te de sa petite s\u0153ur la <a href=\"https:\/\/exceptionaudio.fr\/site\/produit\/humminguru-hg01-ultrasonic-vinyl-cleaner\/\">HG01 Ultrasonic Vinyl Cleaner<\/a>. Il s\u2019agit d\u2019une <strong>machine \u00e0 laver les disques vinyles par ultrasons tout-en-un<\/strong> qui nettoie et s\u00e8che automatiquement votre disque en seulement quelques minutes. Elle est <strong>compacte<\/strong>, <strong>l\u00e9g\u00e8re<\/strong> et surtout <strong>efficace<\/strong> pour redonner vie \u00e0 vos pr\u00e9cieux disques vinyles\u00a0!<\/p>\n","protected":false},"featured_media":9477,"template":"","meta":[],"product_brand":[],"product_cat":[225,251,117],"product_tag":[249],"class_list":{"0":"post-9476","1":"product","2":"type-product","3":"status-publish","4":"has-post-thumbnail","6":"product_cat-accessoires-hifi","7":"product_cat-machine-a-laver-les-disques-vinyles","8":"product_cat-accessoires-vinyles","9":"product_tag-humminguru","11":"first","12":"instock","13":"taxable","14":"shipping-taxable","15":"purchasable","16":"product-type-simple"},"yoast_head":"<!-- This site is optimized with the Yoast SEO plugin v27.3 - https:\/\/yoast.com\/product\/yoast-seo-wordpress\/ -->\n<title>HumminGuru Nova - Machine \u00e0 laver les vinyles - Exception Audio<\/title>\n<meta name=\"description\" content=\"HumminGuru Nova Ultrasonic Vinyl Cleaner est une machine \u00e0 laver les disques vinyles par ultrasons \u00e0 40 kHz. Elle est l&#039;\u00e9volution de la HG01.\" \/>\n<meta name=\"robots\" content=\"index, follow, max-snippet:-1, max-image-preview:large, max-video-preview:-1\" \/>\n<link rel=\"canonical\" href=\"https:\/\/exceptionaudio.fr\/site\/produit\/humminguru-nova-ultrasonic-vinyl-cleaner-copie\/\" \/>\n<meta property=\"og:locale\" content=\"fr_FR\" \/>\n<meta property=\"og:type\" content=\"article\" \/>\n<meta property=\"og:title\" content=\"HumminGuru Nova - Machine \u00e0 laver les vinyles - Exception Audio\" \/>\n<meta property=\"og:description\" content=\"HumminGuru Nova Ultrasonic Vinyl Cleaner est une machine \u00e0 laver les disques vinyles par ultrasons \u00e0 40 kHz. Elle est l&#039;\u00e9volution de la HG01.\" \/>\n<meta property=\"og:url\" content=\"https:\/\/exceptionaudio.fr\/site\/produit\/humminguru-nova-ultrasonic-vinyl-cleaner-copie\/\" \/>\n<meta property=\"og:site_name\" content=\"Exception Audio\" \/>\n<meta property=\"article:publisher\" content=\"https:\/\/www.facebook.com\/ExceptionAudio\" \/>\n<meta property=\"article:modified_time\" content=\"2025-04-05T15:21:20+00:00\" \/>\n<meta property=\"og:image\" content=\"https:\/\/exceptionaudio.fr\/site\/wp-content\/uploads\/2025\/04\/HumminGuru-Nova.jpg\" \/>\n\t<meta property=\"og:image:width\" content=\"1000\" \/>\n\t<meta property=\"og:image:height\" content=\"1000\" \/>\n\t<meta property=\"og:image:type\" content=\"image\/jpeg\" \/>\n<meta name=\"twitter:card\" content=\"summary_large_image\" \/>\n<meta name=\"twitter:label1\" content=\"Dur\u00e9e de lecture estim\u00e9e\" \/>\n\t<meta name=\"twitter:data1\" content=\"1 minute\" \/>\n<script type=\"application\/ld+json\" class=\"yoast-schema-graph\">{\"@context\":\"https:\\\/\\\/schema.org\",\"@graph\":[{\"@type\":\"WebPage\",\"@id\":\"https:\\\/\\\/exceptionaudio.fr\\\/site\\\/produit\\\/humminguru-nova-ultrasonic-vinyl-cleaner-copie\\\/\",\"url\":\"https:\\\/\\\/exceptionaudio.fr\\\/site\\\/produit\\\/humminguru-nova-ultrasonic-vinyl-cleaner-copie\\\/\",\"name\":\"HumminGuru Nova - Machine \u00e0 laver les vinyles - Exception Audio\",\"isPartOf\":{\"@id\":\"https:\\\/\\\/exceptionaudio.fr\\\/site\\\/#website\"},\"primaryImageOfPage\":{\"@id\":\"https:\\\/\\\/exceptionaudio.fr\\\/site\\\/produit\\\/humminguru-nova-ultrasonic-vinyl-cleaner-copie\\\/#primaryimage\"},\"image\":{\"@id\":\"https:\\\/\\\/exceptionaudio.fr\\\/site\\\/produit\\\/humminguru-nova-ultrasonic-vinyl-cleaner-copie\\\/#primaryimage\"},\"thumbnailUrl\":\"https:\\\/\\\/exceptionaudio.fr\\\/site\\\/wp-content\\\/uploads\\\/2025\\\/04\\\/HumminGuru-Nova.jpg\",\"datePublished\":\"2025-04-05T15:14:21+00:00\",\"dateModified\":\"2025-04-05T15:21:20+00:00\",\"description\":\"HumminGuru Nova Ultrasonic Vinyl Cleaner est une machine \u00e0 laver les disques vinyles par ultrasons \u00e0 40 kHz. Elle est l'\u00e9volution de la HG01.\",\"breadcrumb\":{\"@id\":\"https:\\\/\\\/exceptionaudio.fr\\\/site\\\/produit\\\/humminguru-nova-ultrasonic-vinyl-cleaner-copie\\\/#breadcrumb\"},\"inLanguage\":\"fr-FR\",\"potentialAction\":[{\"@type\":\"ReadAction\",\"target\":[\"https:\\\/\\\/exceptionaudio.fr\\\/site\\\/produit\\\/humminguru-nova-ultrasonic-vinyl-cleaner-copie\\\/\"]}]},{\"@type\":\"ImageObject\",\"inLanguage\":\"fr-FR\",\"@id\":\"https:\\\/\\\/exceptionaudio.fr\\\/site\\\/produit\\\/humminguru-nova-ultrasonic-vinyl-cleaner-copie\\\/#primaryimage\",\"url\":\"https:\\\/\\\/exceptionaudio.fr\\\/site\\\/wp-content\\\/uploads\\\/2025\\\/04\\\/HumminGuru-Nova.jpg\",\"contentUrl\":\"https:\\\/\\\/exceptionaudio.fr\\\/site\\\/wp-content\\\/uploads\\\/2025\\\/04\\\/HumminGuru-Nova.jpg\",\"width\":1000,\"height\":1000,\"caption\":\"HumminGuru Nova machine \u00e0 laver les disques vinyles par ultrason\"},{\"@type\":\"BreadcrumbList\",\"@id\":\"https:\\\/\\\/exceptionaudio.fr\\\/site\\\/produit\\\/humminguru-nova-ultrasonic-vinyl-cleaner-copie\\\/#breadcrumb\",\"itemListElement\":[{\"@type\":\"ListItem\",\"position\":1,\"name\":\"Accueil\",\"item\":\"https:\\\/\\\/exceptionaudio.fr\\\/site\\\/\"},{\"@type\":\"ListItem\",\"position\":2,\"name\":\"Boutique\",\"item\":\"https:\\\/\\\/exceptionaudio.fr\\\/site\\\/boutique\\\/\"},{\"@type\":\"ListItem\",\"position\":3,\"name\":\"HumminGuru Nova Ultrasonic Vinyl Cleaner\"}]},{\"@type\":\"WebSite\",\"@id\":\"https:\\\/\\\/exceptionaudio.fr\\\/site\\\/#website\",\"url\":\"https:\\\/\\\/exceptionaudio.fr\\\/site\\\/\",\"name\":\"Exception Audio\",\"description\":\"Magasin hi-fi Antibes\",\"publisher\":{\"@id\":\"https:\\\/\\\/exceptionaudio.fr\\\/site\\\/#organization\"},\"potentialAction\":[{\"@type\":\"SearchAction\",\"target\":{\"@type\":\"EntryPoint\",\"urlTemplate\":\"https:\\\/\\\/exceptionaudio.fr\\\/site\\\/?s={search_term_string}\"},\"query-input\":{\"@type\":\"PropertyValueSpecification\",\"valueRequired\":true,\"valueName\":\"search_term_string\"}}],\"inLanguage\":\"fr-FR\"},{\"@type\":\"Organization\",\"@id\":\"https:\\\/\\\/exceptionaudio.fr\\\/site\\\/#organization\",\"name\":\"Exception Audio\",\"url\":\"https:\\\/\\\/exceptionaudio.fr\\\/site\\\/\",\"logo\":{\"@type\":\"ImageObject\",\"inLanguage\":\"fr-FR\",\"@id\":\"https:\\\/\\\/exceptionaudio.fr\\\/site\\\/#\\\/schema\\\/logo\\\/image\\\/\",\"url\":\"https:\\\/\\\/exceptionaudio.fr\\\/site\\\/wp-content\\\/uploads\\\/2021\\\/10\\\/largeur-exception-audio-logos-noir.png\",\"contentUrl\":\"https:\\\/\\\/exceptionaudio.fr\\\/site\\\/wp-content\\\/uploads\\\/2021\\\/10\\\/largeur-exception-audio-logos-noir.png\",\"width\":357,\"height\":54,\"caption\":\"Exception Audio\"},\"image\":{\"@id\":\"https:\\\/\\\/exceptionaudio.fr\\\/site\\\/#\\\/schema\\\/logo\\\/image\\\/\"},\"sameAs\":[\"https:\\\/\\\/www.facebook.com\\\/ExceptionAudio\",\"https:\\\/\\\/www.instagram.com\\\/exception_audio\\\/\"]}]}<\/script>\n<!-- \/ Yoast SEO plugin. -->","yoast_head_json":{"title":"HumminGuru Nova - Machine \u00e0 laver les vinyles - Exception Audio","description":"HumminGuru Nova Ultrasonic Vinyl Cleaner est une machine \u00e0 laver les disques vinyles par ultrasons \u00e0 40 kHz. Elle est l'\u00e9volution de la HG01.","robots":{"index":"index","follow":"follow","max-snippet":"max-snippet:-1","max-image-preview":"max-image-preview:large","max-video-preview":"max-video-preview:-1"},"canonical":"https:\/\/exceptionaudio.fr\/site\/produit\/humminguru-nova-ultrasonic-vinyl-cleaner-copie\/","og_locale":"fr_FR","og_type":"article","og_title":"HumminGuru Nova - Machine \u00e0 laver les vinyles - Exception Audio","og_description":"HumminGuru Nova Ultrasonic Vinyl Cleaner est une machine \u00e0 laver les disques vinyles par ultrasons \u00e0 40 kHz. Elle est l'\u00e9volution de la HG01.","og_url":"https:\/\/exceptionaudio.fr\/site\/produit\/humminguru-nova-ultrasonic-vinyl-cleaner-copie\/","og_site_name":"Exception Audio","article_publisher":"https:\/\/www.facebook.com\/ExceptionAudio","article_modified_time":"2025-04-05T15:21:20+00:00","og_image":[{"width":1000,"height":1000,"url":"https:\/\/exceptionaudio.fr\/site\/wp-content\/uploads\/2025\/04\/HumminGuru-Nova.jpg","type":"image\/jpeg"}],"twitter_card":"summary_large_image","twitter_misc":{"Dur\u00e9e de lecture estim\u00e9e":"1 minute"},"schema":{"@context":"https:\/\/schema.org","@graph":[{"@type":"WebPage","@id":"https:\/\/exceptionaudio.fr\/site\/produit\/humminguru-nova-ultrasonic-vinyl-cleaner-copie\/","url":"https:\/\/exceptionaudio.fr\/site\/produit\/humminguru-nova-ultrasonic-vinyl-cleaner-copie\/","name":"HumminGuru Nova - Machine \u00e0 laver les vinyles - Exception Audio","isPartOf":{"@id":"https:\/\/exceptionaudio.fr\/site\/#website"},"primaryImageOfPage":{"@id":"https:\/\/exceptionaudio.fr\/site\/produit\/humminguru-nova-ultrasonic-vinyl-cleaner-copie\/#primaryimage"},"image":{"@id":"https:\/\/exceptionaudio.fr\/site\/produit\/humminguru-nova-ultrasonic-vinyl-cleaner-copie\/#primaryimage"},"thumbnailUrl":"https:\/\/exceptionaudio.fr\/site\/wp-content\/uploads\/2025\/04\/HumminGuru-Nova.jpg","datePublished":"2025-04-05T15:14:21+00:00","dateModified":"2025-04-05T15:21:20+00:00","description":"HumminGuru Nova Ultrasonic Vinyl Cleaner est une machine \u00e0 laver les disques vinyles par ultrasons \u00e0 40 kHz. Elle est l'\u00e9volution de la HG01.","breadcrumb":{"@id":"https:\/\/exceptionaudio.fr\/site\/produit\/humminguru-nova-ultrasonic-vinyl-cleaner-copie\/#breadcrumb"},"inLanguage":"fr-FR","potentialAction":[{"@type":"ReadAction","target":["https:\/\/exceptionaudio.fr\/site\/produit\/humminguru-nova-ultrasonic-vinyl-cleaner-copie\/"]}]},{"@type":"ImageObject","inLanguage":"fr-FR","@id":"https:\/\/exceptionaudio.fr\/site\/produit\/humminguru-nova-ultrasonic-vinyl-cleaner-copie\/#primaryimage","url":"https:\/\/exceptionaudio.fr\/site\/wp-content\/uploads\/2025\/04\/HumminGuru-Nova.jpg","contentUrl":"https:\/\/exceptionaudio.fr\/site\/wp-content\/uploads\/2025\/04\/HumminGuru-Nova.jpg","width":1000,"height":1000,"caption":"HumminGuru Nova machine \u00e0 laver les disques vinyles par ultrason"},{"@type":"BreadcrumbList","@id":"https:\/\/exceptionaudio.fr\/site\/produit\/humminguru-nova-ultrasonic-vinyl-cleaner-copie\/#breadcrumb","itemListElement":[{"@type":"ListItem","position":1,"name":"Accueil","item":"https:\/\/exceptionaudio.fr\/site\/"},{"@type":"ListItem","position":2,"name":"Boutique","item":"https:\/\/exceptionaudio.fr\/site\/boutique\/"},{"@type":"ListItem","position":3,"name":"HumminGuru Nova Ultrasonic Vinyl Cleaner"}]},{"@type":"WebSite","@id":"https:\/\/exceptionaudio.fr\/site\/#website","url":"https:\/\/exceptionaudio.fr\/site\/","name":"Exception Audio","description":"Magasin hi-fi Antibes","publisher":{"@id":"https:\/\/exceptionaudio.fr\/site\/#organization"},"potentialAction":[{"@type":"SearchAction","target":{"@type":"EntryPoint","urlTemplate":"https:\/\/exceptionaudio.fr\/site\/?s={search_term_string}"},"query-input":{"@type":"PropertyValueSpecification","valueRequired":true,"valueName":"search_term_string"}}],"inLanguage":"fr-FR"},{"@type":"Organization","@id":"https:\/\/exceptionaudio.fr\/site\/#organization","name":"Exception Audio","url":"https:\/\/exceptionaudio.fr\/site\/","logo":{"@type":"ImageObject","inLanguage":"fr-FR","@id":"https:\/\/exceptionaudio.fr\/site\/#\/schema\/logo\/image\/","url":"https:\/\/exceptionaudio.fr\/site\/wp-content\/uploads\/2021\/10\/largeur-exception-audio-logos-noir.png","contentUrl":"https:\/\/exceptionaudio.fr\/site\/wp-content\/uploads\/2021\/10\/largeur-exception-audio-logos-noir.png","width":357,"height":54,"caption":"Exception Audio"},"image":{"@id":"https:\/\/exceptionaudio.fr\/site\/#\/schema\/logo\/image\/"},"sameAs":["https:\/\/www.facebook.com\/ExceptionAudio","https:\/\/www.instagram.com\/exception_audio\/"]}]}},"_links":{"self":[{"href":"https:\/\/exceptionaudio.fr\/site\/wp-json\/wp\/v2\/product\/9476","targetHints":{"allow":["GET"]}}],"collection":[{"href":"https:\/\/exceptionaudio.fr\/site\/wp-json\/wp\/v2\/product"}],"about":[{"href":"https:\/\/exceptionaudio.fr\/site\/wp-json\/wp\/v2\/types\/product"}],"version-history":[{"count":1,"href":"https:\/\/exceptionaudio.fr\/site\/wp-json\/wp\/v2\/product\/9476\/revisions"}],"predecessor-version":[{"id":9478,"href":"https:\/\/exceptionaudio.fr\/site\/wp-json\/wp\/v2\/product\/9476\/revisions\/9478"}],"wp:featuredmedia":[{"embeddable":true,"href":"https:\/\/exceptionaudio.fr\/site\/wp-json\/wp\/v2\/media\/9477"}],"wp:attachment":[{"href":"https:\/\/exceptionaudio.fr\/site\/wp-json\/wp\/v2\/media?parent=9476"}],"wp:term":[{"taxonomy":"product_brand","embeddable":true,"href":"https:\/\/exceptionaudio.fr\/site\/wp-json\/wp\/v2\/product_brand?post=9476"},{"taxonomy":"product_cat","embeddable":true,"href":"https:\/\/exceptionaudio.fr\/site\/wp-json\/wp\/v2\/product_cat?post=9476"},{"taxonomy":"product_tag","embeddable":true,"href":"https:\/\/exceptionaudio.fr\/site\/wp-json\/wp\/v2\/product_tag?post=9476"}],"curies":[{"name":"wp","href":"https:\/\/api.w.org\/{rel}","templated":true}]}}