{"id":9479,"date":"2025-04-12T11:00:33","date_gmt":"2025-04-12T09:00:33","guid":{"rendered":"https:\/\/exceptionaudio.fr\/site\/?post_type=product&#038;p=9479"},"modified":"2026-01-09T11:25:03","modified_gmt":"2026-01-09T10:25:03","slug":"acoustic-energy-ae309-noir-demo","status":"publish","type":"product","link":"https:\/\/exceptionaudio.fr\/site\/produit\/acoustic-energy-ae309-noir-demo\/","title":{"rendered":"Acoustic Energy AE309 Noir DEMO"},"content":{"rendered":"","protected":false},"excerpt":{"rendered":"<p style=\"font-weight: 400;\">L&rsquo;Acoustic Energy AE309 est une enceinte colonne 2,5 voies aux dimensions compactes, adapt\u00e9e aux pi\u00e8ces de taille moyenne \u00e0 grande. Tout comme la comparaison avec l&rsquo;AE300, l&rsquo;AE309 offre des niveaux de performance et de finition plus \u00e9lev\u00e9s que son \u00e9quivalent de la s\u00e9rie 100.<\/p>\n<p>Mod\u00e8le de d\u00e9monstration en tr\u00e8s bon \u00e9tat (cartons et accessoires d&rsquo;origine). Finition noir laqu\u00e9.<\/p>\n","protected":false},"featured_media":9483,"template":"","meta":[],"product_brand":[],"product_cat":[241],"product_tag":[],"class_list":{"0":"post-9479","1":"product","2":"type-product","3":"status-publish","4":"has-post-thumbnail","6":"product_cat-archives","8":"first","9":"outofstock","10":"taxable","11":"shipping-taxable","12":"purchasable","13":"product-type-simple"},"yoast_head":"<!-- This site is optimized with the Yoast SEO plugin v27.3 - https:\/\/yoast.com\/product\/yoast-seo-wordpress\/ -->\n<title>Acoustic Energy AE309 Noir DEMO - Enceintes colonnes hifi - Exception Audio<\/title>\n<meta name=\"description\" content=\"Acoustic Energy AE309 : Enceinte colonne hifi 2,5 voies aux dimensions compactes, adapt\u00e9e aux pi\u00e8ces de taille moyenne \u00e0 grande. Mod\u00e8le d\u00e9monstration.\" \/>\n<meta name=\"robots\" content=\"index, follow, max-snippet:-1, max-image-preview:large, max-video-preview:-1\" \/>\n<link rel=\"canonical\" href=\"https:\/\/exceptionaudio.fr\/site\/produit\/acoustic-energy-ae309-noir-demo\/\" \/>\n<meta property=\"og:locale\" content=\"fr_FR\" \/>\n<meta property=\"og:type\" content=\"article\" \/>\n<meta property=\"og:title\" content=\"Acoustic Energy AE309 Noir DEMO - Enceintes colonnes hifi - Exception Audio\" \/>\n<meta property=\"og:description\" content=\"Acoustic Energy AE309 : Enceinte colonne hifi 2,5 voies aux dimensions compactes, adapt\u00e9e aux pi\u00e8ces de taille moyenne \u00e0 grande. Mod\u00e8le d\u00e9monstration.\" \/>\n<meta property=\"og:url\" content=\"https:\/\/exceptionaudio.fr\/site\/produit\/acoustic-energy-ae309-noir-demo\/\" \/>\n<meta property=\"og:site_name\" content=\"Exception Audio\" \/>\n<meta property=\"article:publisher\" content=\"https:\/\/www.facebook.com\/ExceptionAudio\" \/>\n<meta property=\"article:modified_time\" content=\"2026-01-09T10:25:03+00:00\" \/>\n<meta property=\"og:image\" content=\"https:\/\/exceptionaudio.fr\/site\/wp-content\/uploads\/2025\/04\/IMG_4749-scaled.jpg\" \/>\n\t<meta property=\"og:image:width\" content=\"1786\" \/>\n\t<meta property=\"og:image:height\" content=\"2560\" \/>\n\t<meta property=\"og:image:type\" content=\"image\/jpeg\" \/>\n<meta name=\"twitter:card\" content=\"summary_large_image\" \/>\n<meta name=\"twitter:label1\" content=\"Dur\u00e9e de lecture estim\u00e9e\" \/>\n\t<meta name=\"twitter:data1\" content=\"1 minute\" \/>\n<script type=\"application\/ld+json\" class=\"yoast-schema-graph\">{\"@context\":\"https:\\\/\\\/schema.org\",\"@graph\":[{\"@type\":\"WebPage\",\"@id\":\"https:\\\/\\\/exceptionaudio.fr\\\/site\\\/produit\\\/acoustic-energy-ae309-noir-demo\\\/\",\"url\":\"https:\\\/\\\/exceptionaudio.fr\\\/site\\\/produit\\\/acoustic-energy-ae309-noir-demo\\\/\",\"name\":\"Acoustic Energy AE309 Noir DEMO - Enceintes colonnes hifi - Exception Audio\",\"isPartOf\":{\"@id\":\"https:\\\/\\\/exceptionaudio.fr\\\/site\\\/#website\"},\"primaryImageOfPage\":{\"@id\":\"https:\\\/\\\/exceptionaudio.fr\\\/site\\\/produit\\\/acoustic-energy-ae309-noir-demo\\\/#primaryimage\"},\"image\":{\"@id\":\"https:\\\/\\\/exceptionaudio.fr\\\/site\\\/produit\\\/acoustic-energy-ae309-noir-demo\\\/#primaryimage\"},\"thumbnailUrl\":\"https:\\\/\\\/exceptionaudio.fr\\\/site\\\/wp-content\\\/uploads\\\/2025\\\/04\\\/IMG_4749-scaled.jpg\",\"datePublished\":\"2025-04-12T09:00:33+00:00\",\"dateModified\":\"2026-01-09T10:25:03+00:00\",\"description\":\"Acoustic Energy AE309 : Enceinte colonne hifi 2,5 voies aux dimensions compactes, adapt\u00e9e aux pi\u00e8ces de taille moyenne \u00e0 grande. Mod\u00e8le d\u00e9monstration.\",\"breadcrumb\":{\"@id\":\"https:\\\/\\\/exceptionaudio.fr\\\/site\\\/produit\\\/acoustic-energy-ae309-noir-demo\\\/#breadcrumb\"},\"inLanguage\":\"fr-FR\",\"potentialAction\":[{\"@type\":\"ReadAction\",\"target\":[\"https:\\\/\\\/exceptionaudio.fr\\\/site\\\/produit\\\/acoustic-energy-ae309-noir-demo\\\/\"]}]},{\"@type\":\"ImageObject\",\"inLanguage\":\"fr-FR\",\"@id\":\"https:\\\/\\\/exceptionaudio.fr\\\/site\\\/produit\\\/acoustic-energy-ae309-noir-demo\\\/#primaryimage\",\"url\":\"https:\\\/\\\/exceptionaudio.fr\\\/site\\\/wp-content\\\/uploads\\\/2025\\\/04\\\/IMG_4749-scaled.jpg\",\"contentUrl\":\"https:\\\/\\\/exceptionaudio.fr\\\/site\\\/wp-content\\\/uploads\\\/2025\\\/04\\\/IMG_4749-scaled.jpg\",\"width\":1786,\"height\":2560,\"caption\":\"Acoustic Energy AE109 Noir enceinte colonne hifi d\u00e9monstration\"},{\"@type\":\"BreadcrumbList\",\"@id\":\"https:\\\/\\\/exceptionaudio.fr\\\/site\\\/produit\\\/acoustic-energy-ae309-noir-demo\\\/#breadcrumb\",\"itemListElement\":[{\"@type\":\"ListItem\",\"position\":1,\"name\":\"Accueil\",\"item\":\"https:\\\/\\\/exceptionaudio.fr\\\/site\\\/\"},{\"@type\":\"ListItem\",\"position\":2,\"name\":\"Boutique\",\"item\":\"https:\\\/\\\/exceptionaudio.fr\\\/site\\\/boutique\\\/\"},{\"@type\":\"ListItem\",\"position\":3,\"name\":\"Acoustic Energy AE309 Noir DEMO\"}]},{\"@type\":\"WebSite\",\"@id\":\"https:\\\/\\\/exceptionaudio.fr\\\/site\\\/#website\",\"url\":\"https:\\\/\\\/exceptionaudio.fr\\\/site\\\/\",\"name\":\"Exception Audio\",\"description\":\"Magasin hi-fi Antibes\",\"publisher\":{\"@id\":\"https:\\\/\\\/exceptionaudio.fr\\\/site\\\/#organization\"},\"potentialAction\":[{\"@type\":\"SearchAction\",\"target\":{\"@type\":\"EntryPoint\",\"urlTemplate\":\"https:\\\/\\\/exceptionaudio.fr\\\/site\\\/?s={search_term_string}\"},\"query-input\":{\"@type\":\"PropertyValueSpecification\",\"valueRequired\":true,\"valueName\":\"search_term_string\"}}],\"inLanguage\":\"fr-FR\"},{\"@type\":\"Organization\",\"@id\":\"https:\\\/\\\/exceptionaudio.fr\\\/site\\\/#organization\",\"name\":\"Exception Audio\",\"url\":\"https:\\\/\\\/exceptionaudio.fr\\\/site\\\/\",\"logo\":{\"@type\":\"ImageObject\",\"inLanguage\":\"fr-FR\",\"@id\":\"https:\\\/\\\/exceptionaudio.fr\\\/site\\\/#\\\/schema\\\/logo\\\/image\\\/\",\"url\":\"https:\\\/\\\/exceptionaudio.fr\\\/site\\\/wp-content\\\/uploads\\\/2021\\\/10\\\/largeur-exception-audio-logos-noir.png\",\"contentUrl\":\"https:\\\/\\\/exceptionaudio.fr\\\/site\\\/wp-content\\\/uploads\\\/2021\\\/10\\\/largeur-exception-audio-logos-noir.png\",\"width\":357,\"height\":54,\"caption\":\"Exception Audio\"},\"image\":{\"@id\":\"https:\\\/\\\/exceptionaudio.fr\\\/site\\\/#\\\/schema\\\/logo\\\/image\\\/\"},\"sameAs\":[\"https:\\\/\\\/www.facebook.com\\\/ExceptionAudio\",\"https:\\\/\\\/www.instagram.com\\\/exception_audio\\\/\"]}]}<\/script>\n<!-- \/ Yoast SEO plugin. -->","yoast_head_json":{"title":"Acoustic Energy AE309 Noir DEMO - Enceintes colonnes hifi - Exception Audio","description":"Acoustic Energy AE309 : Enceinte colonne hifi 2,5 voies aux dimensions compactes, adapt\u00e9e aux pi\u00e8ces de taille moyenne \u00e0 grande. Mod\u00e8le d\u00e9monstration.","robots":{"index":"index","follow":"follow","max-snippet":"max-snippet:-1","max-image-preview":"max-image-preview:large","max-video-preview":"max-video-preview:-1"},"canonical":"https:\/\/exceptionaudio.fr\/site\/produit\/acoustic-energy-ae309-noir-demo\/","og_locale":"fr_FR","og_type":"article","og_title":"Acoustic Energy AE309 Noir DEMO - Enceintes colonnes hifi - Exception Audio","og_description":"Acoustic Energy AE309 : Enceinte colonne hifi 2,5 voies aux dimensions compactes, adapt\u00e9e aux pi\u00e8ces de taille moyenne \u00e0 grande. Mod\u00e8le d\u00e9monstration.","og_url":"https:\/\/exceptionaudio.fr\/site\/produit\/acoustic-energy-ae309-noir-demo\/","og_site_name":"Exception Audio","article_publisher":"https:\/\/www.facebook.com\/ExceptionAudio","article_modified_time":"2026-01-09T10:25:03+00:00","og_image":[{"width":1786,"height":2560,"url":"https:\/\/exceptionaudio.fr\/site\/wp-content\/uploads\/2025\/04\/IMG_4749-scaled.jpg","type":"image\/jpeg"}],"twitter_card":"summary_large_image","twitter_misc":{"Dur\u00e9e de lecture estim\u00e9e":"1 minute"},"schema":{"@context":"https:\/\/schema.org","@graph":[{"@type":"WebPage","@id":"https:\/\/exceptionaudio.fr\/site\/produit\/acoustic-energy-ae309-noir-demo\/","url":"https:\/\/exceptionaudio.fr\/site\/produit\/acoustic-energy-ae309-noir-demo\/","name":"Acoustic Energy AE309 Noir DEMO - Enceintes colonnes hifi - Exception Audio","isPartOf":{"@id":"https:\/\/exceptionaudio.fr\/site\/#website"},"primaryImageOfPage":{"@id":"https:\/\/exceptionaudio.fr\/site\/produit\/acoustic-energy-ae309-noir-demo\/#primaryimage"},"image":{"@id":"https:\/\/exceptionaudio.fr\/site\/produit\/acoustic-energy-ae309-noir-demo\/#primaryimage"},"thumbnailUrl":"https:\/\/exceptionaudio.fr\/site\/wp-content\/uploads\/2025\/04\/IMG_4749-scaled.jpg","datePublished":"2025-04-12T09:00:33+00:00","dateModified":"2026-01-09T10:25:03+00:00","description":"Acoustic Energy AE309 : Enceinte colonne hifi 2,5 voies aux dimensions compactes, adapt\u00e9e aux pi\u00e8ces de taille moyenne \u00e0 grande. Mod\u00e8le d\u00e9monstration.","breadcrumb":{"@id":"https:\/\/exceptionaudio.fr\/site\/produit\/acoustic-energy-ae309-noir-demo\/#breadcrumb"},"inLanguage":"fr-FR","potentialAction":[{"@type":"ReadAction","target":["https:\/\/exceptionaudio.fr\/site\/produit\/acoustic-energy-ae309-noir-demo\/"]}]},{"@type":"ImageObject","inLanguage":"fr-FR","@id":"https:\/\/exceptionaudio.fr\/site\/produit\/acoustic-energy-ae309-noir-demo\/#primaryimage","url":"https:\/\/exceptionaudio.fr\/site\/wp-content\/uploads\/2025\/04\/IMG_4749-scaled.jpg","contentUrl":"https:\/\/exceptionaudio.fr\/site\/wp-content\/uploads\/2025\/04\/IMG_4749-scaled.jpg","width":1786,"height":2560,"caption":"Acoustic Energy AE109 Noir enceinte colonne hifi d\u00e9monstration"},{"@type":"BreadcrumbList","@id":"https:\/\/exceptionaudio.fr\/site\/produit\/acoustic-energy-ae309-noir-demo\/#breadcrumb","itemListElement":[{"@type":"ListItem","position":1,"name":"Accueil","item":"https:\/\/exceptionaudio.fr\/site\/"},{"@type":"ListItem","position":2,"name":"Boutique","item":"https:\/\/exceptionaudio.fr\/site\/boutique\/"},{"@type":"ListItem","position":3,"name":"Acoustic Energy AE309 Noir DEMO"}]},{"@type":"WebSite","@id":"https:\/\/exceptionaudio.fr\/site\/#website","url":"https:\/\/exceptionaudio.fr\/site\/","name":"Exception Audio","description":"Magasin hi-fi Antibes","publisher":{"@id":"https:\/\/exceptionaudio.fr\/site\/#organization"},"potentialAction":[{"@type":"SearchAction","target":{"@type":"EntryPoint","urlTemplate":"https:\/\/exceptionaudio.fr\/site\/?s={search_term_string}"},"query-input":{"@type":"PropertyValueSpecification","valueRequired":true,"valueName":"search_term_string"}}],"inLanguage":"fr-FR"},{"@type":"Organization","@id":"https:\/\/exceptionaudio.fr\/site\/#organization","name":"Exception Audio","url":"https:\/\/exceptionaudio.fr\/site\/","logo":{"@type":"ImageObject","inLanguage":"fr-FR","@id":"https:\/\/exceptionaudio.fr\/site\/#\/schema\/logo\/image\/","url":"https:\/\/exceptionaudio.fr\/site\/wp-content\/uploads\/2021\/10\/largeur-exception-audio-logos-noir.png","contentUrl":"https:\/\/exceptionaudio.fr\/site\/wp-content\/uploads\/2021\/10\/largeur-exception-audio-logos-noir.png","width":357,"height":54,"caption":"Exception Audio"},"image":{"@id":"https:\/\/exceptionaudio.fr\/site\/#\/schema\/logo\/image\/"},"sameAs":["https:\/\/www.facebook.com\/ExceptionAudio","https:\/\/www.instagram.com\/exception_audio\/"]}]}},"_links":{"self":[{"href":"https:\/\/exceptionaudio.fr\/site\/wp-json\/wp\/v2\/product\/9479","targetHints":{"allow":["GET"]}}],"collection":[{"href":"https:\/\/exceptionaudio.fr\/site\/wp-json\/wp\/v2\/product"}],"about":[{"href":"https:\/\/exceptionaudio.fr\/site\/wp-json\/wp\/v2\/types\/product"}],"version-history":[{"count":1,"href":"https:\/\/exceptionaudio.fr\/site\/wp-json\/wp\/v2\/product\/9479\/revisions"}],"predecessor-version":[{"id":9484,"href":"https:\/\/exceptionaudio.fr\/site\/wp-json\/wp\/v2\/product\/9479\/revisions\/9484"}],"wp:featuredmedia":[{"embeddable":true,"href":"https:\/\/exceptionaudio.fr\/site\/wp-json\/wp\/v2\/media\/9483"}],"wp:attachment":[{"href":"https:\/\/exceptionaudio.fr\/site\/wp-json\/wp\/v2\/media?parent=9479"}],"wp:term":[{"taxonomy":"product_brand","embeddable":true,"href":"https:\/\/exceptionaudio.fr\/site\/wp-json\/wp\/v2\/product_brand?post=9479"},{"taxonomy":"product_cat","embeddable":true,"href":"https:\/\/exceptionaudio.fr\/site\/wp-json\/wp\/v2\/product_cat?post=9479"},{"taxonomy":"product_tag","embeddable":true,"href":"https:\/\/exceptionaudio.fr\/site\/wp-json\/wp\/v2\/product_tag?post=9479"}],"curies":[{"name":"wp","href":"https:\/\/api.w.org\/{rel}","templated":true}]}}