{"id":9556,"date":"2025-07-25T11:11:51","date_gmt":"2025-07-25T09:11:51","guid":{"rendered":"https:\/\/exceptionaudio.fr\/site\/?post_type=product&#038;p=9556"},"modified":"2025-11-26T20:32:31","modified_gmt":"2025-11-26T19:32:31","slug":"ayon-audio-spirit-v","status":"publish","type":"product","link":"https:\/\/exceptionaudio.fr\/site\/produit\/ayon-audio-spirit-v\/","title":{"rendered":"Ayon Audio Spirit V"},"content":{"rendered":"","protected":false},"excerpt":{"rendered":"<p style=\"font-weight: 400;\">Le <strong>Spirit V<\/strong> de chez <a href=\"https:\/\/exceptionaudio.fr\/site\/etiquette-produit\/ayon-audio\/\"><strong>Ayon Audio<\/strong><\/a> est un <strong>amplificateur int\u00e9gr\u00e9 \u00e0 tubes push-pull en pure classe A<\/strong> pouvant fonctionner en mode triode ou pentode. Il est possible de choisir entre <strong>deux mod\u00e8les de tubes de puissance : KT150 ou KT170<\/strong> (sur option). Cet ampli se distingue par un <strong>\u00e9quilibre rare<\/strong> entre puissance, transparence, dynamique et profondeur des basses, avec une sc\u00e8ne sonore holographique.<\/p>\n","protected":false},"featured_media":9560,"template":"","meta":[],"product_brand":[],"product_cat":[93,94],"product_tag":[306],"class_list":{"0":"post-9556","1":"product","2":"type-product","3":"status-publish","4":"has-post-thumbnail","6":"product_cat-amplification-hifi","7":"product_cat-amplificateurs-integres","8":"product_tag-ayon-audio","10":"first","11":"instock","12":"taxable","13":"shipping-taxable","14":"purchasable","15":"product-type-variable"},"yoast_head":"<!-- This site is optimized with the Yoast SEO plugin v27.4 - https:\/\/yoast.com\/product\/yoast-seo-wordpress\/ -->\n<title>Ayon Audio Spirit V - Amplificateur int\u00e9gr\u00e9 \u00e0 tubes - Exception Audio<\/title>\n<meta name=\"description\" content=\"Le Spirit V de chez Ayon Audio est un amplificateur int\u00e9gr\u00e9 \u00e0 tubes en KT150 ou KT170 en pure classe A pouvant fonctionner en mode triode ou pentode.\" \/>\n<meta name=\"robots\" content=\"index, follow, max-snippet:-1, max-image-preview:large, max-video-preview:-1\" \/>\n<link rel=\"canonical\" href=\"https:\/\/exceptionaudio.fr\/site\/produit\/ayon-audio-spirit-v\/\" \/>\n<meta property=\"og:locale\" content=\"fr_FR\" \/>\n<meta property=\"og:type\" content=\"article\" \/>\n<meta property=\"og:title\" content=\"Ayon Audio Spirit V - Amplificateur int\u00e9gr\u00e9 \u00e0 tubes - Exception Audio\" \/>\n<meta property=\"og:description\" content=\"Le Spirit V de chez Ayon Audio est un amplificateur int\u00e9gr\u00e9 \u00e0 tubes en KT150 ou KT170 en pure classe A pouvant fonctionner en mode triode ou pentode.\" \/>\n<meta property=\"og:url\" content=\"https:\/\/exceptionaudio.fr\/site\/produit\/ayon-audio-spirit-v\/\" \/>\n<meta property=\"og:site_name\" content=\"Exception Audio\" \/>\n<meta property=\"article:publisher\" content=\"https:\/\/www.facebook.com\/ExceptionAudio\" \/>\n<meta property=\"article:modified_time\" content=\"2025-11-26T19:32:31+00:00\" \/>\n<meta property=\"og:image\" content=\"https:\/\/exceptionaudio.fr\/site\/wp-content\/uploads\/2025\/07\/Ayon-Audio-Spirit-V.jpg\" \/>\n\t<meta property=\"og:image:width\" content=\"1000\" \/>\n\t<meta property=\"og:image:height\" content=\"1000\" \/>\n\t<meta property=\"og:image:type\" content=\"image\/jpeg\" \/>\n<meta name=\"twitter:card\" content=\"summary_large_image\" \/>\n<meta name=\"twitter:label1\" content=\"Dur\u00e9e de lecture estim\u00e9e\" \/>\n\t<meta name=\"twitter:data1\" content=\"1 minute\" \/>\n<script type=\"application\/ld+json\" class=\"yoast-schema-graph\">{\"@context\":\"https:\\\/\\\/schema.org\",\"@graph\":[{\"@type\":\"WebPage\",\"@id\":\"https:\\\/\\\/exceptionaudio.fr\\\/site\\\/produit\\\/ayon-audio-spirit-v\\\/\",\"url\":\"https:\\\/\\\/exceptionaudio.fr\\\/site\\\/produit\\\/ayon-audio-spirit-v\\\/\",\"name\":\"Ayon Audio Spirit V - Amplificateur int\u00e9gr\u00e9 \u00e0 tubes - Exception Audio\",\"isPartOf\":{\"@id\":\"https:\\\/\\\/exceptionaudio.fr\\\/site\\\/#website\"},\"primaryImageOfPage\":{\"@id\":\"https:\\\/\\\/exceptionaudio.fr\\\/site\\\/produit\\\/ayon-audio-spirit-v\\\/#primaryimage\"},\"image\":{\"@id\":\"https:\\\/\\\/exceptionaudio.fr\\\/site\\\/produit\\\/ayon-audio-spirit-v\\\/#primaryimage\"},\"thumbnailUrl\":\"https:\\\/\\\/exceptionaudio.fr\\\/site\\\/wp-content\\\/uploads\\\/2025\\\/07\\\/Ayon-Audio-Spirit-V.jpg\",\"datePublished\":\"2025-07-25T09:11:51+00:00\",\"dateModified\":\"2025-11-26T19:32:31+00:00\",\"description\":\"Le Spirit V de chez Ayon Audio est un amplificateur int\u00e9gr\u00e9 \u00e0 tubes en KT150 ou KT170 en pure classe A pouvant fonctionner en mode triode ou pentode.\",\"breadcrumb\":{\"@id\":\"https:\\\/\\\/exceptionaudio.fr\\\/site\\\/produit\\\/ayon-audio-spirit-v\\\/#breadcrumb\"},\"inLanguage\":\"fr-FR\",\"potentialAction\":[{\"@type\":\"ReadAction\",\"target\":[\"https:\\\/\\\/exceptionaudio.fr\\\/site\\\/produit\\\/ayon-audio-spirit-v\\\/\"]}]},{\"@type\":\"ImageObject\",\"inLanguage\":\"fr-FR\",\"@id\":\"https:\\\/\\\/exceptionaudio.fr\\\/site\\\/produit\\\/ayon-audio-spirit-v\\\/#primaryimage\",\"url\":\"https:\\\/\\\/exceptionaudio.fr\\\/site\\\/wp-content\\\/uploads\\\/2025\\\/07\\\/Ayon-Audio-Spirit-V.jpg\",\"contentUrl\":\"https:\\\/\\\/exceptionaudio.fr\\\/site\\\/wp-content\\\/uploads\\\/2025\\\/07\\\/Ayon-Audio-Spirit-V.jpg\",\"width\":1000,\"height\":1000,\"caption\":\"Ayon Audio Spirit V amplificateur int\u00e9gr\u00e9 \u00e0 tubes HiFi KT150\"},{\"@type\":\"BreadcrumbList\",\"@id\":\"https:\\\/\\\/exceptionaudio.fr\\\/site\\\/produit\\\/ayon-audio-spirit-v\\\/#breadcrumb\",\"itemListElement\":[{\"@type\":\"ListItem\",\"position\":1,\"name\":\"Accueil\",\"item\":\"https:\\\/\\\/exceptionaudio.fr\\\/site\\\/\"},{\"@type\":\"ListItem\",\"position\":2,\"name\":\"Boutique\",\"item\":\"https:\\\/\\\/exceptionaudio.fr\\\/site\\\/boutique\\\/\"},{\"@type\":\"ListItem\",\"position\":3,\"name\":\"Ayon Audio Spirit V\"}]},{\"@type\":\"WebSite\",\"@id\":\"https:\\\/\\\/exceptionaudio.fr\\\/site\\\/#website\",\"url\":\"https:\\\/\\\/exceptionaudio.fr\\\/site\\\/\",\"name\":\"Exception Audio\",\"description\":\"Magasin hi-fi Antibes\",\"publisher\":{\"@id\":\"https:\\\/\\\/exceptionaudio.fr\\\/site\\\/#organization\"},\"potentialAction\":[{\"@type\":\"SearchAction\",\"target\":{\"@type\":\"EntryPoint\",\"urlTemplate\":\"https:\\\/\\\/exceptionaudio.fr\\\/site\\\/?s={search_term_string}\"},\"query-input\":{\"@type\":\"PropertyValueSpecification\",\"valueRequired\":true,\"valueName\":\"search_term_string\"}}],\"inLanguage\":\"fr-FR\"},{\"@type\":\"Organization\",\"@id\":\"https:\\\/\\\/exceptionaudio.fr\\\/site\\\/#organization\",\"name\":\"Exception Audio\",\"url\":\"https:\\\/\\\/exceptionaudio.fr\\\/site\\\/\",\"logo\":{\"@type\":\"ImageObject\",\"inLanguage\":\"fr-FR\",\"@id\":\"https:\\\/\\\/exceptionaudio.fr\\\/site\\\/#\\\/schema\\\/logo\\\/image\\\/\",\"url\":\"https:\\\/\\\/exceptionaudio.fr\\\/site\\\/wp-content\\\/uploads\\\/2021\\\/10\\\/largeur-exception-audio-logos-noir.png\",\"contentUrl\":\"https:\\\/\\\/exceptionaudio.fr\\\/site\\\/wp-content\\\/uploads\\\/2021\\\/10\\\/largeur-exception-audio-logos-noir.png\",\"width\":357,\"height\":54,\"caption\":\"Exception Audio\"},\"image\":{\"@id\":\"https:\\\/\\\/exceptionaudio.fr\\\/site\\\/#\\\/schema\\\/logo\\\/image\\\/\"},\"sameAs\":[\"https:\\\/\\\/www.facebook.com\\\/ExceptionAudio\",\"https:\\\/\\\/www.instagram.com\\\/exception_audio\\\/\"]}]}<\/script>\n<!-- \/ Yoast SEO plugin. -->","yoast_head_json":{"title":"Ayon Audio Spirit V - Amplificateur int\u00e9gr\u00e9 \u00e0 tubes - Exception Audio","description":"Le Spirit V de chez Ayon Audio est un amplificateur int\u00e9gr\u00e9 \u00e0 tubes en KT150 ou KT170 en pure classe A pouvant fonctionner en mode triode ou pentode.","robots":{"index":"index","follow":"follow","max-snippet":"max-snippet:-1","max-image-preview":"max-image-preview:large","max-video-preview":"max-video-preview:-1"},"canonical":"https:\/\/exceptionaudio.fr\/site\/produit\/ayon-audio-spirit-v\/","og_locale":"fr_FR","og_type":"article","og_title":"Ayon Audio Spirit V - Amplificateur int\u00e9gr\u00e9 \u00e0 tubes - Exception Audio","og_description":"Le Spirit V de chez Ayon Audio est un amplificateur int\u00e9gr\u00e9 \u00e0 tubes en KT150 ou KT170 en pure classe A pouvant fonctionner en mode triode ou pentode.","og_url":"https:\/\/exceptionaudio.fr\/site\/produit\/ayon-audio-spirit-v\/","og_site_name":"Exception Audio","article_publisher":"https:\/\/www.facebook.com\/ExceptionAudio","article_modified_time":"2025-11-26T19:32:31+00:00","og_image":[{"width":1000,"height":1000,"url":"https:\/\/exceptionaudio.fr\/site\/wp-content\/uploads\/2025\/07\/Ayon-Audio-Spirit-V.jpg","type":"image\/jpeg"}],"twitter_card":"summary_large_image","twitter_misc":{"Dur\u00e9e de lecture estim\u00e9e":"1 minute"},"schema":{"@context":"https:\/\/schema.org","@graph":[{"@type":"WebPage","@id":"https:\/\/exceptionaudio.fr\/site\/produit\/ayon-audio-spirit-v\/","url":"https:\/\/exceptionaudio.fr\/site\/produit\/ayon-audio-spirit-v\/","name":"Ayon Audio Spirit V - Amplificateur int\u00e9gr\u00e9 \u00e0 tubes - Exception Audio","isPartOf":{"@id":"https:\/\/exceptionaudio.fr\/site\/#website"},"primaryImageOfPage":{"@id":"https:\/\/exceptionaudio.fr\/site\/produit\/ayon-audio-spirit-v\/#primaryimage"},"image":{"@id":"https:\/\/exceptionaudio.fr\/site\/produit\/ayon-audio-spirit-v\/#primaryimage"},"thumbnailUrl":"https:\/\/exceptionaudio.fr\/site\/wp-content\/uploads\/2025\/07\/Ayon-Audio-Spirit-V.jpg","datePublished":"2025-07-25T09:11:51+00:00","dateModified":"2025-11-26T19:32:31+00:00","description":"Le Spirit V de chez Ayon Audio est un amplificateur int\u00e9gr\u00e9 \u00e0 tubes en KT150 ou KT170 en pure classe A pouvant fonctionner en mode triode ou pentode.","breadcrumb":{"@id":"https:\/\/exceptionaudio.fr\/site\/produit\/ayon-audio-spirit-v\/#breadcrumb"},"inLanguage":"fr-FR","potentialAction":[{"@type":"ReadAction","target":["https:\/\/exceptionaudio.fr\/site\/produit\/ayon-audio-spirit-v\/"]}]},{"@type":"ImageObject","inLanguage":"fr-FR","@id":"https:\/\/exceptionaudio.fr\/site\/produit\/ayon-audio-spirit-v\/#primaryimage","url":"https:\/\/exceptionaudio.fr\/site\/wp-content\/uploads\/2025\/07\/Ayon-Audio-Spirit-V.jpg","contentUrl":"https:\/\/exceptionaudio.fr\/site\/wp-content\/uploads\/2025\/07\/Ayon-Audio-Spirit-V.jpg","width":1000,"height":1000,"caption":"Ayon Audio Spirit V amplificateur int\u00e9gr\u00e9 \u00e0 tubes HiFi KT150"},{"@type":"BreadcrumbList","@id":"https:\/\/exceptionaudio.fr\/site\/produit\/ayon-audio-spirit-v\/#breadcrumb","itemListElement":[{"@type":"ListItem","position":1,"name":"Accueil","item":"https:\/\/exceptionaudio.fr\/site\/"},{"@type":"ListItem","position":2,"name":"Boutique","item":"https:\/\/exceptionaudio.fr\/site\/boutique\/"},{"@type":"ListItem","position":3,"name":"Ayon Audio Spirit V"}]},{"@type":"WebSite","@id":"https:\/\/exceptionaudio.fr\/site\/#website","url":"https:\/\/exceptionaudio.fr\/site\/","name":"Exception Audio","description":"Magasin hi-fi Antibes","publisher":{"@id":"https:\/\/exceptionaudio.fr\/site\/#organization"},"potentialAction":[{"@type":"SearchAction","target":{"@type":"EntryPoint","urlTemplate":"https:\/\/exceptionaudio.fr\/site\/?s={search_term_string}"},"query-input":{"@type":"PropertyValueSpecification","valueRequired":true,"valueName":"search_term_string"}}],"inLanguage":"fr-FR"},{"@type":"Organization","@id":"https:\/\/exceptionaudio.fr\/site\/#organization","name":"Exception Audio","url":"https:\/\/exceptionaudio.fr\/site\/","logo":{"@type":"ImageObject","inLanguage":"fr-FR","@id":"https:\/\/exceptionaudio.fr\/site\/#\/schema\/logo\/image\/","url":"https:\/\/exceptionaudio.fr\/site\/wp-content\/uploads\/2021\/10\/largeur-exception-audio-logos-noir.png","contentUrl":"https:\/\/exceptionaudio.fr\/site\/wp-content\/uploads\/2021\/10\/largeur-exception-audio-logos-noir.png","width":357,"height":54,"caption":"Exception Audio"},"image":{"@id":"https:\/\/exceptionaudio.fr\/site\/#\/schema\/logo\/image\/"},"sameAs":["https:\/\/www.facebook.com\/ExceptionAudio","https:\/\/www.instagram.com\/exception_audio\/"]}]}},"_links":{"self":[{"href":"https:\/\/exceptionaudio.fr\/site\/wp-json\/wp\/v2\/product\/9556","targetHints":{"allow":["GET"]}}],"collection":[{"href":"https:\/\/exceptionaudio.fr\/site\/wp-json\/wp\/v2\/product"}],"about":[{"href":"https:\/\/exceptionaudio.fr\/site\/wp-json\/wp\/v2\/types\/product"}],"version-history":[{"count":1,"href":"https:\/\/exceptionaudio.fr\/site\/wp-json\/wp\/v2\/product\/9556\/revisions"}],"predecessor-version":[{"id":9562,"href":"https:\/\/exceptionaudio.fr\/site\/wp-json\/wp\/v2\/product\/9556\/revisions\/9562"}],"wp:featuredmedia":[{"embeddable":true,"href":"https:\/\/exceptionaudio.fr\/site\/wp-json\/wp\/v2\/media\/9560"}],"wp:attachment":[{"href":"https:\/\/exceptionaudio.fr\/site\/wp-json\/wp\/v2\/media?parent=9556"}],"wp:term":[{"taxonomy":"product_brand","embeddable":true,"href":"https:\/\/exceptionaudio.fr\/site\/wp-json\/wp\/v2\/product_brand?post=9556"},{"taxonomy":"product_cat","embeddable":true,"href":"https:\/\/exceptionaudio.fr\/site\/wp-json\/wp\/v2\/product_cat?post=9556"},{"taxonomy":"product_tag","embeddable":true,"href":"https:\/\/exceptionaudio.fr\/site\/wp-json\/wp\/v2\/product_tag?post=9556"}],"curies":[{"name":"wp","href":"https:\/\/api.w.org\/{rel}","templated":true}]}}