{"id":9615,"date":"2025-08-26T18:06:46","date_gmt":"2025-08-26T16:06:46","guid":{"rendered":"https:\/\/exceptionaudio.fr\/site\/?post_type=product&#038;p=9615"},"modified":"2025-08-26T18:36:59","modified_gmt":"2025-08-26T16:36:59","slug":"grimm-audio-mu2","status":"publish","type":"product","link":"https:\/\/exceptionaudio.fr\/site\/produit\/grimm-audio-mu2\/","title":{"rendered":"Grimm Audio MU2"},"content":{"rendered":"","protected":false},"excerpt":{"rendered":"<p>Le MU2 combine un lecteur r\u00e9seau avec un superbe DAC et un pr\u00e9amplificateur analogique. Son DAC int\u00e9gr\u00e9 tire pleinement parti de l&rsquo;horloge \u00e0 faible jitter et du processeur FPGA propri\u00e9taire de Grimm Audio. Un contr\u00f4le de volume analogique \u00e0 relais permet au MU2 de devenir le v\u00e9ritable \u00ab hub \u00bb de votre syst\u00e8me hi-fi pour les sources num\u00e9riques et analogiques. Tout comme son produit jumeau, le MU1 \u00e0 \u00ab sortie num\u00e9rique \u00bb, il int\u00e8gre un serveur Roon Core.<\/p>\n","protected":false},"featured_media":9619,"template":"","meta":[],"product_brand":[],"product_cat":[98,99,100],"product_tag":[177],"class_list":{"0":"post-9615","1":"product","2":"type-product","3":"status-publish","4":"has-post-thumbnail","6":"product_cat-sources-hifi","7":"product_cat-convertisseurs-dac-hifi","8":"product_cat-lecteurs-reseau-hifi-serveurs-audio-streamer","9":"product_tag-grimm-audio","11":"first","12":"instock","13":"taxable","14":"shipping-taxable","15":"purchasable","16":"product-type-variable"},"yoast_head":"<!-- This site is optimized with the Yoast SEO plugin v27.3 - https:\/\/yoast.com\/product\/yoast-seo-wordpress\/ -->\n<title>Grimm Audio MU2 - DAC et lecteur r\u00e9seau hifi - Exception Audio<\/title>\n<meta name=\"description\" content=\"Le Grimm Audio\u00a0MU2 est un DAC, pr\u00e9ampli, lecteur r\u00e9seau, serveur audio Roon Core, une source num\u00e9rique hifi \u00ab\u00a0ultime\u00a0\u00bb pour audiophiles exigeants.\" \/>\n<meta name=\"robots\" content=\"index, follow, max-snippet:-1, max-image-preview:large, max-video-preview:-1\" \/>\n<link rel=\"canonical\" href=\"https:\/\/exceptionaudio.fr\/site\/produit\/grimm-audio-mu2\/\" \/>\n<meta property=\"og:locale\" content=\"fr_FR\" \/>\n<meta property=\"og:type\" content=\"article\" \/>\n<meta property=\"og:title\" content=\"Grimm Audio MU2 - DAC et lecteur r\u00e9seau hifi - Exception Audio\" \/>\n<meta property=\"og:description\" content=\"Le Grimm Audio\u00a0MU2 est un DAC, pr\u00e9ampli, lecteur r\u00e9seau, serveur audio Roon Core, une source num\u00e9rique hifi \u00ab\u00a0ultime\u00a0\u00bb pour audiophiles exigeants.\" \/>\n<meta property=\"og:url\" content=\"https:\/\/exceptionaudio.fr\/site\/produit\/grimm-audio-mu2\/\" \/>\n<meta property=\"og:site_name\" content=\"Exception Audio\" \/>\n<meta property=\"article:publisher\" content=\"https:\/\/www.facebook.com\/ExceptionAudio\" \/>\n<meta property=\"article:modified_time\" content=\"2025-08-26T16:36:59+00:00\" \/>\n<meta property=\"og:image\" content=\"https:\/\/exceptionaudio.fr\/site\/wp-content\/uploads\/2025\/08\/Grimm-Audio-MU2-front.jpg\" \/>\n\t<meta property=\"og:image:width\" content=\"1000\" \/>\n\t<meta property=\"og:image:height\" content=\"1000\" \/>\n\t<meta property=\"og:image:type\" content=\"image\/jpeg\" \/>\n<meta name=\"twitter:card\" content=\"summary_large_image\" \/>\n<meta name=\"twitter:label1\" content=\"Dur\u00e9e de lecture estim\u00e9e\" \/>\n\t<meta name=\"twitter:data1\" content=\"1 minute\" \/>\n<script type=\"application\/ld+json\" class=\"yoast-schema-graph\">{\"@context\":\"https:\\\/\\\/schema.org\",\"@graph\":[{\"@type\":\"WebPage\",\"@id\":\"https:\\\/\\\/exceptionaudio.fr\\\/site\\\/produit\\\/grimm-audio-mu2\\\/\",\"url\":\"https:\\\/\\\/exceptionaudio.fr\\\/site\\\/produit\\\/grimm-audio-mu2\\\/\",\"name\":\"Grimm Audio MU2 - DAC et lecteur r\u00e9seau hifi - Exception Audio\",\"isPartOf\":{\"@id\":\"https:\\\/\\\/exceptionaudio.fr\\\/site\\\/#website\"},\"primaryImageOfPage\":{\"@id\":\"https:\\\/\\\/exceptionaudio.fr\\\/site\\\/produit\\\/grimm-audio-mu2\\\/#primaryimage\"},\"image\":{\"@id\":\"https:\\\/\\\/exceptionaudio.fr\\\/site\\\/produit\\\/grimm-audio-mu2\\\/#primaryimage\"},\"thumbnailUrl\":\"https:\\\/\\\/exceptionaudio.fr\\\/site\\\/wp-content\\\/uploads\\\/2025\\\/08\\\/Grimm-Audio-MU2-front.jpg\",\"datePublished\":\"2025-08-26T16:06:46+00:00\",\"dateModified\":\"2025-08-26T16:36:59+00:00\",\"description\":\"Le Grimm Audio\u00a0MU2 est un DAC, pr\u00e9ampli, lecteur r\u00e9seau, serveur audio Roon Core, une source num\u00e9rique hifi \u00ab\u00a0ultime\u00a0\u00bb pour audiophiles exigeants.\",\"breadcrumb\":{\"@id\":\"https:\\\/\\\/exceptionaudio.fr\\\/site\\\/produit\\\/grimm-audio-mu2\\\/#breadcrumb\"},\"inLanguage\":\"fr-FR\",\"potentialAction\":[{\"@type\":\"ReadAction\",\"target\":[\"https:\\\/\\\/exceptionaudio.fr\\\/site\\\/produit\\\/grimm-audio-mu2\\\/\"]}]},{\"@type\":\"ImageObject\",\"inLanguage\":\"fr-FR\",\"@id\":\"https:\\\/\\\/exceptionaudio.fr\\\/site\\\/produit\\\/grimm-audio-mu2\\\/#primaryimage\",\"url\":\"https:\\\/\\\/exceptionaudio.fr\\\/site\\\/wp-content\\\/uploads\\\/2025\\\/08\\\/Grimm-Audio-MU2-front.jpg\",\"contentUrl\":\"https:\\\/\\\/exceptionaudio.fr\\\/site\\\/wp-content\\\/uploads\\\/2025\\\/08\\\/Grimm-Audio-MU2-front.jpg\",\"width\":1000,\"height\":1000,\"caption\":\"Grimm Audio MU2 DAC lecteur r\u00e9seau serveur audio pr\u00e9ampli hifi\"},{\"@type\":\"BreadcrumbList\",\"@id\":\"https:\\\/\\\/exceptionaudio.fr\\\/site\\\/produit\\\/grimm-audio-mu2\\\/#breadcrumb\",\"itemListElement\":[{\"@type\":\"ListItem\",\"position\":1,\"name\":\"Accueil\",\"item\":\"https:\\\/\\\/exceptionaudio.fr\\\/site\\\/\"},{\"@type\":\"ListItem\",\"position\":2,\"name\":\"Boutique\",\"item\":\"https:\\\/\\\/exceptionaudio.fr\\\/site\\\/boutique\\\/\"},{\"@type\":\"ListItem\",\"position\":3,\"name\":\"Grimm Audio MU2\"}]},{\"@type\":\"WebSite\",\"@id\":\"https:\\\/\\\/exceptionaudio.fr\\\/site\\\/#website\",\"url\":\"https:\\\/\\\/exceptionaudio.fr\\\/site\\\/\",\"name\":\"Exception Audio\",\"description\":\"Magasin hi-fi Antibes\",\"publisher\":{\"@id\":\"https:\\\/\\\/exceptionaudio.fr\\\/site\\\/#organization\"},\"potentialAction\":[{\"@type\":\"SearchAction\",\"target\":{\"@type\":\"EntryPoint\",\"urlTemplate\":\"https:\\\/\\\/exceptionaudio.fr\\\/site\\\/?s={search_term_string}\"},\"query-input\":{\"@type\":\"PropertyValueSpecification\",\"valueRequired\":true,\"valueName\":\"search_term_string\"}}],\"inLanguage\":\"fr-FR\"},{\"@type\":\"Organization\",\"@id\":\"https:\\\/\\\/exceptionaudio.fr\\\/site\\\/#organization\",\"name\":\"Exception Audio\",\"url\":\"https:\\\/\\\/exceptionaudio.fr\\\/site\\\/\",\"logo\":{\"@type\":\"ImageObject\",\"inLanguage\":\"fr-FR\",\"@id\":\"https:\\\/\\\/exceptionaudio.fr\\\/site\\\/#\\\/schema\\\/logo\\\/image\\\/\",\"url\":\"https:\\\/\\\/exceptionaudio.fr\\\/site\\\/wp-content\\\/uploads\\\/2021\\\/10\\\/largeur-exception-audio-logos-noir.png\",\"contentUrl\":\"https:\\\/\\\/exceptionaudio.fr\\\/site\\\/wp-content\\\/uploads\\\/2021\\\/10\\\/largeur-exception-audio-logos-noir.png\",\"width\":357,\"height\":54,\"caption\":\"Exception Audio\"},\"image\":{\"@id\":\"https:\\\/\\\/exceptionaudio.fr\\\/site\\\/#\\\/schema\\\/logo\\\/image\\\/\"},\"sameAs\":[\"https:\\\/\\\/www.facebook.com\\\/ExceptionAudio\",\"https:\\\/\\\/www.instagram.com\\\/exception_audio\\\/\"]}]}<\/script>\n<!-- \/ Yoast SEO plugin. -->","yoast_head_json":{"title":"Grimm Audio MU2 - DAC et lecteur r\u00e9seau hifi - Exception Audio","description":"Le Grimm Audio\u00a0MU2 est un DAC, pr\u00e9ampli, lecteur r\u00e9seau, serveur audio Roon Core, une source num\u00e9rique hifi \u00ab\u00a0ultime\u00a0\u00bb pour audiophiles exigeants.","robots":{"index":"index","follow":"follow","max-snippet":"max-snippet:-1","max-image-preview":"max-image-preview:large","max-video-preview":"max-video-preview:-1"},"canonical":"https:\/\/exceptionaudio.fr\/site\/produit\/grimm-audio-mu2\/","og_locale":"fr_FR","og_type":"article","og_title":"Grimm Audio MU2 - DAC et lecteur r\u00e9seau hifi - Exception Audio","og_description":"Le Grimm Audio\u00a0MU2 est un DAC, pr\u00e9ampli, lecteur r\u00e9seau, serveur audio Roon Core, une source num\u00e9rique hifi \u00ab\u00a0ultime\u00a0\u00bb pour audiophiles exigeants.","og_url":"https:\/\/exceptionaudio.fr\/site\/produit\/grimm-audio-mu2\/","og_site_name":"Exception Audio","article_publisher":"https:\/\/www.facebook.com\/ExceptionAudio","article_modified_time":"2025-08-26T16:36:59+00:00","og_image":[{"width":1000,"height":1000,"url":"https:\/\/exceptionaudio.fr\/site\/wp-content\/uploads\/2025\/08\/Grimm-Audio-MU2-front.jpg","type":"image\/jpeg"}],"twitter_card":"summary_large_image","twitter_misc":{"Dur\u00e9e de lecture estim\u00e9e":"1 minute"},"schema":{"@context":"https:\/\/schema.org","@graph":[{"@type":"WebPage","@id":"https:\/\/exceptionaudio.fr\/site\/produit\/grimm-audio-mu2\/","url":"https:\/\/exceptionaudio.fr\/site\/produit\/grimm-audio-mu2\/","name":"Grimm Audio MU2 - DAC et lecteur r\u00e9seau hifi - Exception Audio","isPartOf":{"@id":"https:\/\/exceptionaudio.fr\/site\/#website"},"primaryImageOfPage":{"@id":"https:\/\/exceptionaudio.fr\/site\/produit\/grimm-audio-mu2\/#primaryimage"},"image":{"@id":"https:\/\/exceptionaudio.fr\/site\/produit\/grimm-audio-mu2\/#primaryimage"},"thumbnailUrl":"https:\/\/exceptionaudio.fr\/site\/wp-content\/uploads\/2025\/08\/Grimm-Audio-MU2-front.jpg","datePublished":"2025-08-26T16:06:46+00:00","dateModified":"2025-08-26T16:36:59+00:00","description":"Le Grimm Audio\u00a0MU2 est un DAC, pr\u00e9ampli, lecteur r\u00e9seau, serveur audio Roon Core, une source num\u00e9rique hifi \u00ab\u00a0ultime\u00a0\u00bb pour audiophiles exigeants.","breadcrumb":{"@id":"https:\/\/exceptionaudio.fr\/site\/produit\/grimm-audio-mu2\/#breadcrumb"},"inLanguage":"fr-FR","potentialAction":[{"@type":"ReadAction","target":["https:\/\/exceptionaudio.fr\/site\/produit\/grimm-audio-mu2\/"]}]},{"@type":"ImageObject","inLanguage":"fr-FR","@id":"https:\/\/exceptionaudio.fr\/site\/produit\/grimm-audio-mu2\/#primaryimage","url":"https:\/\/exceptionaudio.fr\/site\/wp-content\/uploads\/2025\/08\/Grimm-Audio-MU2-front.jpg","contentUrl":"https:\/\/exceptionaudio.fr\/site\/wp-content\/uploads\/2025\/08\/Grimm-Audio-MU2-front.jpg","width":1000,"height":1000,"caption":"Grimm Audio MU2 DAC lecteur r\u00e9seau serveur audio pr\u00e9ampli hifi"},{"@type":"BreadcrumbList","@id":"https:\/\/exceptionaudio.fr\/site\/produit\/grimm-audio-mu2\/#breadcrumb","itemListElement":[{"@type":"ListItem","position":1,"name":"Accueil","item":"https:\/\/exceptionaudio.fr\/site\/"},{"@type":"ListItem","position":2,"name":"Boutique","item":"https:\/\/exceptionaudio.fr\/site\/boutique\/"},{"@type":"ListItem","position":3,"name":"Grimm Audio MU2"}]},{"@type":"WebSite","@id":"https:\/\/exceptionaudio.fr\/site\/#website","url":"https:\/\/exceptionaudio.fr\/site\/","name":"Exception Audio","description":"Magasin hi-fi Antibes","publisher":{"@id":"https:\/\/exceptionaudio.fr\/site\/#organization"},"potentialAction":[{"@type":"SearchAction","target":{"@type":"EntryPoint","urlTemplate":"https:\/\/exceptionaudio.fr\/site\/?s={search_term_string}"},"query-input":{"@type":"PropertyValueSpecification","valueRequired":true,"valueName":"search_term_string"}}],"inLanguage":"fr-FR"},{"@type":"Organization","@id":"https:\/\/exceptionaudio.fr\/site\/#organization","name":"Exception Audio","url":"https:\/\/exceptionaudio.fr\/site\/","logo":{"@type":"ImageObject","inLanguage":"fr-FR","@id":"https:\/\/exceptionaudio.fr\/site\/#\/schema\/logo\/image\/","url":"https:\/\/exceptionaudio.fr\/site\/wp-content\/uploads\/2021\/10\/largeur-exception-audio-logos-noir.png","contentUrl":"https:\/\/exceptionaudio.fr\/site\/wp-content\/uploads\/2021\/10\/largeur-exception-audio-logos-noir.png","width":357,"height":54,"caption":"Exception Audio"},"image":{"@id":"https:\/\/exceptionaudio.fr\/site\/#\/schema\/logo\/image\/"},"sameAs":["https:\/\/www.facebook.com\/ExceptionAudio","https:\/\/www.instagram.com\/exception_audio\/"]}]}},"_links":{"self":[{"href":"https:\/\/exceptionaudio.fr\/site\/wp-json\/wp\/v2\/product\/9615","targetHints":{"allow":["GET"]}}],"collection":[{"href":"https:\/\/exceptionaudio.fr\/site\/wp-json\/wp\/v2\/product"}],"about":[{"href":"https:\/\/exceptionaudio.fr\/site\/wp-json\/wp\/v2\/types\/product"}],"version-history":[{"count":1,"href":"https:\/\/exceptionaudio.fr\/site\/wp-json\/wp\/v2\/product\/9615\/revisions"}],"predecessor-version":[{"id":9622,"href":"https:\/\/exceptionaudio.fr\/site\/wp-json\/wp\/v2\/product\/9615\/revisions\/9622"}],"wp:featuredmedia":[{"embeddable":true,"href":"https:\/\/exceptionaudio.fr\/site\/wp-json\/wp\/v2\/media\/9619"}],"wp:attachment":[{"href":"https:\/\/exceptionaudio.fr\/site\/wp-json\/wp\/v2\/media?parent=9615"}],"wp:term":[{"taxonomy":"product_brand","embeddable":true,"href":"https:\/\/exceptionaudio.fr\/site\/wp-json\/wp\/v2\/product_brand?post=9615"},{"taxonomy":"product_cat","embeddable":true,"href":"https:\/\/exceptionaudio.fr\/site\/wp-json\/wp\/v2\/product_cat?post=9615"},{"taxonomy":"product_tag","embeddable":true,"href":"https:\/\/exceptionaudio.fr\/site\/wp-json\/wp\/v2\/product_tag?post=9615"}],"curies":[{"name":"wp","href":"https:\/\/api.w.org\/{rel}","templated":true}]}}