{"id":9712,"date":"2025-09-18T10:54:13","date_gmt":"2025-09-18T08:54:13","guid":{"rendered":"https:\/\/exceptionaudio.fr\/site\/?post_type=product&#038;p=9712"},"modified":"2025-09-18T11:01:09","modified_gmt":"2025-09-18T09:01:09","slug":"bluesound-powernode-2025","status":"publish","type":"product","link":"https:\/\/exceptionaudio.fr\/site\/produit\/bluesound-powernode-2025\/","title":{"rendered":"Bluesound Powernode 2025"},"content":{"rendered":"","protected":false},"excerpt":{"rendered":"<p style=\"font-weight: 400;\">Le <strong>Bluesound Powernode 2025<\/strong> est un amplificateur int\u00e9gr\u00e9 compact et connect\u00e9 qui d\u00e9veloppe d\u00e9sormais 2x 100 Watts. Vous pourrez lire votre musique \u00e0 partir des plateformes de streaming tel que Amazon, Deezer, Qobuz, Spotify, Tidal&#8230; Le tout combin\u00e9 \u00e0 un DAC haute d\u00e9finition allant au DSD256. Il est compatible avec le multiroom BluOS, AirPlay 2 et le Bluetooth bidirectionnel, il dispose d\u2019une connectique compl\u00e8te : HDMI, RCA, optique, USB-C. Sur la version 2025, on retrouve un troisi\u00e8me bornier pour y brancher une enceinte centrale et ainsi cr\u00e9er une configuration audio-vid\u00e9o \u00ab\u00a0home-cin\u00e9ma\u00a0\u00bb simplifi\u00e9e.<\/p>\n","protected":false},"featured_media":9715,"template":"","meta":[],"product_brand":[],"product_cat":[93,94],"product_tag":[213],"class_list":{"0":"post-9712","1":"product","2":"type-product","3":"status-publish","4":"has-post-thumbnail","6":"product_cat-amplification-hifi","7":"product_cat-amplificateurs-integres","8":"product_tag-bluesound","10":"first","11":"instock","12":"taxable","13":"shipping-taxable","14":"purchasable","15":"product-type-variable"},"yoast_head":"<!-- This site is optimized with the Yoast SEO plugin v27.4 - https:\/\/yoast.com\/product\/yoast-seo-wordpress\/ -->\n<title>Bluesound Powernode 2025 - Ampli int\u00e9gr\u00e9 connect\u00e9 - Exception Audio<\/title>\n<meta name=\"description\" content=\"Bluesound Powernode 2025 amplificateur hifi int\u00e9gr\u00e9 et connect\u00e9 d\u00e9veloppant 2x 100 Watts. Il int\u00e8gre un lecteur r\u00e9seau BluOS, AirPlay 2, Bluetooth ...\" \/>\n<meta name=\"robots\" content=\"index, follow, max-snippet:-1, max-image-preview:large, max-video-preview:-1\" \/>\n<link rel=\"canonical\" href=\"https:\/\/exceptionaudio.fr\/site\/produit\/bluesound-powernode-2025\/\" \/>\n<meta property=\"og:locale\" content=\"fr_FR\" \/>\n<meta property=\"og:type\" content=\"article\" \/>\n<meta property=\"og:title\" content=\"Bluesound Powernode 2025 - Ampli int\u00e9gr\u00e9 connect\u00e9 - Exception Audio\" \/>\n<meta property=\"og:description\" content=\"Bluesound Powernode 2025 amplificateur hifi int\u00e9gr\u00e9 et connect\u00e9 d\u00e9veloppant 2x 100 Watts. Il int\u00e8gre un lecteur r\u00e9seau BluOS, AirPlay 2, Bluetooth ...\" \/>\n<meta property=\"og:url\" content=\"https:\/\/exceptionaudio.fr\/site\/produit\/bluesound-powernode-2025\/\" \/>\n<meta property=\"og:site_name\" content=\"Exception Audio\" \/>\n<meta property=\"article:publisher\" content=\"https:\/\/www.facebook.com\/ExceptionAudio\" \/>\n<meta property=\"article:modified_time\" content=\"2025-09-18T09:01:09+00:00\" \/>\n<meta property=\"og:image\" content=\"https:\/\/exceptionaudio.fr\/site\/wp-content\/uploads\/2025\/09\/Bluesound-Powernode-2025.jpg\" \/>\n\t<meta property=\"og:image:width\" content=\"1000\" \/>\n\t<meta property=\"og:image:height\" content=\"1000\" \/>\n\t<meta property=\"og:image:type\" content=\"image\/jpeg\" \/>\n<meta name=\"twitter:card\" content=\"summary_large_image\" \/>\n<meta name=\"twitter:label1\" content=\"Dur\u00e9e de lecture estim\u00e9e\" \/>\n\t<meta name=\"twitter:data1\" content=\"1 minute\" \/>\n<script type=\"application\/ld+json\" class=\"yoast-schema-graph\">{\"@context\":\"https:\\\/\\\/schema.org\",\"@graph\":[{\"@type\":\"WebPage\",\"@id\":\"https:\\\/\\\/exceptionaudio.fr\\\/site\\\/produit\\\/bluesound-powernode-2025\\\/\",\"url\":\"https:\\\/\\\/exceptionaudio.fr\\\/site\\\/produit\\\/bluesound-powernode-2025\\\/\",\"name\":\"Bluesound Powernode 2025 - Ampli int\u00e9gr\u00e9 connect\u00e9 - Exception Audio\",\"isPartOf\":{\"@id\":\"https:\\\/\\\/exceptionaudio.fr\\\/site\\\/#website\"},\"primaryImageOfPage\":{\"@id\":\"https:\\\/\\\/exceptionaudio.fr\\\/site\\\/produit\\\/bluesound-powernode-2025\\\/#primaryimage\"},\"image\":{\"@id\":\"https:\\\/\\\/exceptionaudio.fr\\\/site\\\/produit\\\/bluesound-powernode-2025\\\/#primaryimage\"},\"thumbnailUrl\":\"https:\\\/\\\/exceptionaudio.fr\\\/site\\\/wp-content\\\/uploads\\\/2025\\\/09\\\/Bluesound-Powernode-2025.jpg\",\"datePublished\":\"2025-09-18T08:54:13+00:00\",\"dateModified\":\"2025-09-18T09:01:09+00:00\",\"description\":\"Bluesound Powernode 2025 amplificateur hifi int\u00e9gr\u00e9 et connect\u00e9 d\u00e9veloppant 2x 100 Watts. Il int\u00e8gre un lecteur r\u00e9seau BluOS, AirPlay 2, Bluetooth ...\",\"breadcrumb\":{\"@id\":\"https:\\\/\\\/exceptionaudio.fr\\\/site\\\/produit\\\/bluesound-powernode-2025\\\/#breadcrumb\"},\"inLanguage\":\"fr-FR\",\"potentialAction\":[{\"@type\":\"ReadAction\",\"target\":[\"https:\\\/\\\/exceptionaudio.fr\\\/site\\\/produit\\\/bluesound-powernode-2025\\\/\"]}]},{\"@type\":\"ImageObject\",\"inLanguage\":\"fr-FR\",\"@id\":\"https:\\\/\\\/exceptionaudio.fr\\\/site\\\/produit\\\/bluesound-powernode-2025\\\/#primaryimage\",\"url\":\"https:\\\/\\\/exceptionaudio.fr\\\/site\\\/wp-content\\\/uploads\\\/2025\\\/09\\\/Bluesound-Powernode-2025.jpg\",\"contentUrl\":\"https:\\\/\\\/exceptionaudio.fr\\\/site\\\/wp-content\\\/uploads\\\/2025\\\/09\\\/Bluesound-Powernode-2025.jpg\",\"width\":1000,\"height\":1000,\"caption\":\"Bluesound Powernode 2025 ampli hifi connect\u00e9e bluos airplay\"},{\"@type\":\"BreadcrumbList\",\"@id\":\"https:\\\/\\\/exceptionaudio.fr\\\/site\\\/produit\\\/bluesound-powernode-2025\\\/#breadcrumb\",\"itemListElement\":[{\"@type\":\"ListItem\",\"position\":1,\"name\":\"Accueil\",\"item\":\"https:\\\/\\\/exceptionaudio.fr\\\/site\\\/\"},{\"@type\":\"ListItem\",\"position\":2,\"name\":\"Boutique\",\"item\":\"https:\\\/\\\/exceptionaudio.fr\\\/site\\\/boutique\\\/\"},{\"@type\":\"ListItem\",\"position\":3,\"name\":\"Bluesound Powernode 2025\"}]},{\"@type\":\"WebSite\",\"@id\":\"https:\\\/\\\/exceptionaudio.fr\\\/site\\\/#website\",\"url\":\"https:\\\/\\\/exceptionaudio.fr\\\/site\\\/\",\"name\":\"Exception Audio\",\"description\":\"Magasin hi-fi Antibes\",\"publisher\":{\"@id\":\"https:\\\/\\\/exceptionaudio.fr\\\/site\\\/#organization\"},\"potentialAction\":[{\"@type\":\"SearchAction\",\"target\":{\"@type\":\"EntryPoint\",\"urlTemplate\":\"https:\\\/\\\/exceptionaudio.fr\\\/site\\\/?s={search_term_string}\"},\"query-input\":{\"@type\":\"PropertyValueSpecification\",\"valueRequired\":true,\"valueName\":\"search_term_string\"}}],\"inLanguage\":\"fr-FR\"},{\"@type\":\"Organization\",\"@id\":\"https:\\\/\\\/exceptionaudio.fr\\\/site\\\/#organization\",\"name\":\"Exception Audio\",\"url\":\"https:\\\/\\\/exceptionaudio.fr\\\/site\\\/\",\"logo\":{\"@type\":\"ImageObject\",\"inLanguage\":\"fr-FR\",\"@id\":\"https:\\\/\\\/exceptionaudio.fr\\\/site\\\/#\\\/schema\\\/logo\\\/image\\\/\",\"url\":\"https:\\\/\\\/exceptionaudio.fr\\\/site\\\/wp-content\\\/uploads\\\/2021\\\/10\\\/largeur-exception-audio-logos-noir.png\",\"contentUrl\":\"https:\\\/\\\/exceptionaudio.fr\\\/site\\\/wp-content\\\/uploads\\\/2021\\\/10\\\/largeur-exception-audio-logos-noir.png\",\"width\":357,\"height\":54,\"caption\":\"Exception Audio\"},\"image\":{\"@id\":\"https:\\\/\\\/exceptionaudio.fr\\\/site\\\/#\\\/schema\\\/logo\\\/image\\\/\"},\"sameAs\":[\"https:\\\/\\\/www.facebook.com\\\/ExceptionAudio\",\"https:\\\/\\\/www.instagram.com\\\/exception_audio\\\/\"]}]}<\/script>\n<!-- \/ Yoast SEO plugin. -->","yoast_head_json":{"title":"Bluesound Powernode 2025 - Ampli int\u00e9gr\u00e9 connect\u00e9 - Exception Audio","description":"Bluesound Powernode 2025 amplificateur hifi int\u00e9gr\u00e9 et connect\u00e9 d\u00e9veloppant 2x 100 Watts. Il int\u00e8gre un lecteur r\u00e9seau BluOS, AirPlay 2, Bluetooth ...","robots":{"index":"index","follow":"follow","max-snippet":"max-snippet:-1","max-image-preview":"max-image-preview:large","max-video-preview":"max-video-preview:-1"},"canonical":"https:\/\/exceptionaudio.fr\/site\/produit\/bluesound-powernode-2025\/","og_locale":"fr_FR","og_type":"article","og_title":"Bluesound Powernode 2025 - Ampli int\u00e9gr\u00e9 connect\u00e9 - Exception Audio","og_description":"Bluesound Powernode 2025 amplificateur hifi int\u00e9gr\u00e9 et connect\u00e9 d\u00e9veloppant 2x 100 Watts. Il int\u00e8gre un lecteur r\u00e9seau BluOS, AirPlay 2, Bluetooth ...","og_url":"https:\/\/exceptionaudio.fr\/site\/produit\/bluesound-powernode-2025\/","og_site_name":"Exception Audio","article_publisher":"https:\/\/www.facebook.com\/ExceptionAudio","article_modified_time":"2025-09-18T09:01:09+00:00","og_image":[{"width":1000,"height":1000,"url":"https:\/\/exceptionaudio.fr\/site\/wp-content\/uploads\/2025\/09\/Bluesound-Powernode-2025.jpg","type":"image\/jpeg"}],"twitter_card":"summary_large_image","twitter_misc":{"Dur\u00e9e de lecture estim\u00e9e":"1 minute"},"schema":{"@context":"https:\/\/schema.org","@graph":[{"@type":"WebPage","@id":"https:\/\/exceptionaudio.fr\/site\/produit\/bluesound-powernode-2025\/","url":"https:\/\/exceptionaudio.fr\/site\/produit\/bluesound-powernode-2025\/","name":"Bluesound Powernode 2025 - Ampli int\u00e9gr\u00e9 connect\u00e9 - Exception Audio","isPartOf":{"@id":"https:\/\/exceptionaudio.fr\/site\/#website"},"primaryImageOfPage":{"@id":"https:\/\/exceptionaudio.fr\/site\/produit\/bluesound-powernode-2025\/#primaryimage"},"image":{"@id":"https:\/\/exceptionaudio.fr\/site\/produit\/bluesound-powernode-2025\/#primaryimage"},"thumbnailUrl":"https:\/\/exceptionaudio.fr\/site\/wp-content\/uploads\/2025\/09\/Bluesound-Powernode-2025.jpg","datePublished":"2025-09-18T08:54:13+00:00","dateModified":"2025-09-18T09:01:09+00:00","description":"Bluesound Powernode 2025 amplificateur hifi int\u00e9gr\u00e9 et connect\u00e9 d\u00e9veloppant 2x 100 Watts. Il int\u00e8gre un lecteur r\u00e9seau BluOS, AirPlay 2, Bluetooth ...","breadcrumb":{"@id":"https:\/\/exceptionaudio.fr\/site\/produit\/bluesound-powernode-2025\/#breadcrumb"},"inLanguage":"fr-FR","potentialAction":[{"@type":"ReadAction","target":["https:\/\/exceptionaudio.fr\/site\/produit\/bluesound-powernode-2025\/"]}]},{"@type":"ImageObject","inLanguage":"fr-FR","@id":"https:\/\/exceptionaudio.fr\/site\/produit\/bluesound-powernode-2025\/#primaryimage","url":"https:\/\/exceptionaudio.fr\/site\/wp-content\/uploads\/2025\/09\/Bluesound-Powernode-2025.jpg","contentUrl":"https:\/\/exceptionaudio.fr\/site\/wp-content\/uploads\/2025\/09\/Bluesound-Powernode-2025.jpg","width":1000,"height":1000,"caption":"Bluesound Powernode 2025 ampli hifi connect\u00e9e bluos airplay"},{"@type":"BreadcrumbList","@id":"https:\/\/exceptionaudio.fr\/site\/produit\/bluesound-powernode-2025\/#breadcrumb","itemListElement":[{"@type":"ListItem","position":1,"name":"Accueil","item":"https:\/\/exceptionaudio.fr\/site\/"},{"@type":"ListItem","position":2,"name":"Boutique","item":"https:\/\/exceptionaudio.fr\/site\/boutique\/"},{"@type":"ListItem","position":3,"name":"Bluesound Powernode 2025"}]},{"@type":"WebSite","@id":"https:\/\/exceptionaudio.fr\/site\/#website","url":"https:\/\/exceptionaudio.fr\/site\/","name":"Exception Audio","description":"Magasin hi-fi Antibes","publisher":{"@id":"https:\/\/exceptionaudio.fr\/site\/#organization"},"potentialAction":[{"@type":"SearchAction","target":{"@type":"EntryPoint","urlTemplate":"https:\/\/exceptionaudio.fr\/site\/?s={search_term_string}"},"query-input":{"@type":"PropertyValueSpecification","valueRequired":true,"valueName":"search_term_string"}}],"inLanguage":"fr-FR"},{"@type":"Organization","@id":"https:\/\/exceptionaudio.fr\/site\/#organization","name":"Exception Audio","url":"https:\/\/exceptionaudio.fr\/site\/","logo":{"@type":"ImageObject","inLanguage":"fr-FR","@id":"https:\/\/exceptionaudio.fr\/site\/#\/schema\/logo\/image\/","url":"https:\/\/exceptionaudio.fr\/site\/wp-content\/uploads\/2021\/10\/largeur-exception-audio-logos-noir.png","contentUrl":"https:\/\/exceptionaudio.fr\/site\/wp-content\/uploads\/2021\/10\/largeur-exception-audio-logos-noir.png","width":357,"height":54,"caption":"Exception Audio"},"image":{"@id":"https:\/\/exceptionaudio.fr\/site\/#\/schema\/logo\/image\/"},"sameAs":["https:\/\/www.facebook.com\/ExceptionAudio","https:\/\/www.instagram.com\/exception_audio\/"]}]}},"_links":{"self":[{"href":"https:\/\/exceptionaudio.fr\/site\/wp-json\/wp\/v2\/product\/9712","targetHints":{"allow":["GET"]}}],"collection":[{"href":"https:\/\/exceptionaudio.fr\/site\/wp-json\/wp\/v2\/product"}],"about":[{"href":"https:\/\/exceptionaudio.fr\/site\/wp-json\/wp\/v2\/types\/product"}],"version-history":[{"count":1,"href":"https:\/\/exceptionaudio.fr\/site\/wp-json\/wp\/v2\/product\/9712\/revisions"}],"predecessor-version":[{"id":9717,"href":"https:\/\/exceptionaudio.fr\/site\/wp-json\/wp\/v2\/product\/9712\/revisions\/9717"}],"wp:featuredmedia":[{"embeddable":true,"href":"https:\/\/exceptionaudio.fr\/site\/wp-json\/wp\/v2\/media\/9715"}],"wp:attachment":[{"href":"https:\/\/exceptionaudio.fr\/site\/wp-json\/wp\/v2\/media?parent=9712"}],"wp:term":[{"taxonomy":"product_brand","embeddable":true,"href":"https:\/\/exceptionaudio.fr\/site\/wp-json\/wp\/v2\/product_brand?post=9712"},{"taxonomy":"product_cat","embeddable":true,"href":"https:\/\/exceptionaudio.fr\/site\/wp-json\/wp\/v2\/product_cat?post=9712"},{"taxonomy":"product_tag","embeddable":true,"href":"https:\/\/exceptionaudio.fr\/site\/wp-json\/wp\/v2\/product_tag?post=9712"}],"curies":[{"name":"wp","href":"https:\/\/api.w.org\/{rel}","templated":true}]}}