{"id":9737,"date":"2025-10-08T15:53:21","date_gmt":"2025-10-08T13:53:21","guid":{"rendered":"https:\/\/exceptionaudio.fr\/site\/?post_type=product&#038;p=9737"},"modified":"2025-10-31T12:25:10","modified_gmt":"2025-10-31T11:25:10","slug":"franc-audio-damper-1kg","status":"publish","type":"product","link":"https:\/\/exceptionaudio.fr\/site\/produit\/franc-audio-damper-1kg\/","title":{"rendered":"Franc Audio Damper 1Kg"},"content":{"rendered":"","protected":false},"excerpt":{"rendered":"<p style=\"font-weight: 400;\">Le Damper 1Kg chez Franc Audio est une masse anti-magn\u00e9tique con\u00e7ue pour absorber les micro-vibrations g\u00e9n\u00e9r\u00e9es par les appareils \u00e9lectroniques. En \u00e9liminant ces perturbations, il purifie le signal audio et am\u00e9liore la restitution musicale. Simple \u00e0 utiliser, il se pose sur tout type d\u2019\u00e9quipement HiFi \u2014 lecteurs CD, DAC, amplificateurs, streamers ou enceintes \u2014 pour offrir une exp\u00e9rience d\u2019\u00e9coute sublim\u00e9e.<\/p>\n","protected":false},"featured_media":9744,"template":"","meta":[],"product_brand":[],"product_cat":[225,238],"product_tag":[247],"class_list":{"0":"post-9737","1":"product","2":"type-product","3":"status-publish","4":"has-post-thumbnail","6":"product_cat-accessoires-hifi","7":"product_cat-accessoires-de-decouplage","8":"product_tag-franc-audio-accessories","10":"first","11":"instock","12":"taxable","13":"shipping-taxable","14":"purchasable","15":"product-type-variable"},"yoast_head":"<!-- This site is optimized with the Yoast SEO plugin v27.3 - https:\/\/yoast.com\/product\/yoast-seo-wordpress\/ -->\n<title>Franc Audio Damper 1Kg - Accessoires antivibratoire HiFi - Exception Audio<\/title>\n<meta name=\"description\" content=\"Le Damper 1Kg chez Franc Audio est une masse anti-magn\u00e9tique con\u00e7ue pour absorber les vibrations g\u00e9n\u00e9r\u00e9es par les appareils HiFi : ampli ...\" \/>\n<meta name=\"robots\" content=\"index, follow, max-snippet:-1, max-image-preview:large, max-video-preview:-1\" \/>\n<link rel=\"canonical\" href=\"https:\/\/exceptionaudio.fr\/site\/produit\/franc-audio-damper-1kg\/\" \/>\n<meta property=\"og:locale\" content=\"fr_FR\" \/>\n<meta property=\"og:type\" content=\"article\" \/>\n<meta property=\"og:title\" content=\"Franc Audio Damper 1Kg - Accessoires antivibratoire HiFi - Exception Audio\" \/>\n<meta property=\"og:description\" content=\"Le Damper 1Kg chez Franc Audio est une masse anti-magn\u00e9tique con\u00e7ue pour absorber les vibrations g\u00e9n\u00e9r\u00e9es par les appareils HiFi : ampli ...\" \/>\n<meta property=\"og:url\" content=\"https:\/\/exceptionaudio.fr\/site\/produit\/franc-audio-damper-1kg\/\" \/>\n<meta property=\"og:site_name\" content=\"Exception Audio\" \/>\n<meta property=\"article:publisher\" content=\"https:\/\/www.facebook.com\/ExceptionAudio\" \/>\n<meta property=\"article:modified_time\" content=\"2025-10-31T11:25:10+00:00\" \/>\n<meta property=\"og:image\" content=\"https:\/\/exceptionaudio.fr\/site\/wp-content\/uploads\/2025\/10\/Franc-Audio-Dampers-Noir-1.0.png\" \/>\n\t<meta property=\"og:image:width\" content=\"1000\" \/>\n\t<meta property=\"og:image:height\" content=\"1000\" \/>\n\t<meta property=\"og:image:type\" content=\"image\/png\" \/>\n<meta name=\"twitter:card\" content=\"summary_large_image\" \/>\n<meta name=\"twitter:label1\" content=\"Dur\u00e9e de lecture estim\u00e9e\" \/>\n\t<meta name=\"twitter:data1\" content=\"1 minute\" \/>\n<script type=\"application\/ld+json\" class=\"yoast-schema-graph\">{\"@context\":\"https:\\\/\\\/schema.org\",\"@graph\":[{\"@type\":\"WebPage\",\"@id\":\"https:\\\/\\\/exceptionaudio.fr\\\/site\\\/produit\\\/franc-audio-damper-1kg\\\/\",\"url\":\"https:\\\/\\\/exceptionaudio.fr\\\/site\\\/produit\\\/franc-audio-damper-1kg\\\/\",\"name\":\"Franc Audio Damper 1Kg - Accessoires antivibratoire HiFi - Exception Audio\",\"isPartOf\":{\"@id\":\"https:\\\/\\\/exceptionaudio.fr\\\/site\\\/#website\"},\"primaryImageOfPage\":{\"@id\":\"https:\\\/\\\/exceptionaudio.fr\\\/site\\\/produit\\\/franc-audio-damper-1kg\\\/#primaryimage\"},\"image\":{\"@id\":\"https:\\\/\\\/exceptionaudio.fr\\\/site\\\/produit\\\/franc-audio-damper-1kg\\\/#primaryimage\"},\"thumbnailUrl\":\"https:\\\/\\\/exceptionaudio.fr\\\/site\\\/wp-content\\\/uploads\\\/2025\\\/10\\\/Franc-Audio-Dampers-Noir-1.0.png\",\"datePublished\":\"2025-10-08T13:53:21+00:00\",\"dateModified\":\"2025-10-31T11:25:10+00:00\",\"description\":\"Le Damper 1Kg chez Franc Audio est une masse anti-magn\u00e9tique con\u00e7ue pour absorber les vibrations g\u00e9n\u00e9r\u00e9es par les appareils HiFi : ampli ...\",\"breadcrumb\":{\"@id\":\"https:\\\/\\\/exceptionaudio.fr\\\/site\\\/produit\\\/franc-audio-damper-1kg\\\/#breadcrumb\"},\"inLanguage\":\"fr-FR\",\"potentialAction\":[{\"@type\":\"ReadAction\",\"target\":[\"https:\\\/\\\/exceptionaudio.fr\\\/site\\\/produit\\\/franc-audio-damper-1kg\\\/\"]}]},{\"@type\":\"ImageObject\",\"inLanguage\":\"fr-FR\",\"@id\":\"https:\\\/\\\/exceptionaudio.fr\\\/site\\\/produit\\\/franc-audio-damper-1kg\\\/#primaryimage\",\"url\":\"https:\\\/\\\/exceptionaudio.fr\\\/site\\\/wp-content\\\/uploads\\\/2025\\\/10\\\/Franc-Audio-Dampers-Noir-1.0.png\",\"contentUrl\":\"https:\\\/\\\/exceptionaudio.fr\\\/site\\\/wp-content\\\/uploads\\\/2025\\\/10\\\/Franc-Audio-Dampers-Noir-1.0.png\",\"width\":1000,\"height\":1000,\"caption\":\"Franc Audio Dampers Noir 1Kg Gallet antivibratoire d\u00e9couplage hifi\"},{\"@type\":\"BreadcrumbList\",\"@id\":\"https:\\\/\\\/exceptionaudio.fr\\\/site\\\/produit\\\/franc-audio-damper-1kg\\\/#breadcrumb\",\"itemListElement\":[{\"@type\":\"ListItem\",\"position\":1,\"name\":\"Accueil\",\"item\":\"https:\\\/\\\/exceptionaudio.fr\\\/site\\\/\"},{\"@type\":\"ListItem\",\"position\":2,\"name\":\"Boutique\",\"item\":\"https:\\\/\\\/exceptionaudio.fr\\\/site\\\/boutique\\\/\"},{\"@type\":\"ListItem\",\"position\":3,\"name\":\"Franc Audio Damper 1Kg\"}]},{\"@type\":\"WebSite\",\"@id\":\"https:\\\/\\\/exceptionaudio.fr\\\/site\\\/#website\",\"url\":\"https:\\\/\\\/exceptionaudio.fr\\\/site\\\/\",\"name\":\"Exception Audio\",\"description\":\"Magasin hi-fi Antibes\",\"publisher\":{\"@id\":\"https:\\\/\\\/exceptionaudio.fr\\\/site\\\/#organization\"},\"potentialAction\":[{\"@type\":\"SearchAction\",\"target\":{\"@type\":\"EntryPoint\",\"urlTemplate\":\"https:\\\/\\\/exceptionaudio.fr\\\/site\\\/?s={search_term_string}\"},\"query-input\":{\"@type\":\"PropertyValueSpecification\",\"valueRequired\":true,\"valueName\":\"search_term_string\"}}],\"inLanguage\":\"fr-FR\"},{\"@type\":\"Organization\",\"@id\":\"https:\\\/\\\/exceptionaudio.fr\\\/site\\\/#organization\",\"name\":\"Exception Audio\",\"url\":\"https:\\\/\\\/exceptionaudio.fr\\\/site\\\/\",\"logo\":{\"@type\":\"ImageObject\",\"inLanguage\":\"fr-FR\",\"@id\":\"https:\\\/\\\/exceptionaudio.fr\\\/site\\\/#\\\/schema\\\/logo\\\/image\\\/\",\"url\":\"https:\\\/\\\/exceptionaudio.fr\\\/site\\\/wp-content\\\/uploads\\\/2021\\\/10\\\/largeur-exception-audio-logos-noir.png\",\"contentUrl\":\"https:\\\/\\\/exceptionaudio.fr\\\/site\\\/wp-content\\\/uploads\\\/2021\\\/10\\\/largeur-exception-audio-logos-noir.png\",\"width\":357,\"height\":54,\"caption\":\"Exception Audio\"},\"image\":{\"@id\":\"https:\\\/\\\/exceptionaudio.fr\\\/site\\\/#\\\/schema\\\/logo\\\/image\\\/\"},\"sameAs\":[\"https:\\\/\\\/www.facebook.com\\\/ExceptionAudio\",\"https:\\\/\\\/www.instagram.com\\\/exception_audio\\\/\"]}]}<\/script>\n<!-- \/ Yoast SEO plugin. -->","yoast_head_json":{"title":"Franc Audio Damper 1Kg - Accessoires antivibratoire HiFi - Exception Audio","description":"Le Damper 1Kg chez Franc Audio est une masse anti-magn\u00e9tique con\u00e7ue pour absorber les vibrations g\u00e9n\u00e9r\u00e9es par les appareils HiFi : ampli ...","robots":{"index":"index","follow":"follow","max-snippet":"max-snippet:-1","max-image-preview":"max-image-preview:large","max-video-preview":"max-video-preview:-1"},"canonical":"https:\/\/exceptionaudio.fr\/site\/produit\/franc-audio-damper-1kg\/","og_locale":"fr_FR","og_type":"article","og_title":"Franc Audio Damper 1Kg - Accessoires antivibratoire HiFi - Exception Audio","og_description":"Le Damper 1Kg chez Franc Audio est une masse anti-magn\u00e9tique con\u00e7ue pour absorber les vibrations g\u00e9n\u00e9r\u00e9es par les appareils HiFi : ampli ...","og_url":"https:\/\/exceptionaudio.fr\/site\/produit\/franc-audio-damper-1kg\/","og_site_name":"Exception Audio","article_publisher":"https:\/\/www.facebook.com\/ExceptionAudio","article_modified_time":"2025-10-31T11:25:10+00:00","og_image":[{"width":1000,"height":1000,"url":"https:\/\/exceptionaudio.fr\/site\/wp-content\/uploads\/2025\/10\/Franc-Audio-Dampers-Noir-1.0.png","type":"image\/png"}],"twitter_card":"summary_large_image","twitter_misc":{"Dur\u00e9e de lecture estim\u00e9e":"1 minute"},"schema":{"@context":"https:\/\/schema.org","@graph":[{"@type":"WebPage","@id":"https:\/\/exceptionaudio.fr\/site\/produit\/franc-audio-damper-1kg\/","url":"https:\/\/exceptionaudio.fr\/site\/produit\/franc-audio-damper-1kg\/","name":"Franc Audio Damper 1Kg - Accessoires antivibratoire HiFi - Exception Audio","isPartOf":{"@id":"https:\/\/exceptionaudio.fr\/site\/#website"},"primaryImageOfPage":{"@id":"https:\/\/exceptionaudio.fr\/site\/produit\/franc-audio-damper-1kg\/#primaryimage"},"image":{"@id":"https:\/\/exceptionaudio.fr\/site\/produit\/franc-audio-damper-1kg\/#primaryimage"},"thumbnailUrl":"https:\/\/exceptionaudio.fr\/site\/wp-content\/uploads\/2025\/10\/Franc-Audio-Dampers-Noir-1.0.png","datePublished":"2025-10-08T13:53:21+00:00","dateModified":"2025-10-31T11:25:10+00:00","description":"Le Damper 1Kg chez Franc Audio est une masse anti-magn\u00e9tique con\u00e7ue pour absorber les vibrations g\u00e9n\u00e9r\u00e9es par les appareils HiFi : ampli ...","breadcrumb":{"@id":"https:\/\/exceptionaudio.fr\/site\/produit\/franc-audio-damper-1kg\/#breadcrumb"},"inLanguage":"fr-FR","potentialAction":[{"@type":"ReadAction","target":["https:\/\/exceptionaudio.fr\/site\/produit\/franc-audio-damper-1kg\/"]}]},{"@type":"ImageObject","inLanguage":"fr-FR","@id":"https:\/\/exceptionaudio.fr\/site\/produit\/franc-audio-damper-1kg\/#primaryimage","url":"https:\/\/exceptionaudio.fr\/site\/wp-content\/uploads\/2025\/10\/Franc-Audio-Dampers-Noir-1.0.png","contentUrl":"https:\/\/exceptionaudio.fr\/site\/wp-content\/uploads\/2025\/10\/Franc-Audio-Dampers-Noir-1.0.png","width":1000,"height":1000,"caption":"Franc Audio Dampers Noir 1Kg Gallet antivibratoire d\u00e9couplage hifi"},{"@type":"BreadcrumbList","@id":"https:\/\/exceptionaudio.fr\/site\/produit\/franc-audio-damper-1kg\/#breadcrumb","itemListElement":[{"@type":"ListItem","position":1,"name":"Accueil","item":"https:\/\/exceptionaudio.fr\/site\/"},{"@type":"ListItem","position":2,"name":"Boutique","item":"https:\/\/exceptionaudio.fr\/site\/boutique\/"},{"@type":"ListItem","position":3,"name":"Franc Audio Damper 1Kg"}]},{"@type":"WebSite","@id":"https:\/\/exceptionaudio.fr\/site\/#website","url":"https:\/\/exceptionaudio.fr\/site\/","name":"Exception Audio","description":"Magasin hi-fi Antibes","publisher":{"@id":"https:\/\/exceptionaudio.fr\/site\/#organization"},"potentialAction":[{"@type":"SearchAction","target":{"@type":"EntryPoint","urlTemplate":"https:\/\/exceptionaudio.fr\/site\/?s={search_term_string}"},"query-input":{"@type":"PropertyValueSpecification","valueRequired":true,"valueName":"search_term_string"}}],"inLanguage":"fr-FR"},{"@type":"Organization","@id":"https:\/\/exceptionaudio.fr\/site\/#organization","name":"Exception Audio","url":"https:\/\/exceptionaudio.fr\/site\/","logo":{"@type":"ImageObject","inLanguage":"fr-FR","@id":"https:\/\/exceptionaudio.fr\/site\/#\/schema\/logo\/image\/","url":"https:\/\/exceptionaudio.fr\/site\/wp-content\/uploads\/2021\/10\/largeur-exception-audio-logos-noir.png","contentUrl":"https:\/\/exceptionaudio.fr\/site\/wp-content\/uploads\/2021\/10\/largeur-exception-audio-logos-noir.png","width":357,"height":54,"caption":"Exception Audio"},"image":{"@id":"https:\/\/exceptionaudio.fr\/site\/#\/schema\/logo\/image\/"},"sameAs":["https:\/\/www.facebook.com\/ExceptionAudio","https:\/\/www.instagram.com\/exception_audio\/"]}]}},"_links":{"self":[{"href":"https:\/\/exceptionaudio.fr\/site\/wp-json\/wp\/v2\/product\/9737","targetHints":{"allow":["GET"]}}],"collection":[{"href":"https:\/\/exceptionaudio.fr\/site\/wp-json\/wp\/v2\/product"}],"about":[{"href":"https:\/\/exceptionaudio.fr\/site\/wp-json\/wp\/v2\/types\/product"}],"version-history":[{"count":1,"href":"https:\/\/exceptionaudio.fr\/site\/wp-json\/wp\/v2\/product\/9737\/revisions"}],"predecessor-version":[{"id":9747,"href":"https:\/\/exceptionaudio.fr\/site\/wp-json\/wp\/v2\/product\/9737\/revisions\/9747"}],"wp:featuredmedia":[{"embeddable":true,"href":"https:\/\/exceptionaudio.fr\/site\/wp-json\/wp\/v2\/media\/9744"}],"wp:attachment":[{"href":"https:\/\/exceptionaudio.fr\/site\/wp-json\/wp\/v2\/media?parent=9737"}],"wp:term":[{"taxonomy":"product_brand","embeddable":true,"href":"https:\/\/exceptionaudio.fr\/site\/wp-json\/wp\/v2\/product_brand?post=9737"},{"taxonomy":"product_cat","embeddable":true,"href":"https:\/\/exceptionaudio.fr\/site\/wp-json\/wp\/v2\/product_cat?post=9737"},{"taxonomy":"product_tag","embeddable":true,"href":"https:\/\/exceptionaudio.fr\/site\/wp-json\/wp\/v2\/product_tag?post=9737"}],"curies":[{"name":"wp","href":"https:\/\/api.w.org\/{rel}","templated":true}]}}