{"id":9765,"date":"2025-10-23T11:09:39","date_gmt":"2025-10-23T09:09:39","guid":{"rendered":"https:\/\/exceptionaudio.fr\/site\/?post_type=product&#038;p=9765"},"modified":"2025-10-23T11:22:47","modified_gmt":"2025-10-23T09:22:47","slug":"yba-heritage-a200-occasion","status":"publish","type":"product","link":"https:\/\/exceptionaudio.fr\/site\/produit\/yba-heritage-a200-occasion\/","title":{"rendered":"YBA Heritage A200"},"content":{"rendered":"","protected":false},"excerpt":{"rendered":"<p>Le YBA Heritage A200 est un amplificateur int\u00e9gr\u00e9 qui d\u00e9veloppe 2x 110 Watts sous 8 Ohms. Cet appareil embarque des cartes s\u00e9par\u00e9es pour chaque fonction, une polarisation en Classe Alpha (un d\u00e9riv\u00e9 de la Classe A, am\u00e9lior\u00e9e et brevet\u00e9e par YBA), des composants de qualit\u00e9 s\u00e9lectionn\u00e9s par M. Andr\u00e9, une alimentation 2 x 330 VA, des condensateurs trait\u00e9s contre les vibrations &#8230; Au niveau connectique, Il dispose de cinq entr\u00e9es RCA, d&rsquo;une entr\u00e9e XLR et d&rsquo;une sortie Pre-out. Il est \u00e9quip\u00e9 d&rsquo;un DAC (PCM jusqu&rsquo;\u00e0 32 bits et 768 kHz, et DSD jusqu&rsquo;au DSD512) avec des entr\u00e9es num\u00e9riques : une entr\u00e9e optique et une entr\u00e9e USB type-C. Le Bluetooth aptX HD est \u00e9galement disponible afin de connecter, par exemple un smartphone.<\/p>\n<p>Appareil d&rsquo;occasion (datant de d\u00e9cembre 2021) en tr\u00e8s bon \u00e9tat, complet.<\/p>\n<p>Prix neuf : 2 790\u20ac<\/p>\n","protected":false},"featured_media":9767,"template":"","meta":[],"product_brand":[],"product_cat":[205],"product_tag":[],"class_list":{"0":"post-9765","1":"product","2":"type-product","3":"status-publish","4":"has-post-thumbnail","6":"product_cat-bonnes-affaires-hifi","8":"first","9":"instock","10":"taxable","11":"shipping-taxable","12":"purchasable","13":"product-type-simple"},"yoast_head":"<!-- This site is optimized with the Yoast SEO plugin v27.3 - https:\/\/yoast.com\/product\/yoast-seo-wordpress\/ -->\n<title>YBA Heritage A200 - Ampli int\u00e9gr\u00e9 hifi occasion - Exception Audio<\/title>\n<meta name=\"description\" content=\"Le YBA Heritage A200 est un amplificateur int\u00e9gr\u00e9 hifi qui d\u00e9veloppe 2x 110 Watts sous 8 Ohms \u00e9quip\u00e9 d&#039;un DAC et d&#039;une connectivit\u00e9 Bluetooth aptX HD.\" \/>\n<meta name=\"robots\" content=\"index, follow, max-snippet:-1, max-image-preview:large, max-video-preview:-1\" \/>\n<link rel=\"canonical\" href=\"https:\/\/exceptionaudio.fr\/site\/produit\/yba-heritage-a200-occasion\/\" \/>\n<meta property=\"og:locale\" content=\"fr_FR\" \/>\n<meta property=\"og:type\" content=\"article\" \/>\n<meta property=\"og:title\" content=\"YBA Heritage A200 - Ampli int\u00e9gr\u00e9 hifi occasion - Exception Audio\" \/>\n<meta property=\"og:description\" content=\"Le YBA Heritage A200 est un amplificateur int\u00e9gr\u00e9 hifi qui d\u00e9veloppe 2x 110 Watts sous 8 Ohms \u00e9quip\u00e9 d&#039;un DAC et d&#039;une connectivit\u00e9 Bluetooth aptX HD.\" \/>\n<meta property=\"og:url\" content=\"https:\/\/exceptionaudio.fr\/site\/produit\/yba-heritage-a200-occasion\/\" \/>\n<meta property=\"og:site_name\" content=\"Exception Audio\" \/>\n<meta property=\"article:publisher\" content=\"https:\/\/www.facebook.com\/ExceptionAudio\" \/>\n<meta property=\"article:modified_time\" content=\"2025-10-23T09:22:47+00:00\" \/>\n<meta property=\"og:image\" content=\"https:\/\/exceptionaudio.fr\/site\/wp-content\/uploads\/2025\/10\/IMG_6370-scaled.jpg\" \/>\n\t<meta property=\"og:image:width\" content=\"2560\" \/>\n\t<meta property=\"og:image:height\" content=\"1920\" \/>\n\t<meta property=\"og:image:type\" content=\"image\/jpeg\" \/>\n<meta name=\"twitter:card\" content=\"summary_large_image\" \/>\n<meta name=\"twitter:label1\" content=\"Dur\u00e9e de lecture estim\u00e9e\" \/>\n\t<meta name=\"twitter:data1\" content=\"1 minute\" \/>\n<script type=\"application\/ld+json\" class=\"yoast-schema-graph\">{\"@context\":\"https:\\\/\\\/schema.org\",\"@graph\":[{\"@type\":\"WebPage\",\"@id\":\"https:\\\/\\\/exceptionaudio.fr\\\/site\\\/produit\\\/yba-heritage-a200-occasion\\\/\",\"url\":\"https:\\\/\\\/exceptionaudio.fr\\\/site\\\/produit\\\/yba-heritage-a200-occasion\\\/\",\"name\":\"YBA Heritage A200 - Ampli int\u00e9gr\u00e9 hifi occasion - Exception Audio\",\"isPartOf\":{\"@id\":\"https:\\\/\\\/exceptionaudio.fr\\\/site\\\/#website\"},\"primaryImageOfPage\":{\"@id\":\"https:\\\/\\\/exceptionaudio.fr\\\/site\\\/produit\\\/yba-heritage-a200-occasion\\\/#primaryimage\"},\"image\":{\"@id\":\"https:\\\/\\\/exceptionaudio.fr\\\/site\\\/produit\\\/yba-heritage-a200-occasion\\\/#primaryimage\"},\"thumbnailUrl\":\"https:\\\/\\\/exceptionaudio.fr\\\/site\\\/wp-content\\\/uploads\\\/2025\\\/10\\\/IMG_6370-scaled.jpg\",\"datePublished\":\"2025-10-23T09:09:39+00:00\",\"dateModified\":\"2025-10-23T09:22:47+00:00\",\"description\":\"Le YBA Heritage A200 est un amplificateur int\u00e9gr\u00e9 hifi qui d\u00e9veloppe 2x 110 Watts sous 8 Ohms \u00e9quip\u00e9 d'un DAC et d'une connectivit\u00e9 Bluetooth aptX HD.\",\"breadcrumb\":{\"@id\":\"https:\\\/\\\/exceptionaudio.fr\\\/site\\\/produit\\\/yba-heritage-a200-occasion\\\/#breadcrumb\"},\"inLanguage\":\"fr-FR\",\"potentialAction\":[{\"@type\":\"ReadAction\",\"target\":[\"https:\\\/\\\/exceptionaudio.fr\\\/site\\\/produit\\\/yba-heritage-a200-occasion\\\/\"]}]},{\"@type\":\"ImageObject\",\"inLanguage\":\"fr-FR\",\"@id\":\"https:\\\/\\\/exceptionaudio.fr\\\/site\\\/produit\\\/yba-heritage-a200-occasion\\\/#primaryimage\",\"url\":\"https:\\\/\\\/exceptionaudio.fr\\\/site\\\/wp-content\\\/uploads\\\/2025\\\/10\\\/IMG_6370-scaled.jpg\",\"contentUrl\":\"https:\\\/\\\/exceptionaudio.fr\\\/site\\\/wp-content\\\/uploads\\\/2025\\\/10\\\/IMG_6370-scaled.jpg\",\"width\":2560,\"height\":1920,\"caption\":\"YBA Heritage A200 ampli int\u00e9gr\u00e9 hifi\"},{\"@type\":\"BreadcrumbList\",\"@id\":\"https:\\\/\\\/exceptionaudio.fr\\\/site\\\/produit\\\/yba-heritage-a200-occasion\\\/#breadcrumb\",\"itemListElement\":[{\"@type\":\"ListItem\",\"position\":1,\"name\":\"Accueil\",\"item\":\"https:\\\/\\\/exceptionaudio.fr\\\/site\\\/\"},{\"@type\":\"ListItem\",\"position\":2,\"name\":\"Boutique\",\"item\":\"https:\\\/\\\/exceptionaudio.fr\\\/site\\\/boutique\\\/\"},{\"@type\":\"ListItem\",\"position\":3,\"name\":\"YBA Heritage A200\"}]},{\"@type\":\"WebSite\",\"@id\":\"https:\\\/\\\/exceptionaudio.fr\\\/site\\\/#website\",\"url\":\"https:\\\/\\\/exceptionaudio.fr\\\/site\\\/\",\"name\":\"Exception Audio\",\"description\":\"Magasin hi-fi Antibes\",\"publisher\":{\"@id\":\"https:\\\/\\\/exceptionaudio.fr\\\/site\\\/#organization\"},\"potentialAction\":[{\"@type\":\"SearchAction\",\"target\":{\"@type\":\"EntryPoint\",\"urlTemplate\":\"https:\\\/\\\/exceptionaudio.fr\\\/site\\\/?s={search_term_string}\"},\"query-input\":{\"@type\":\"PropertyValueSpecification\",\"valueRequired\":true,\"valueName\":\"search_term_string\"}}],\"inLanguage\":\"fr-FR\"},{\"@type\":\"Organization\",\"@id\":\"https:\\\/\\\/exceptionaudio.fr\\\/site\\\/#organization\",\"name\":\"Exception Audio\",\"url\":\"https:\\\/\\\/exceptionaudio.fr\\\/site\\\/\",\"logo\":{\"@type\":\"ImageObject\",\"inLanguage\":\"fr-FR\",\"@id\":\"https:\\\/\\\/exceptionaudio.fr\\\/site\\\/#\\\/schema\\\/logo\\\/image\\\/\",\"url\":\"https:\\\/\\\/exceptionaudio.fr\\\/site\\\/wp-content\\\/uploads\\\/2021\\\/10\\\/largeur-exception-audio-logos-noir.png\",\"contentUrl\":\"https:\\\/\\\/exceptionaudio.fr\\\/site\\\/wp-content\\\/uploads\\\/2021\\\/10\\\/largeur-exception-audio-logos-noir.png\",\"width\":357,\"height\":54,\"caption\":\"Exception Audio\"},\"image\":{\"@id\":\"https:\\\/\\\/exceptionaudio.fr\\\/site\\\/#\\\/schema\\\/logo\\\/image\\\/\"},\"sameAs\":[\"https:\\\/\\\/www.facebook.com\\\/ExceptionAudio\",\"https:\\\/\\\/www.instagram.com\\\/exception_audio\\\/\"]}]}<\/script>\n<!-- \/ Yoast SEO plugin. -->","yoast_head_json":{"title":"YBA Heritage A200 - Ampli int\u00e9gr\u00e9 hifi occasion - Exception Audio","description":"Le YBA Heritage A200 est un amplificateur int\u00e9gr\u00e9 hifi qui d\u00e9veloppe 2x 110 Watts sous 8 Ohms \u00e9quip\u00e9 d'un DAC et d'une connectivit\u00e9 Bluetooth aptX HD.","robots":{"index":"index","follow":"follow","max-snippet":"max-snippet:-1","max-image-preview":"max-image-preview:large","max-video-preview":"max-video-preview:-1"},"canonical":"https:\/\/exceptionaudio.fr\/site\/produit\/yba-heritage-a200-occasion\/","og_locale":"fr_FR","og_type":"article","og_title":"YBA Heritage A200 - Ampli int\u00e9gr\u00e9 hifi occasion - Exception Audio","og_description":"Le YBA Heritage A200 est un amplificateur int\u00e9gr\u00e9 hifi qui d\u00e9veloppe 2x 110 Watts sous 8 Ohms \u00e9quip\u00e9 d'un DAC et d'une connectivit\u00e9 Bluetooth aptX HD.","og_url":"https:\/\/exceptionaudio.fr\/site\/produit\/yba-heritage-a200-occasion\/","og_site_name":"Exception Audio","article_publisher":"https:\/\/www.facebook.com\/ExceptionAudio","article_modified_time":"2025-10-23T09:22:47+00:00","og_image":[{"width":2560,"height":1920,"url":"https:\/\/exceptionaudio.fr\/site\/wp-content\/uploads\/2025\/10\/IMG_6370-scaled.jpg","type":"image\/jpeg"}],"twitter_card":"summary_large_image","twitter_misc":{"Dur\u00e9e de lecture estim\u00e9e":"1 minute"},"schema":{"@context":"https:\/\/schema.org","@graph":[{"@type":"WebPage","@id":"https:\/\/exceptionaudio.fr\/site\/produit\/yba-heritage-a200-occasion\/","url":"https:\/\/exceptionaudio.fr\/site\/produit\/yba-heritage-a200-occasion\/","name":"YBA Heritage A200 - Ampli int\u00e9gr\u00e9 hifi occasion - Exception Audio","isPartOf":{"@id":"https:\/\/exceptionaudio.fr\/site\/#website"},"primaryImageOfPage":{"@id":"https:\/\/exceptionaudio.fr\/site\/produit\/yba-heritage-a200-occasion\/#primaryimage"},"image":{"@id":"https:\/\/exceptionaudio.fr\/site\/produit\/yba-heritage-a200-occasion\/#primaryimage"},"thumbnailUrl":"https:\/\/exceptionaudio.fr\/site\/wp-content\/uploads\/2025\/10\/IMG_6370-scaled.jpg","datePublished":"2025-10-23T09:09:39+00:00","dateModified":"2025-10-23T09:22:47+00:00","description":"Le YBA Heritage A200 est un amplificateur int\u00e9gr\u00e9 hifi qui d\u00e9veloppe 2x 110 Watts sous 8 Ohms \u00e9quip\u00e9 d'un DAC et d'une connectivit\u00e9 Bluetooth aptX HD.","breadcrumb":{"@id":"https:\/\/exceptionaudio.fr\/site\/produit\/yba-heritage-a200-occasion\/#breadcrumb"},"inLanguage":"fr-FR","potentialAction":[{"@type":"ReadAction","target":["https:\/\/exceptionaudio.fr\/site\/produit\/yba-heritage-a200-occasion\/"]}]},{"@type":"ImageObject","inLanguage":"fr-FR","@id":"https:\/\/exceptionaudio.fr\/site\/produit\/yba-heritage-a200-occasion\/#primaryimage","url":"https:\/\/exceptionaudio.fr\/site\/wp-content\/uploads\/2025\/10\/IMG_6370-scaled.jpg","contentUrl":"https:\/\/exceptionaudio.fr\/site\/wp-content\/uploads\/2025\/10\/IMG_6370-scaled.jpg","width":2560,"height":1920,"caption":"YBA Heritage A200 ampli int\u00e9gr\u00e9 hifi"},{"@type":"BreadcrumbList","@id":"https:\/\/exceptionaudio.fr\/site\/produit\/yba-heritage-a200-occasion\/#breadcrumb","itemListElement":[{"@type":"ListItem","position":1,"name":"Accueil","item":"https:\/\/exceptionaudio.fr\/site\/"},{"@type":"ListItem","position":2,"name":"Boutique","item":"https:\/\/exceptionaudio.fr\/site\/boutique\/"},{"@type":"ListItem","position":3,"name":"YBA Heritage A200"}]},{"@type":"WebSite","@id":"https:\/\/exceptionaudio.fr\/site\/#website","url":"https:\/\/exceptionaudio.fr\/site\/","name":"Exception Audio","description":"Magasin hi-fi Antibes","publisher":{"@id":"https:\/\/exceptionaudio.fr\/site\/#organization"},"potentialAction":[{"@type":"SearchAction","target":{"@type":"EntryPoint","urlTemplate":"https:\/\/exceptionaudio.fr\/site\/?s={search_term_string}"},"query-input":{"@type":"PropertyValueSpecification","valueRequired":true,"valueName":"search_term_string"}}],"inLanguage":"fr-FR"},{"@type":"Organization","@id":"https:\/\/exceptionaudio.fr\/site\/#organization","name":"Exception Audio","url":"https:\/\/exceptionaudio.fr\/site\/","logo":{"@type":"ImageObject","inLanguage":"fr-FR","@id":"https:\/\/exceptionaudio.fr\/site\/#\/schema\/logo\/image\/","url":"https:\/\/exceptionaudio.fr\/site\/wp-content\/uploads\/2021\/10\/largeur-exception-audio-logos-noir.png","contentUrl":"https:\/\/exceptionaudio.fr\/site\/wp-content\/uploads\/2021\/10\/largeur-exception-audio-logos-noir.png","width":357,"height":54,"caption":"Exception Audio"},"image":{"@id":"https:\/\/exceptionaudio.fr\/site\/#\/schema\/logo\/image\/"},"sameAs":["https:\/\/www.facebook.com\/ExceptionAudio","https:\/\/www.instagram.com\/exception_audio\/"]}]}},"_links":{"self":[{"href":"https:\/\/exceptionaudio.fr\/site\/wp-json\/wp\/v2\/product\/9765","targetHints":{"allow":["GET"]}}],"collection":[{"href":"https:\/\/exceptionaudio.fr\/site\/wp-json\/wp\/v2\/product"}],"about":[{"href":"https:\/\/exceptionaudio.fr\/site\/wp-json\/wp\/v2\/types\/product"}],"version-history":[{"count":1,"href":"https:\/\/exceptionaudio.fr\/site\/wp-json\/wp\/v2\/product\/9765\/revisions"}],"predecessor-version":[{"id":9768,"href":"https:\/\/exceptionaudio.fr\/site\/wp-json\/wp\/v2\/product\/9765\/revisions\/9768"}],"wp:featuredmedia":[{"embeddable":true,"href":"https:\/\/exceptionaudio.fr\/site\/wp-json\/wp\/v2\/media\/9767"}],"wp:attachment":[{"href":"https:\/\/exceptionaudio.fr\/site\/wp-json\/wp\/v2\/media?parent=9765"}],"wp:term":[{"taxonomy":"product_brand","embeddable":true,"href":"https:\/\/exceptionaudio.fr\/site\/wp-json\/wp\/v2\/product_brand?post=9765"},{"taxonomy":"product_cat","embeddable":true,"href":"https:\/\/exceptionaudio.fr\/site\/wp-json\/wp\/v2\/product_cat?post=9765"},{"taxonomy":"product_tag","embeddable":true,"href":"https:\/\/exceptionaudio.fr\/site\/wp-json\/wp\/v2\/product_tag?post=9765"}],"curies":[{"name":"wp","href":"https:\/\/api.w.org\/{rel}","templated":true}]}}