{"id":9770,"date":"2025-10-29T11:00:01","date_gmt":"2025-10-29T10:00:01","guid":{"rendered":"https:\/\/exceptionaudio.fr\/site\/?post_type=product&#038;p=9770"},"modified":"2025-11-26T19:56:16","modified_gmt":"2025-11-26T18:56:16","slug":"canor-audio-ai-2-10","status":"publish","type":"product","link":"https:\/\/exceptionaudio.fr\/site\/produit\/canor-audio-ai-2-10\/","title":{"rendered":"Canor Audio AI 2.10"},"content":{"rendered":"","protected":false},"excerpt":{"rendered":"<p style=\"font-weight: 400;\">Le <strong>Canor Audio AI 2.10<\/strong> est un <strong>amplificateur int\u00e9gr\u00e9<\/strong> <strong>hybride<\/strong> d&rsquo;une conception originale, alliant <strong>pr\u00e9amplification \u00e0 tubes<\/strong> et <strong>amplification en classe D<\/strong>. Il d\u00e9veloppe une puissance confortable de <strong>2x 100w sous 8 ohms<\/strong> (2x 150W sous 4 ohms) avec une <strong>alimentation lin\u00e9aire filtr\u00e9es<\/strong>. La partie pr\u00e9amplification est \u00e9quip\u00e9 de <strong>deux tubes 6922<\/strong> accompagn\u00e9 d\u2019un <strong>potentiom\u00e8tre ultra pr\u00e9cis \u00e0 relais<\/strong>. Cet ampli propose une <strong>restitution naturelle<\/strong>, <strong>ample<\/strong> avec une <strong>articulation exemplaire dans le grave<\/strong>.<\/p>\n","protected":false},"featured_media":9773,"template":"","meta":[],"product_brand":[],"product_cat":[93,94],"product_tag":[316],"class_list":{"0":"post-9770","1":"product","2":"type-product","3":"status-publish","4":"has-post-thumbnail","6":"product_cat-amplification-hifi","7":"product_cat-amplificateurs-integres","8":"product_tag-canor-audio","10":"first","11":"instock","12":"taxable","13":"shipping-taxable","14":"purchasable","15":"product-type-variable"},"yoast_head":"<!-- This site is optimized with the Yoast SEO plugin v27.3 - https:\/\/yoast.com\/product\/yoast-seo-wordpress\/ -->\n<title>Canor Audio AI 2.10 - Amplificateur int\u00e9gr\u00e9 hybride - Exception Audio<\/title>\n<meta name=\"description\" content=\"Le Canor Audio AI 2.10 est un amplificateur int\u00e9gr\u00e9 HiFi d&#039;une conception originale, alliant pr\u00e9amplification \u00e0 tubes (6922) et amplification en classe D.\" \/>\n<meta name=\"robots\" content=\"index, follow, max-snippet:-1, max-image-preview:large, max-video-preview:-1\" \/>\n<link rel=\"canonical\" href=\"https:\/\/exceptionaudio.fr\/site\/produit\/canor-audio-ai-2-10\/\" \/>\n<meta property=\"og:locale\" content=\"fr_FR\" \/>\n<meta property=\"og:type\" content=\"article\" \/>\n<meta property=\"og:title\" content=\"Canor Audio AI 2.10 - Amplificateur int\u00e9gr\u00e9 hybride - Exception Audio\" \/>\n<meta property=\"og:description\" content=\"Le Canor Audio AI 2.10 est un amplificateur int\u00e9gr\u00e9 HiFi d&#039;une conception originale, alliant pr\u00e9amplification \u00e0 tubes (6922) et amplification en classe D.\" \/>\n<meta property=\"og:url\" content=\"https:\/\/exceptionaudio.fr\/site\/produit\/canor-audio-ai-2-10\/\" \/>\n<meta property=\"og:site_name\" content=\"Exception Audio\" \/>\n<meta property=\"article:publisher\" content=\"https:\/\/www.facebook.com\/ExceptionAudio\" \/>\n<meta property=\"article:modified_time\" content=\"2025-11-26T18:56:16+00:00\" \/>\n<meta property=\"og:image\" content=\"https:\/\/exceptionaudio.fr\/site\/wp-content\/uploads\/2025\/10\/Canor-AI-2.10-Noir.jpg\" \/>\n\t<meta property=\"og:image:width\" content=\"1000\" \/>\n\t<meta property=\"og:image:height\" content=\"1000\" \/>\n\t<meta property=\"og:image:type\" content=\"image\/jpeg\" \/>\n<meta name=\"twitter:card\" content=\"summary_large_image\" \/>\n<meta name=\"twitter:label1\" content=\"Dur\u00e9e de lecture estim\u00e9e\" \/>\n\t<meta name=\"twitter:data1\" content=\"1 minute\" \/>\n<script type=\"application\/ld+json\" class=\"yoast-schema-graph\">{\"@context\":\"https:\\\/\\\/schema.org\",\"@graph\":[{\"@type\":\"WebPage\",\"@id\":\"https:\\\/\\\/exceptionaudio.fr\\\/site\\\/produit\\\/canor-audio-ai-2-10\\\/\",\"url\":\"https:\\\/\\\/exceptionaudio.fr\\\/site\\\/produit\\\/canor-audio-ai-2-10\\\/\",\"name\":\"Canor Audio AI 2.10 - Amplificateur int\u00e9gr\u00e9 hybride - Exception Audio\",\"isPartOf\":{\"@id\":\"https:\\\/\\\/exceptionaudio.fr\\\/site\\\/#website\"},\"primaryImageOfPage\":{\"@id\":\"https:\\\/\\\/exceptionaudio.fr\\\/site\\\/produit\\\/canor-audio-ai-2-10\\\/#primaryimage\"},\"image\":{\"@id\":\"https:\\\/\\\/exceptionaudio.fr\\\/site\\\/produit\\\/canor-audio-ai-2-10\\\/#primaryimage\"},\"thumbnailUrl\":\"https:\\\/\\\/exceptionaudio.fr\\\/site\\\/wp-content\\\/uploads\\\/2025\\\/10\\\/Canor-AI-2.10-Noir.jpg\",\"datePublished\":\"2025-10-29T10:00:01+00:00\",\"dateModified\":\"2025-11-26T18:56:16+00:00\",\"description\":\"Le Canor Audio AI 2.10 est un amplificateur int\u00e9gr\u00e9 HiFi d'une conception originale, alliant pr\u00e9amplification \u00e0 tubes (6922) et amplification en classe D.\",\"breadcrumb\":{\"@id\":\"https:\\\/\\\/exceptionaudio.fr\\\/site\\\/produit\\\/canor-audio-ai-2-10\\\/#breadcrumb\"},\"inLanguage\":\"fr-FR\",\"potentialAction\":[{\"@type\":\"ReadAction\",\"target\":[\"https:\\\/\\\/exceptionaudio.fr\\\/site\\\/produit\\\/canor-audio-ai-2-10\\\/\"]}]},{\"@type\":\"ImageObject\",\"inLanguage\":\"fr-FR\",\"@id\":\"https:\\\/\\\/exceptionaudio.fr\\\/site\\\/produit\\\/canor-audio-ai-2-10\\\/#primaryimage\",\"url\":\"https:\\\/\\\/exceptionaudio.fr\\\/site\\\/wp-content\\\/uploads\\\/2025\\\/10\\\/Canor-AI-2.10-Noir.jpg\",\"contentUrl\":\"https:\\\/\\\/exceptionaudio.fr\\\/site\\\/wp-content\\\/uploads\\\/2025\\\/10\\\/Canor-AI-2.10-Noir.jpg\",\"width\":1000,\"height\":1000,\"caption\":\"Canor AI 2.10 Noir ampli int\u00e9gr\u00e9 hybride classe D tubes\"},{\"@type\":\"BreadcrumbList\",\"@id\":\"https:\\\/\\\/exceptionaudio.fr\\\/site\\\/produit\\\/canor-audio-ai-2-10\\\/#breadcrumb\",\"itemListElement\":[{\"@type\":\"ListItem\",\"position\":1,\"name\":\"Accueil\",\"item\":\"https:\\\/\\\/exceptionaudio.fr\\\/site\\\/\"},{\"@type\":\"ListItem\",\"position\":2,\"name\":\"Boutique\",\"item\":\"https:\\\/\\\/exceptionaudio.fr\\\/site\\\/boutique\\\/\"},{\"@type\":\"ListItem\",\"position\":3,\"name\":\"Canor Audio AI 2.10\"}]},{\"@type\":\"WebSite\",\"@id\":\"https:\\\/\\\/exceptionaudio.fr\\\/site\\\/#website\",\"url\":\"https:\\\/\\\/exceptionaudio.fr\\\/site\\\/\",\"name\":\"Exception Audio\",\"description\":\"Magasin hi-fi Antibes\",\"publisher\":{\"@id\":\"https:\\\/\\\/exceptionaudio.fr\\\/site\\\/#organization\"},\"potentialAction\":[{\"@type\":\"SearchAction\",\"target\":{\"@type\":\"EntryPoint\",\"urlTemplate\":\"https:\\\/\\\/exceptionaudio.fr\\\/site\\\/?s={search_term_string}\"},\"query-input\":{\"@type\":\"PropertyValueSpecification\",\"valueRequired\":true,\"valueName\":\"search_term_string\"}}],\"inLanguage\":\"fr-FR\"},{\"@type\":\"Organization\",\"@id\":\"https:\\\/\\\/exceptionaudio.fr\\\/site\\\/#organization\",\"name\":\"Exception Audio\",\"url\":\"https:\\\/\\\/exceptionaudio.fr\\\/site\\\/\",\"logo\":{\"@type\":\"ImageObject\",\"inLanguage\":\"fr-FR\",\"@id\":\"https:\\\/\\\/exceptionaudio.fr\\\/site\\\/#\\\/schema\\\/logo\\\/image\\\/\",\"url\":\"https:\\\/\\\/exceptionaudio.fr\\\/site\\\/wp-content\\\/uploads\\\/2021\\\/10\\\/largeur-exception-audio-logos-noir.png\",\"contentUrl\":\"https:\\\/\\\/exceptionaudio.fr\\\/site\\\/wp-content\\\/uploads\\\/2021\\\/10\\\/largeur-exception-audio-logos-noir.png\",\"width\":357,\"height\":54,\"caption\":\"Exception Audio\"},\"image\":{\"@id\":\"https:\\\/\\\/exceptionaudio.fr\\\/site\\\/#\\\/schema\\\/logo\\\/image\\\/\"},\"sameAs\":[\"https:\\\/\\\/www.facebook.com\\\/ExceptionAudio\",\"https:\\\/\\\/www.instagram.com\\\/exception_audio\\\/\"]}]}<\/script>\n<!-- \/ Yoast SEO plugin. -->","yoast_head_json":{"title":"Canor Audio AI 2.10 - Amplificateur int\u00e9gr\u00e9 hybride - Exception Audio","description":"Le Canor Audio AI 2.10 est un amplificateur int\u00e9gr\u00e9 HiFi d'une conception originale, alliant pr\u00e9amplification \u00e0 tubes (6922) et amplification en classe D.","robots":{"index":"index","follow":"follow","max-snippet":"max-snippet:-1","max-image-preview":"max-image-preview:large","max-video-preview":"max-video-preview:-1"},"canonical":"https:\/\/exceptionaudio.fr\/site\/produit\/canor-audio-ai-2-10\/","og_locale":"fr_FR","og_type":"article","og_title":"Canor Audio AI 2.10 - Amplificateur int\u00e9gr\u00e9 hybride - Exception Audio","og_description":"Le Canor Audio AI 2.10 est un amplificateur int\u00e9gr\u00e9 HiFi d'une conception originale, alliant pr\u00e9amplification \u00e0 tubes (6922) et amplification en classe D.","og_url":"https:\/\/exceptionaudio.fr\/site\/produit\/canor-audio-ai-2-10\/","og_site_name":"Exception Audio","article_publisher":"https:\/\/www.facebook.com\/ExceptionAudio","article_modified_time":"2025-11-26T18:56:16+00:00","og_image":[{"width":1000,"height":1000,"url":"https:\/\/exceptionaudio.fr\/site\/wp-content\/uploads\/2025\/10\/Canor-AI-2.10-Noir.jpg","type":"image\/jpeg"}],"twitter_card":"summary_large_image","twitter_misc":{"Dur\u00e9e de lecture estim\u00e9e":"1 minute"},"schema":{"@context":"https:\/\/schema.org","@graph":[{"@type":"WebPage","@id":"https:\/\/exceptionaudio.fr\/site\/produit\/canor-audio-ai-2-10\/","url":"https:\/\/exceptionaudio.fr\/site\/produit\/canor-audio-ai-2-10\/","name":"Canor Audio AI 2.10 - Amplificateur int\u00e9gr\u00e9 hybride - Exception Audio","isPartOf":{"@id":"https:\/\/exceptionaudio.fr\/site\/#website"},"primaryImageOfPage":{"@id":"https:\/\/exceptionaudio.fr\/site\/produit\/canor-audio-ai-2-10\/#primaryimage"},"image":{"@id":"https:\/\/exceptionaudio.fr\/site\/produit\/canor-audio-ai-2-10\/#primaryimage"},"thumbnailUrl":"https:\/\/exceptionaudio.fr\/site\/wp-content\/uploads\/2025\/10\/Canor-AI-2.10-Noir.jpg","datePublished":"2025-10-29T10:00:01+00:00","dateModified":"2025-11-26T18:56:16+00:00","description":"Le Canor Audio AI 2.10 est un amplificateur int\u00e9gr\u00e9 HiFi d'une conception originale, alliant pr\u00e9amplification \u00e0 tubes (6922) et amplification en classe D.","breadcrumb":{"@id":"https:\/\/exceptionaudio.fr\/site\/produit\/canor-audio-ai-2-10\/#breadcrumb"},"inLanguage":"fr-FR","potentialAction":[{"@type":"ReadAction","target":["https:\/\/exceptionaudio.fr\/site\/produit\/canor-audio-ai-2-10\/"]}]},{"@type":"ImageObject","inLanguage":"fr-FR","@id":"https:\/\/exceptionaudio.fr\/site\/produit\/canor-audio-ai-2-10\/#primaryimage","url":"https:\/\/exceptionaudio.fr\/site\/wp-content\/uploads\/2025\/10\/Canor-AI-2.10-Noir.jpg","contentUrl":"https:\/\/exceptionaudio.fr\/site\/wp-content\/uploads\/2025\/10\/Canor-AI-2.10-Noir.jpg","width":1000,"height":1000,"caption":"Canor AI 2.10 Noir ampli int\u00e9gr\u00e9 hybride classe D tubes"},{"@type":"BreadcrumbList","@id":"https:\/\/exceptionaudio.fr\/site\/produit\/canor-audio-ai-2-10\/#breadcrumb","itemListElement":[{"@type":"ListItem","position":1,"name":"Accueil","item":"https:\/\/exceptionaudio.fr\/site\/"},{"@type":"ListItem","position":2,"name":"Boutique","item":"https:\/\/exceptionaudio.fr\/site\/boutique\/"},{"@type":"ListItem","position":3,"name":"Canor Audio AI 2.10"}]},{"@type":"WebSite","@id":"https:\/\/exceptionaudio.fr\/site\/#website","url":"https:\/\/exceptionaudio.fr\/site\/","name":"Exception Audio","description":"Magasin hi-fi Antibes","publisher":{"@id":"https:\/\/exceptionaudio.fr\/site\/#organization"},"potentialAction":[{"@type":"SearchAction","target":{"@type":"EntryPoint","urlTemplate":"https:\/\/exceptionaudio.fr\/site\/?s={search_term_string}"},"query-input":{"@type":"PropertyValueSpecification","valueRequired":true,"valueName":"search_term_string"}}],"inLanguage":"fr-FR"},{"@type":"Organization","@id":"https:\/\/exceptionaudio.fr\/site\/#organization","name":"Exception Audio","url":"https:\/\/exceptionaudio.fr\/site\/","logo":{"@type":"ImageObject","inLanguage":"fr-FR","@id":"https:\/\/exceptionaudio.fr\/site\/#\/schema\/logo\/image\/","url":"https:\/\/exceptionaudio.fr\/site\/wp-content\/uploads\/2021\/10\/largeur-exception-audio-logos-noir.png","contentUrl":"https:\/\/exceptionaudio.fr\/site\/wp-content\/uploads\/2021\/10\/largeur-exception-audio-logos-noir.png","width":357,"height":54,"caption":"Exception Audio"},"image":{"@id":"https:\/\/exceptionaudio.fr\/site\/#\/schema\/logo\/image\/"},"sameAs":["https:\/\/www.facebook.com\/ExceptionAudio","https:\/\/www.instagram.com\/exception_audio\/"]}]}},"_links":{"self":[{"href":"https:\/\/exceptionaudio.fr\/site\/wp-json\/wp\/v2\/product\/9770","targetHints":{"allow":["GET"]}}],"collection":[{"href":"https:\/\/exceptionaudio.fr\/site\/wp-json\/wp\/v2\/product"}],"about":[{"href":"https:\/\/exceptionaudio.fr\/site\/wp-json\/wp\/v2\/types\/product"}],"version-history":[{"count":1,"href":"https:\/\/exceptionaudio.fr\/site\/wp-json\/wp\/v2\/product\/9770\/revisions"}],"predecessor-version":[{"id":9777,"href":"https:\/\/exceptionaudio.fr\/site\/wp-json\/wp\/v2\/product\/9770\/revisions\/9777"}],"wp:featuredmedia":[{"embeddable":true,"href":"https:\/\/exceptionaudio.fr\/site\/wp-json\/wp\/v2\/media\/9773"}],"wp:attachment":[{"href":"https:\/\/exceptionaudio.fr\/site\/wp-json\/wp\/v2\/media?parent=9770"}],"wp:term":[{"taxonomy":"product_brand","embeddable":true,"href":"https:\/\/exceptionaudio.fr\/site\/wp-json\/wp\/v2\/product_brand?post=9770"},{"taxonomy":"product_cat","embeddable":true,"href":"https:\/\/exceptionaudio.fr\/site\/wp-json\/wp\/v2\/product_cat?post=9770"},{"taxonomy":"product_tag","embeddable":true,"href":"https:\/\/exceptionaudio.fr\/site\/wp-json\/wp\/v2\/product_tag?post=9770"}],"curies":[{"name":"wp","href":"https:\/\/api.w.org\/{rel}","templated":true}]}}