{"id":9892,"date":"2026-01-09T18:38:03","date_gmt":"2026-01-09T17:38:03","guid":{"rendered":"https:\/\/exceptionaudio.fr\/site\/?post_type=product&#038;p=9892"},"modified":"2026-04-10T10:58:43","modified_gmt":"2026-04-10T08:58:43","slug":"soulnote-a-2-v2","status":"publish","type":"product","link":"https:\/\/exceptionaudio.fr\/site\/produit\/soulnote-a-2-v2\/","title":{"rendered":"Soulnote A-2 V2"},"content":{"rendered":"","protected":false},"excerpt":{"rendered":"<p style=\"font-weight: 400;\">Le <strong>Soulnote A-2 V2<\/strong> est un <strong>amplificateur int\u00e9gr\u00e9<\/strong> qui incarne parfaitement la philosophie sonore de la marque japonaise. Cette version V2 incarne une v\u00e9ritable<strong> progression technique<\/strong>, il restitue la musique avec <strong>\u00e9nergie, clart\u00e9 et coh\u00e9rence<\/strong>. Cet int\u00e9gr\u00e9 combine une <strong>conception enti\u00e8rement discr\u00e8te<\/strong>, une <strong>architecture non-NFB<\/strong> (sans contre-r\u00e9action) avec des <strong>innovations h\u00e9rit\u00e9es<\/strong> du vaisseau amiral <a href=\"https:\/\/exceptionaudio.fr\/site\/produit\/soulnote-a3\/\">A-3<\/a> de la marque. Il offre restitution d\u2019une grande <strong>fluidit\u00e9<\/strong> et d\u2019un <strong>r\u00e9alisme saisissant<\/strong>.<\/p>\n","protected":false},"featured_media":9895,"template":"","meta":[],"product_brand":[],"product_cat":[222,93,94],"product_tag":[318],"class_list":{"0":"post-9892","1":"product","2":"type-product","3":"status-publish","4":"has-post-thumbnail","6":"product_cat-nouveautes-hifi","7":"product_cat-amplification-hifi","8":"product_cat-amplificateurs-integres","9":"product_tag-soulnote","11":"first","12":"instock","13":"featured","14":"taxable","15":"shipping-taxable","16":"purchasable","17":"product-type-variable"},"yoast_head":"<!-- This site is optimized with the Yoast SEO plugin v27.4 - https:\/\/yoast.com\/product\/yoast-seo-wordpress\/ -->\n<title>Soulnote A-2 V2 - Amplificateur int\u00e9gr\u00e9 - Exception Audio<\/title>\n<meta name=\"description\" content=\"L\u2019amplificateur int\u00e9gr\u00e9 Soulnote A-2 V2 est l\u2019aboutissement du savoir-faire de la marque japonaise, directement inspir\u00e9 de l&#039;A-3.\" \/>\n<meta name=\"robots\" content=\"index, follow, max-snippet:-1, max-image-preview:large, max-video-preview:-1\" \/>\n<link rel=\"canonical\" href=\"https:\/\/exceptionaudio.fr\/site\/produit\/soulnote-a-2-v2\/\" \/>\n<meta property=\"og:locale\" content=\"fr_FR\" \/>\n<meta property=\"og:type\" content=\"article\" \/>\n<meta property=\"og:title\" content=\"Soulnote A-2 V2 - Amplificateur int\u00e9gr\u00e9 - Exception Audio\" \/>\n<meta property=\"og:description\" content=\"L\u2019amplificateur int\u00e9gr\u00e9 Soulnote A-2 V2 est l\u2019aboutissement du savoir-faire de la marque japonaise, directement inspir\u00e9 de l&#039;A-3.\" \/>\n<meta property=\"og:url\" content=\"https:\/\/exceptionaudio.fr\/site\/produit\/soulnote-a-2-v2\/\" \/>\n<meta property=\"og:site_name\" content=\"Exception Audio\" \/>\n<meta property=\"article:publisher\" content=\"https:\/\/www.facebook.com\/ExceptionAudio\" \/>\n<meta property=\"article:modified_time\" content=\"2026-04-10T08:58:43+00:00\" \/>\n<meta property=\"og:image\" content=\"https:\/\/exceptionaudio.fr\/site\/wp-content\/uploads\/2026\/01\/Integration-photo.jpg\" \/>\n\t<meta property=\"og:image:width\" content=\"1000\" \/>\n\t<meta property=\"og:image:height\" content=\"1000\" \/>\n\t<meta property=\"og:image:type\" content=\"image\/jpeg\" \/>\n<meta name=\"twitter:card\" content=\"summary_large_image\" \/>\n<meta name=\"twitter:label1\" content=\"Dur\u00e9e de lecture estim\u00e9e\" \/>\n\t<meta name=\"twitter:data1\" content=\"1 minute\" \/>\n<script type=\"application\/ld+json\" class=\"yoast-schema-graph\">{\"@context\":\"https:\\\/\\\/schema.org\",\"@graph\":[{\"@type\":\"WebPage\",\"@id\":\"https:\\\/\\\/exceptionaudio.fr\\\/site\\\/produit\\\/soulnote-a-2-v2\\\/\",\"url\":\"https:\\\/\\\/exceptionaudio.fr\\\/site\\\/produit\\\/soulnote-a-2-v2\\\/\",\"name\":\"Soulnote A-2 V2 - Amplificateur int\u00e9gr\u00e9 - Exception Audio\",\"isPartOf\":{\"@id\":\"https:\\\/\\\/exceptionaudio.fr\\\/site\\\/#website\"},\"primaryImageOfPage\":{\"@id\":\"https:\\\/\\\/exceptionaudio.fr\\\/site\\\/produit\\\/soulnote-a-2-v2\\\/#primaryimage\"},\"image\":{\"@id\":\"https:\\\/\\\/exceptionaudio.fr\\\/site\\\/produit\\\/soulnote-a-2-v2\\\/#primaryimage\"},\"thumbnailUrl\":\"https:\\\/\\\/exceptionaudio.fr\\\/site\\\/wp-content\\\/uploads\\\/2026\\\/01\\\/Integration-photo.jpg\",\"datePublished\":\"2026-01-09T17:38:03+00:00\",\"dateModified\":\"2026-04-10T08:58:43+00:00\",\"description\":\"L\u2019amplificateur int\u00e9gr\u00e9 Soulnote A-2 V2 est l\u2019aboutissement du savoir-faire de la marque japonaise, directement inspir\u00e9 de l'A-3.\",\"breadcrumb\":{\"@id\":\"https:\\\/\\\/exceptionaudio.fr\\\/site\\\/produit\\\/soulnote-a-2-v2\\\/#breadcrumb\"},\"inLanguage\":\"fr-FR\",\"potentialAction\":[{\"@type\":\"ReadAction\",\"target\":[\"https:\\\/\\\/exceptionaudio.fr\\\/site\\\/produit\\\/soulnote-a-2-v2\\\/\"]}]},{\"@type\":\"ImageObject\",\"inLanguage\":\"fr-FR\",\"@id\":\"https:\\\/\\\/exceptionaudio.fr\\\/site\\\/produit\\\/soulnote-a-2-v2\\\/#primaryimage\",\"url\":\"https:\\\/\\\/exceptionaudio.fr\\\/site\\\/wp-content\\\/uploads\\\/2026\\\/01\\\/Integration-photo.jpg\",\"contentUrl\":\"https:\\\/\\\/exceptionaudio.fr\\\/site\\\/wp-content\\\/uploads\\\/2026\\\/01\\\/Integration-photo.jpg\",\"width\":1000,\"height\":1000,\"caption\":\"Soulnote A-2 V2 ampli int\u00e9gr\u00e9 hifi\"},{\"@type\":\"BreadcrumbList\",\"@id\":\"https:\\\/\\\/exceptionaudio.fr\\\/site\\\/produit\\\/soulnote-a-2-v2\\\/#breadcrumb\",\"itemListElement\":[{\"@type\":\"ListItem\",\"position\":1,\"name\":\"Accueil\",\"item\":\"https:\\\/\\\/exceptionaudio.fr\\\/site\\\/\"},{\"@type\":\"ListItem\",\"position\":2,\"name\":\"Boutique\",\"item\":\"https:\\\/\\\/exceptionaudio.fr\\\/site\\\/boutique\\\/\"},{\"@type\":\"ListItem\",\"position\":3,\"name\":\"Soulnote A-2 V2\"}]},{\"@type\":\"WebSite\",\"@id\":\"https:\\\/\\\/exceptionaudio.fr\\\/site\\\/#website\",\"url\":\"https:\\\/\\\/exceptionaudio.fr\\\/site\\\/\",\"name\":\"Exception Audio\",\"description\":\"Magasin hi-fi Antibes\",\"publisher\":{\"@id\":\"https:\\\/\\\/exceptionaudio.fr\\\/site\\\/#organization\"},\"potentialAction\":[{\"@type\":\"SearchAction\",\"target\":{\"@type\":\"EntryPoint\",\"urlTemplate\":\"https:\\\/\\\/exceptionaudio.fr\\\/site\\\/?s={search_term_string}\"},\"query-input\":{\"@type\":\"PropertyValueSpecification\",\"valueRequired\":true,\"valueName\":\"search_term_string\"}}],\"inLanguage\":\"fr-FR\"},{\"@type\":\"Organization\",\"@id\":\"https:\\\/\\\/exceptionaudio.fr\\\/site\\\/#organization\",\"name\":\"Exception Audio\",\"url\":\"https:\\\/\\\/exceptionaudio.fr\\\/site\\\/\",\"logo\":{\"@type\":\"ImageObject\",\"inLanguage\":\"fr-FR\",\"@id\":\"https:\\\/\\\/exceptionaudio.fr\\\/site\\\/#\\\/schema\\\/logo\\\/image\\\/\",\"url\":\"https:\\\/\\\/exceptionaudio.fr\\\/site\\\/wp-content\\\/uploads\\\/2021\\\/10\\\/largeur-exception-audio-logos-noir.png\",\"contentUrl\":\"https:\\\/\\\/exceptionaudio.fr\\\/site\\\/wp-content\\\/uploads\\\/2021\\\/10\\\/largeur-exception-audio-logos-noir.png\",\"width\":357,\"height\":54,\"caption\":\"Exception Audio\"},\"image\":{\"@id\":\"https:\\\/\\\/exceptionaudio.fr\\\/site\\\/#\\\/schema\\\/logo\\\/image\\\/\"},\"sameAs\":[\"https:\\\/\\\/www.facebook.com\\\/ExceptionAudio\",\"https:\\\/\\\/www.instagram.com\\\/exception_audio\\\/\"]}]}<\/script>\n<!-- \/ Yoast SEO plugin. -->","yoast_head_json":{"title":"Soulnote A-2 V2 - Amplificateur int\u00e9gr\u00e9 - Exception Audio","description":"L\u2019amplificateur int\u00e9gr\u00e9 Soulnote A-2 V2 est l\u2019aboutissement du savoir-faire de la marque japonaise, directement inspir\u00e9 de l'A-3.","robots":{"index":"index","follow":"follow","max-snippet":"max-snippet:-1","max-image-preview":"max-image-preview:large","max-video-preview":"max-video-preview:-1"},"canonical":"https:\/\/exceptionaudio.fr\/site\/produit\/soulnote-a-2-v2\/","og_locale":"fr_FR","og_type":"article","og_title":"Soulnote A-2 V2 - Amplificateur int\u00e9gr\u00e9 - Exception Audio","og_description":"L\u2019amplificateur int\u00e9gr\u00e9 Soulnote A-2 V2 est l\u2019aboutissement du savoir-faire de la marque japonaise, directement inspir\u00e9 de l'A-3.","og_url":"https:\/\/exceptionaudio.fr\/site\/produit\/soulnote-a-2-v2\/","og_site_name":"Exception Audio","article_publisher":"https:\/\/www.facebook.com\/ExceptionAudio","article_modified_time":"2026-04-10T08:58:43+00:00","og_image":[{"width":1000,"height":1000,"url":"https:\/\/exceptionaudio.fr\/site\/wp-content\/uploads\/2026\/01\/Integration-photo.jpg","type":"image\/jpeg"}],"twitter_card":"summary_large_image","twitter_misc":{"Dur\u00e9e de lecture estim\u00e9e":"1 minute"},"schema":{"@context":"https:\/\/schema.org","@graph":[{"@type":"WebPage","@id":"https:\/\/exceptionaudio.fr\/site\/produit\/soulnote-a-2-v2\/","url":"https:\/\/exceptionaudio.fr\/site\/produit\/soulnote-a-2-v2\/","name":"Soulnote A-2 V2 - Amplificateur int\u00e9gr\u00e9 - Exception Audio","isPartOf":{"@id":"https:\/\/exceptionaudio.fr\/site\/#website"},"primaryImageOfPage":{"@id":"https:\/\/exceptionaudio.fr\/site\/produit\/soulnote-a-2-v2\/#primaryimage"},"image":{"@id":"https:\/\/exceptionaudio.fr\/site\/produit\/soulnote-a-2-v2\/#primaryimage"},"thumbnailUrl":"https:\/\/exceptionaudio.fr\/site\/wp-content\/uploads\/2026\/01\/Integration-photo.jpg","datePublished":"2026-01-09T17:38:03+00:00","dateModified":"2026-04-10T08:58:43+00:00","description":"L\u2019amplificateur int\u00e9gr\u00e9 Soulnote A-2 V2 est l\u2019aboutissement du savoir-faire de la marque japonaise, directement inspir\u00e9 de l'A-3.","breadcrumb":{"@id":"https:\/\/exceptionaudio.fr\/site\/produit\/soulnote-a-2-v2\/#breadcrumb"},"inLanguage":"fr-FR","potentialAction":[{"@type":"ReadAction","target":["https:\/\/exceptionaudio.fr\/site\/produit\/soulnote-a-2-v2\/"]}]},{"@type":"ImageObject","inLanguage":"fr-FR","@id":"https:\/\/exceptionaudio.fr\/site\/produit\/soulnote-a-2-v2\/#primaryimage","url":"https:\/\/exceptionaudio.fr\/site\/wp-content\/uploads\/2026\/01\/Integration-photo.jpg","contentUrl":"https:\/\/exceptionaudio.fr\/site\/wp-content\/uploads\/2026\/01\/Integration-photo.jpg","width":1000,"height":1000,"caption":"Soulnote A-2 V2 ampli int\u00e9gr\u00e9 hifi"},{"@type":"BreadcrumbList","@id":"https:\/\/exceptionaudio.fr\/site\/produit\/soulnote-a-2-v2\/#breadcrumb","itemListElement":[{"@type":"ListItem","position":1,"name":"Accueil","item":"https:\/\/exceptionaudio.fr\/site\/"},{"@type":"ListItem","position":2,"name":"Boutique","item":"https:\/\/exceptionaudio.fr\/site\/boutique\/"},{"@type":"ListItem","position":3,"name":"Soulnote A-2 V2"}]},{"@type":"WebSite","@id":"https:\/\/exceptionaudio.fr\/site\/#website","url":"https:\/\/exceptionaudio.fr\/site\/","name":"Exception Audio","description":"Magasin hi-fi Antibes","publisher":{"@id":"https:\/\/exceptionaudio.fr\/site\/#organization"},"potentialAction":[{"@type":"SearchAction","target":{"@type":"EntryPoint","urlTemplate":"https:\/\/exceptionaudio.fr\/site\/?s={search_term_string}"},"query-input":{"@type":"PropertyValueSpecification","valueRequired":true,"valueName":"search_term_string"}}],"inLanguage":"fr-FR"},{"@type":"Organization","@id":"https:\/\/exceptionaudio.fr\/site\/#organization","name":"Exception Audio","url":"https:\/\/exceptionaudio.fr\/site\/","logo":{"@type":"ImageObject","inLanguage":"fr-FR","@id":"https:\/\/exceptionaudio.fr\/site\/#\/schema\/logo\/image\/","url":"https:\/\/exceptionaudio.fr\/site\/wp-content\/uploads\/2021\/10\/largeur-exception-audio-logos-noir.png","contentUrl":"https:\/\/exceptionaudio.fr\/site\/wp-content\/uploads\/2021\/10\/largeur-exception-audio-logos-noir.png","width":357,"height":54,"caption":"Exception Audio"},"image":{"@id":"https:\/\/exceptionaudio.fr\/site\/#\/schema\/logo\/image\/"},"sameAs":["https:\/\/www.facebook.com\/ExceptionAudio","https:\/\/www.instagram.com\/exception_audio\/"]}]}},"_links":{"self":[{"href":"https:\/\/exceptionaudio.fr\/site\/wp-json\/wp\/v2\/product\/9892","targetHints":{"allow":["GET"]}}],"collection":[{"href":"https:\/\/exceptionaudio.fr\/site\/wp-json\/wp\/v2\/product"}],"about":[{"href":"https:\/\/exceptionaudio.fr\/site\/wp-json\/wp\/v2\/types\/product"}],"version-history":[{"count":2,"href":"https:\/\/exceptionaudio.fr\/site\/wp-json\/wp\/v2\/product\/9892\/revisions"}],"predecessor-version":[{"id":9918,"href":"https:\/\/exceptionaudio.fr\/site\/wp-json\/wp\/v2\/product\/9892\/revisions\/9918"}],"wp:featuredmedia":[{"embeddable":true,"href":"https:\/\/exceptionaudio.fr\/site\/wp-json\/wp\/v2\/media\/9895"}],"wp:attachment":[{"href":"https:\/\/exceptionaudio.fr\/site\/wp-json\/wp\/v2\/media?parent=9892"}],"wp:term":[{"taxonomy":"product_brand","embeddable":true,"href":"https:\/\/exceptionaudio.fr\/site\/wp-json\/wp\/v2\/product_brand?post=9892"},{"taxonomy":"product_cat","embeddable":true,"href":"https:\/\/exceptionaudio.fr\/site\/wp-json\/wp\/v2\/product_cat?post=9892"},{"taxonomy":"product_tag","embeddable":true,"href":"https:\/\/exceptionaudio.fr\/site\/wp-json\/wp\/v2\/product_tag?post=9892"}],"curies":[{"name":"wp","href":"https:\/\/api.w.org\/{rel}","templated":true}]}}