{"id":9902,"date":"2026-01-20T16:29:58","date_gmt":"2026-01-20T15:29:58","guid":{"rendered":"https:\/\/exceptionaudio.fr\/site\/?post_type=product&#038;p=9902"},"modified":"2026-01-21T16:18:38","modified_gmt":"2026-01-21T15:18:38","slug":"soulnote-s-3","status":"publish","type":"product","link":"https:\/\/exceptionaudio.fr\/site\/produit\/soulnote-s-3\/","title":{"rendered":"Soulnote S-3"},"content":{"rendered":"","protected":false},"excerpt":{"rendered":"<p style=\"font-weight: 400;\">Le <strong>Soulnote S-3<\/strong> est un <strong>lecteur CD\/SACD et DAC<\/strong> haut de gamme con\u00e7u pour r\u00e9v\u00e9ler toute la richesse et la profondeur de la musique num\u00e9rique. Fid\u00e8le \u00e0 la philosophie Soulnote, il adopte une <strong>architecture enti\u00e8rement discr\u00e8te<\/strong> et <strong>sans contre-r\u00e9action<\/strong>, associ\u00e9e \u00e0 une <strong>m\u00e9canique de lecture de tr\u00e8s haute pr\u00e9cision<\/strong> et \u00e0 une section de <strong>conversion num\u00e9rique-analogique optimis\u00e9e<\/strong> pour la fluidit\u00e9, la dynamique et la coh\u00e9rence des timbres. Un lecteur de r\u00e9f\u00e9rence pour les <strong>audiophiles exigeants<\/strong> souhaitant exploiter au maximum leurs supports physiques et leurs <strong>sources num\u00e9riques<\/strong> dans un syst\u00e8me Hi-Fi de tr\u00e8s haut niveau.<\/p>\n","protected":false},"featured_media":9907,"template":"","meta":[],"product_brand":[],"product_cat":[98,99,101],"product_tag":[318],"class_list":{"0":"post-9902","1":"product","2":"type-product","3":"status-publish","4":"has-post-thumbnail","6":"product_cat-sources-hifi","7":"product_cat-convertisseurs-dac-hifi","8":"product_cat-lecteurs-transports-cd-sacd-hifi","9":"product_tag-soulnote","11":"first","12":"instock","13":"taxable","14":"shipping-taxable","15":"purchasable","16":"product-type-variable"},"yoast_head":"<!-- This site is optimized with the Yoast SEO plugin v27.4 - https:\/\/yoast.com\/product\/yoast-seo-wordpress\/ -->\n<title>Soulnote S-3 - Amplificateur int\u00e9gr\u00e9 - Exception Audio<\/title>\n<meta name=\"description\" content=\"Le Soulnote S-3 r\u00e9unit dans un ch\u00e2ssis un lecteur CD\/SACD et un DAC audiophile de r\u00e9f\u00e9rence, selon une approche rare et r\u00e9solument ambitieuse.\" \/>\n<meta name=\"robots\" content=\"index, follow, max-snippet:-1, max-image-preview:large, max-video-preview:-1\" \/>\n<link rel=\"canonical\" href=\"https:\/\/exceptionaudio.fr\/site\/produit\/soulnote-s-3\/\" \/>\n<meta property=\"og:locale\" content=\"fr_FR\" \/>\n<meta property=\"og:type\" content=\"article\" \/>\n<meta property=\"og:title\" content=\"Soulnote S-3 - Amplificateur int\u00e9gr\u00e9 - Exception Audio\" \/>\n<meta property=\"og:description\" content=\"Le Soulnote S-3 r\u00e9unit dans un ch\u00e2ssis un lecteur CD\/SACD et un DAC audiophile de r\u00e9f\u00e9rence, selon une approche rare et r\u00e9solument ambitieuse.\" \/>\n<meta property=\"og:url\" content=\"https:\/\/exceptionaudio.fr\/site\/produit\/soulnote-s-3\/\" \/>\n<meta property=\"og:site_name\" content=\"Exception Audio\" \/>\n<meta property=\"article:publisher\" content=\"https:\/\/www.facebook.com\/ExceptionAudio\" \/>\n<meta property=\"article:modified_time\" content=\"2026-01-21T15:18:38+00:00\" \/>\n<meta property=\"og:image\" content=\"https:\/\/exceptionaudio.fr\/site\/wp-content\/uploads\/2026\/01\/Soulnote-S-3.jpg\" \/>\n\t<meta property=\"og:image:width\" content=\"1000\" \/>\n\t<meta property=\"og:image:height\" content=\"1000\" \/>\n\t<meta property=\"og:image:type\" content=\"image\/jpeg\" \/>\n<meta name=\"twitter:card\" content=\"summary_large_image\" \/>\n<meta name=\"twitter:label1\" content=\"Dur\u00e9e de lecture estim\u00e9e\" \/>\n\t<meta name=\"twitter:data1\" content=\"1 minute\" \/>\n<script type=\"application\/ld+json\" class=\"yoast-schema-graph\">{\"@context\":\"https:\\\/\\\/schema.org\",\"@graph\":[{\"@type\":\"WebPage\",\"@id\":\"https:\\\/\\\/exceptionaudio.fr\\\/site\\\/produit\\\/soulnote-s-3\\\/\",\"url\":\"https:\\\/\\\/exceptionaudio.fr\\\/site\\\/produit\\\/soulnote-s-3\\\/\",\"name\":\"Soulnote S-3 - Amplificateur int\u00e9gr\u00e9 - Exception Audio\",\"isPartOf\":{\"@id\":\"https:\\\/\\\/exceptionaudio.fr\\\/site\\\/#website\"},\"primaryImageOfPage\":{\"@id\":\"https:\\\/\\\/exceptionaudio.fr\\\/site\\\/produit\\\/soulnote-s-3\\\/#primaryimage\"},\"image\":{\"@id\":\"https:\\\/\\\/exceptionaudio.fr\\\/site\\\/produit\\\/soulnote-s-3\\\/#primaryimage\"},\"thumbnailUrl\":\"https:\\\/\\\/exceptionaudio.fr\\\/site\\\/wp-content\\\/uploads\\\/2026\\\/01\\\/Soulnote-S-3.jpg\",\"datePublished\":\"2026-01-20T15:29:58+00:00\",\"dateModified\":\"2026-01-21T15:18:38+00:00\",\"description\":\"Le Soulnote S-3 r\u00e9unit dans un ch\u00e2ssis un lecteur CD\\\/SACD et un DAC audiophile de r\u00e9f\u00e9rence, selon une approche rare et r\u00e9solument ambitieuse.\",\"breadcrumb\":{\"@id\":\"https:\\\/\\\/exceptionaudio.fr\\\/site\\\/produit\\\/soulnote-s-3\\\/#breadcrumb\"},\"inLanguage\":\"fr-FR\",\"potentialAction\":[{\"@type\":\"ReadAction\",\"target\":[\"https:\\\/\\\/exceptionaudio.fr\\\/site\\\/produit\\\/soulnote-s-3\\\/\"]}]},{\"@type\":\"ImageObject\",\"inLanguage\":\"fr-FR\",\"@id\":\"https:\\\/\\\/exceptionaudio.fr\\\/site\\\/produit\\\/soulnote-s-3\\\/#primaryimage\",\"url\":\"https:\\\/\\\/exceptionaudio.fr\\\/site\\\/wp-content\\\/uploads\\\/2026\\\/01\\\/Soulnote-S-3.jpg\",\"contentUrl\":\"https:\\\/\\\/exceptionaudio.fr\\\/site\\\/wp-content\\\/uploads\\\/2026\\\/01\\\/Soulnote-S-3.jpg\",\"width\":1000,\"height\":1000,\"caption\":\"Soulnote S-3 lecteur CD\\\/SACD DAC Haut de gamme hifi\"},{\"@type\":\"BreadcrumbList\",\"@id\":\"https:\\\/\\\/exceptionaudio.fr\\\/site\\\/produit\\\/soulnote-s-3\\\/#breadcrumb\",\"itemListElement\":[{\"@type\":\"ListItem\",\"position\":1,\"name\":\"Accueil\",\"item\":\"https:\\\/\\\/exceptionaudio.fr\\\/site\\\/\"},{\"@type\":\"ListItem\",\"position\":2,\"name\":\"Boutique\",\"item\":\"https:\\\/\\\/exceptionaudio.fr\\\/site\\\/boutique\\\/\"},{\"@type\":\"ListItem\",\"position\":3,\"name\":\"Soulnote S-3\"}]},{\"@type\":\"WebSite\",\"@id\":\"https:\\\/\\\/exceptionaudio.fr\\\/site\\\/#website\",\"url\":\"https:\\\/\\\/exceptionaudio.fr\\\/site\\\/\",\"name\":\"Exception Audio\",\"description\":\"Magasin hi-fi Antibes\",\"publisher\":{\"@id\":\"https:\\\/\\\/exceptionaudio.fr\\\/site\\\/#organization\"},\"potentialAction\":[{\"@type\":\"SearchAction\",\"target\":{\"@type\":\"EntryPoint\",\"urlTemplate\":\"https:\\\/\\\/exceptionaudio.fr\\\/site\\\/?s={search_term_string}\"},\"query-input\":{\"@type\":\"PropertyValueSpecification\",\"valueRequired\":true,\"valueName\":\"search_term_string\"}}],\"inLanguage\":\"fr-FR\"},{\"@type\":\"Organization\",\"@id\":\"https:\\\/\\\/exceptionaudio.fr\\\/site\\\/#organization\",\"name\":\"Exception Audio\",\"url\":\"https:\\\/\\\/exceptionaudio.fr\\\/site\\\/\",\"logo\":{\"@type\":\"ImageObject\",\"inLanguage\":\"fr-FR\",\"@id\":\"https:\\\/\\\/exceptionaudio.fr\\\/site\\\/#\\\/schema\\\/logo\\\/image\\\/\",\"url\":\"https:\\\/\\\/exceptionaudio.fr\\\/site\\\/wp-content\\\/uploads\\\/2021\\\/10\\\/largeur-exception-audio-logos-noir.png\",\"contentUrl\":\"https:\\\/\\\/exceptionaudio.fr\\\/site\\\/wp-content\\\/uploads\\\/2021\\\/10\\\/largeur-exception-audio-logos-noir.png\",\"width\":357,\"height\":54,\"caption\":\"Exception Audio\"},\"image\":{\"@id\":\"https:\\\/\\\/exceptionaudio.fr\\\/site\\\/#\\\/schema\\\/logo\\\/image\\\/\"},\"sameAs\":[\"https:\\\/\\\/www.facebook.com\\\/ExceptionAudio\",\"https:\\\/\\\/www.instagram.com\\\/exception_audio\\\/\"]}]}<\/script>\n<!-- \/ Yoast SEO plugin. -->","yoast_head_json":{"title":"Soulnote S-3 - Amplificateur int\u00e9gr\u00e9 - Exception Audio","description":"Le Soulnote S-3 r\u00e9unit dans un ch\u00e2ssis un lecteur CD\/SACD et un DAC audiophile de r\u00e9f\u00e9rence, selon une approche rare et r\u00e9solument ambitieuse.","robots":{"index":"index","follow":"follow","max-snippet":"max-snippet:-1","max-image-preview":"max-image-preview:large","max-video-preview":"max-video-preview:-1"},"canonical":"https:\/\/exceptionaudio.fr\/site\/produit\/soulnote-s-3\/","og_locale":"fr_FR","og_type":"article","og_title":"Soulnote S-3 - Amplificateur int\u00e9gr\u00e9 - Exception Audio","og_description":"Le Soulnote S-3 r\u00e9unit dans un ch\u00e2ssis un lecteur CD\/SACD et un DAC audiophile de r\u00e9f\u00e9rence, selon une approche rare et r\u00e9solument ambitieuse.","og_url":"https:\/\/exceptionaudio.fr\/site\/produit\/soulnote-s-3\/","og_site_name":"Exception Audio","article_publisher":"https:\/\/www.facebook.com\/ExceptionAudio","article_modified_time":"2026-01-21T15:18:38+00:00","og_image":[{"width":1000,"height":1000,"url":"https:\/\/exceptionaudio.fr\/site\/wp-content\/uploads\/2026\/01\/Soulnote-S-3.jpg","type":"image\/jpeg"}],"twitter_card":"summary_large_image","twitter_misc":{"Dur\u00e9e de lecture estim\u00e9e":"1 minute"},"schema":{"@context":"https:\/\/schema.org","@graph":[{"@type":"WebPage","@id":"https:\/\/exceptionaudio.fr\/site\/produit\/soulnote-s-3\/","url":"https:\/\/exceptionaudio.fr\/site\/produit\/soulnote-s-3\/","name":"Soulnote S-3 - Amplificateur int\u00e9gr\u00e9 - Exception Audio","isPartOf":{"@id":"https:\/\/exceptionaudio.fr\/site\/#website"},"primaryImageOfPage":{"@id":"https:\/\/exceptionaudio.fr\/site\/produit\/soulnote-s-3\/#primaryimage"},"image":{"@id":"https:\/\/exceptionaudio.fr\/site\/produit\/soulnote-s-3\/#primaryimage"},"thumbnailUrl":"https:\/\/exceptionaudio.fr\/site\/wp-content\/uploads\/2026\/01\/Soulnote-S-3.jpg","datePublished":"2026-01-20T15:29:58+00:00","dateModified":"2026-01-21T15:18:38+00:00","description":"Le Soulnote S-3 r\u00e9unit dans un ch\u00e2ssis un lecteur CD\/SACD et un DAC audiophile de r\u00e9f\u00e9rence, selon une approche rare et r\u00e9solument ambitieuse.","breadcrumb":{"@id":"https:\/\/exceptionaudio.fr\/site\/produit\/soulnote-s-3\/#breadcrumb"},"inLanguage":"fr-FR","potentialAction":[{"@type":"ReadAction","target":["https:\/\/exceptionaudio.fr\/site\/produit\/soulnote-s-3\/"]}]},{"@type":"ImageObject","inLanguage":"fr-FR","@id":"https:\/\/exceptionaudio.fr\/site\/produit\/soulnote-s-3\/#primaryimage","url":"https:\/\/exceptionaudio.fr\/site\/wp-content\/uploads\/2026\/01\/Soulnote-S-3.jpg","contentUrl":"https:\/\/exceptionaudio.fr\/site\/wp-content\/uploads\/2026\/01\/Soulnote-S-3.jpg","width":1000,"height":1000,"caption":"Soulnote S-3 lecteur CD\/SACD DAC Haut de gamme hifi"},{"@type":"BreadcrumbList","@id":"https:\/\/exceptionaudio.fr\/site\/produit\/soulnote-s-3\/#breadcrumb","itemListElement":[{"@type":"ListItem","position":1,"name":"Accueil","item":"https:\/\/exceptionaudio.fr\/site\/"},{"@type":"ListItem","position":2,"name":"Boutique","item":"https:\/\/exceptionaudio.fr\/site\/boutique\/"},{"@type":"ListItem","position":3,"name":"Soulnote S-3"}]},{"@type":"WebSite","@id":"https:\/\/exceptionaudio.fr\/site\/#website","url":"https:\/\/exceptionaudio.fr\/site\/","name":"Exception Audio","description":"Magasin hi-fi Antibes","publisher":{"@id":"https:\/\/exceptionaudio.fr\/site\/#organization"},"potentialAction":[{"@type":"SearchAction","target":{"@type":"EntryPoint","urlTemplate":"https:\/\/exceptionaudio.fr\/site\/?s={search_term_string}"},"query-input":{"@type":"PropertyValueSpecification","valueRequired":true,"valueName":"search_term_string"}}],"inLanguage":"fr-FR"},{"@type":"Organization","@id":"https:\/\/exceptionaudio.fr\/site\/#organization","name":"Exception Audio","url":"https:\/\/exceptionaudio.fr\/site\/","logo":{"@type":"ImageObject","inLanguage":"fr-FR","@id":"https:\/\/exceptionaudio.fr\/site\/#\/schema\/logo\/image\/","url":"https:\/\/exceptionaudio.fr\/site\/wp-content\/uploads\/2021\/10\/largeur-exception-audio-logos-noir.png","contentUrl":"https:\/\/exceptionaudio.fr\/site\/wp-content\/uploads\/2021\/10\/largeur-exception-audio-logos-noir.png","width":357,"height":54,"caption":"Exception Audio"},"image":{"@id":"https:\/\/exceptionaudio.fr\/site\/#\/schema\/logo\/image\/"},"sameAs":["https:\/\/www.facebook.com\/ExceptionAudio","https:\/\/www.instagram.com\/exception_audio\/"]}]}},"_links":{"self":[{"href":"https:\/\/exceptionaudio.fr\/site\/wp-json\/wp\/v2\/product\/9902","targetHints":{"allow":["GET"]}}],"collection":[{"href":"https:\/\/exceptionaudio.fr\/site\/wp-json\/wp\/v2\/product"}],"about":[{"href":"https:\/\/exceptionaudio.fr\/site\/wp-json\/wp\/v2\/types\/product"}],"version-history":[{"count":1,"href":"https:\/\/exceptionaudio.fr\/site\/wp-json\/wp\/v2\/product\/9902\/revisions"}],"predecessor-version":[{"id":9908,"href":"https:\/\/exceptionaudio.fr\/site\/wp-json\/wp\/v2\/product\/9902\/revisions\/9908"}],"wp:featuredmedia":[{"embeddable":true,"href":"https:\/\/exceptionaudio.fr\/site\/wp-json\/wp\/v2\/media\/9907"}],"wp:attachment":[{"href":"https:\/\/exceptionaudio.fr\/site\/wp-json\/wp\/v2\/media?parent=9902"}],"wp:term":[{"taxonomy":"product_brand","embeddable":true,"href":"https:\/\/exceptionaudio.fr\/site\/wp-json\/wp\/v2\/product_brand?post=9902"},{"taxonomy":"product_cat","embeddable":true,"href":"https:\/\/exceptionaudio.fr\/site\/wp-json\/wp\/v2\/product_cat?post=9902"},{"taxonomy":"product_tag","embeddable":true,"href":"https:\/\/exceptionaudio.fr\/site\/wp-json\/wp\/v2\/product_tag?post=9902"}],"curies":[{"name":"wp","href":"https:\/\/api.w.org\/{rel}","templated":true}]}}