{"id":9930,"date":"2026-02-07T13:58:49","date_gmt":"2026-02-07T12:58:49","guid":{"rendered":"https:\/\/exceptionaudio.fr\/site\/?post_type=product&#038;p=9930"},"modified":"2026-02-07T14:27:52","modified_gmt":"2026-02-07T13:27:52","slug":"lindemann-woodnote-solo","status":"publish","type":"product","link":"https:\/\/exceptionaudio.fr\/site\/produit\/lindemann-woodnote-solo\/","title":{"rendered":"Lindemann Woodnote Solo"},"content":{"rendered":"","protected":false},"excerpt":{"rendered":"<p>Le <strong>Lindemann Woodnote Solo<\/strong> est <strong>lecteur r\u00e9seau<\/strong> int\u00e9grant un <strong>DAC<\/strong> permettant la lecture de <strong>fichier audio haute r\u00e9solution<\/strong> jusqu\u2019\u00e0 <strong>24 bits\/384 kHz<\/strong> et jusqu\u2019au <strong>DSD256<\/strong>. Il est compatible avec les principaux s<strong>ervices de streaming<\/strong> (Qobuz, Tidal, Spotify\u2026) ainsi que la <strong>radio internet<\/strong> et le <strong>Bluetooth<\/strong>. Il dispose \u00e9galement d\u2019une <strong>entr\u00e9e HDMI eARC<\/strong> pour y relier une TV et d\u2019une <strong>sortie casque de 6,35mm<\/strong> en fa\u00e7ade. Vous le pilotez depuis l\u2019<strong>application Lindemann iOS et Android<\/strong> ou depuis sa t\u00e9l\u00e9commande.<\/p>\n","protected":false},"featured_media":9934,"template":"","meta":[],"product_brand":[],"product_cat":[98,99,100],"product_tag":[319],"class_list":{"0":"post-9930","1":"product","2":"type-product","3":"status-publish","4":"has-post-thumbnail","6":"product_cat-sources-hifi","7":"product_cat-convertisseurs-dac-hifi","8":"product_cat-lecteurs-reseau-hifi-serveurs-audio-streamer","9":"product_tag-lindemann-audio","11":"first","12":"instock","13":"taxable","14":"shipping-taxable","15":"purchasable","16":"product-type-simple"},"yoast_head":"<!-- This site is optimized with the Yoast SEO plugin v27.3 - https:\/\/yoast.com\/product\/yoast-seo-wordpress\/ -->\n<title>Lindemann Woodnote Solo - Lecteur r\u00e9seau DAC HiFi - Exception Audio<\/title>\n<meta name=\"description\" content=\"Le Lindemann Woodnote Solo est un lecteur r\u00e9seau, DAC et pr\u00e9ampli compatible Qobuz Connect. Il dispose d\u2019une entr\u00e9e HDMI eARC et d&#039;un ampli casque.\" \/>\n<meta name=\"robots\" content=\"index, follow, max-snippet:-1, max-image-preview:large, max-video-preview:-1\" \/>\n<link rel=\"canonical\" href=\"https:\/\/exceptionaudio.fr\/site\/produit\/lindemann-woodnote-solo\/\" \/>\n<meta property=\"og:locale\" content=\"fr_FR\" \/>\n<meta property=\"og:type\" content=\"article\" \/>\n<meta property=\"og:title\" content=\"Lindemann Woodnote Solo - Lecteur r\u00e9seau DAC HiFi - Exception Audio\" \/>\n<meta property=\"og:description\" content=\"Le Lindemann Woodnote Solo est un lecteur r\u00e9seau, DAC et pr\u00e9ampli compatible Qobuz Connect. Il dispose d\u2019une entr\u00e9e HDMI eARC et d&#039;un ampli casque.\" \/>\n<meta property=\"og:url\" content=\"https:\/\/exceptionaudio.fr\/site\/produit\/lindemann-woodnote-solo\/\" \/>\n<meta property=\"og:site_name\" content=\"Exception Audio\" \/>\n<meta property=\"article:publisher\" content=\"https:\/\/www.facebook.com\/ExceptionAudio\" \/>\n<meta property=\"article:modified_time\" content=\"2026-02-07T13:27:52+00:00\" \/>\n<meta property=\"og:image\" content=\"https:\/\/exceptionaudio.fr\/site\/wp-content\/uploads\/2026\/02\/Lindemann-Woodnote-Solo.jpg\" \/>\n\t<meta property=\"og:image:width\" content=\"1000\" \/>\n\t<meta property=\"og:image:height\" content=\"1000\" \/>\n\t<meta property=\"og:image:type\" content=\"image\/jpeg\" \/>\n<meta name=\"twitter:card\" content=\"summary_large_image\" \/>\n<meta name=\"twitter:label1\" content=\"Dur\u00e9e de lecture estim\u00e9e\" \/>\n\t<meta name=\"twitter:data1\" content=\"1 minute\" \/>\n<script type=\"application\/ld+json\" class=\"yoast-schema-graph\">{\"@context\":\"https:\\\/\\\/schema.org\",\"@graph\":[{\"@type\":\"WebPage\",\"@id\":\"https:\\\/\\\/exceptionaudio.fr\\\/site\\\/produit\\\/lindemann-woodnote-solo\\\/\",\"url\":\"https:\\\/\\\/exceptionaudio.fr\\\/site\\\/produit\\\/lindemann-woodnote-solo\\\/\",\"name\":\"Lindemann Woodnote Solo - Lecteur r\u00e9seau DAC HiFi - Exception Audio\",\"isPartOf\":{\"@id\":\"https:\\\/\\\/exceptionaudio.fr\\\/site\\\/#website\"},\"primaryImageOfPage\":{\"@id\":\"https:\\\/\\\/exceptionaudio.fr\\\/site\\\/produit\\\/lindemann-woodnote-solo\\\/#primaryimage\"},\"image\":{\"@id\":\"https:\\\/\\\/exceptionaudio.fr\\\/site\\\/produit\\\/lindemann-woodnote-solo\\\/#primaryimage\"},\"thumbnailUrl\":\"https:\\\/\\\/exceptionaudio.fr\\\/site\\\/wp-content\\\/uploads\\\/2026\\\/02\\\/Lindemann-Woodnote-Solo.jpg\",\"datePublished\":\"2026-02-07T12:58:49+00:00\",\"dateModified\":\"2026-02-07T13:27:52+00:00\",\"description\":\"Le Lindemann Woodnote Solo est un lecteur r\u00e9seau, DAC et pr\u00e9ampli compatible Qobuz Connect. Il dispose d\u2019une entr\u00e9e HDMI eARC et d'un ampli casque.\",\"breadcrumb\":{\"@id\":\"https:\\\/\\\/exceptionaudio.fr\\\/site\\\/produit\\\/lindemann-woodnote-solo\\\/#breadcrumb\"},\"inLanguage\":\"fr-FR\",\"potentialAction\":[{\"@type\":\"ReadAction\",\"target\":[\"https:\\\/\\\/exceptionaudio.fr\\\/site\\\/produit\\\/lindemann-woodnote-solo\\\/\"]}]},{\"@type\":\"ImageObject\",\"inLanguage\":\"fr-FR\",\"@id\":\"https:\\\/\\\/exceptionaudio.fr\\\/site\\\/produit\\\/lindemann-woodnote-solo\\\/#primaryimage\",\"url\":\"https:\\\/\\\/exceptionaudio.fr\\\/site\\\/wp-content\\\/uploads\\\/2026\\\/02\\\/Lindemann-Woodnote-Solo.jpg\",\"contentUrl\":\"https:\\\/\\\/exceptionaudio.fr\\\/site\\\/wp-content\\\/uploads\\\/2026\\\/02\\\/Lindemann-Woodnote-Solo.jpg\",\"width\":1000,\"height\":1000,\"caption\":\"Lindemann Woodnote Solo lecteur r\u00e9seau HiFi DAC pr\u00e9ampli Qobuz Connect HDMI eARC Bluetooth\"},{\"@type\":\"BreadcrumbList\",\"@id\":\"https:\\\/\\\/exceptionaudio.fr\\\/site\\\/produit\\\/lindemann-woodnote-solo\\\/#breadcrumb\",\"itemListElement\":[{\"@type\":\"ListItem\",\"position\":1,\"name\":\"Accueil\",\"item\":\"https:\\\/\\\/exceptionaudio.fr\\\/site\\\/\"},{\"@type\":\"ListItem\",\"position\":2,\"name\":\"Boutique\",\"item\":\"https:\\\/\\\/exceptionaudio.fr\\\/site\\\/boutique\\\/\"},{\"@type\":\"ListItem\",\"position\":3,\"name\":\"Lindemann Woodnote Solo\"}]},{\"@type\":\"WebSite\",\"@id\":\"https:\\\/\\\/exceptionaudio.fr\\\/site\\\/#website\",\"url\":\"https:\\\/\\\/exceptionaudio.fr\\\/site\\\/\",\"name\":\"Exception Audio\",\"description\":\"Magasin hi-fi Antibes\",\"publisher\":{\"@id\":\"https:\\\/\\\/exceptionaudio.fr\\\/site\\\/#organization\"},\"potentialAction\":[{\"@type\":\"SearchAction\",\"target\":{\"@type\":\"EntryPoint\",\"urlTemplate\":\"https:\\\/\\\/exceptionaudio.fr\\\/site\\\/?s={search_term_string}\"},\"query-input\":{\"@type\":\"PropertyValueSpecification\",\"valueRequired\":true,\"valueName\":\"search_term_string\"}}],\"inLanguage\":\"fr-FR\"},{\"@type\":\"Organization\",\"@id\":\"https:\\\/\\\/exceptionaudio.fr\\\/site\\\/#organization\",\"name\":\"Exception Audio\",\"url\":\"https:\\\/\\\/exceptionaudio.fr\\\/site\\\/\",\"logo\":{\"@type\":\"ImageObject\",\"inLanguage\":\"fr-FR\",\"@id\":\"https:\\\/\\\/exceptionaudio.fr\\\/site\\\/#\\\/schema\\\/logo\\\/image\\\/\",\"url\":\"https:\\\/\\\/exceptionaudio.fr\\\/site\\\/wp-content\\\/uploads\\\/2021\\\/10\\\/largeur-exception-audio-logos-noir.png\",\"contentUrl\":\"https:\\\/\\\/exceptionaudio.fr\\\/site\\\/wp-content\\\/uploads\\\/2021\\\/10\\\/largeur-exception-audio-logos-noir.png\",\"width\":357,\"height\":54,\"caption\":\"Exception Audio\"},\"image\":{\"@id\":\"https:\\\/\\\/exceptionaudio.fr\\\/site\\\/#\\\/schema\\\/logo\\\/image\\\/\"},\"sameAs\":[\"https:\\\/\\\/www.facebook.com\\\/ExceptionAudio\",\"https:\\\/\\\/www.instagram.com\\\/exception_audio\\\/\"]}]}<\/script>\n<!-- \/ Yoast SEO plugin. -->","yoast_head_json":{"title":"Lindemann Woodnote Solo - Lecteur r\u00e9seau DAC HiFi - Exception Audio","description":"Le Lindemann Woodnote Solo est un lecteur r\u00e9seau, DAC et pr\u00e9ampli compatible Qobuz Connect. Il dispose d\u2019une entr\u00e9e HDMI eARC et d'un ampli casque.","robots":{"index":"index","follow":"follow","max-snippet":"max-snippet:-1","max-image-preview":"max-image-preview:large","max-video-preview":"max-video-preview:-1"},"canonical":"https:\/\/exceptionaudio.fr\/site\/produit\/lindemann-woodnote-solo\/","og_locale":"fr_FR","og_type":"article","og_title":"Lindemann Woodnote Solo - Lecteur r\u00e9seau DAC HiFi - Exception Audio","og_description":"Le Lindemann Woodnote Solo est un lecteur r\u00e9seau, DAC et pr\u00e9ampli compatible Qobuz Connect. Il dispose d\u2019une entr\u00e9e HDMI eARC et d'un ampli casque.","og_url":"https:\/\/exceptionaudio.fr\/site\/produit\/lindemann-woodnote-solo\/","og_site_name":"Exception Audio","article_publisher":"https:\/\/www.facebook.com\/ExceptionAudio","article_modified_time":"2026-02-07T13:27:52+00:00","og_image":[{"width":1000,"height":1000,"url":"https:\/\/exceptionaudio.fr\/site\/wp-content\/uploads\/2026\/02\/Lindemann-Woodnote-Solo.jpg","type":"image\/jpeg"}],"twitter_card":"summary_large_image","twitter_misc":{"Dur\u00e9e de lecture estim\u00e9e":"1 minute"},"schema":{"@context":"https:\/\/schema.org","@graph":[{"@type":"WebPage","@id":"https:\/\/exceptionaudio.fr\/site\/produit\/lindemann-woodnote-solo\/","url":"https:\/\/exceptionaudio.fr\/site\/produit\/lindemann-woodnote-solo\/","name":"Lindemann Woodnote Solo - Lecteur r\u00e9seau DAC HiFi - Exception Audio","isPartOf":{"@id":"https:\/\/exceptionaudio.fr\/site\/#website"},"primaryImageOfPage":{"@id":"https:\/\/exceptionaudio.fr\/site\/produit\/lindemann-woodnote-solo\/#primaryimage"},"image":{"@id":"https:\/\/exceptionaudio.fr\/site\/produit\/lindemann-woodnote-solo\/#primaryimage"},"thumbnailUrl":"https:\/\/exceptionaudio.fr\/site\/wp-content\/uploads\/2026\/02\/Lindemann-Woodnote-Solo.jpg","datePublished":"2026-02-07T12:58:49+00:00","dateModified":"2026-02-07T13:27:52+00:00","description":"Le Lindemann Woodnote Solo est un lecteur r\u00e9seau, DAC et pr\u00e9ampli compatible Qobuz Connect. Il dispose d\u2019une entr\u00e9e HDMI eARC et d'un ampli casque.","breadcrumb":{"@id":"https:\/\/exceptionaudio.fr\/site\/produit\/lindemann-woodnote-solo\/#breadcrumb"},"inLanguage":"fr-FR","potentialAction":[{"@type":"ReadAction","target":["https:\/\/exceptionaudio.fr\/site\/produit\/lindemann-woodnote-solo\/"]}]},{"@type":"ImageObject","inLanguage":"fr-FR","@id":"https:\/\/exceptionaudio.fr\/site\/produit\/lindemann-woodnote-solo\/#primaryimage","url":"https:\/\/exceptionaudio.fr\/site\/wp-content\/uploads\/2026\/02\/Lindemann-Woodnote-Solo.jpg","contentUrl":"https:\/\/exceptionaudio.fr\/site\/wp-content\/uploads\/2026\/02\/Lindemann-Woodnote-Solo.jpg","width":1000,"height":1000,"caption":"Lindemann Woodnote Solo lecteur r\u00e9seau HiFi DAC pr\u00e9ampli Qobuz Connect HDMI eARC Bluetooth"},{"@type":"BreadcrumbList","@id":"https:\/\/exceptionaudio.fr\/site\/produit\/lindemann-woodnote-solo\/#breadcrumb","itemListElement":[{"@type":"ListItem","position":1,"name":"Accueil","item":"https:\/\/exceptionaudio.fr\/site\/"},{"@type":"ListItem","position":2,"name":"Boutique","item":"https:\/\/exceptionaudio.fr\/site\/boutique\/"},{"@type":"ListItem","position":3,"name":"Lindemann Woodnote Solo"}]},{"@type":"WebSite","@id":"https:\/\/exceptionaudio.fr\/site\/#website","url":"https:\/\/exceptionaudio.fr\/site\/","name":"Exception Audio","description":"Magasin hi-fi Antibes","publisher":{"@id":"https:\/\/exceptionaudio.fr\/site\/#organization"},"potentialAction":[{"@type":"SearchAction","target":{"@type":"EntryPoint","urlTemplate":"https:\/\/exceptionaudio.fr\/site\/?s={search_term_string}"},"query-input":{"@type":"PropertyValueSpecification","valueRequired":true,"valueName":"search_term_string"}}],"inLanguage":"fr-FR"},{"@type":"Organization","@id":"https:\/\/exceptionaudio.fr\/site\/#organization","name":"Exception Audio","url":"https:\/\/exceptionaudio.fr\/site\/","logo":{"@type":"ImageObject","inLanguage":"fr-FR","@id":"https:\/\/exceptionaudio.fr\/site\/#\/schema\/logo\/image\/","url":"https:\/\/exceptionaudio.fr\/site\/wp-content\/uploads\/2021\/10\/largeur-exception-audio-logos-noir.png","contentUrl":"https:\/\/exceptionaudio.fr\/site\/wp-content\/uploads\/2021\/10\/largeur-exception-audio-logos-noir.png","width":357,"height":54,"caption":"Exception Audio"},"image":{"@id":"https:\/\/exceptionaudio.fr\/site\/#\/schema\/logo\/image\/"},"sameAs":["https:\/\/www.facebook.com\/ExceptionAudio","https:\/\/www.instagram.com\/exception_audio\/"]}]}},"_links":{"self":[{"href":"https:\/\/exceptionaudio.fr\/site\/wp-json\/wp\/v2\/product\/9930","targetHints":{"allow":["GET"]}}],"collection":[{"href":"https:\/\/exceptionaudio.fr\/site\/wp-json\/wp\/v2\/product"}],"about":[{"href":"https:\/\/exceptionaudio.fr\/site\/wp-json\/wp\/v2\/types\/product"}],"version-history":[{"count":1,"href":"https:\/\/exceptionaudio.fr\/site\/wp-json\/wp\/v2\/product\/9930\/revisions"}],"predecessor-version":[{"id":9936,"href":"https:\/\/exceptionaudio.fr\/site\/wp-json\/wp\/v2\/product\/9930\/revisions\/9936"}],"wp:featuredmedia":[{"embeddable":true,"href":"https:\/\/exceptionaudio.fr\/site\/wp-json\/wp\/v2\/media\/9934"}],"wp:attachment":[{"href":"https:\/\/exceptionaudio.fr\/site\/wp-json\/wp\/v2\/media?parent=9930"}],"wp:term":[{"taxonomy":"product_brand","embeddable":true,"href":"https:\/\/exceptionaudio.fr\/site\/wp-json\/wp\/v2\/product_brand?post=9930"},{"taxonomy":"product_cat","embeddable":true,"href":"https:\/\/exceptionaudio.fr\/site\/wp-json\/wp\/v2\/product_cat?post=9930"},{"taxonomy":"product_tag","embeddable":true,"href":"https:\/\/exceptionaudio.fr\/site\/wp-json\/wp\/v2\/product_tag?post=9930"}],"curies":[{"name":"wp","href":"https:\/\/api.w.org\/{rel}","templated":true}]}}