{"id":9957,"date":"2026-02-18T09:29:45","date_gmt":"2026-02-18T08:29:45","guid":{"rendered":"https:\/\/exceptionaudio.fr\/site\/?post_type=product&#038;p=9957"},"modified":"2026-02-18T09:34:58","modified_gmt":"2026-02-18T08:34:58","slug":"ayon-audio-crossfire-evo-delta","status":"publish","type":"product","link":"https:\/\/exceptionaudio.fr\/site\/produit\/ayon-audio-crossfire-evo-delta\/","title":{"rendered":"Ayon Crossfire EVO Delta"},"content":{"rendered":"","protected":false},"excerpt":{"rendered":"<p>L\u2019Ayon Audio Crossfire EVO Delta est un amplificateur int\u00e9gr\u00e9 \u00e0 tube en super triode et de la m\u00eame conception que celles utilis\u00e9es dans les monobloc Vulcan Evo. Il est \u00e9quip\u00e9 de 4 tubes de puissance AA62B-s, bas\u00e9 sur un WE 300B. Il incarne la quintessence de l\u2019amplification \u00e0 tubes.<\/p>\n<p style=\"font-weight: 400;\">Prix neuf : 24 990\u20ac<\/p>\n<p style=\"font-weight: 400;\">Appareil d&rsquo;occasion en parfait \u00e9tat, complet. Achat neuf en novembre 2025 (sous garanti).<\/p>\n","protected":false},"featured_media":9960,"template":"","meta":[],"product_brand":[],"product_cat":[205],"product_tag":[306],"class_list":{"0":"post-9957","1":"product","2":"type-product","3":"status-publish","4":"has-post-thumbnail","6":"product_cat-bonnes-affaires-hifi","7":"product_tag-ayon-audio","9":"first","10":"instock","11":"taxable","12":"shipping-taxable","13":"purchasable","14":"product-type-simple"},"yoast_head":"<!-- This site is optimized with the Yoast SEO plugin v27.3 - https:\/\/yoast.com\/product\/yoast-seo-wordpress\/ -->\n<title>Ayon Audio Crossfire EVO Delta - Amplificateur int\u00e9gr\u00e9 \u00e0 tubes - Exception Audio<\/title>\n<meta name=\"description\" content=\"L\u2019Ayon Audio Crossfire EVO Delta est un amplificateur int\u00e9gr\u00e9 \u00e0 tube en triode et de la m\u00eame conception que celles utilis\u00e9es dans les monobloc Vulcan Evo.\" \/>\n<meta name=\"robots\" content=\"index, follow, max-snippet:-1, max-image-preview:large, max-video-preview:-1\" \/>\n<link rel=\"canonical\" href=\"https:\/\/exceptionaudio.fr\/site\/produit\/ayon-audio-crossfire-evo-delta\/\" \/>\n<meta property=\"og:locale\" content=\"fr_FR\" \/>\n<meta property=\"og:type\" content=\"article\" \/>\n<meta property=\"og:title\" content=\"Ayon Audio Crossfire EVO Delta - Amplificateur int\u00e9gr\u00e9 \u00e0 tubes - Exception Audio\" \/>\n<meta property=\"og:description\" content=\"L\u2019Ayon Audio Crossfire EVO Delta est un amplificateur int\u00e9gr\u00e9 \u00e0 tube en triode et de la m\u00eame conception que celles utilis\u00e9es dans les monobloc Vulcan Evo.\" \/>\n<meta property=\"og:url\" content=\"https:\/\/exceptionaudio.fr\/site\/produit\/ayon-audio-crossfire-evo-delta\/\" \/>\n<meta property=\"og:site_name\" content=\"Exception Audio\" \/>\n<meta property=\"article:publisher\" content=\"https:\/\/www.facebook.com\/ExceptionAudio\" \/>\n<meta property=\"article:modified_time\" content=\"2026-02-18T08:34:58+00:00\" \/>\n<meta property=\"og:image\" content=\"https:\/\/exceptionaudio.fr\/site\/wp-content\/uploads\/2026\/02\/IMG_6989-scaled.jpg\" \/>\n\t<meta property=\"og:image:width\" content=\"2560\" \/>\n\t<meta property=\"og:image:height\" content=\"1920\" \/>\n\t<meta property=\"og:image:type\" content=\"image\/jpeg\" \/>\n<meta name=\"twitter:card\" content=\"summary_large_image\" \/>\n<meta name=\"twitter:label1\" content=\"Dur\u00e9e de lecture estim\u00e9e\" \/>\n\t<meta name=\"twitter:data1\" content=\"1 minute\" \/>\n<script type=\"application\/ld+json\" class=\"yoast-schema-graph\">{\"@context\":\"https:\\\/\\\/schema.org\",\"@graph\":[{\"@type\":\"WebPage\",\"@id\":\"https:\\\/\\\/exceptionaudio.fr\\\/site\\\/produit\\\/ayon-audio-crossfire-evo-delta\\\/\",\"url\":\"https:\\\/\\\/exceptionaudio.fr\\\/site\\\/produit\\\/ayon-audio-crossfire-evo-delta\\\/\",\"name\":\"Ayon Audio Crossfire EVO Delta - Amplificateur int\u00e9gr\u00e9 \u00e0 tubes - Exception Audio\",\"isPartOf\":{\"@id\":\"https:\\\/\\\/exceptionaudio.fr\\\/site\\\/#website\"},\"primaryImageOfPage\":{\"@id\":\"https:\\\/\\\/exceptionaudio.fr\\\/site\\\/produit\\\/ayon-audio-crossfire-evo-delta\\\/#primaryimage\"},\"image\":{\"@id\":\"https:\\\/\\\/exceptionaudio.fr\\\/site\\\/produit\\\/ayon-audio-crossfire-evo-delta\\\/#primaryimage\"},\"thumbnailUrl\":\"https:\\\/\\\/exceptionaudio.fr\\\/site\\\/wp-content\\\/uploads\\\/2026\\\/02\\\/IMG_6989-scaled.jpg\",\"datePublished\":\"2026-02-18T08:29:45+00:00\",\"dateModified\":\"2026-02-18T08:34:58+00:00\",\"description\":\"L\u2019Ayon Audio Crossfire EVO Delta est un amplificateur int\u00e9gr\u00e9 \u00e0 tube en triode et de la m\u00eame conception que celles utilis\u00e9es dans les monobloc Vulcan Evo.\",\"breadcrumb\":{\"@id\":\"https:\\\/\\\/exceptionaudio.fr\\\/site\\\/produit\\\/ayon-audio-crossfire-evo-delta\\\/#breadcrumb\"},\"inLanguage\":\"fr-FR\",\"potentialAction\":[{\"@type\":\"ReadAction\",\"target\":[\"https:\\\/\\\/exceptionaudio.fr\\\/site\\\/produit\\\/ayon-audio-crossfire-evo-delta\\\/\"]}]},{\"@type\":\"ImageObject\",\"inLanguage\":\"fr-FR\",\"@id\":\"https:\\\/\\\/exceptionaudio.fr\\\/site\\\/produit\\\/ayon-audio-crossfire-evo-delta\\\/#primaryimage\",\"url\":\"https:\\\/\\\/exceptionaudio.fr\\\/site\\\/wp-content\\\/uploads\\\/2026\\\/02\\\/IMG_6989-scaled.jpg\",\"contentUrl\":\"https:\\\/\\\/exceptionaudio.fr\\\/site\\\/wp-content\\\/uploads\\\/2026\\\/02\\\/IMG_6989-scaled.jpg\",\"width\":2560,\"height\":1920,\"caption\":\"Ayon Audio Crossfire EVO Delta ampli int\u00e9gr\u00e9 hifi \u00e0 tubes\"},{\"@type\":\"BreadcrumbList\",\"@id\":\"https:\\\/\\\/exceptionaudio.fr\\\/site\\\/produit\\\/ayon-audio-crossfire-evo-delta\\\/#breadcrumb\",\"itemListElement\":[{\"@type\":\"ListItem\",\"position\":1,\"name\":\"Accueil\",\"item\":\"https:\\\/\\\/exceptionaudio.fr\\\/site\\\/\"},{\"@type\":\"ListItem\",\"position\":2,\"name\":\"Boutique\",\"item\":\"https:\\\/\\\/exceptionaudio.fr\\\/site\\\/boutique\\\/\"},{\"@type\":\"ListItem\",\"position\":3,\"name\":\"Ayon Crossfire EVO Delta\"}]},{\"@type\":\"WebSite\",\"@id\":\"https:\\\/\\\/exceptionaudio.fr\\\/site\\\/#website\",\"url\":\"https:\\\/\\\/exceptionaudio.fr\\\/site\\\/\",\"name\":\"Exception Audio\",\"description\":\"Magasin hi-fi Antibes\",\"publisher\":{\"@id\":\"https:\\\/\\\/exceptionaudio.fr\\\/site\\\/#organization\"},\"potentialAction\":[{\"@type\":\"SearchAction\",\"target\":{\"@type\":\"EntryPoint\",\"urlTemplate\":\"https:\\\/\\\/exceptionaudio.fr\\\/site\\\/?s={search_term_string}\"},\"query-input\":{\"@type\":\"PropertyValueSpecification\",\"valueRequired\":true,\"valueName\":\"search_term_string\"}}],\"inLanguage\":\"fr-FR\"},{\"@type\":\"Organization\",\"@id\":\"https:\\\/\\\/exceptionaudio.fr\\\/site\\\/#organization\",\"name\":\"Exception Audio\",\"url\":\"https:\\\/\\\/exceptionaudio.fr\\\/site\\\/\",\"logo\":{\"@type\":\"ImageObject\",\"inLanguage\":\"fr-FR\",\"@id\":\"https:\\\/\\\/exceptionaudio.fr\\\/site\\\/#\\\/schema\\\/logo\\\/image\\\/\",\"url\":\"https:\\\/\\\/exceptionaudio.fr\\\/site\\\/wp-content\\\/uploads\\\/2021\\\/10\\\/largeur-exception-audio-logos-noir.png\",\"contentUrl\":\"https:\\\/\\\/exceptionaudio.fr\\\/site\\\/wp-content\\\/uploads\\\/2021\\\/10\\\/largeur-exception-audio-logos-noir.png\",\"width\":357,\"height\":54,\"caption\":\"Exception Audio\"},\"image\":{\"@id\":\"https:\\\/\\\/exceptionaudio.fr\\\/site\\\/#\\\/schema\\\/logo\\\/image\\\/\"},\"sameAs\":[\"https:\\\/\\\/www.facebook.com\\\/ExceptionAudio\",\"https:\\\/\\\/www.instagram.com\\\/exception_audio\\\/\"]}]}<\/script>\n<!-- \/ Yoast SEO plugin. -->","yoast_head_json":{"title":"Ayon Audio Crossfire EVO Delta - Amplificateur int\u00e9gr\u00e9 \u00e0 tubes - Exception Audio","description":"L\u2019Ayon Audio Crossfire EVO Delta est un amplificateur int\u00e9gr\u00e9 \u00e0 tube en triode et de la m\u00eame conception que celles utilis\u00e9es dans les monobloc Vulcan Evo.","robots":{"index":"index","follow":"follow","max-snippet":"max-snippet:-1","max-image-preview":"max-image-preview:large","max-video-preview":"max-video-preview:-1"},"canonical":"https:\/\/exceptionaudio.fr\/site\/produit\/ayon-audio-crossfire-evo-delta\/","og_locale":"fr_FR","og_type":"article","og_title":"Ayon Audio Crossfire EVO Delta - Amplificateur int\u00e9gr\u00e9 \u00e0 tubes - Exception Audio","og_description":"L\u2019Ayon Audio Crossfire EVO Delta est un amplificateur int\u00e9gr\u00e9 \u00e0 tube en triode et de la m\u00eame conception que celles utilis\u00e9es dans les monobloc Vulcan Evo.","og_url":"https:\/\/exceptionaudio.fr\/site\/produit\/ayon-audio-crossfire-evo-delta\/","og_site_name":"Exception Audio","article_publisher":"https:\/\/www.facebook.com\/ExceptionAudio","article_modified_time":"2026-02-18T08:34:58+00:00","og_image":[{"width":2560,"height":1920,"url":"https:\/\/exceptionaudio.fr\/site\/wp-content\/uploads\/2026\/02\/IMG_6989-scaled.jpg","type":"image\/jpeg"}],"twitter_card":"summary_large_image","twitter_misc":{"Dur\u00e9e de lecture estim\u00e9e":"1 minute"},"schema":{"@context":"https:\/\/schema.org","@graph":[{"@type":"WebPage","@id":"https:\/\/exceptionaudio.fr\/site\/produit\/ayon-audio-crossfire-evo-delta\/","url":"https:\/\/exceptionaudio.fr\/site\/produit\/ayon-audio-crossfire-evo-delta\/","name":"Ayon Audio Crossfire EVO Delta - Amplificateur int\u00e9gr\u00e9 \u00e0 tubes - Exception Audio","isPartOf":{"@id":"https:\/\/exceptionaudio.fr\/site\/#website"},"primaryImageOfPage":{"@id":"https:\/\/exceptionaudio.fr\/site\/produit\/ayon-audio-crossfire-evo-delta\/#primaryimage"},"image":{"@id":"https:\/\/exceptionaudio.fr\/site\/produit\/ayon-audio-crossfire-evo-delta\/#primaryimage"},"thumbnailUrl":"https:\/\/exceptionaudio.fr\/site\/wp-content\/uploads\/2026\/02\/IMG_6989-scaled.jpg","datePublished":"2026-02-18T08:29:45+00:00","dateModified":"2026-02-18T08:34:58+00:00","description":"L\u2019Ayon Audio Crossfire EVO Delta est un amplificateur int\u00e9gr\u00e9 \u00e0 tube en triode et de la m\u00eame conception que celles utilis\u00e9es dans les monobloc Vulcan Evo.","breadcrumb":{"@id":"https:\/\/exceptionaudio.fr\/site\/produit\/ayon-audio-crossfire-evo-delta\/#breadcrumb"},"inLanguage":"fr-FR","potentialAction":[{"@type":"ReadAction","target":["https:\/\/exceptionaudio.fr\/site\/produit\/ayon-audio-crossfire-evo-delta\/"]}]},{"@type":"ImageObject","inLanguage":"fr-FR","@id":"https:\/\/exceptionaudio.fr\/site\/produit\/ayon-audio-crossfire-evo-delta\/#primaryimage","url":"https:\/\/exceptionaudio.fr\/site\/wp-content\/uploads\/2026\/02\/IMG_6989-scaled.jpg","contentUrl":"https:\/\/exceptionaudio.fr\/site\/wp-content\/uploads\/2026\/02\/IMG_6989-scaled.jpg","width":2560,"height":1920,"caption":"Ayon Audio Crossfire EVO Delta ampli int\u00e9gr\u00e9 hifi \u00e0 tubes"},{"@type":"BreadcrumbList","@id":"https:\/\/exceptionaudio.fr\/site\/produit\/ayon-audio-crossfire-evo-delta\/#breadcrumb","itemListElement":[{"@type":"ListItem","position":1,"name":"Accueil","item":"https:\/\/exceptionaudio.fr\/site\/"},{"@type":"ListItem","position":2,"name":"Boutique","item":"https:\/\/exceptionaudio.fr\/site\/boutique\/"},{"@type":"ListItem","position":3,"name":"Ayon Crossfire EVO Delta"}]},{"@type":"WebSite","@id":"https:\/\/exceptionaudio.fr\/site\/#website","url":"https:\/\/exceptionaudio.fr\/site\/","name":"Exception Audio","description":"Magasin hi-fi Antibes","publisher":{"@id":"https:\/\/exceptionaudio.fr\/site\/#organization"},"potentialAction":[{"@type":"SearchAction","target":{"@type":"EntryPoint","urlTemplate":"https:\/\/exceptionaudio.fr\/site\/?s={search_term_string}"},"query-input":{"@type":"PropertyValueSpecification","valueRequired":true,"valueName":"search_term_string"}}],"inLanguage":"fr-FR"},{"@type":"Organization","@id":"https:\/\/exceptionaudio.fr\/site\/#organization","name":"Exception Audio","url":"https:\/\/exceptionaudio.fr\/site\/","logo":{"@type":"ImageObject","inLanguage":"fr-FR","@id":"https:\/\/exceptionaudio.fr\/site\/#\/schema\/logo\/image\/","url":"https:\/\/exceptionaudio.fr\/site\/wp-content\/uploads\/2021\/10\/largeur-exception-audio-logos-noir.png","contentUrl":"https:\/\/exceptionaudio.fr\/site\/wp-content\/uploads\/2021\/10\/largeur-exception-audio-logos-noir.png","width":357,"height":54,"caption":"Exception Audio"},"image":{"@id":"https:\/\/exceptionaudio.fr\/site\/#\/schema\/logo\/image\/"},"sameAs":["https:\/\/www.facebook.com\/ExceptionAudio","https:\/\/www.instagram.com\/exception_audio\/"]}]}},"_links":{"self":[{"href":"https:\/\/exceptionaudio.fr\/site\/wp-json\/wp\/v2\/product\/9957","targetHints":{"allow":["GET"]}}],"collection":[{"href":"https:\/\/exceptionaudio.fr\/site\/wp-json\/wp\/v2\/product"}],"about":[{"href":"https:\/\/exceptionaudio.fr\/site\/wp-json\/wp\/v2\/types\/product"}],"version-history":[{"count":1,"href":"https:\/\/exceptionaudio.fr\/site\/wp-json\/wp\/v2\/product\/9957\/revisions"}],"predecessor-version":[{"id":9962,"href":"https:\/\/exceptionaudio.fr\/site\/wp-json\/wp\/v2\/product\/9957\/revisions\/9962"}],"wp:featuredmedia":[{"embeddable":true,"href":"https:\/\/exceptionaudio.fr\/site\/wp-json\/wp\/v2\/media\/9960"}],"wp:attachment":[{"href":"https:\/\/exceptionaudio.fr\/site\/wp-json\/wp\/v2\/media?parent=9957"}],"wp:term":[{"taxonomy":"product_brand","embeddable":true,"href":"https:\/\/exceptionaudio.fr\/site\/wp-json\/wp\/v2\/product_brand?post=9957"},{"taxonomy":"product_cat","embeddable":true,"href":"https:\/\/exceptionaudio.fr\/site\/wp-json\/wp\/v2\/product_cat?post=9957"},{"taxonomy":"product_tag","embeddable":true,"href":"https:\/\/exceptionaudio.fr\/site\/wp-json\/wp\/v2\/product_tag?post=9957"}],"curies":[{"name":"wp","href":"https:\/\/api.w.org\/{rel}","templated":true}]}}